{"id":101,"date":"2018-05-22T15:00:39","date_gmt":"2018-05-22T18:00:39","guid":{"rendered":"https:\/\/www.ufsm.br\/orgaos-suplementares\/cpd\/?page_id=101"},"modified":"2018-08-17T09:37:59","modified_gmt":"2018-08-17T12:37:59","slug":"o-cpd","status":"publish","type":"page","link":"https:\/\/www.ufsm.br\/orgaos-suplementares\/cpd\/o-cpd","title":{"rendered":"O CPD"},"content":{"rendered":"\t\t<div data-elementor-type=\"wp-post\" data-elementor-id=\"101\" class=\"elementor elementor-101 elementor-bc-flex-widget\">\n\t\t\t\t\t\t<section class=\"elementor-section elementor-top-section elementor-element elementor-element-3467540 elementor-section-boxed elementor-section-height-default elementor-section-height-default\" data-id=\"3467540\" data-element_type=\"section\">\n\t\t\t\t\t\t<div class=\"elementor-container elementor-column-gap-default\">\n\t\t\t\t\t<div class=\"elementor-column elementor-col-50 elementor-top-column elementor-element elementor-element-a58bae5\" data-id=\"a58bae5\" data-element_type=\"column\">\n\t\t\t<div class=\"elementor-widget-wrap elementor-element-populated\">\n\t\t\t\t\t\t<div class=\"elementor-element elementor-element-eca1aad elementor-widget elementor-widget-text-editor\" data-id=\"eca1aad\" data-element_type=\"widget\" data-widget_type=\"text-editor.default\">\n\t\t\t\t<div class=\"elementor-widget-container\">\n\t\t\t\t\t\t\t<h1 style=\"text-align: center;\"><span style=\"font-family: arial, helvetica, sans-serif; font-size: 18pt;\">Miss\u00e3o<\/span><\/h1><div class=\"o_cpd_caixa\" style=\"text-align: center;\"><span style=\"font-family: arial, helvetica, sans-serif; font-size: 14pt;\"><i class=\"fa fa-quote-left\"><\/i>\u00a0Prover servi\u00e7os e solu\u00e7\u00f5es de Tecnologia de Informa\u00e7\u00e3o e Comunica\u00e7\u00e3o que contribuam para que a UFSM cumpra seus objetivos institucionais, de modo sustent\u00e1vel, com efici\u00eancia e qualidade.<\/span><i class=\"fa fa-quote-right\"><\/i><\/div>\t\t\t\t\t\t<\/div>\n\t\t\t\t<\/div>\n\t\t\t\t\t<\/div>\n\t\t<\/div>\n\t\t\t\t<div class=\"elementor-column elementor-col-50 elementor-top-column elementor-element elementor-element-deab7ba\" data-id=\"deab7ba\" data-element_type=\"column\">\n\t\t\t<div class=\"elementor-widget-wrap elementor-element-populated\">\n\t\t\t\t\t\t<div class=\"elementor-element elementor-element-66e3fb4 elementor-widget elementor-widget-text-editor\" data-id=\"66e3fb4\" data-element_type=\"widget\" data-widget_type=\"text-editor.default\">\n\t\t\t\t<div class=\"elementor-widget-container\">\n\t\t\t\t\t\t\t<h1 style=\"text-align: center;\"><span style=\"font-family: arial, helvetica, sans-serif;\">Vis\u00e3o<\/span><\/h1><div class=\"o_cpd_caixa\" style=\"text-align: center;\"><span style=\"font-family: arial, helvetica, sans-serif;\"><i class=\"fa fa-quote-left\"><\/i><span style=\"font-size: 14pt;\">\u00a0Ser o \u00f3rg\u00e3o estrat\u00e9gico e gestor de Tecnologias de Informa\u00e7\u00e3o e Comunica\u00e7\u00e3o da UFSM e obter o reconhecimento da comunidade universit\u00e1ria pela qualidade, inova\u00e7\u00e3o e agilidade de suas a\u00e7\u00f5es e servi\u00e7os.<\/span><\/span><i class=\"fa fa-quote-right\"><\/i><\/div>\t\t\t\t\t\t<\/div>\n\t\t\t\t<\/div>\n\t\t\t\t\t<\/div>\n\t\t<\/div>\n\t\t\t\t\t<\/div>\n\t\t<\/section>\n\t\t\t\t<section class=\"elementor-section elementor-top-section elementor-element elementor-element-3f7b212 elementor-section-boxed elementor-section-height-default elementor-section-height-default\" data-id=\"3f7b212\" data-element_type=\"section\">\n\t\t\t\t\t\t<div class=\"elementor-container elementor-column-gap-default\">\n\t\t\t\t\t<div class=\"elementor-column elementor-col-100 elementor-top-column elementor-element elementor-element-c96fa83\" data-id=\"c96fa83\" data-element_type=\"column\">\n\t\t\t<div class=\"elementor-widget-wrap elementor-element-populated\">\n\t\t\t\t\t\t<div class=\"elementor-element elementor-element-15b728b elementor-widget elementor-widget-text-editor\" data-id=\"15b728b\" data-element_type=\"widget\" data-widget_type=\"text-editor.default\">\n\t\t\t\t<div class=\"elementor-widget-container\">\n\t\t\t\t\t\t\t<h1 style=\"text-align: center;\"><span style=\"font-family: arial, helvetica, sans-serif; font-size: 18pt;\">Valores<\/span><\/h1><p style=\"text-align: left; padding-left: 30px;\"><span style=\"font-family: arial, helvetica, sans-serif; font-size: 14pt;\">\u00bb A atua\u00e7\u00e3o deve ser \u00e9tica e de acordo com nossas responsabilidades e obriga\u00e7\u00f5es legais.<\/span><br \/><span style=\"font-family: arial, helvetica, sans-serif; font-size: 14pt;\">\u00bb O atendimento \u00e0 comunidade universit\u00e1ria deve ser realizado com transpar\u00eancia, cordialidade, efici\u00eancia e agilidade.<\/span><br \/><span style=\"font-family: arial, helvetica, sans-serif; font-size: 14pt;\">\u00bb O grupo com objetivos comuns \u00e9 mais forte que os esfor\u00e7os individuais.<\/span><br \/><span style=\"font-family: arial, helvetica, sans-serif; font-size: 14pt;\">\u00bb A inova\u00e7\u00e3o, a sustentabilidade e a adapta\u00e7\u00e3o s\u00e3o fundamentais para a evolu\u00e7\u00e3o dos servi\u00e7os oferecidos.<\/span><br \/><span style=\"font-family: arial, helvetica, sans-serif; font-size: 14pt;\">\u00bb O planejamento diminui o esfor\u00e7o para a realiza\u00e7\u00e3o do trabalho.<\/span><br \/><span style=\"font-family: arial, helvetica, sans-serif; font-size: 14pt;\">\u00bb A criatividade, a iniciativa e a qualifica\u00e7\u00e3o devem ser estimuladas em todas as pessoas.<\/span><\/p>\t\t\t\t\t\t<\/div>\n\t\t\t\t<\/div>\n\t\t\t\t\t<\/div>\n\t\t<\/div>\n\t\t\t\t\t<\/div>\n\t\t<\/section>\n\t\t\t\t<\/div>\n\t\t","protected":false},"excerpt":{"rendered":"<p>Miss\u00e3o \u00a0Prover servi\u00e7os e solu\u00e7\u00f5es de Tecnologia de Informa\u00e7\u00e3o e Comunica\u00e7\u00e3o que contribuam para que a UFSM cumpra seus objetivos institucionais, de modo sustent\u00e1vel, com efici\u00eancia e qualidade. Vis\u00e3o \u00a0Ser o \u00f3rg\u00e3o estrat\u00e9gico e gestor de Tecnologias de Informa\u00e7\u00e3o e Comunica\u00e7\u00e3o da UFSM e obter o reconhecimento da comunidade universit\u00e1ria pela qualidade, inova\u00e7\u00e3o e agilidade [&hellip;]<\/p>\n","protected":false},"author":101,"featured_media":0,"parent":0,"menu_order":0,"comment_status":"closed","ping_status":"closed","template":"","meta":{"footnotes":""},"categories":[],"tags":[],"class_list":["post-101","page","type-page","status-publish","hentry"],"acf":[],"_links":{"self":[{"href":"https:\/\/www.ufsm.br\/orgaos-suplementares\/cpd\/wp-json\/wp\/v2\/pages\/101","targetHints":{"allow":["GET"]}}],"collection":[{"href":"https:\/\/www.ufsm.br\/orgaos-suplementares\/cpd\/wp-json\/wp\/v2\/pages"}],"about":[{"href":"https:\/\/www.ufsm.br\/orgaos-suplementares\/cpd\/wp-json\/wp\/v2\/types\/page"}],"author":[{"embeddable":true,"href":"https:\/\/www.ufsm.br\/orgaos-suplementares\/cpd\/wp-json\/wp\/v2\/users\/101"}],"replies":[{"embeddable":true,"href":"https:\/\/www.ufsm.br\/orgaos-suplementares\/cpd\/wp-json\/wp\/v2\/comments?post=101"}],"version-history":[{"count":0,"href":"https:\/\/www.ufsm.br\/orgaos-suplementares\/cpd\/wp-json\/wp\/v2\/pages\/101\/revisions"}],"wp:attachment":[{"href":"https:\/\/www.ufsm.br\/orgaos-suplementares\/cpd\/wp-json\/wp\/v2\/media?parent=101"}],"wp:term":[{"taxonomy":"category","embeddable":true,"href":"https:\/\/www.ufsm.br\/orgaos-suplementares\/cpd\/wp-json\/wp\/v2\/categories?post=101"},{"taxonomy":"post_tag","embeddable":true,"href":"https:\/\/www.ufsm.br\/orgaos-suplementares\/cpd\/wp-json\/wp\/v2\/tags?post=101"}],"curies":[{"name":"wp","href":"https:\/\/api.w.org\/{rel}","templated":true}]}}