{"id":1212,"date":"2019-11-13T14:22:48","date_gmt":"2019-11-13T17:22:48","guid":{"rendered":"https:\/\/www.ufsm.br\/orgaos-suplementares\/cpd\/?page_id=1212"},"modified":"2024-12-10T15:53:47","modified_gmt":"2024-12-10T18:53:47","slug":"observatorio-curso","status":"publish","type":"page","link":"https:\/\/www.ufsm.br\/orgaos-suplementares\/cpd\/observatorio-curso","title":{"rendered":"Observat\u00f3rio do Curso"},"content":{"rendered":"\t\t<div data-elementor-type=\"wp-page\" data-elementor-id=\"1212\" class=\"elementor elementor-1212\">\n\t\t\t\t\t\t<section class=\"elementor-section elementor-top-section elementor-element elementor-element-7cb23e3 elementor-section-boxed elementor-section-height-default elementor-section-height-default\" data-id=\"7cb23e3\" data-element_type=\"section\">\n\t\t\t\t\t\t<div class=\"elementor-container elementor-column-gap-default\">\n\t\t\t\t\t<div class=\"elementor-column elementor-col-100 elementor-top-column elementor-element elementor-element-35955c1\" data-id=\"35955c1\" data-element_type=\"column\">\n\t\t\t<div class=\"elementor-widget-wrap elementor-element-populated\">\n\t\t\t\t\t\t<div class=\"elementor-element elementor-element-16a4e2b elementor-widget elementor-widget-heading\" data-id=\"16a4e2b\" data-element_type=\"widget\" data-settings=\"{&quot;_animation&quot;:&quot;none&quot;}\" data-widget_type=\"heading.default\">\n\t\t\t\t<div class=\"elementor-widget-container\">\n\t\t\t<h1 class=\"elementor-heading-title elementor-size-xl\">Observat\u00f3rio do Curso\n<\/h1>\t\t<\/div>\n\t\t\t\t<\/div>\n\t\t\t\t\t<\/div>\n\t\t<\/div>\n\t\t\t\t\t<\/div>\n\t\t<\/section>\n\t\t\t\t<section class=\"elementor-section elementor-top-section elementor-element elementor-element-a99bcf7 elementor-section-boxed elementor-section-height-default elementor-section-height-default\" data-id=\"a99bcf7\" data-element_type=\"section\">\n\t\t\t\t\t\t<div class=\"elementor-container elementor-column-gap-default\">\n\t\t\t\t\t<div class=\"elementor-column elementor-col-100 elementor-top-column elementor-element elementor-element-fc60ed2\" data-id=\"fc60ed2\" data-element_type=\"column\">\n\t\t\t<div class=\"elementor-widget-wrap elementor-element-populated\">\n\t\t\t\t\t\t<div class=\"elementor-element elementor-element-0b7a82b elementor-widget elementor-widget-text-editor\" data-id=\"0b7a82b\" data-element_type=\"widget\" data-widget_type=\"text-editor.default\">\n\t\t\t\t<div class=\"elementor-widget-container\">\n\t\t\t\t\t\t\t<p>O Observat\u00f3rio do Curso apresenta o perfil do aluno egresso e do aluno regularmente matriculado.\u00a0Nesse observat\u00f3rio \u00e9 poss\u00edvel analisar por meio de v\u00e1rios aspectos o comportamento dos alunos do curso. Para os alunos egressos, o painel traz cada um desses aspectos na vis\u00e3o dos alunos que conclu\u00edram o curso e dos alunos que abandonaram o curso. Para os alunos matriculados, o painel mostra a vis\u00e3o dos alunos com risco de abandono e os alunos sem risco de abandono. A Tabela abaixo apresenta os eixos de an\u00e1lise do perfil do aluno.<\/p><table style=\"border-collapse: collapse;width: 100%;height: 144px\"><tbody><tr style=\"height: 48px\"><td style=\"width: 25%;height: 48px;text-align: center\">Faixa Et\u00e1ria<\/td><td style=\"width: 25%;height: 48px;text-align: center\">Estado Civil<\/td><td style=\"width: 24.1285%;height: 48px;text-align: center\">Bolsista\u00a0<\/td><td style=\"width: 25.8715%;height: 48px;text-align: center\">Sexo\u00a0<\/td><\/tr><tr style=\"height: 72px\"><td style=\"width: 25%;height: 72px;text-align: center\">\u00a0Cotista<\/td><td style=\"width: 25%;height: 72px;text-align: center\">Etnia\u00a0<\/td><td style=\"width: 24.1285%;height: 72px;text-align: center\">Benef\u00edcio S\u00f3cio Econ\u00f4mico\u00a0<\/td><td style=\"width: 25.8715%;height: 72px;text-align: center\">Monitoria\u00a0<\/td><\/tr><tr style=\"height: 24px\"><td style=\"width: 25%;height: 24px;text-align: center\">\u00a0Endere\u00e7o do Estudante<\/td><td style=\"width: 25%;height: 24px;text-align: center\">Forma\u00e7\u00e3o no Ensino M\u00e9dio\u00a0<\/td><td style=\"width: 24.1285%;height: 24px;text-align: center\">\u00a0Desempenho Acad\u00eamico<\/td><td style=\"width: 25.8715%;height: 24px;text-align: center\">Disciplinas (aprovadas \/ reprovadas \/ dispensadas)\u00a0<\/td><\/tr><tr><td style=\"width: 25%;text-align: center\">Trancamentos (totais \/ parciais)\u00a0<\/td><td style=\"width: 25%;text-align: center\">\u00a0Coeficiente de Rendimento Acad\u00eamico<\/td><td style=\"width: 24.1285%;text-align: center\">Dificuldade M\u00e9dia em Disciplinas\u00a0<\/td><td style=\"width: 25.8715%;text-align: center\">\u00a0Refei\u00e7\u00f5es Realizadas no Restaurante Universit\u00e1rio<\/td><\/tr><tr><td style=\"width: 25%;text-align: center\">Livros Retirados na Biblioteca Central\u00a0<\/td><td style=\"width: 25%;text-align: center\">Acesso a e-books\u00a0<\/td><td style=\"width: 24.1285%;text-align: center\">\u00a0Per\u00edodo Atual do Aluno (adiantado \/atrasado \/ em dia)<\/td><td style=\"width: 25.8715%;text-align: center\">Participa\u00e7\u00e3o em Projetos\u00a0<\/td><\/tr><\/tbody><\/table><p>Para utilizar o painel, primeiro deve ser selecionada a unidade de ensino, o curso e o ano\/semestre de an\u00e1lise. Al\u00e9m das informa\u00e7\u00f5es referentes aos alunos, no painel s\u00e3o apresentadas informa\u00e7\u00f5es do curso tais como, coordena\u00e7\u00e3o do curso, taxa de evas\u00e3o, taxa de conclus\u00e3o, taxa de perman\u00eancia, n\u00famero de ingressantes e matriculados, n\u00famero de formados e abandonos.\u00a0 O painel tamb\u00e9m apresenta as 10 disciplinas\u00a0 com mais reprovados, as 10 disciplinas com mais aprovados\u00a0 e as 20 disciplinas mais dif\u00edceis do curso. A dificuldade da disciplina \u00e9 calculada com base no n\u00famero de aprovados e reprovados.<\/p><p>No primeiro semestre de 2023 \u00e9 disponibilizado um novo visual para o Observat\u00f3rio do Curso. O painel possui as mesmas informa\u00e7\u00f5es do painel cl\u00e1ssico, mas de forma mais amig\u00e1vel para a utiliza\u00e7\u00e3o. Por\u00e9m, se deseja acessar o painel original, clique mais abaixo no bot\u00e3o abaixo &#8220;Painel Cl\u00e1ssico&#8221;.<\/p>\t\t\t\t\t\t<\/div>\n\t\t\t\t<\/div>\n\t\t\t\t<div class=\"elementor-element elementor-element-54d1949 elementor-align-center elementor-widget elementor-widget-button\" data-id=\"54d1949\" data-element_type=\"widget\" data-widget_type=\"button.default\">\n\t\t\t\t<div class=\"elementor-widget-container\">\n\t\t\t\t\t\t\t<div class=\"elementor-button-wrapper\">\n\t\t\t\t\t<a class=\"elementor-button elementor-button-link elementor-size-md\" href=\"https:\/\/app.powerbi.com\/view?r=eyJrIjoiZTM5YjViODQtYjRjZi00ZjM5LWE3ODUtYmQ1YzUwM2YyYTdkIiwidCI6Ijk3OTAyMGQ1LTQ5NTAtNGY0My1hOTk0LTg4ZDY4M2VhYjQ3MyJ9\" target=\"_blank\">\n\t\t\t\t\t\t<span class=\"elementor-button-content-wrapper\">\n\t\t\t\t\t\t\t\t\t<span class=\"elementor-button-text\">Painel Cl\u00e1ssico<\/span>\n\t\t\t\t\t<\/span>\n\t\t\t\t\t<\/a>\n\t\t\t\t<\/div>\n\t\t\t\t\t\t<\/div>\n\t\t\t\t<\/div>\n\t\t\t\t\t<\/div>\n\t\t<\/div>\n\t\t\t\t\t<\/div>\n\t\t<\/section>\n\t\t\t\t<section class=\"elementor-section elementor-top-section elementor-element elementor-element-706e361 elementor-section-boxed elementor-section-height-default elementor-section-height-default\" data-id=\"706e361\" data-element_type=\"section\">\n\t\t\t\t\t\t<div class=\"elementor-container elementor-column-gap-default\">\n\t\t\t\t\t<div class=\"elementor-column elementor-col-100 elementor-top-column elementor-element elementor-element-5d2d64d\" data-id=\"5d2d64d\" data-element_type=\"column\">\n\t\t\t<div class=\"elementor-widget-wrap elementor-element-populated\">\n\t\t\t\t\t\t<div class=\"elementor-element elementor-element-2dbd35c elementor-widget elementor-widget-html\" data-id=\"2dbd35c\" data-element_type=\"widget\" data-widget_type=\"html.default\">\n\t\t\t\t<div class=\"elementor-widget-container\">\n\t\t\t<iframe width=\"1280\" height=\"690\" src=\"https:\/\/app.powerbi.com\/view?r=eyJrIjoiZTM5YjViODQtYjRjZi00ZjM5LWE3ODUtYmQ1YzUwM2YyYTdkIiwidCI6Ijk3OTAyMGQ1LTQ5NTAtNGY0My1hOTk0LTg4ZDY4M2VhYjQ3MyJ9\" frameborder=\"0\" allowFullScreen=\"true\"><\/iframe>\t\t<\/div>\n\t\t\t\t<\/div>\n\t\t\t\t\t<\/div>\n\t\t<\/div>\n\t\t\t\t\t<\/div>\n\t\t<\/section>\n\t\t\t\t<\/div>\n\t\t","protected":false},"excerpt":{"rendered":"<p>Observat\u00f3rio do Curso O Observat\u00f3rio do Curso apresenta o perfil do aluno egresso e do aluno regularmente matriculado.\u00a0Nesse observat\u00f3rio \u00e9 poss\u00edvel analisar por meio de v\u00e1rios aspectos o comportamento dos alunos do curso. Para os alunos egressos, o painel traz cada um desses aspectos na vis\u00e3o dos alunos que conclu\u00edram o curso e dos alunos [&hellip;]<\/p>\n","protected":false},"author":195,"featured_media":0,"parent":0,"menu_order":0,"comment_status":"closed","ping_status":"closed","template":"","meta":{"footnotes":""},"categories":[],"tags":[145,154,42,155],"class_list":["post-1212","page","type-page","status-publish","hentry","tag-ensino-superior","tag-evasao-2","tag-ufsm","tag-ufsm-integra-2"],"acf":[],"_links":{"self":[{"href":"https:\/\/www.ufsm.br\/orgaos-suplementares\/cpd\/wp-json\/wp\/v2\/pages\/1212","targetHints":{"allow":["GET"]}}],"collection":[{"href":"https:\/\/www.ufsm.br\/orgaos-suplementares\/cpd\/wp-json\/wp\/v2\/pages"}],"about":[{"href":"https:\/\/www.ufsm.br\/orgaos-suplementares\/cpd\/wp-json\/wp\/v2\/types\/page"}],"author":[{"embeddable":true,"href":"https:\/\/www.ufsm.br\/orgaos-suplementares\/cpd\/wp-json\/wp\/v2\/users\/195"}],"replies":[{"embeddable":true,"href":"https:\/\/www.ufsm.br\/orgaos-suplementares\/cpd\/wp-json\/wp\/v2\/comments?post=1212"}],"version-history":[{"count":0,"href":"https:\/\/www.ufsm.br\/orgaos-suplementares\/cpd\/wp-json\/wp\/v2\/pages\/1212\/revisions"}],"wp:attachment":[{"href":"https:\/\/www.ufsm.br\/orgaos-suplementares\/cpd\/wp-json\/wp\/v2\/media?parent=1212"}],"wp:term":[{"taxonomy":"category","embeddable":true,"href":"https:\/\/www.ufsm.br\/orgaos-suplementares\/cpd\/wp-json\/wp\/v2\/categories?post=1212"},{"taxonomy":"post_tag","embeddable":true,"href":"https:\/\/www.ufsm.br\/orgaos-suplementares\/cpd\/wp-json\/wp\/v2\/tags?post=1212"}],"curies":[{"name":"wp","href":"https:\/\/api.w.org\/{rel}","templated":true}]}}