{"id":1255,"date":"2020-03-17T13:36:37","date_gmt":"2020-03-17T16:36:37","guid":{"rendered":"https:\/\/www.ufsm.br\/orgaos-suplementares\/cpd\/?page_id=1255"},"modified":"2020-03-23T13:49:31","modified_gmt":"2020-03-23T16:49:31","slug":"funcionamento-das-atividades-do-centro-de-processamento-de-dados-cpd-durante-a-suspensao-das-atividades-e-prevencao-a-covid-19","status":"publish","type":"page","link":"https:\/\/www.ufsm.br\/orgaos-suplementares\/cpd\/funcionamento-das-atividades-do-centro-de-processamento-de-dados-cpd-durante-a-suspensao-das-atividades-e-prevencao-a-covid-19","title":{"rendered":"Funcionamento das Atividades do Centro de Processamento de Dados (CPD) durante a suspens\u00e3o das Atividades e Preven\u00e7\u00e3o \u00e0 COVID-19"},"content":{"rendered":"\t\t<div data-elementor-type=\"wp-page\" data-elementor-id=\"1255\" class=\"elementor elementor-1255\">\n\t\t\t\t\t\t<section class=\"elementor-section elementor-top-section elementor-element elementor-element-f43ac37 elementor-section-boxed elementor-section-height-default elementor-section-height-default\" data-id=\"f43ac37\" data-element_type=\"section\">\n\t\t\t\t\t\t<div class=\"elementor-container elementor-column-gap-default\">\n\t\t\t\t\t<div class=\"elementor-column elementor-col-100 elementor-top-column elementor-element elementor-element-35f1812c\" data-id=\"35f1812c\" data-element_type=\"column\">\n\t\t\t<div class=\"elementor-widget-wrap elementor-element-populated\">\n\t\t\t\t\t\t<div class=\"elementor-element elementor-element-59c2bcf5 elementor-widget elementor-widget-text-editor\" data-id=\"59c2bcf5\" data-element_type=\"widget\" data-widget_type=\"text-editor.default\">\n\t\t\t\t<div class=\"elementor-widget-container\">\n\t\t\t\t\t\t\t<!-- wp:tadv\/classic-paragraph \/-->\t\t\t\t\t\t<\/div>\n\t\t\t\t<\/div>\n\t\t\t\t\t<\/div>\n\t\t<\/div>\n\t\t\t\t\t<\/div>\n\t\t<\/section>\n\t\t\t\t<section class=\"elementor-section elementor-top-section elementor-element elementor-element-7629e98 elementor-section-boxed elementor-section-height-default elementor-section-height-default\" data-id=\"7629e98\" data-element_type=\"section\">\n\t\t\t\t\t\t<div class=\"elementor-container elementor-column-gap-default\">\n\t\t\t\t\t<div class=\"elementor-column elementor-col-100 elementor-top-column elementor-element elementor-element-037c2d3\" data-id=\"037c2d3\" data-element_type=\"column\">\n\t\t\t<div class=\"elementor-widget-wrap elementor-element-populated\">\n\t\t\t\t\t\t<div class=\"elementor-element elementor-element-b51a658 elementor-widget elementor-widget-text-editor\" data-id=\"b51a658\" data-element_type=\"widget\" data-widget_type=\"text-editor.default\">\n\t\t\t\t<div class=\"elementor-widget-container\">\n\t\t\t\t\t\t\t<p><span style=\"font-family: georgia, palatino, serif;font-size: 14pt\">Em conformidade com a <a href=\"https:\/\/www.ufsm.br\/wp-content\/uploads\/2020\/03\/PORTARIA-97.935-1.pdf\">Portaria 97.935<\/a> de 16 de mar\u00e7o de 2020 emitida pelo Gabinete do Reitor, a qual resolve no artigo 1\u00ba, suspender as atividades acad\u00eamicas e administrativas presenciais pelo prazo de 30 (trinta) dias a partir de 17 de mar\u00e7o de 2020, o Centro de Processamento de Dados (CPD) informa que:<\/span><\/p>\n<ul>\n<li><span style=\"font-family: georgia, palatino, serif;font-size: 14pt\">durante o per\u00edodo de suspens\u00e3o, as atividades administrativas poder\u00e3o ser substitu\u00eddas por atividades em ambiente virtual ou domiciliares, considerando as peculiaridades de cada setor.<\/span><\/li>\n<li><span style=\"font-family: georgia, palatino, serif;font-size: 14pt\">o setor administrativo estrar\u00e1 atendendo as necessidades no formato home office. Caso n\u00e3o seja poss\u00edvel o atendimento ser\u00e1 no CPD. As demandas do setor administrativo devem ser encaminhadas para o e-mail <a href=\"mailto:cpd@ufsm.br\">cpd@ufsm.br<\/a><\/span><\/li>\n<li><span style=\"font-family: georgia, palatino, serif;font-size: 14pt\">a Divis\u00e3o de Apoio ao Usu\u00e1rio estar\u00e1 realizando suas atividades remotamente atendendo os chamados abertos pela p\u00e1gina de servi\u00e7os do CPD (<a href=\"https:\/\/www.ufsm.br\/orgaos-suplementares\/cpd\/servicos\/\">https:\/\/www.ufsm.br\/orgaos-suplementares\/cpd\/servicos\/<\/a>). Caso n\u00e3o seja poss\u00edvel abrir chamado poder\u00e1 ser encaminhado e-mail para a divis\u00e3o no endere\u00e7o: <a href=\"mailto:divrel@cpd.ufsm.br\">divrel@cpd.ufsm.br<\/a>. Salientamos que no per\u00edodo de vig\u00eancia da portaria n\u00e3o haver\u00e1 atendimento telef\u00f4nico nos setores da divis\u00e3o.<\/span><\/li>\n<li><span style=\"font-family: georgia, palatino, serif;font-size: 14pt\">as transmiss\u00f5es de bancas de defesa que foram agendadas no audit\u00f3rio do CPD ser\u00e3o mantidas, sem p\u00fablico, conforme <a href=\"https:\/\/www.ufsm.br\/pro-reitorias\/prpgp\/2020\/03\/16\/nota-publica-prpgp\/\">NOTA P\u00daBLICA \u2013 PRPGP<\/a>, Por\u00e9m recomendamos que se, poss\u00edvel, sejam realizadas em ambiente dom\u00e9stico utilizando o software skype. Orienta\u00e7\u00f5es podem ser obtidas pelo ramal 8790<\/span><\/li>\n<li><span style=\"font-family: georgia, palatino, serif;font-size: 14pt\">os atendimentos de suporte t\u00e9cnico ao usu\u00e1rio ser\u00e3o realizados somente pelos sistema de chamados OTRS. Com rela\u00e7\u00e3o aos servi\u00e7os de rede, ser\u00e3o realizadas somente manuten\u00e7\u00f5es corretivas na rede l\u00f3gica e f\u00edsica.<\/span><\/li>\n<li><span style=\"font-family: georgia, palatino, serif;font-size: 14pt\">\u00a0os docentes que desejarem acesso ao ambiente de aprendizagem classroom podem solicitar pelo servi\u00e7o\u00a0 <a href=\"https:\/\/www.ufsm.br\/orgaos-suplementares\/cpd\/servicos\/google-classroom-e-gsuite\/\">https:\/\/www.ufsm.br\/orgaos-suplementares\/cpd\/servicos\/google-classroom-e-gsuite\/<\/a><\/span><\/li>\n<li><span style=\"font-family: georgia, palatino, serif;font-size: 14pt\">os demais servi\u00e7os ser\u00e3o realizados no formato home office.<\/span><\/li>\n<\/ul>\n<p><span style=\"font-family: georgia, palatino, serif;font-size: 14pt\">Mais informa\u00e7\u00f5es sobre os servi\u00e7os est\u00e3o disponiveis em <a href=\"https:\/\/www.ufsm.br\/orgaos-suplementares\/cpd\/servicos\/\">https:\/\/www.ufsm.br\/orgaos-suplementares\/cpd\/servicos\/<\/a><\/span><\/p>\t\t\t\t\t\t<\/div>\n\t\t\t\t<\/div>\n\t\t\t\t\t<\/div>\n\t\t<\/div>\n\t\t\t\t\t<\/div>\n\t\t<\/section>\n\t\t\t\t<\/div>\n\t\t","protected":false},"excerpt":{"rendered":"<p>Em conformidade com a Portaria 97.935 de 16 de mar\u00e7o de 2020 emitida pelo Gabinete do Reitor, a qual resolve no artigo 1\u00ba, suspender as atividades acad\u00eamicas e administrativas presenciais pelo prazo de 30 (trinta) dias a partir de 17 de mar\u00e7o de 2020, o Centro de Processamento de Dados (CPD) informa que: durante o [&hellip;]<\/p>\n","protected":false},"author":195,"featured_media":0,"parent":0,"menu_order":0,"comment_status":"closed","ping_status":"closed","template":"","meta":{"footnotes":""},"categories":[],"tags":[],"class_list":["post-1255","page","type-page","status-publish","hentry"],"acf":[],"_links":{"self":[{"href":"https:\/\/www.ufsm.br\/orgaos-suplementares\/cpd\/wp-json\/wp\/v2\/pages\/1255","targetHints":{"allow":["GET"]}}],"collection":[{"href":"https:\/\/www.ufsm.br\/orgaos-suplementares\/cpd\/wp-json\/wp\/v2\/pages"}],"about":[{"href":"https:\/\/www.ufsm.br\/orgaos-suplementares\/cpd\/wp-json\/wp\/v2\/types\/page"}],"author":[{"embeddable":true,"href":"https:\/\/www.ufsm.br\/orgaos-suplementares\/cpd\/wp-json\/wp\/v2\/users\/195"}],"replies":[{"embeddable":true,"href":"https:\/\/www.ufsm.br\/orgaos-suplementares\/cpd\/wp-json\/wp\/v2\/comments?post=1255"}],"version-history":[{"count":0,"href":"https:\/\/www.ufsm.br\/orgaos-suplementares\/cpd\/wp-json\/wp\/v2\/pages\/1255\/revisions"}],"wp:attachment":[{"href":"https:\/\/www.ufsm.br\/orgaos-suplementares\/cpd\/wp-json\/wp\/v2\/media?parent=1255"}],"wp:term":[{"taxonomy":"category","embeddable":true,"href":"https:\/\/www.ufsm.br\/orgaos-suplementares\/cpd\/wp-json\/wp\/v2\/categories?post=1255"},{"taxonomy":"post_tag","embeddable":true,"href":"https:\/\/www.ufsm.br\/orgaos-suplementares\/cpd\/wp-json\/wp\/v2\/tags?post=1255"}],"curies":[{"name":"wp","href":"https:\/\/api.w.org\/{rel}","templated":true}]}}