{"id":135,"date":"2018-05-24T15:19:44","date_gmt":"2018-05-24T18:19:44","guid":{"rendered":"https:\/\/www.ufsm.br\/orgaos-suplementares\/cpd\/?page_id=135"},"modified":"2024-04-02T09:36:15","modified_gmt":"2024-04-02T12:36:15","slug":"tutorial-eduroam-windows-10","status":"publish","type":"page","link":"https:\/\/www.ufsm.br\/orgaos-suplementares\/cpd\/tutorial-eduroam-windows-10","title":{"rendered":"Tutorial Eduroam Windows 10"},"content":{"rendered":"\t\t<div data-elementor-type=\"wp-post\" data-elementor-id=\"135\" class=\"elementor elementor-135\">\n\t\t\t\t\t\t<section class=\"elementor-section elementor-top-section elementor-element elementor-element-8050c71 elementor-section-boxed elementor-section-height-default elementor-section-height-default\" data-id=\"8050c71\" data-element_type=\"section\">\n\t\t\t\t\t\t<div class=\"elementor-container elementor-column-gap-default\">\n\t\t\t\t\t<div class=\"elementor-column elementor-col-100 elementor-top-column elementor-element elementor-element-770f45d\" data-id=\"770f45d\" data-element_type=\"column\">\n\t\t\t<div class=\"elementor-widget-wrap elementor-element-populated\">\n\t\t\t\t\t\t<div class=\"elementor-element elementor-element-8990def elementor-widget elementor-widget-text-editor\" data-id=\"8990def\" data-element_type=\"widget\" data-widget_type=\"text-editor.default\">\n\t\t\t\t<div class=\"elementor-widget-container\">\n\t\t\t\t\t\t\t<p><span style=\"font-family: arial, helvetica, sans-serif;font-size: 12pt\">Eduroam<\/span><\/p><p><span style=\"font-family: arial, helvetica, sans-serif;font-size: 12pt\">Desenvolvido em 2003, o\u00a0<strong>eduroam<\/strong>\u00a0(education roaming),\u00e9 um servi\u00e7o de acesso \u00e0 internet para institui\u00e7\u00f5es de ensino, sem fio, seguro, de acesso f\u00e1cil, r\u00e1pido, gratuito e sem a necessidade de m\u00faltiplos logins. A ideia do eduroam \u00e9 que seus usu\u00e1rios, quando visitam outra institui\u00e7\u00e3o participante, possam se conectar \u00e0 internet de forma r\u00e1pida e segura.<\/span><\/p><p><span style=\"font-family: arial, helvetica, sans-serif;font-size: 12pt\">Lan\u00e7ada no Brasil em 2012, a iniciativa internacional j\u00e1 re\u00fane institui\u00e7\u00f5es de mais de 80 pa\u00edses. Est\u00e1 presente na UFSM desde 2016, unindo diversos usu\u00e1rios na troca de experi\u00eancias e conhecimento.<\/span><\/p><p><span style=\"font-family: arial, helvetica, sans-serif;font-size: 12pt\"><strong>Onde posso usar o eduroam?<\/strong><\/span><\/p><p><span style=\"font-family: arial, helvetica, sans-serif;font-size: 12pt\">Se voc\u00ea est\u00e1 andando pelo campus da UFSM ou estudando\/trabalhando em outra institui\u00e7\u00e3o de pesquisa e educa\u00e7\u00e3o, eduroam lhe d\u00e1 conectividade com a internet sem problemas. Na nossa institui\u00e7\u00e3o s\u00e3o mais de 90 pontos de acesso.<\/span><br \/><span style=\"font-family: arial, helvetica, sans-serif;font-size: 12pt\">\u00a0<\/span><\/p><p><span style=\"font-family: arial, helvetica, sans-serif;font-size: 12pt\">Mais de 6.000 pontos de eduroam est\u00e3o dispon\u00edveis em universidades, centros de pesquisa, escolas e outras institui\u00e7\u00f5es de pesquisa e educa\u00e7\u00e3o em\u00a0<a href=\"https:\/\/www.eduroam.org\/where\/\">89 territ\u00f3rios<\/a>\u00a0ao redor do mundo. Com o crescimento do eduroam, mais pontos est\u00e3o aparecendo em lugares adicionais, como bibliotecas, museus e espa\u00e7os p\u00fablicos.<\/span><\/p><p>\u00a0<\/p><p><span style=\"font-family: arial, helvetica, sans-serif;font-size: 12pt\">Ao visitar uma institui\u00e7\u00e3o participante, seu equipamento sem fio, se j\u00e1 estiver sido configurado corretamente dever\u00e1 se conectar automaticamente. A configura\u00e7\u00e3o da rede \u00e9 a mesma em todo o mundo.<\/span><\/p><p><span style=\"font-family: arial, helvetica, sans-serif;font-size: 12pt\">No momento, somente o campus em Santa Maria tem conex\u00e3o com o\u00a0<strong>eduroam<\/strong>, h\u00e1 estudos de viabilidade t\u00e9cnica para a implementa\u00e7\u00e3o em outros campi.<\/span><\/p><p><span style=\"font-family: arial, helvetica, sans-serif;font-size: 12pt\"><strong>Como funciona?<\/strong><\/span><\/p><p><span style=\"font-family: arial, helvetica, sans-serif;font-size: 12pt\">Com a tecnologia de seguran\u00e7a e preserva\u00e7\u00e3o de privacidade do\u00a0<strong>eduroam,<\/strong>\u00a0n\u00e3o h\u00e1 necessidade de digitar nomes de usu\u00e1rio e senhas atrav\u00e9s de formul\u00e1rios inseguros de navegadores da web. O dispositivo do usu\u00e1rio identificar\u00e1 automaticamente um ponto de acesso\u00a0<strong>eduroam<\/strong>\u00a0v\u00e1lido e realizar\u00e1 o login. A senha nunca \u00e9 compartilhada com nenhum dos pontos de acesso.<\/span><br \/><span style=\"font-family: arial, helvetica, sans-serif;font-size: 12pt\">\u00a0<\/span><\/p><p><span style=\"font-family: arial, helvetica, sans-serif;font-size: 12pt\">Na UFSM, a identidade solicitada \u00e9 o CPF, acompanhado do @ufsm.br, e \u00a0a senha \u00e9 a mesma do Portal (do Aluno, do Servidor ou do Professor). Se voc\u00ea for um estudante ou pesquisador visitante, o Eduroam dever\u00e1 conectar automaticamente ou ent\u00e3o voc\u00ea dever\u00e1 usar a sua identidade e senha de sua institui\u00e7\u00e3o de origem.<\/span><\/p><p>\u00a0<\/p><p><span style=\"font-family: arial, helvetica, sans-serif;font-size: 12pt\"><strong>Qual tipo de equipamento posso conectar ao eduroam?<\/strong><\/span><\/p><p><span style=\"font-family: arial, helvetica, sans-serif;font-size: 12pt\">O\u00a0<strong>eduroam<\/strong>\u00a0usa padr\u00f5es abertos para fornecer acesso seguro \u00e0 rede, o que possibilita que quase todo dispositivo capaz de acessar uma rede sem fio pode fazer uso do servi\u00e7o.<\/span><\/p><p><span style=\"font-family: arial, helvetica, sans-serif;font-size: 12pt\">Dispositivos com sistemas Android (smartphones e tablets), iOS (iPhone, iPad e iPod), Linux (netbooks e notebooks), MAC OS (notebooks MAC) e Windows (netbooks e notebooks) podem ser configurados, com maior ou menor facilidade, para usar o\u00a0<strong>eduroam<\/strong>, assim como a maioria dos smartphones com vers\u00f5es dedicadas do Microsoft Windows. Smartphones com Symbian, geralmente usados pela Nokia e em alguns modelos Sony Ericsson, tamb\u00e9m podem ser configurados.<\/span><\/p><p><span style=\"font-family: arial, helvetica, sans-serif;font-size: 12pt\"><strong>Como conectar na UFSM?<\/strong><\/span><\/p><ul><li><p><span style=\"font-family: arial, helvetica, sans-serif;font-size: 12pt\">Em equipamentos \u00a0com sistema iOS o eduroam reconhece as configura\u00e7\u00f5es e conecta automaticamente, voc\u00ea s\u00f3 precisa preencher os dados de identidade (somente os n\u00fameros do seu CPF seguido de @ufsm.br) e a senha (a mesma dos Portais do Aluno, Professor e RH)<\/span><\/p><\/li><li><p><span style=\"font-family: arial, helvetica, sans-serif;font-size: 12pt\">Em alguns equipamentos com sistema Android o sistema reconhece as configura\u00e7\u00f5es do eduroam automaticamente, voc\u00ea s\u00f3 precisar\u00e1 preencher seus dados de identidade (somente os n\u00fameros do seu CPF seguido de @ufsm.br) e senha (a mesma dos Portais do Aluno, Professor e RH), caso isso n\u00e3o aconte\u00e7a, \u00e9 s\u00f3 acessar o tutorial para Android clicando no link<\/span><\/p><\/li><li><p><span style=\"font-family: arial, helvetica, sans-serif;font-size: 12pt\">Um dos problemas mais comuns \u00e9 a senha do portal ser antiga (anterior a 2016). Se voc\u00ea estiver tendo problemas para conectar-se, experimente trocar a senha do portal, automaticamente o eduroam ser\u00e1 habilitado.<\/span><\/p><\/li><\/ul>\t\t\t\t\t\t<\/div>\n\t\t\t\t<\/div>\n\t\t\t\t\t<\/div>\n\t\t<\/div>\n\t\t\t\t\t<\/div>\n\t\t<\/section>\n\t\t\t\t<section class=\"elementor-section elementor-top-section elementor-element elementor-element-360c2b2 elementor-section-boxed elementor-section-height-default elementor-section-height-default\" data-id=\"360c2b2\" data-element_type=\"section\">\n\t\t\t\t\t\t<div class=\"elementor-container elementor-column-gap-default\">\n\t\t\t\t\t<div class=\"elementor-column elementor-col-100 elementor-top-column elementor-element elementor-element-2bf5eb9\" data-id=\"2bf5eb9\" data-element_type=\"column\">\n\t\t\t<div class=\"elementor-widget-wrap elementor-element-populated\">\n\t\t\t\t\t\t<div class=\"elementor-element elementor-element-5365b61 elementor-align-center elementor-widget elementor-widget-button\" data-id=\"5365b61\" data-element_type=\"widget\" data-widget_type=\"button.default\">\n\t\t\t\t<div class=\"elementor-widget-container\">\n\t\t\t\t\t\t\t<div class=\"elementor-button-wrapper\">\n\t\t\t\t\t<a class=\"elementor-button elementor-button-link elementor-size-md\" href=\"https:\/\/www.ufsm.br\/app\/uploads\/sites\/350\/2024\/04\/TutorialEduroamWindows2024.pdf\" target=\"_blank\">\n\t\t\t\t\t\t<span class=\"elementor-button-content-wrapper\">\n\t\t\t\t\t\t\t\t\t<span class=\"elementor-button-text\">Tutorial Windows 10<\/span>\n\t\t\t\t\t<\/span>\n\t\t\t\t\t<\/a>\n\t\t\t\t<\/div>\n\t\t\t\t\t\t<\/div>\n\t\t\t\t<\/div>\n\t\t\t\t\t<\/div>\n\t\t<\/div>\n\t\t\t\t\t<\/div>\n\t\t<\/section>\n\t\t\t\t<\/div>\n\t\t","protected":false},"excerpt":{"rendered":"<p>Eduroam Desenvolvido em 2003, o\u00a0eduroam\u00a0(education roaming),\u00e9 um servi\u00e7o de acesso \u00e0 internet para institui\u00e7\u00f5es de ensino, sem fio, seguro, de acesso f\u00e1cil, r\u00e1pido, gratuito e sem a necessidade de m\u00faltiplos logins. A ideia do eduroam \u00e9 que seus usu\u00e1rios, quando visitam outra institui\u00e7\u00e3o participante, possam se conectar \u00e0 internet de forma r\u00e1pida e segura. Lan\u00e7ada [&hellip;]<\/p>\n","protected":false},"author":101,"featured_media":0,"parent":0,"menu_order":0,"comment_status":"closed","ping_status":"closed","template":"","meta":{"footnotes":""},"categories":[],"tags":[],"class_list":["post-135","page","type-page","status-publish","hentry"],"acf":[],"_links":{"self":[{"href":"https:\/\/www.ufsm.br\/orgaos-suplementares\/cpd\/wp-json\/wp\/v2\/pages\/135","targetHints":{"allow":["GET"]}}],"collection":[{"href":"https:\/\/www.ufsm.br\/orgaos-suplementares\/cpd\/wp-json\/wp\/v2\/pages"}],"about":[{"href":"https:\/\/www.ufsm.br\/orgaos-suplementares\/cpd\/wp-json\/wp\/v2\/types\/page"}],"author":[{"embeddable":true,"href":"https:\/\/www.ufsm.br\/orgaos-suplementares\/cpd\/wp-json\/wp\/v2\/users\/101"}],"replies":[{"embeddable":true,"href":"https:\/\/www.ufsm.br\/orgaos-suplementares\/cpd\/wp-json\/wp\/v2\/comments?post=135"}],"version-history":[{"count":0,"href":"https:\/\/www.ufsm.br\/orgaos-suplementares\/cpd\/wp-json\/wp\/v2\/pages\/135\/revisions"}],"wp:attachment":[{"href":"https:\/\/www.ufsm.br\/orgaos-suplementares\/cpd\/wp-json\/wp\/v2\/media?parent=135"}],"wp:term":[{"taxonomy":"category","embeddable":true,"href":"https:\/\/www.ufsm.br\/orgaos-suplementares\/cpd\/wp-json\/wp\/v2\/categories?post=135"},{"taxonomy":"post_tag","embeddable":true,"href":"https:\/\/www.ufsm.br\/orgaos-suplementares\/cpd\/wp-json\/wp\/v2\/tags?post=135"}],"curies":[{"name":"wp","href":"https:\/\/api.w.org\/{rel}","templated":true}]}}