{"id":1567,"date":"2021-05-20T13:14:34","date_gmt":"2021-05-20T16:14:34","guid":{"rendered":"https:\/\/www.ufsm.br\/orgaos-suplementares\/cpd\/?page_id=1567"},"modified":"2025-03-20T16:21:02","modified_gmt":"2025-03-20T19:21:02","slug":"relatorio-de-atividades","status":"publish","type":"page","link":"https:\/\/www.ufsm.br\/orgaos-suplementares\/cpd\/relatorio-de-atividades","title":{"rendered":"Relat\u00f3rio de Atividades"},"content":{"rendered":"\t\t<div data-elementor-type=\"wp-page\" data-elementor-id=\"1567\" class=\"elementor elementor-1567\">\n\t\t\t\t\t\t<section class=\"elementor-section elementor-top-section elementor-element elementor-element-7d32e75 elementor-section-boxed elementor-section-height-default elementor-section-height-default\" data-id=\"7d32e75\" data-element_type=\"section\">\n\t\t\t\t\t\t<div class=\"elementor-container elementor-column-gap-default\">\n\t\t\t\t\t<div class=\"elementor-column elementor-col-100 elementor-top-column elementor-element elementor-element-fe9b294\" data-id=\"fe9b294\" data-element_type=\"column\">\n\t\t\t<div class=\"elementor-widget-wrap elementor-element-populated\">\n\t\t\t\t\t\t<div class=\"elementor-element elementor-element-fb55274 elementor-widget elementor-widget-text-editor\" data-id=\"fb55274\" data-element_type=\"widget\" data-widget_type=\"text-editor.default\">\n\t\t\t\t<div class=\"elementor-widget-container\">\n\t\t\t\t\t\t\t<p>O objetivo do Relato de Atividades \u00e9 prestar contas das atividades desenvolvidas pelo Centro de Processamento de Dados anualmente, com o intuito de informar a Sociedade dos avan\u00e7os tecnol\u00f3gicos obtidos, bem como as propostas futuras de moderniza\u00e7\u00e3o institucional. No decorrer desse per\u00edodo, importantes projetos foram desenvolvidos pelo CPD gra\u00e7as ao empenho e esfor\u00e7o da gest\u00e3o em investir na infraestrutura do centro, bem como, dotar o mesmo com os recursos necess\u00e1rios para execu\u00e7\u00e3o de suas atividades. Com isso, no Relato de Atividades s\u00e3o apresentados os projetos de maior relev\u00e2ncia realizados anualmente, a fim de que se cumpra com o dever institucional de prestar informa\u00e7\u00f5es de suas atividades al\u00e9m de garantir a transpar\u00eancia das a\u00e7\u00f5es realizadas.<\/p>\t\t\t\t\t\t<\/div>\n\t\t\t\t<\/div>\n\t\t\t\t\t<\/div>\n\t\t<\/div>\n\t\t\t\t\t<\/div>\n\t\t<\/section>\n\t\t\t\t<section class=\"elementor-section elementor-top-section elementor-element elementor-element-5f86c09 elementor-section-boxed elementor-section-height-default elementor-section-height-default\" data-id=\"5f86c09\" data-element_type=\"section\">\n\t\t\t\t\t\t<div class=\"elementor-container elementor-column-gap-default\">\n\t\t\t\t\t<div class=\"elementor-column elementor-col-100 elementor-top-column elementor-element elementor-element-e374bda\" data-id=\"e374bda\" data-element_type=\"column\">\n\t\t\t<div class=\"elementor-widget-wrap elementor-element-populated\">\n\t\t\t\t\t\t<div class=\"elementor-element elementor-element-d98e80c elementor-widget elementor-widget-image\" data-id=\"d98e80c\" data-element_type=\"widget\" data-widget_type=\"image.default\">\n\t\t\t\t<div class=\"elementor-widget-container\">\n\t\t\t\t\t\t\t\t\t\t\t\t\t<img fetchpriority=\"high\" decoding=\"async\" width=\"1920\" height=\"1080\" src=\"https:\/\/www.ufsm.br\/app\/uploads\/sites\/350\/2025\/03\/CPD-JANEIRO-2023.jpg\" class=\"attachment-full size-full wp-image-2956\" alt=\"\" srcset=\"https:\/\/www.ufsm.br\/app\/uploads\/sites\/350\/2025\/03\/CPD-JANEIRO-2023.jpg 1920w, https:\/\/www.ufsm.br\/app\/uploads\/sites\/350\/2025\/03\/CPD-JANEIRO-2023-300x169.jpg 300w, https:\/\/www.ufsm.br\/app\/uploads\/sites\/350\/2025\/03\/CPD-JANEIRO-2023-1024x576.jpg 1024w, https:\/\/www.ufsm.br\/app\/uploads\/sites\/350\/2025\/03\/CPD-JANEIRO-2023-768x432.jpg 768w, https:\/\/www.ufsm.br\/app\/uploads\/sites\/350\/2025\/03\/CPD-JANEIRO-2023-1536x864.jpg 1536w\" sizes=\"(max-width: 1920px) 100vw, 1920px\" \/>\t\t\t\t\t\t\t\t\t\t\t\t\t<\/div>\n\t\t\t\t<\/div>\n\t\t\t\t\t<\/div>\n\t\t<\/div>\n\t\t\t\t\t<\/div>\n\t\t<\/section>\n\t\t\t\t<section class=\"elementor-section elementor-top-section elementor-element elementor-element-c08c897 elementor-section-boxed elementor-section-height-default elementor-section-height-default\" data-id=\"c08c897\" data-element_type=\"section\">\n\t\t\t\t\t\t<div class=\"elementor-container elementor-column-gap-default\">\n\t\t\t\t\t<div class=\"elementor-column elementor-col-100 elementor-top-column elementor-element elementor-element-96c6698\" data-id=\"96c6698\" data-element_type=\"column\">\n\t\t\t<div class=\"elementor-widget-wrap elementor-element-populated\">\n\t\t\t\t\t\t<div class=\"elementor-element elementor-element-d8aa0d1 elementor-widget elementor-widget-heading\" data-id=\"d8aa0d1\" data-element_type=\"widget\" data-widget_type=\"heading.default\">\n\t\t\t\t<div class=\"elementor-widget-container\">\n\t\t\t<h5 class=\"elementor-heading-title elementor-size-default\">Anexos<\/h5>\t\t<\/div>\n\t\t\t\t<\/div>\n\t\t\t\t\t<\/div>\n\t\t<\/div>\n\t\t\t\t\t<\/div>\n\t\t<\/section>\n\t\t\t\t<section class=\"elementor-section elementor-top-section elementor-element elementor-element-e282fc9 elementor-section-boxed elementor-section-height-default elementor-section-height-default\" data-id=\"e282fc9\" data-element_type=\"section\">\n\t\t\t\t\t\t<div class=\"elementor-container elementor-column-gap-default\">\n\t\t\t\t\t<div class=\"elementor-column elementor-col-100 elementor-top-column elementor-element elementor-element-8df0967\" data-id=\"8df0967\" data-element_type=\"column\">\n\t\t\t<div class=\"elementor-widget-wrap elementor-element-populated\">\n\t\t\t\t\t\t<div class=\"elementor-element elementor-element-13487cf elementor-widget elementor-widget-text-editor\" data-id=\"13487cf\" data-element_type=\"widget\" data-widget_type=\"text-editor.default\">\n\t\t\t\t<div class=\"elementor-widget-container\">\n\t\t\t\t\t\t\t<ul><li><a href=\"https:\/\/www.ufsm.br\/app\/uploads\/sites\/350\/2021\/05\/relatorio-de-gestao-6.pdf\" target=\"_blank\" rel=\"noopener\">Relat\u00f3rio de Atividades 2020<\/a><\/li><li><a href=\"https:\/\/www.ufsm.br\/app\/uploads\/sites\/350\/2022\/04\/Relatorio-de-Atividades-2021.pdf\">Relat\u00f3rio de Atividades 2021<\/a><ul><li><a href=\"https:\/\/www.ufsm.br\/app\/uploads\/sites\/350\/2022\/04\/ANEXOS-RELATORIO-GESTAO-ATIVIDADES-2021.docx.pdf\" target=\"_blank\" rel=\"noopener\">Anexos &#8211; Relat\u00f3rio de Atividades 2021<\/a><\/li><\/ul><\/li><li><a href=\"https:\/\/www.ufsm.br\/app\/uploads\/sites\/350\/2023\/02\/RELATORIO-GESTAO-ATIVIDADES-2022.pdf\" target=\"_blank\" rel=\"noopener\">Relat\u00f3rio de Atividades 2022<\/a><\/li><li><a href=\"https:\/\/www.ufsm.br\/app\/uploads\/sites\/350\/2024\/03\/relatorio_atividades_2023_CPD_UFSM.pdf\" target=\"_blank\" rel=\"noopener\">Relat\u00f3rio de Atividades 2023<\/a><\/li><li><a href=\"https:\/\/www.ufsm.br\/app\/uploads\/sites\/350\/2025\/03\/RELATORIO-ATIVIDADES-CPD-UFSM-2024-1.pdf\">Relat\u00f3rio de Atividades 2024<\/a><\/li><\/ul>\t\t\t\t\t\t<\/div>\n\t\t\t\t<\/div>\n\t\t\t\t\t<\/div>\n\t\t<\/div>\n\t\t\t\t\t<\/div>\n\t\t<\/section>\n\t\t\t\t<\/div>\n\t\t","protected":false},"excerpt":{"rendered":"<p>O objetivo do Relato de Atividades \u00e9 prestar contas das atividades desenvolvidas pelo Centro de Processamento de Dados anualmente, com o intuito de informar a Sociedade dos avan\u00e7os tecnol\u00f3gicos obtidos, bem como as propostas futuras de moderniza\u00e7\u00e3o institucional. No decorrer desse per\u00edodo, importantes projetos foram desenvolvidos pelo CPD gra\u00e7as ao empenho e esfor\u00e7o da gest\u00e3o [&hellip;]<\/p>\n","protected":false},"author":3957,"featured_media":2958,"parent":0,"menu_order":0,"comment_status":"closed","ping_status":"closed","template":"","meta":{"footnotes":""},"categories":[45,92],"tags":[],"class_list":["post-1567","page","type-page","status-publish","has-post-thumbnail","hentry","category-banner-home","category-noticias"],"acf":[],"_links":{"self":[{"href":"https:\/\/www.ufsm.br\/orgaos-suplementares\/cpd\/wp-json\/wp\/v2\/pages\/1567","targetHints":{"allow":["GET"]}}],"collection":[{"href":"https:\/\/www.ufsm.br\/orgaos-suplementares\/cpd\/wp-json\/wp\/v2\/pages"}],"about":[{"href":"https:\/\/www.ufsm.br\/orgaos-suplementares\/cpd\/wp-json\/wp\/v2\/types\/page"}],"author":[{"embeddable":true,"href":"https:\/\/www.ufsm.br\/orgaos-suplementares\/cpd\/wp-json\/wp\/v2\/users\/3957"}],"replies":[{"embeddable":true,"href":"https:\/\/www.ufsm.br\/orgaos-suplementares\/cpd\/wp-json\/wp\/v2\/comments?post=1567"}],"version-history":[{"count":0,"href":"https:\/\/www.ufsm.br\/orgaos-suplementares\/cpd\/wp-json\/wp\/v2\/pages\/1567\/revisions"}],"wp:featuredmedia":[{"embeddable":true,"href":"https:\/\/www.ufsm.br\/orgaos-suplementares\/cpd\/wp-json\/wp\/v2\/media\/2958"}],"wp:attachment":[{"href":"https:\/\/www.ufsm.br\/orgaos-suplementares\/cpd\/wp-json\/wp\/v2\/media?parent=1567"}],"wp:term":[{"taxonomy":"category","embeddable":true,"href":"https:\/\/www.ufsm.br\/orgaos-suplementares\/cpd\/wp-json\/wp\/v2\/categories?post=1567"},{"taxonomy":"post_tag","embeddable":true,"href":"https:\/\/www.ufsm.br\/orgaos-suplementares\/cpd\/wp-json\/wp\/v2\/tags?post=1567"}],"curies":[{"name":"wp","href":"https:\/\/api.w.org\/{rel}","templated":true}]}}