{"id":178,"date":"2018-05-25T14:36:38","date_gmt":"2018-05-25T17:36:38","guid":{"rendered":"https:\/\/www.ufsm.br\/orgaos-suplementares\/cpd\/?page_id=178"},"modified":"2019-05-20T10:44:37","modified_gmt":"2019-05-20T13:44:37","slug":"multiweb-2","status":"publish","type":"page","link":"https:\/\/www.ufsm.br\/orgaos-suplementares\/cpd\/multiweb-2","title":{"rendered":"Multiweb"},"content":{"rendered":"\t\t<div data-elementor-type=\"wp-post\" data-elementor-id=\"178\" class=\"elementor elementor-178\">\n\t\t\t\t\t\t<section class=\"elementor-section elementor-top-section elementor-element elementor-element-83b301f elementor-section-boxed elementor-section-height-default elementor-section-height-default\" data-id=\"83b301f\" data-element_type=\"section\">\n\t\t\t\t\t\t<div class=\"elementor-container elementor-column-gap-default\">\n\t\t\t\t\t<div class=\"elementor-column elementor-col-100 elementor-top-column elementor-element elementor-element-82b1110\" data-id=\"82b1110\" data-element_type=\"column\">\n\t\t\t<div class=\"elementor-widget-wrap elementor-element-populated\">\n\t\t\t\t\t\t<div class=\"elementor-element elementor-element-df80900 elementor-widget elementor-widget-text-editor\" data-id=\"df80900\" data-element_type=\"widget\" data-widget_type=\"text-editor.default\">\n\t\t\t\t<div class=\"elementor-widget-container\">\n\t\t\t\t\t\t\t<p><span style=\"font-family: arial, helvetica, sans-serif; font-size: 14pt; color: #003366;\">A Multiweb \u00e9 respons\u00e1vel atender a comunidade universit\u00e1ria, oferecendo a realiza\u00e7\u00e3o eventos com transmiss\u00e3o digital ao vivo pela internet e prestando apoio \u00e0s videoconfer\u00eancias realizadas na universidade. Outro servi\u00e7o dispon\u00edvel na Multiweb \u00e9 o servi\u00e7o de Desenvolvimento Web.\u00a0<\/span><\/p>\t\t\t\t\t\t<\/div>\n\t\t\t\t<\/div>\n\t\t\t\t\t<\/div>\n\t\t<\/div>\n\t\t\t\t\t<\/div>\n\t\t<\/section>\n\t\t\t\t<section class=\"elementor-section elementor-top-section elementor-element elementor-element-36dae8e elementor-section-boxed elementor-section-height-default elementor-section-height-default\" data-id=\"36dae8e\" data-element_type=\"section\">\n\t\t\t\t\t\t<div class=\"elementor-container elementor-column-gap-default\">\n\t\t\t\t\t<div class=\"elementor-column elementor-col-100 elementor-top-column elementor-element elementor-element-656f6d8\" data-id=\"656f6d8\" data-element_type=\"column\">\n\t\t\t<div class=\"elementor-widget-wrap elementor-element-populated\">\n\t\t\t\t\t\t<div class=\"elementor-element elementor-element-15e46c1 elementor-button-info elementor-align-right elementor-widget elementor-widget-button\" data-id=\"15e46c1\" data-element_type=\"widget\" data-widget_type=\"button.default\">\n\t\t\t\t<div class=\"elementor-widget-container\">\n\t\t\t\t\t\t\t<div class=\"elementor-button-wrapper\">\n\t\t\t\t\t<a class=\"elementor-button elementor-button-link elementor-size-sm\" href=\"http:\/\/www.multiweb.ufsm.br\/\">\n\t\t\t\t\t\t<span class=\"elementor-button-content-wrapper\">\n\t\t\t\t\t\t<span class=\"elementor-button-icon\">\n\t\t\t\t\t\t\t\t\t<i class=\"fa fa-at\" aria-hidden=\"true\"><\/i>\n\t\t\t\t\t\t\t<\/span>\n\t\t\t\t\t\t\t\t\t<span class=\"elementor-button-text\">Acessar site da Multiweb<\/span>\n\t\t\t\t\t<\/span>\n\t\t\t\t\t<\/a>\n\t\t\t\t<\/div>\n\t\t\t\t\t\t<\/div>\n\t\t\t\t<\/div>\n\t\t\t\t\t<\/div>\n\t\t<\/div>\n\t\t\t\t\t<\/div>\n\t\t<\/section>\n\t\t\t\t<section class=\"elementor-section elementor-top-section elementor-element elementor-element-752e5e4 elementor-section-boxed elementor-section-height-default elementor-section-height-default\" data-id=\"752e5e4\" data-element_type=\"section\">\n\t\t\t\t\t\t<div class=\"elementor-container elementor-column-gap-default\">\n\t\t\t\t\t<div class=\"elementor-column elementor-col-100 elementor-top-column elementor-element elementor-element-dcb4988\" data-id=\"dcb4988\" data-element_type=\"column\">\n\t\t\t<div class=\"elementor-widget-wrap elementor-element-populated\">\n\t\t\t\t\t\t<div class=\"elementor-element elementor-element-2f980f1 elementor-widget elementor-widget-text-editor\" data-id=\"2f980f1\" data-element_type=\"widget\" data-widget_type=\"text-editor.default\">\n\t\t\t\t<div class=\"elementor-widget-container\">\n\t\t\t\t\t\t\t<h2 style=\"text-align: left;\"><span style=\"color: #333333;\">Atividades<\/span><\/h2><ul style=\"list-style-type: square;\"><li><span style=\"font-family: arial, helvetica, sans-serif; font-size: 14pt; color: #333333;\">Transmiss\u00e3o de <\/span><\/li><li><span style=\"font-family: arial, helvetica, sans-serif; font-size: 14pt; color: #333333;\">Eventos ao vivo<\/span><\/li><li><span style=\"font-family: arial, helvetica, sans-serif; font-size: 14pt; color: #333333;\">Videoconfer\u00eancias<\/span><\/li><li><span style=\"font-family: arial, helvetica, sans-serif; font-size: 14pt; color: #333333;\">Loca\u00e7\u00e3o de Audit\u00f3rios<\/span><\/li><li><span style=\"font-family: arial, helvetica, sans-serif; font-size: 14pt; color: #333333;\">V\u00eddeo sob demanda<\/span><\/li><\/ul>\t\t\t\t\t\t<\/div>\n\t\t\t\t<\/div>\n\t\t\t\t\t<\/div>\n\t\t<\/div>\n\t\t\t\t\t<\/div>\n\t\t<\/section>\n\t\t\t\t<\/div>\n\t\t","protected":false},"excerpt":{"rendered":"<p>A Multiweb \u00e9 respons\u00e1vel atender a comunidade universit\u00e1ria, oferecendo a realiza\u00e7\u00e3o eventos com transmiss\u00e3o digital ao vivo pela internet e prestando apoio \u00e0s videoconfer\u00eancias realizadas na universidade. Outro servi\u00e7o dispon\u00edvel na Multiweb \u00e9 o servi\u00e7o de Desenvolvimento Web.\u00a0 Acessar site da Multiweb Atividades Transmiss\u00e3o de Eventos ao vivo Videoconfer\u00eancias Loca\u00e7\u00e3o de Audit\u00f3rios V\u00eddeo sob demanda<\/p>\n","protected":false},"author":101,"featured_media":0,"parent":0,"menu_order":0,"comment_status":"closed","ping_status":"closed","template":"","meta":{"footnotes":""},"categories":[],"tags":[],"class_list":["post-178","page","type-page","status-publish","hentry"],"acf":[],"_links":{"self":[{"href":"https:\/\/www.ufsm.br\/orgaos-suplementares\/cpd\/wp-json\/wp\/v2\/pages\/178","targetHints":{"allow":["GET"]}}],"collection":[{"href":"https:\/\/www.ufsm.br\/orgaos-suplementares\/cpd\/wp-json\/wp\/v2\/pages"}],"about":[{"href":"https:\/\/www.ufsm.br\/orgaos-suplementares\/cpd\/wp-json\/wp\/v2\/types\/page"}],"author":[{"embeddable":true,"href":"https:\/\/www.ufsm.br\/orgaos-suplementares\/cpd\/wp-json\/wp\/v2\/users\/101"}],"replies":[{"embeddable":true,"href":"https:\/\/www.ufsm.br\/orgaos-suplementares\/cpd\/wp-json\/wp\/v2\/comments?post=178"}],"version-history":[{"count":0,"href":"https:\/\/www.ufsm.br\/orgaos-suplementares\/cpd\/wp-json\/wp\/v2\/pages\/178\/revisions"}],"wp:attachment":[{"href":"https:\/\/www.ufsm.br\/orgaos-suplementares\/cpd\/wp-json\/wp\/v2\/media?parent=178"}],"wp:term":[{"taxonomy":"category","embeddable":true,"href":"https:\/\/www.ufsm.br\/orgaos-suplementares\/cpd\/wp-json\/wp\/v2\/categories?post=178"},{"taxonomy":"post_tag","embeddable":true,"href":"https:\/\/www.ufsm.br\/orgaos-suplementares\/cpd\/wp-json\/wp\/v2\/tags?post=178"}],"curies":[{"name":"wp","href":"https:\/\/api.w.org\/{rel}","templated":true}]}}