{"id":1871,"date":"2022-05-09T11:03:58","date_gmt":"2022-05-09T14:03:58","guid":{"rendered":"https:\/\/www.ufsm.br\/orgaos-suplementares\/cpd\/?page_id=1871"},"modified":"2022-05-09T11:03:59","modified_gmt":"2022-05-09T14:03:59","slug":"politica-de-privacidade-ufsm-digital","status":"publish","type":"page","link":"https:\/\/www.ufsm.br\/orgaos-suplementares\/cpd\/politica-de-privacidade-ufsm-digital","title":{"rendered":"Pol\u00edtica de privacidade UFSM Digital"},"content":{"rendered":"\n<p><strong>Apresenta\u00e7\u00e3o<\/strong><\/p>\n<p>O aplicativo UFSM Digital da Universidade Federal de Santa Maria foi desenvolvido para ser gratuito. Os servi\u00e7os s\u00e3o fornecidos pela pr\u00f3pria UFSM para a comunidade acad\u00eamica em geral, al\u00e9m de uma \u00e1rea aberta que pode ser utilizada pela comunidade externa.<\/p>\n<p><strong>Coleta e Uso de Informa\u00e7\u00f5es<\/strong><\/p>\n<p>Ao usar nossos servi\u00e7os, podemos exigir que sejam fornecidas algumas informa\u00e7\u00f5es pessoalmente identific\u00e1veis. As informa\u00e7\u00f5es solicitadas n\u00e3o ser\u00e3o repassadas a terceiros.<\/p>\n<p><strong>Acesso ao Aplicativo<\/strong><\/p>\n<p>O Aplicativo est\u00e1 dispon\u00edvel para utiliza\u00e7\u00e3o por discentes, docentes, t\u00e9cnicos administrativos e usu\u00e1rios externos da institui\u00e7\u00e3o.<\/p>\n<p>O acesso a \u00e1rea fechada do aplicativo \u00e9 realizada por meio de nome de usu\u00e1rio (matr\u00edcula ou CPF) e senha (cadastrada via portais institucionais).<\/p>\n<p><strong>Utiliza\u00e7\u00e3o do Aplicativo<\/strong><\/p>\n<p>O Aplicativo \u00e9 um servi\u00e7o institucional cuja finalidade \u00e9 a visualiza\u00e7\u00e3o de informa\u00e7\u00f5es acad\u00eamicas e administrativas.<br \/>Est\u00e1 presente na \u00e1rea institucional:<\/p>\n<ul>\n<li>Renova\u00e7\u00e3o de livros da biblioteca.<\/li>\n<li>Quadro de notas de disciplinas<\/li>\n<li>Quadro de hor\u00e1rios das disciplinas<\/li>\n<li>Card\u00e1pio do Restaurante Universit\u00e1rio<\/li>\n<li>Agendamento e avalia\u00e7\u00e3o da Refei\u00e7\u00e3o no Restaurante Universit\u00e1rio<\/li>\n<li>Transfer\u00eancia de cr\u00e9ditos do Restaurante Universit\u00e1rio<\/li>\n<li>Relat\u00f3rio de f\u00e9rias dos docentes e t\u00e9cnicos administrativos<\/li>\n<li>Relat\u00f3rio do ponto eletr\u00f4nico<\/li>\n<li>Carteira Digital<\/li>\n<li>Quadro de hor\u00e1rios dos \u00f4nibus com linha universit\u00e1ria<\/li>\n<\/ul>\n<p><strong>Compet\u00eancias e Responsabilidades<\/strong><\/p>\n<p>Cabe ao CPD\/UFSM:<\/p>\n<ul>\n<li>Disponibilizar e manter o aplicativo, zelando pela sua qualidade e seguran\u00e7a.<\/li>\n<li>Realizar manuten\u00e7\u00f5es e atualiza\u00e7\u00f5es peri\u00f3dicas, buscando a melhor presta\u00e7\u00e3o do servi\u00e7o<\/li>\n<li>Responsabilizar-se pela administra\u00e7\u00e3o do aplicativo, oferecendo ao usu\u00e1rio suporte t\u00e9cnico e orienta\u00e7\u00f5es sobre o uso.<\/li>\n<\/ul>\n<p>Cabe ao usu\u00e1rio do aplicativo:<\/p>\n<ul>\n<li>Tomar conhecimento deste termo de uso<\/li>\n<li>Responsabilizar-se por baixar e atualizar modifica\u00e7\u00f5es de vers\u00f5es na loja<\/li>\n<li>Comunicar eventuais falhas durante sua utiliza\u00e7\u00e3o de forma respons\u00e1vel ao CPD\/UFSM<\/li>\n<li>N\u00e3o efetuar o acesso ao aplicativo com dados falsificados ou roubados.<\/li>\n<\/ul>\n<p><strong>Consentimento<\/strong><\/p>\n<p>O titular da conta do aplicativo declara ter conhecimento sobre o Termo de uso e a pol\u00edtica de privacidade<\/p>\n","protected":false},"excerpt":{"rendered":"<p>Apresenta\u00e7\u00e3o O aplicativo UFSM Digital da Universidade Federal de Santa Maria foi desenvolvido para ser gratuito. Os servi\u00e7os s\u00e3o fornecidos pela pr\u00f3pria UFSM para a comunidade acad\u00eamica em geral, al\u00e9m de uma \u00e1rea aberta que pode ser utilizada pela comunidade externa. Coleta e Uso de Informa\u00e7\u00f5es Ao usar nossos servi\u00e7os, podemos exigir que sejam fornecidas [&hellip;]<\/p>\n","protected":false},"author":26,"featured_media":0,"parent":0,"menu_order":0,"comment_status":"closed","ping_status":"closed","template":"","meta":{"footnotes":""},"categories":[],"tags":[],"class_list":["post-1871","page","type-page","status-publish","hentry"],"acf":[],"_links":{"self":[{"href":"https:\/\/www.ufsm.br\/orgaos-suplementares\/cpd\/wp-json\/wp\/v2\/pages\/1871","targetHints":{"allow":["GET"]}}],"collection":[{"href":"https:\/\/www.ufsm.br\/orgaos-suplementares\/cpd\/wp-json\/wp\/v2\/pages"}],"about":[{"href":"https:\/\/www.ufsm.br\/orgaos-suplementares\/cpd\/wp-json\/wp\/v2\/types\/page"}],"author":[{"embeddable":true,"href":"https:\/\/www.ufsm.br\/orgaos-suplementares\/cpd\/wp-json\/wp\/v2\/users\/26"}],"replies":[{"embeddable":true,"href":"https:\/\/www.ufsm.br\/orgaos-suplementares\/cpd\/wp-json\/wp\/v2\/comments?post=1871"}],"version-history":[{"count":0,"href":"https:\/\/www.ufsm.br\/orgaos-suplementares\/cpd\/wp-json\/wp\/v2\/pages\/1871\/revisions"}],"wp:attachment":[{"href":"https:\/\/www.ufsm.br\/orgaos-suplementares\/cpd\/wp-json\/wp\/v2\/media?parent=1871"}],"wp:term":[{"taxonomy":"category","embeddable":true,"href":"https:\/\/www.ufsm.br\/orgaos-suplementares\/cpd\/wp-json\/wp\/v2\/categories?post=1871"},{"taxonomy":"post_tag","embeddable":true,"href":"https:\/\/www.ufsm.br\/orgaos-suplementares\/cpd\/wp-json\/wp\/v2\/tags?post=1871"}],"curies":[{"name":"wp","href":"https:\/\/api.w.org\/{rel}","templated":true}]}}