{"id":1935,"date":"2022-07-07T10:08:50","date_gmt":"2022-07-07T13:08:50","guid":{"rendered":"https:\/\/www.ufsm.br\/orgaos-suplementares\/cpd\/?page_id=1935"},"modified":"2024-04-18T07:53:46","modified_gmt":"2024-04-18T10:53:46","slug":"painel-de-servicos","status":"publish","type":"page","link":"https:\/\/www.ufsm.br\/orgaos-suplementares\/cpd\/painel-de-servicos","title":{"rendered":"Painel de Servi\u00e7os"},"content":{"rendered":"<p>Com o objetivo de promover a transpar\u00eancia dos servi\u00e7os prestados pelo CPD para a UFSM foi desenvolvido um Painel de Acompanhamento com a finalidade de proporcionar aos interessados a visualiza\u00e7\u00e3o de todos os servi\u00e7os atendidos no per\u00edodo selecionado.\u00a0No painel \u00e9 poss\u00edvel filtrar pelo tipo de servi\u00e7o, pela unidade e pelo sistema em um per\u00edodo de datas, tamb\u00e9m apresenta o\u00a0total de chamados atendidos no per\u00edodo e a Nota de Avalia\u00e7\u00e3o dos servi\u00e7os prestados (1 &#8211; 5).\u00a0 A visualiza\u00e7\u00e3o pode ser detalhada para os 3 setores do CPD: Divis\u00e3o de Apoio ao Usu\u00e1rio (DIVREL), Divis\u00e3o de\u00a0 An\u00e1lise e Desenvolvimento e Divis\u00e3o de Suporte.\u00a0\u00a0<\/p>\n<p>\t\t\t<iframe width=\"1280\" height=\"690\" src=\"https:\/\/app.powerbi.com\/view?r=eyJrIjoiNjU0YTdjYzUtYzM4OC00MTU4LTg4M2QtMzg1OGJjMmU3MzFkIiwidCI6Ijk3OTAyMGQ1LTQ5NTAtNGY0My1hOTk0LTg4ZDY4M2VhYjQ3MyJ9\" frameborder=\"0\" allowFullScreen=\"true\"><\/iframe><\/p>\n","protected":false},"excerpt":{"rendered":"<p>Com o objetivo de promover a transpar\u00eancia dos servi\u00e7os prestados pelo CPD para a UFSM foi desenvolvido um Painel de Acompanhamento com a finalidade de proporcionar aos interessados a visualiza\u00e7\u00e3o de todos os servi\u00e7os atendidos no per\u00edodo selecionado.\u00a0No painel \u00e9 poss\u00edvel filtrar pelo tipo de servi\u00e7o, pela unidade e pelo sistema em um per\u00edodo de [&hellip;]<\/p>\n","protected":false},"author":2690,"featured_media":0,"parent":0,"menu_order":0,"comment_status":"closed","ping_status":"closed","template":"","meta":{"footnotes":""},"categories":[],"tags":[],"class_list":["post-1935","page","type-page","status-publish","hentry"],"acf":[],"_links":{"self":[{"href":"https:\/\/www.ufsm.br\/orgaos-suplementares\/cpd\/wp-json\/wp\/v2\/pages\/1935","targetHints":{"allow":["GET"]}}],"collection":[{"href":"https:\/\/www.ufsm.br\/orgaos-suplementares\/cpd\/wp-json\/wp\/v2\/pages"}],"about":[{"href":"https:\/\/www.ufsm.br\/orgaos-suplementares\/cpd\/wp-json\/wp\/v2\/types\/page"}],"author":[{"embeddable":true,"href":"https:\/\/www.ufsm.br\/orgaos-suplementares\/cpd\/wp-json\/wp\/v2\/users\/2690"}],"replies":[{"embeddable":true,"href":"https:\/\/www.ufsm.br\/orgaos-suplementares\/cpd\/wp-json\/wp\/v2\/comments?post=1935"}],"version-history":[{"count":0,"href":"https:\/\/www.ufsm.br\/orgaos-suplementares\/cpd\/wp-json\/wp\/v2\/pages\/1935\/revisions"}],"wp:attachment":[{"href":"https:\/\/www.ufsm.br\/orgaos-suplementares\/cpd\/wp-json\/wp\/v2\/media?parent=1935"}],"wp:term":[{"taxonomy":"category","embeddable":true,"href":"https:\/\/www.ufsm.br\/orgaos-suplementares\/cpd\/wp-json\/wp\/v2\/categories?post=1935"},{"taxonomy":"post_tag","embeddable":true,"href":"https:\/\/www.ufsm.br\/orgaos-suplementares\/cpd\/wp-json\/wp\/v2\/tags?post=1935"}],"curies":[{"name":"wp","href":"https:\/\/api.w.org\/{rel}","templated":true}]}}