{"id":207,"date":"2018-06-08T14:10:57","date_gmt":"2018-06-08T17:10:57","guid":{"rendered":"https:\/\/www.ufsm.br\/orgaos-suplementares\/cpd\/?page_id=207"},"modified":"2019-10-18T11:09:32","modified_gmt":"2019-10-18T14:09:32","slug":"direcao-do-centro-de-processamento-de-dados","status":"publish","type":"page","link":"https:\/\/www.ufsm.br\/orgaos-suplementares\/cpd\/direcao-do-centro-de-processamento-de-dados","title":{"rendered":"Dire\u00e7\u00e3o do Centro de Processamento de Dados"},"content":{"rendered":"\t\t<div data-elementor-type=\"wp-post\" data-elementor-id=\"207\" class=\"elementor elementor-207\">\n\t\t\t\t\t\t<section class=\"elementor-section elementor-top-section elementor-element elementor-element-9b4e696 elementor-section-boxed elementor-section-height-default elementor-section-height-default\" data-id=\"9b4e696\" data-element_type=\"section\">\n\t\t\t\t\t\t<div class=\"elementor-container elementor-column-gap-default\">\n\t\t\t\t\t<div class=\"elementor-column elementor-col-100 elementor-top-column elementor-element elementor-element-0f229c2\" data-id=\"0f229c2\" data-element_type=\"column\">\n\t\t\t<div class=\"elementor-widget-wrap elementor-element-populated\">\n\t\t\t\t\t\t<div class=\"elementor-element elementor-element-1ad1311 elementor-widget elementor-widget-text-editor\" data-id=\"1ad1311\" data-element_type=\"widget\" data-widget_type=\"text-editor.default\">\n\t\t\t\t<div class=\"elementor-widget-container\">\n\t\t\t\t\t\t\t<p><span style=\"font-size: 12pt;color: #808080\">Ao Centro de Processamento de Dados \u2013 CPD compete: propor e contribuir para a efetiva\u00e7\u00e3o de pol\u00edticas institucionais referentes \u00e0 Tecnologia da Informa\u00e7\u00e3o; prestar servi\u00e7os de atendimento e suporte \u00e0 comunidade universit\u00e1ria para a plena utiliza\u00e7\u00e3o dos recursos computacionais e de sistemas de informa\u00e7\u00e3o no \u00e2mbito institucional; coordenar o desenvolvimento, a implanta\u00e7\u00e3o e a utiliza\u00e7\u00e3o do sistema informatizado de gest\u00e3o da UFSM; administrar o banco de dados institucional, garantindo integridade, seguran\u00e7a e disponibilidade de acesso; desenvolver atividades e servi\u00e7os para proporcionar conectividade \u00e0 comunidade universit\u00e1ria, permitindo acesso direto \u00e0 rede corporativa e indireto a redes externas e a Internet; estabelecer a\u00e7\u00f5es para o tratamento de incidentes de seguran\u00e7a da informa\u00e7\u00e3o em conformidade com normas e diretrizes definidas pela participa\u00e7\u00e3o em redes interinstitucionais; prover infraestrutura de inform\u00e1tica para apoio aos eventos institucionais; e desenvolver conhecimento tecnol\u00f3gico, por meio de projetos, conv\u00eanios e parcerias, na busca de solu\u00e7\u00f5es inovadoras na \u00e1rea de Tecnologia de Informa\u00e7\u00e3o, para melhoria da qualidade dos servi\u00e7os prestados \u00e0 UFSM.<\/span><\/p><p><span style=\"color: #808080;font-size: 12pt\">Diretor do Centro de Processamento de Dados &#8211; CPD: Gustavo Zanini Kantorski<\/span><\/p>\t\t\t\t\t\t<\/div>\n\t\t\t\t<\/div>\n\t\t\t\t\t<\/div>\n\t\t<\/div>\n\t\t\t\t\t<\/div>\n\t\t<\/section>\n\t\t\t\t<\/div>\n\t\t","protected":false},"excerpt":{"rendered":"<p>Ao Centro de Processamento de Dados \u2013 CPD compete: propor e contribuir para a efetiva\u00e7\u00e3o de pol\u00edticas institucionais referentes \u00e0 Tecnologia da Informa\u00e7\u00e3o; prestar servi\u00e7os de atendimento e suporte \u00e0 comunidade universit\u00e1ria para a plena utiliza\u00e7\u00e3o dos recursos computacionais e de sistemas de informa\u00e7\u00e3o no \u00e2mbito institucional; coordenar o desenvolvimento, a implanta\u00e7\u00e3o e a utiliza\u00e7\u00e3o [&hellip;]<\/p>\n","protected":false},"author":101,"featured_media":0,"parent":0,"menu_order":0,"comment_status":"closed","ping_status":"closed","template":"","meta":{"footnotes":""},"categories":[],"tags":[],"class_list":["post-207","page","type-page","status-publish","hentry"],"acf":[],"_links":{"self":[{"href":"https:\/\/www.ufsm.br\/orgaos-suplementares\/cpd\/wp-json\/wp\/v2\/pages\/207","targetHints":{"allow":["GET"]}}],"collection":[{"href":"https:\/\/www.ufsm.br\/orgaos-suplementares\/cpd\/wp-json\/wp\/v2\/pages"}],"about":[{"href":"https:\/\/www.ufsm.br\/orgaos-suplementares\/cpd\/wp-json\/wp\/v2\/types\/page"}],"author":[{"embeddable":true,"href":"https:\/\/www.ufsm.br\/orgaos-suplementares\/cpd\/wp-json\/wp\/v2\/users\/101"}],"replies":[{"embeddable":true,"href":"https:\/\/www.ufsm.br\/orgaos-suplementares\/cpd\/wp-json\/wp\/v2\/comments?post=207"}],"version-history":[{"count":0,"href":"https:\/\/www.ufsm.br\/orgaos-suplementares\/cpd\/wp-json\/wp\/v2\/pages\/207\/revisions"}],"wp:attachment":[{"href":"https:\/\/www.ufsm.br\/orgaos-suplementares\/cpd\/wp-json\/wp\/v2\/media?parent=207"}],"wp:term":[{"taxonomy":"category","embeddable":true,"href":"https:\/\/www.ufsm.br\/orgaos-suplementares\/cpd\/wp-json\/wp\/v2\/categories?post=207"},{"taxonomy":"post_tag","embeddable":true,"href":"https:\/\/www.ufsm.br\/orgaos-suplementares\/cpd\/wp-json\/wp\/v2\/tags?post=207"}],"curies":[{"name":"wp","href":"https:\/\/api.w.org\/{rel}","templated":true}]}}