{"id":211,"date":"2018-06-08T15:12:56","date_gmt":"2018-06-08T18:12:56","guid":{"rendered":"https:\/\/www.ufsm.br\/orgaos-suplementares\/cpd\/?page_id=211"},"modified":"2019-11-08T12:23:29","modified_gmt":"2019-11-08T15:23:29","slug":"historia-do-cpd","status":"publish","type":"page","link":"https:\/\/www.ufsm.br\/orgaos-suplementares\/cpd\/historia-do-cpd","title":{"rendered":"Hist\u00f3ria do CPD"},"content":{"rendered":"\t\t<div data-elementor-type=\"wp-post\" data-elementor-id=\"211\" class=\"elementor elementor-211\">\n\t\t\t\t\t\t<section class=\"elementor-section elementor-top-section elementor-element elementor-element-1ab0cb8 elementor-section-boxed elementor-section-height-default elementor-section-height-default\" data-id=\"1ab0cb8\" data-element_type=\"section\">\n\t\t\t\t\t\t<div class=\"elementor-container elementor-column-gap-default\">\n\t\t\t\t\t<div class=\"elementor-column elementor-col-100 elementor-top-column elementor-element elementor-element-35cc1b1\" data-id=\"35cc1b1\" data-element_type=\"column\">\n\t\t\t<div class=\"elementor-widget-wrap elementor-element-populated\">\n\t\t\t\t\t\t<div class=\"elementor-element elementor-element-843e126 elementor-widget elementor-widget-heading\" data-id=\"843e126\" data-element_type=\"widget\" data-widget_type=\"heading.default\">\n\t\t\t\t<div class=\"elementor-widget-container\">\n\t\t\t<h2 class=\"elementor-heading-title elementor-size-default\">Seja bem vindo \u00e0 hist\u00f3ria do Centro de Processamento de Dados\n<\/h2>\t\t<\/div>\n\t\t\t\t<\/div>\n\t\t\t\t\t<\/div>\n\t\t<\/div>\n\t\t\t\t\t<\/div>\n\t\t<\/section>\n\t\t\t\t<section class=\"elementor-section elementor-top-section elementor-element elementor-element-1c4da49 elementor-section-boxed elementor-section-height-default elementor-section-height-default\" data-id=\"1c4da49\" data-element_type=\"section\">\n\t\t\t\t\t\t<div class=\"elementor-container elementor-column-gap-default\">\n\t\t\t\t\t<div class=\"elementor-column elementor-col-100 elementor-top-column elementor-element elementor-element-100905e\" data-id=\"100905e\" data-element_type=\"column\">\n\t\t\t<div class=\"elementor-widget-wrap elementor-element-populated\">\n\t\t\t\t\t\t<section class=\"elementor-section elementor-inner-section elementor-element elementor-element-3108783 elementor-section-boxed elementor-section-height-default elementor-section-height-default\" data-id=\"3108783\" data-element_type=\"section\">\n\t\t\t\t\t\t<div class=\"elementor-container elementor-column-gap-default\">\n\t\t\t\t\t<div class=\"elementor-column elementor-col-50 elementor-inner-column elementor-element elementor-element-165c4d2\" data-id=\"165c4d2\" data-element_type=\"column\">\n\t\t\t<div class=\"elementor-widget-wrap elementor-element-populated\">\n\t\t\t\t\t\t<div class=\"elementor-element elementor-element-2d83aa1 elementor-widget elementor-widget-text-editor\" data-id=\"2d83aa1\" data-element_type=\"widget\" data-widget_type=\"text-editor.default\">\n\t\t\t\t<div class=\"elementor-widget-container\">\n\t\t\t\t\t\t\t<h2>1971<\/h2><p><i class=\"fa fa-quote-left\"><\/i>\u00a0Foi criado o Centro de Processamento de Dados, vinculado \u00e0 Reitoria.\u00a0<i class=\"fa fa-quote-right\"><\/i><\/p>\t\t\t\t\t\t<\/div>\n\t\t\t\t<\/div>\n\t\t\t\t\t<\/div>\n\t\t<\/div>\n\t\t\t\t<div class=\"elementor-column elementor-col-50 elementor-inner-column elementor-element elementor-element-dfdf4ff\" data-id=\"dfdf4ff\" data-element_type=\"column\">\n\t\t\t<div class=\"elementor-widget-wrap elementor-element-populated\">\n\t\t\t\t\t\t<div class=\"elementor-element elementor-element-6f941d0 elementor-widget elementor-widget-text-editor\" data-id=\"6f941d0\" data-element_type=\"widget\" data-widget_type=\"text-editor.default\">\n\t\t\t\t<div class=\"elementor-widget-container\">\n\t\t\t\t\t\t\t<h2>1978<\/h2><p><i class=\"fa fa-quote-left\"><\/i>\u00a0Passou a ser denominado de N\u00facleo de Processamento de Dados e como um \u00f3rg\u00e3o suplementar.\u00a0<i class=\"fa fa-quote-right\"><\/i><\/p>\t\t\t\t\t\t<\/div>\n\t\t\t\t<\/div>\n\t\t\t\t\t<\/div>\n\t\t<\/div>\n\t\t\t\t\t<\/div>\n\t\t<\/section>\n\t\t\t\t<section class=\"elementor-section elementor-inner-section elementor-element elementor-element-b69bcac elementor-section-boxed elementor-section-height-default elementor-section-height-default\" data-id=\"b69bcac\" data-element_type=\"section\">\n\t\t\t\t\t\t<div class=\"elementor-container elementor-column-gap-default\">\n\t\t\t\t\t<div class=\"elementor-column elementor-col-50 elementor-inner-column elementor-element elementor-element-b64f3e4\" data-id=\"b64f3e4\" data-element_type=\"column\">\n\t\t\t<div class=\"elementor-widget-wrap elementor-element-populated\">\n\t\t\t\t\t\t<div class=\"elementor-element elementor-element-4ce56d8 elementor-widget elementor-widget-text-editor\" data-id=\"4ce56d8\" data-element_type=\"widget\" data-widget_type=\"text-editor.default\">\n\t\t\t\t<div class=\"elementor-widget-container\">\n\t\t\t\t\t\t\t<h2>1979<\/h2><p><i class=\"fa fa-quote-left\"><\/i>\u00a0O N\u00facleo de Processamento de Dados \u00e9 vinculado administrativamente \u00e0 Pr\u00f3-Reitoria de Administra\u00e7\u00e3o.\u00a0<i class=\"fa fa-quote-right\"><\/i><\/p>\t\t\t\t\t\t<\/div>\n\t\t\t\t<\/div>\n\t\t\t\t\t<\/div>\n\t\t<\/div>\n\t\t\t\t<div class=\"elementor-column elementor-col-50 elementor-inner-column elementor-element elementor-element-50872b8\" data-id=\"50872b8\" data-element_type=\"column\">\n\t\t\t<div class=\"elementor-widget-wrap elementor-element-populated\">\n\t\t\t\t\t\t<div class=\"elementor-element elementor-element-700c943 elementor-widget elementor-widget-text-editor\" data-id=\"700c943\" data-element_type=\"widget\" data-widget_type=\"text-editor.default\">\n\t\t\t\t<div class=\"elementor-widget-container\">\n\t\t\t\t\t\t\t<h2>1994<\/h2><p><i class=\"fa fa-quote-left\"><\/i>\u00a0Altera novamente a denomina\u00e7\u00e3o para Centro de Processamento de Dados, conforme resolu\u00e7\u00e3o nro. 14\/94.\u00a0<i class=\"fa fa-quote-right\"><\/i><\/p>\t\t\t\t\t\t<\/div>\n\t\t\t\t<\/div>\n\t\t\t\t\t<\/div>\n\t\t<\/div>\n\t\t\t\t\t<\/div>\n\t\t<\/section>\n\t\t\t\t\t<\/div>\n\t\t<\/div>\n\t\t\t\t\t<\/div>\n\t\t<\/section>\n\t\t\t\t<section class=\"elementor-section elementor-top-section elementor-element elementor-element-9aff2dd elementor-section-boxed elementor-section-height-default elementor-section-height-default\" data-id=\"9aff2dd\" data-element_type=\"section\">\n\t\t\t\t\t\t<div class=\"elementor-container elementor-column-gap-default\">\n\t\t\t\t\t<div class=\"elementor-column elementor-col-100 elementor-top-column elementor-element elementor-element-1249141\" data-id=\"1249141\" data-element_type=\"column\">\n\t\t\t<div class=\"elementor-widget-wrap elementor-element-populated\">\n\t\t\t\t\t\t<div class=\"elementor-element elementor-element-4cff887 elementor-widget elementor-widget-heading\" data-id=\"4cff887\" data-element_type=\"widget\" data-widget_type=\"heading.default\">\n\t\t\t\t<div class=\"elementor-widget-container\">\n\t\t\t<h2 class=\"elementor-heading-title elementor-size-default\">1971 - Ato de inaugura\u00e7\u00e3o do N\u00facleo de Processamento de Dados<\/h2>\t\t<\/div>\n\t\t\t\t<\/div>\n\t\t\t\t<div class=\"elementor-element elementor-element-d7cdd85 elementor-widget elementor-widget-image\" data-id=\"d7cdd85\" data-element_type=\"widget\" data-widget_type=\"image.default\">\n\t\t\t\t<div class=\"elementor-widget-container\">\n\t\t\t\t\t\t\t\t\t\t\t\t\t<img fetchpriority=\"high\" decoding=\"async\" width=\"585\" height=\"1024\" src=\"https:\/\/www.ufsm.br\/app\/uploads\/sites\/350\/2018\/06\/inauguracao_do_nucleo_de_processamento_de_dados-585x1024.png\" class=\"attachment-large size-large wp-image-212\" alt=\"Carta de inaugura\u00e7\u00e3o do n\u00facleo de processamento de dados\" srcset=\"https:\/\/www.ufsm.br\/app\/uploads\/sites\/350\/2018\/06\/inauguracao_do_nucleo_de_processamento_de_dados-585x1024.png 585w, https:\/\/www.ufsm.br\/app\/uploads\/sites\/350\/2018\/06\/inauguracao_do_nucleo_de_processamento_de_dados-171x300.png 171w, https:\/\/www.ufsm.br\/app\/uploads\/sites\/350\/2018\/06\/inauguracao_do_nucleo_de_processamento_de_dados-768x1345.png 768w, https:\/\/www.ufsm.br\/app\/uploads\/sites\/350\/2018\/06\/inauguracao_do_nucleo_de_processamento_de_dados.png 848w\" sizes=\"(max-width: 585px) 100vw, 585px\" \/>\t\t\t\t\t\t\t\t\t\t\t\t\t<\/div>\n\t\t\t\t<\/div>\n\t\t\t\t\t<\/div>\n\t\t<\/div>\n\t\t\t\t\t<\/div>\n\t\t<\/section>\n\t\t\t\t<section class=\"elementor-section elementor-top-section elementor-element elementor-element-5fe2e2f elementor-section-boxed elementor-section-height-default elementor-section-height-default\" data-id=\"5fe2e2f\" data-element_type=\"section\">\n\t\t\t\t\t\t<div class=\"elementor-container elementor-column-gap-default\">\n\t\t\t\t\t<div class=\"elementor-column elementor-col-100 elementor-top-column elementor-element elementor-element-38f6300\" data-id=\"38f6300\" data-element_type=\"column\">\n\t\t\t<div class=\"elementor-widget-wrap elementor-element-populated\">\n\t\t\t\t\t\t<div class=\"elementor-element elementor-element-1117739 elementor-widget elementor-widget-heading\" data-id=\"1117739\" data-element_type=\"widget\" data-widget_type=\"heading.default\">\n\t\t\t\t<div class=\"elementor-widget-container\">\n\t\t\t<h2 class=\"elementor-heading-title elementor-size-default\">1977<\/h2>\t\t<\/div>\n\t\t\t\t<\/div>\n\t\t\t\t<div class=\"elementor-element elementor-element-2865220 elementor-widget elementor-widget-image\" data-id=\"2865220\" data-element_type=\"widget\" data-widget_type=\"image.default\">\n\t\t\t\t<div class=\"elementor-widget-container\">\n\t\t\t\t\t\t\t\t\t\t\t\t\t<img decoding=\"async\" width=\"1024\" height=\"645\" src=\"https:\/\/www.ufsm.br\/app\/uploads\/sites\/350\/2018\/06\/cpd-ufsm-1977-1024x645.png\" class=\"attachment-large size-large wp-image-213\" alt=\"cpd-ufsm-1977\" srcset=\"https:\/\/www.ufsm.br\/app\/uploads\/sites\/350\/2018\/06\/cpd-ufsm-1977-1024x645.png 1024w, https:\/\/www.ufsm.br\/app\/uploads\/sites\/350\/2018\/06\/cpd-ufsm-1977-300x189.png 300w, https:\/\/www.ufsm.br\/app\/uploads\/sites\/350\/2018\/06\/cpd-ufsm-1977-768x484.png 768w\" sizes=\"(max-width: 1024px) 100vw, 1024px\" \/>\t\t\t\t\t\t\t\t\t\t\t\t\t<\/div>\n\t\t\t\t<\/div>\n\t\t\t\t\t<\/div>\n\t\t<\/div>\n\t\t\t\t\t<\/div>\n\t\t<\/section>\n\t\t\t\t<section class=\"elementor-section elementor-top-section elementor-element elementor-element-7c4b7a5 elementor-section-boxed elementor-section-height-default elementor-section-height-default\" data-id=\"7c4b7a5\" data-element_type=\"section\">\n\t\t\t\t\t\t<div class=\"elementor-container elementor-column-gap-default\">\n\t\t\t\t\t<div class=\"elementor-column elementor-col-100 elementor-top-column elementor-element elementor-element-113d64e\" data-id=\"113d64e\" data-element_type=\"column\">\n\t\t\t<div class=\"elementor-widget-wrap elementor-element-populated\">\n\t\t\t\t\t\t<div class=\"elementor-element elementor-element-9e7436c elementor-widget elementor-widget-heading\" data-id=\"9e7436c\" data-element_type=\"widget\" data-widget_type=\"heading.default\">\n\t\t\t\t<div class=\"elementor-widget-container\">\n\t\t\t<h2 class=\"elementor-heading-title elementor-size-default\">Constru\u00e7\u00e3o\n1993<\/h2>\t\t<\/div>\n\t\t\t\t<\/div>\n\t\t\t\t<div class=\"elementor-element elementor-element-2df98db elementor-widget elementor-widget-image\" data-id=\"2df98db\" data-element_type=\"widget\" data-widget_type=\"image.default\">\n\t\t\t\t<div class=\"elementor-widget-container\">\n\t\t\t\t\t\t\t\t\t\t\t\t\t<img decoding=\"async\" width=\"1024\" height=\"636\" src=\"https:\/\/www.ufsm.br\/app\/uploads\/sites\/350\/2018\/06\/cpd-ufsm-construcao-1993-1024x636.jpg\" class=\"attachment-large size-large wp-image-214\" alt=\"CPD sendo construido em 1993\" srcset=\"https:\/\/www.ufsm.br\/app\/uploads\/sites\/350\/2018\/06\/cpd-ufsm-construcao-1993-1024x636.jpg 1024w, https:\/\/www.ufsm.br\/app\/uploads\/sites\/350\/2018\/06\/cpd-ufsm-construcao-1993-300x186.jpg 300w, https:\/\/www.ufsm.br\/app\/uploads\/sites\/350\/2018\/06\/cpd-ufsm-construcao-1993-768x477.jpg 768w, https:\/\/www.ufsm.br\/app\/uploads\/sites\/350\/2018\/06\/cpd-ufsm-construcao-1993.jpg 1160w\" sizes=\"(max-width: 1024px) 100vw, 1024px\" \/>\t\t\t\t\t\t\t\t\t\t\t\t\t<\/div>\n\t\t\t\t<\/div>\n\t\t\t\t\t<\/div>\n\t\t<\/div>\n\t\t\t\t\t<\/div>\n\t\t<\/section>\n\t\t\t\t<section class=\"elementor-section elementor-top-section elementor-element elementor-element-5f6000d elementor-section-boxed elementor-section-height-default elementor-section-height-default\" data-id=\"5f6000d\" data-element_type=\"section\">\n\t\t\t\t\t\t<div class=\"elementor-container elementor-column-gap-default\">\n\t\t\t\t\t<div class=\"elementor-column elementor-col-100 elementor-top-column elementor-element elementor-element-687c503\" data-id=\"687c503\" data-element_type=\"column\">\n\t\t\t<div class=\"elementor-widget-wrap elementor-element-populated\">\n\t\t\t\t\t\t<div class=\"elementor-element elementor-element-3c2d097 elementor-widget elementor-widget-heading\" data-id=\"3c2d097\" data-element_type=\"widget\" data-widget_type=\"heading.default\">\n\t\t\t\t<div class=\"elementor-widget-container\">\n\t\t\t<h2 class=\"elementor-heading-title elementor-size-default\">Diretores<\/h2>\t\t<\/div>\n\t\t\t\t<\/div>\n\t\t\t\t<section class=\"elementor-section elementor-inner-section elementor-element elementor-element-5298610 elementor-section-boxed elementor-section-height-default elementor-section-height-default\" data-id=\"5298610\" data-element_type=\"section\">\n\t\t\t\t\t\t<div class=\"elementor-container elementor-column-gap-default\">\n\t\t\t\t\t<div class=\"elementor-column elementor-col-100 elementor-inner-column elementor-element elementor-element-ae6ee41\" data-id=\"ae6ee41\" data-element_type=\"column\">\n\t\t\t<div class=\"elementor-widget-wrap elementor-element-populated\">\n\t\t\t\t\t\t<div class=\"elementor-element elementor-element-f385ca7 elementor-widget elementor-widget-text-editor\" data-id=\"f385ca7\" data-element_type=\"widget\" data-widget_type=\"text-editor.default\">\n\t\t\t\t<div class=\"elementor-widget-container\">\n\t\t\t\t\t\t\t<p style=\"text-align: center\"><span style=\"font-size: 12pt;color: #003366\">1971 &#8211; 1974: Gilberto Aquino Benetti<\/span><\/p><p style=\"text-align: center\"><span style=\"font-size: 12pt;color: #003366\">1975 &#8211; 1978 e 1983 &#8211; 1986: Francisco Amaral Wendt<\/span><\/p><p style=\"text-align: center\"><span style=\"font-size: 12pt;color: #003366\">1979 &#8211; 1982 e 1987 &#8211; 1990:\u00a0Jornandes de Almeida<\/span><\/p><p style=\"text-align: center\"><span style=\"font-size: 12pt;color: #003366\">1991 &#8211; 1998: Aldiocir Dalla Vecchia<\/span><\/p><p style=\"text-align: center\"><span style=\"font-size: 12pt;color: #003366\">1999 &#8211; 2006: Sergio Jo\u00e3o Limberger<\/span><\/p><p style=\"text-align: center\"><span style=\"font-size: 12pt;color: #003366\">2007 &#8211; 2013: Fernando Bordin da Rocha<\/span><\/p><p style=\"text-align: center\"><span style=\"font-size: 12pt;color: #003366\">2014 &#8211; 2019: Gustavo Chiapinotto da Silva<\/span><\/p><p style=\"text-align: center\"><span style=\"color: #000000\">2019 &#8211; Atual: Gustavo Zanini Kantorski<\/span><\/p>\t\t\t\t\t\t<\/div>\n\t\t\t\t<\/div>\n\t\t\t\t\t<\/div>\n\t\t<\/div>\n\t\t\t\t\t<\/div>\n\t\t<\/section>\n\t\t\t\t\t<\/div>\n\t\t<\/div>\n\t\t\t\t\t<\/div>\n\t\t<\/section>\n\t\t\t\t<\/div>\n\t\t","protected":false},"excerpt":{"rendered":"<p>Seja bem vindo \u00e0 hist\u00f3ria do Centro de Processamento de Dados 1971 \u00a0Foi criado o Centro de Processamento de Dados, vinculado \u00e0 Reitoria.\u00a0 1978 \u00a0Passou a ser denominado de N\u00facleo de Processamento de Dados e como um \u00f3rg\u00e3o suplementar.\u00a0 1979 \u00a0O N\u00facleo de Processamento de Dados \u00e9 vinculado administrativamente \u00e0 Pr\u00f3-Reitoria de Administra\u00e7\u00e3o.\u00a0 1994 \u00a0Altera [&hellip;]<\/p>\n","protected":false},"author":101,"featured_media":0,"parent":0,"menu_order":0,"comment_status":"closed","ping_status":"closed","template":"","meta":{"footnotes":""},"categories":[],"tags":[],"class_list":["post-211","page","type-page","status-publish","hentry"],"acf":[],"_links":{"self":[{"href":"https:\/\/www.ufsm.br\/orgaos-suplementares\/cpd\/wp-json\/wp\/v2\/pages\/211","targetHints":{"allow":["GET"]}}],"collection":[{"href":"https:\/\/www.ufsm.br\/orgaos-suplementares\/cpd\/wp-json\/wp\/v2\/pages"}],"about":[{"href":"https:\/\/www.ufsm.br\/orgaos-suplementares\/cpd\/wp-json\/wp\/v2\/types\/page"}],"author":[{"embeddable":true,"href":"https:\/\/www.ufsm.br\/orgaos-suplementares\/cpd\/wp-json\/wp\/v2\/users\/101"}],"replies":[{"embeddable":true,"href":"https:\/\/www.ufsm.br\/orgaos-suplementares\/cpd\/wp-json\/wp\/v2\/comments?post=211"}],"version-history":[{"count":0,"href":"https:\/\/www.ufsm.br\/orgaos-suplementares\/cpd\/wp-json\/wp\/v2\/pages\/211\/revisions"}],"wp:attachment":[{"href":"https:\/\/www.ufsm.br\/orgaos-suplementares\/cpd\/wp-json\/wp\/v2\/media?parent=211"}],"wp:term":[{"taxonomy":"category","embeddable":true,"href":"https:\/\/www.ufsm.br\/orgaos-suplementares\/cpd\/wp-json\/wp\/v2\/categories?post=211"},{"taxonomy":"post_tag","embeddable":true,"href":"https:\/\/www.ufsm.br\/orgaos-suplementares\/cpd\/wp-json\/wp\/v2\/tags?post=211"}],"curies":[{"name":"wp","href":"https:\/\/api.w.org\/{rel}","templated":true}]}}