{"id":240,"date":"2018-07-24T15:13:03","date_gmt":"2018-07-24T18:13:03","guid":{"rendered":"https:\/\/www.ufsm.br\/orgaos-suplementares\/cpd\/?page_id=240"},"modified":"2018-08-07T16:20:33","modified_gmt":"2018-08-07T19:20:33","slug":"mini-tutorial-portal-do-aluno-2","status":"publish","type":"page","link":"https:\/\/www.ufsm.br\/orgaos-suplementares\/cpd\/mini-tutorial-portal-do-aluno-2","title":{"rendered":"Mini tutorial Portal do Aluno"},"content":{"rendered":"\t\t<div data-elementor-type=\"wp-post\" data-elementor-id=\"240\" class=\"elementor elementor-240 elementor-bc-flex-widget\">\n\t\t\t\t\t\t<section class=\"elementor-section elementor-top-section elementor-element elementor-element-194de5d elementor-section-boxed elementor-section-height-default elementor-section-height-default\" data-id=\"194de5d\" data-element_type=\"section\">\n\t\t\t\t\t\t<div class=\"elementor-container elementor-column-gap-default\">\n\t\t\t\t\t<div class=\"elementor-column elementor-col-100 elementor-top-column elementor-element elementor-element-5a33e8e\" data-id=\"5a33e8e\" data-element_type=\"column\">\n\t\t\t<div class=\"elementor-widget-wrap elementor-element-populated\">\n\t\t\t\t\t\t<div class=\"elementor-element elementor-element-44a49cd elementor-widget elementor-widget-text-editor\" data-id=\"44a49cd\" data-element_type=\"widget\" data-widget_type=\"text-editor.default\">\n\t\t\t\t<div class=\"elementor-widget-container\">\n\t\t\t\t\t\t\t<p><span style=\"font-size: 1.1em;\">O\u00a0Portal do Aluno\u00a0\u00a0\u00e9\u00a0 uma das principais ferramentas utilizadas pelos alunos da institui\u00e7\u00e3o durante sua gradua\u00e7\u00e3o. \u00c9 atrav\u00e9s do Portal que o aluno tem acesso ao seu hist\u00f3rico escolar, desempenho acad\u00eamico, comprovante de matr\u00edcula, quadro de notas, ficha cadastral, solicita\u00e7\u00e3o do Benef\u00edcio Socioecon\u00f4mico entre outras, por\u00e9m, diversas fun\u00e7\u00f5es passam despercebidas pelos estudantes.<\/span><\/p><p>Pensando nisso o CPD desenvolveu o mini tutorial do Portal do Aluno, que mostra algumas ferramentas como o quadro de hor\u00e1rios, matriz curricular e visualiza\u00e7\u00e3o de turmas.<\/p><p>Esse breve guia apresenta\u00a0para os alunos essas funcionalidades que ajudam no dia-a-dia acad\u00eamico. Para acess\u00e1-lo, basta clicar no link.<\/p>\t\t\t\t\t\t<\/div>\n\t\t\t\t<\/div>\n\t\t\t\t\t<\/div>\n\t\t<\/div>\n\t\t\t\t\t<\/div>\n\t\t<\/section>\n\t\t\t\t<section class=\"elementor-section elementor-top-section elementor-element elementor-element-6ecbab0 elementor-section-boxed elementor-section-height-default elementor-section-height-default\" data-id=\"6ecbab0\" data-element_type=\"section\">\n\t\t\t\t\t\t<div class=\"elementor-container elementor-column-gap-default\">\n\t\t\t\t\t<div class=\"elementor-column elementor-col-100 elementor-top-column elementor-element elementor-element-b660c96\" data-id=\"b660c96\" data-element_type=\"column\">\n\t\t\t<div class=\"elementor-widget-wrap elementor-element-populated\">\n\t\t\t\t\t\t<div class=\"elementor-element elementor-element-a229d98 elementor-align-center elementor-widget elementor-widget-button\" data-id=\"a229d98\" data-element_type=\"widget\" data-widget_type=\"button.default\">\n\t\t\t\t<div class=\"elementor-widget-container\">\n\t\t\t\t\t\t\t<div class=\"elementor-button-wrapper\">\n\t\t\t\t\t<a class=\"elementor-button elementor-button-link elementor-size-sm\" href=\"\/orgaos-suplementares\/cpd\/wp-content\/uploads\/sites\/350\/2018\/08\/tutorial_portal-do-aluno-ufsm.pdf\">\n\t\t\t\t\t\t<span class=\"elementor-button-content-wrapper\">\n\t\t\t\t\t\t\t\t\t<span class=\"elementor-button-text\">Mini tutorial<\/span>\n\t\t\t\t\t<\/span>\n\t\t\t\t\t<\/a>\n\t\t\t\t<\/div>\n\t\t\t\t\t\t<\/div>\n\t\t\t\t<\/div>\n\t\t\t\t\t<\/div>\n\t\t<\/div>\n\t\t\t\t\t<\/div>\n\t\t<\/section>\n\t\t\t\t<\/div>\n\t\t","protected":false},"excerpt":{"rendered":"<p>O\u00a0Portal do Aluno\u00a0\u00a0\u00e9\u00a0 uma das principais ferramentas utilizadas pelos alunos da institui\u00e7\u00e3o durante sua gradua\u00e7\u00e3o. \u00c9 atrav\u00e9s do Portal que o aluno tem acesso ao seu hist\u00f3rico escolar, desempenho acad\u00eamico, comprovante de matr\u00edcula, quadro de notas, ficha cadastral, solicita\u00e7\u00e3o do Benef\u00edcio Socioecon\u00f4mico entre outras, por\u00e9m, diversas fun\u00e7\u00f5es passam despercebidas pelos estudantes. Pensando nisso o CPD [&hellip;]<\/p>\n","protected":false},"author":101,"featured_media":0,"parent":0,"menu_order":0,"comment_status":"closed","ping_status":"closed","template":"","meta":{"footnotes":""},"categories":[],"tags":[],"class_list":["post-240","page","type-page","status-publish","hentry"],"acf":[],"_links":{"self":[{"href":"https:\/\/www.ufsm.br\/orgaos-suplementares\/cpd\/wp-json\/wp\/v2\/pages\/240","targetHints":{"allow":["GET"]}}],"collection":[{"href":"https:\/\/www.ufsm.br\/orgaos-suplementares\/cpd\/wp-json\/wp\/v2\/pages"}],"about":[{"href":"https:\/\/www.ufsm.br\/orgaos-suplementares\/cpd\/wp-json\/wp\/v2\/types\/page"}],"author":[{"embeddable":true,"href":"https:\/\/www.ufsm.br\/orgaos-suplementares\/cpd\/wp-json\/wp\/v2\/users\/101"}],"replies":[{"embeddable":true,"href":"https:\/\/www.ufsm.br\/orgaos-suplementares\/cpd\/wp-json\/wp\/v2\/comments?post=240"}],"version-history":[{"count":0,"href":"https:\/\/www.ufsm.br\/orgaos-suplementares\/cpd\/wp-json\/wp\/v2\/pages\/240\/revisions"}],"wp:attachment":[{"href":"https:\/\/www.ufsm.br\/orgaos-suplementares\/cpd\/wp-json\/wp\/v2\/media?parent=240"}],"wp:term":[{"taxonomy":"category","embeddable":true,"href":"https:\/\/www.ufsm.br\/orgaos-suplementares\/cpd\/wp-json\/wp\/v2\/categories?post=240"},{"taxonomy":"post_tag","embeddable":true,"href":"https:\/\/www.ufsm.br\/orgaos-suplementares\/cpd\/wp-json\/wp\/v2\/tags?post=240"}],"curies":[{"name":"wp","href":"https:\/\/api.w.org\/{rel}","templated":true}]}}