{"id":274,"date":"2018-07-24T15:50:47","date_gmt":"2018-07-24T18:50:47","guid":{"rendered":"https:\/\/www.ufsm.br\/orgaos-suplementares\/cpd\/?page_id=274"},"modified":"2018-07-24T16:15:56","modified_gmt":"2018-07-24T19:15:56","slug":"artigos-2","status":"publish","type":"page","link":"https:\/\/www.ufsm.br\/orgaos-suplementares\/cpd\/artigos-2","title":{"rendered":"Artigos"},"content":{"rendered":"<p>O CPD valoriza o crescimento profissional de seus servidores, por essa raz\u00e3o todos artigos produzidos por eles tem sido valorizado e honrado desde 2000!<\/p>\n<p>Produ\u00e7\u00f5es feitas por servidores do Centro de Processamento de Dados:<\/p>\n<table style=\"border-collapse: collapse;width: 100%\" border=\"1\">\n<tbody>\n<tr style=\"height: 18px\">\n<td style=\"width: 94.9641%;height: 18px\"><strong>Artigo<\/strong><\/td>\n<td style=\"width: 73.8005%;height: 18px\"><strong>Ano<\/strong><\/td>\n<\/tr>\n<tr style=\"height: 18px\">\n<td style=\"width: 94.9641%;height: 18px\"><a href=\"https:\/\/www.ufsm.br\/orgaos-suplementares\/cpd\/wp-content\/uploads\/sites\/350\/2018\/07\/ConhecimentoOrganizacionalEvas\u00e3oPingFes_UFSM.pdf\" target=\"blank\">Conhecimento organizacional sobre evas\u00e3o a partir do modelo de dados do PINGIFES<\/a><\/td>\n<td style=\"width: 73.8005%;height: 18px\">2013<\/td>\n<\/tr>\n<tr style=\"height: 18px\">\n<td style=\"width: 94.9641%;height: 18px\"><a href=\"https:\/\/www.ufsm.br\/orgaos-suplementares\/cpd\/wp-content\/uploads\/sites\/350\/2018\/07\/46996.pdf\" target=\"blank\">Informatiza\u00e7\u00e3o do processo de c\u00e1lculo e lan\u00e7amento de adicionais noturnos e adicionais de plant\u00e3o hospitalar na Universidade Federal de Santa Maria<\/a><\/td>\n<td style=\"width: 73.8005%;height: 18px\">2013<\/td>\n<\/tr>\n<tr style=\"height: 18px\">\n<td style=\"width: 94.9641%;height: 18px\"><a href=\"https:\/\/www.ufsm.br\/orgaos-suplementares\/cpd\/wp-content\/uploads\/sites\/350\/2018\/07\/46997.pdf\" target=\"blank\">Gest\u00e3o de Servi\u00e7os de TI com ITIL: resultados da implanta\u00e7\u00e3o no CPD da UFSM<\/a><\/td>\n<td style=\"width: 73.8005%;height: 18px\">2013<\/td>\n<\/tr>\n<tr style=\"height: 18px\">\n<td style=\"width: 94.9641%;height: 18px\"><a href=\"https:\/\/www.ufsm.br\/orgaos-suplementares\/cpd\/wp-content\/uploads\/sites\/350\/2018\/07\/47004.pdf\" target=\"blank\">Informatiza\u00e7\u00e3o da produ\u00e7\u00e3o de portarias na Universidade Federal de Santa Maria<\/a><\/td>\n<td style=\"width: 73.8005%;height: 18px\">2013<\/td>\n<\/tr>\n<tr style=\"height: 18px\">\n<td style=\"width: 94.9641%;height: 18px\"><a href=\"https:\/\/www.ufsm.br\/orgaos-suplementares\/cpd\/wp-content\/uploads\/sites\/350\/2018\/07\/47144.pdf\" target=\"blank\">Sistema de Plano de Estudos e Defesa de MDT<\/a><\/td>\n<td style=\"width: 73.8005%;height: 18px\">2013<\/td>\n<\/tr>\n<tr style=\"height: 18px\">\n<td style=\"width: 94.9641%;height: 18px\"><a href=\"https:\/\/www.ufsm.br\/orgaos-suplementares\/cpd\/wp-content\/uploads\/sites\/350\/2018\/07\/47169.pdf\" target=\"blank\">O PDTI como ferramenta de Gest\u00e3o da TI<\/a><\/td>\n<td style=\"width: 73.8005%;height: 18px\">2013<\/td>\n<\/tr>\n<tr style=\"height: 18px\">\n<td style=\"width: 94.9641%;height: 18px\"><a href=\"https:\/\/www.ufsm.br\/orgaos-suplementares\/cpd\/wp-content\/uploads\/sites\/350\/2018\/07\/47200.pdf\" target=\"blank\">Impactos do Registro Eletr\u00f4nico da Jornada de Trabalho na Universidade Federal de Santa Maria (UFSM)<\/a><\/td>\n<td style=\"width: 73.8005%;height: 18px\">2013<\/td>\n<\/tr>\n<tr style=\"height: 18px\">\n<td style=\"width: 94.9641%;height: 18px\"><a href=\"https:\/\/www.ufsm.br\/orgaos-suplementares\/cpd\/wp-content\/uploads\/sites\/350\/2018\/07\/47207.pdf\" target=\"blank\">Desenvolvimento e implanta\u00e7\u00e3o de um sistema de chamadas com foco no ITIL, utilizando-se Python, Django, Highcharts e Twitter Bootstrap<\/a><\/td>\n<td style=\"width: 73.8005%;height: 18px\">2013<\/td>\n<\/tr>\n<tr style=\"height: 18px\">\n<td style=\"width: 94.9641%;height: 18px\"><a href=\"https:\/\/www.ufsm.br\/orgaos-suplementares\/cpd\/wp-content\/uploads\/sites\/350\/2018\/07\/Satisfa\u00e7\u00e3oAlunosEduca\u00e7\u00e3oDist\u00e2nciaIES.pdf\" target=\"blank\">A satisfa\u00e7\u00e3o dos alunos de educa\u00e7\u00e3o a dist\u00e2ncia em uma Institui\u00e7\u00e3o de Ensino Superior<\/a><\/td>\n<td style=\"width: 73.8005%;height: 18px\">2013<\/td>\n<\/tr>\n<tr style=\"height: 54px\">\n<td style=\"width: 94.9641%;height: 54px\"><a href=\"https:\/\/www.ufsm.br\/orgaos-suplementares\/cpd\/wp-content\/uploads\/sites\/350\/2018\/07\/artigoPonto.pdf\" target=\"blank\">Sistema Eletr\u00f4nico de Controle da Jornada de Trabalho dos Servidores T\u00e9cnico &#8211; Administrativos em Educa\u00e7\u00e3o da Universidade Federal de Santa Maria<\/a><\/td>\n<td style=\"width: 73.8005%;height: 54px\">2012<\/td>\n<\/tr>\n<tr style=\"height: 36px\">\n<td style=\"width: 94.9641%;height: 36px\"><a href=\"https:\/\/www.ufsm.br\/orgaos-suplementares\/cpd\/wp-content\/uploads\/sites\/350\/2018\/07\/ICCSA2012_CameraReadyBarbosa.pdf\" target=\"blank\">Impact of pay-as-you-go cloud platforms on software pricing and development: a review and case study<\/a><\/td>\n<td style=\"width: 73.8005%;height: 36px\">2012<\/td>\n<\/tr>\n<tr style=\"height: 18px\">\n<td style=\"width: 94.9641%;height: 18px\"><a href=\"https:\/\/www.ufsm.br\/orgaos-suplementares\/cpd\/wp-content\/uploads\/sites\/350\/2018\/07\/AMW-2012.pdf\" target=\"blank\">Automatic Filling of Web Forms<\/a><\/td>\n<td style=\"width: 73.8005%;height: 18px\">2012<\/td>\n<\/tr>\n<tr style=\"height: 18px\">\n<td style=\"width: 94.9641%;height: 18px\"><a href=\"https:\/\/www.ufsm.br\/orgaos-suplementares\/cpd\/wp-content\/uploads\/sites\/350\/2018\/07\/SBBD2011-VERSAO-final.pdf\" target=\"blank\">Sele\u00e7\u00e3o de Valores para Preenchimento Autom\u00e1tico de Formul\u00e1rios Web<\/a><\/td>\n<td style=\"width: 73.8005%;height: 18px\">2012<\/td>\n<\/tr>\n<tr style=\"height: 36px\">\n<td style=\"width: 94.9641%;height: 36px\"><a href=\"https:\/\/www.ufsm.br\/orgaos-suplementares\/cpd\/wp-content\/uploads\/sites\/350\/2018\/07\/CLEI2011Barbosa16Paginas-vPrecificacaovEnviada.pdf\" target=\"blank\">Uma an\u00e1alise do impacto das plataformas pay-as-you-go de computa\u00e7\u00e3o em nuvem na constru\u00e7\u00e3o e precifica\u00e7\u00e3o de software<\/a><\/td>\n<td style=\"width: 73.8005%;height: 36px\">2011<\/td>\n<\/tr>\n<tr style=\"height: 36px\">\n<td style=\"width: 94.9641%;height: 36px\"><a href=\"https:\/\/www.ufsm.br\/orgaos-suplementares\/cpd\/wp-content\/uploads\/sites\/350\/2018\/07\/FerramentaParaGestaoDeProjetosIntegradaAoPlanoDeGestao-Revisada.pdf\" target=\"blank\">Uma ferramenta para Gest\u00e3o de Projetos integrada ao Plano de Gest\u00e3o da Universidade<\/a><\/td>\n<td style=\"width: 73.8005%;height: 36px\">2011<\/td>\n<\/tr>\n<tr style=\"height: 18px\">\n<td style=\"width: 94.9641%;height: 18px\"><a href=\"https:\/\/www.ufsm.br\/orgaos-suplementares\/cpd\/wp-content\/uploads\/sites\/350\/2018\/07\/sistema_de_gerenciamento_de_bolsas_para_projetos.pdf\" target=\"blank\">Sistema de Gerenciamento de Bolsas para Projetos<\/a><\/td>\n<td style=\"width: 73.8005%;height: 18px\">2011<\/td>\n<\/tr>\n<tr style=\"height: 18px\">\n<td style=\"width: 94.9641%;height: 18px\"><a href=\"https:\/\/www.ufsm.br\/orgaos-suplementares\/cpd\/wp-content\/uploads\/sites\/350\/2018\/07\/paper64-ADBIS.pdf\" target=\"blank\">Choosing Values for Text Fields in Web Forms<\/a><\/td>\n<td style=\"width: 73.8005%;height: 18px\">2011<\/td>\n<\/tr>\n<tr style=\"height: 18px\">\n<td style=\"width: 94.9641%;height: 18px\"><a href=\"https:\/\/www.ufsm.br\/orgaos-suplementares\/cpd\/wp-content\/uploads\/sites\/350\/2018\/07\/AvaliacaoPaaS-ResumoERAD_vRevisada.pdf\" target=\"blank\">Uma Compara\u00e7\u00e3o entre os Principais Frameworks de Plataformas como Servi\u00e7o em Cloud Computing<\/a><\/td>\n<td style=\"width: 73.8005%;height: 18px\">2010<\/td>\n<\/tr>\n<tr style=\"height: 18px\">\n<td style=\"width: 94.9641%;height: 18px\"><a href=\"https:\/\/www.ufsm.br\/orgaos-suplementares\/cpd\/wp-content\/uploads\/sites\/350\/2018\/07\/erbd2010Final2.pdf\" target=\"blank\">Similaridade entre Objetos Localizados em Fontes de Dados Heterog\u00eaneas<\/a><\/td>\n<td style=\"width: 73.8005%;height: 18px\">2010<\/td>\n<\/tr>\n<tr style=\"height: 18px\">\n<td style=\"width: 94.9641%;height: 18px\"><a href=\"https:\/\/www.ufsm.br\/orgaos-suplementares\/cpd\/wp-content\/uploads\/sites\/350\/2018\/07\/Metodologia_para_calculo_do_risco_por_composicao_de_metodos.pdf\" target=\"blank\">Metodologia para C\u00e1lculo do Risco por Composi\u00e7\u00e3o de M\u00e9todos<\/a><\/td>\n<td style=\"width: 73.8005%;height: 18px\">2010<\/td>\n<\/tr>\n<tr style=\"height: 18px\">\n<td style=\"width: 94.9641%;height: 18px\"><a href=\"https:\/\/www.ufsm.br\/orgaos-suplementares\/cpd\/wp-content\/uploads\/sites\/350\/2018\/07\/Poster_-_PEP_com_base_no_atendimento_ambulatorial_distribuido.pdf\" target=\"blank\">Poster &#8211; PEP com base no atendimento ambulatorial distribuido<\/a><\/td>\n<td style=\"width: 73.8005%;height: 18px\">2010<\/td>\n<\/tr>\n<tr style=\"height: 18px\">\n<td style=\"width: 94.9641%;height: 18px\"><a href=\"https:\/\/www.ufsm.br\/orgaos-suplementares\/cpd\/wp-content\/uploads\/sites\/350\/2018\/07\/Um_estudo_sobre_os_aspectos_de.pdf\" target=\"blank\">Um estudo sobre os aspectos de desenvolvimento e distribui\u00e7\u00e3o do SIE<\/a><\/td>\n<td style=\"width: 73.8005%;height: 18px\">2010<\/td>\n<\/tr>\n<tr style=\"height: 18px\">\n<td style=\"width: 94.9641%;height: 18px\"><a href=\"https:\/\/www.ufsm.br\/orgaos-suplementares\/cpd\/wp-content\/uploads\/sites\/350\/2018\/07\/PEP_com_base_no_atendimento_ambulatorial_distribuido.pdf\" target=\"blank\">Prontu\u00e1rio Eletr\u00f4nico do Paciente com base no atendimento ambulatorial distribu\u00eddo<\/a><\/td>\n<td style=\"width: 73.8005%;height: 18px\">2010<\/td>\n<\/tr>\n<tr style=\"height: 18px\">\n<td style=\"width: 94.9641%;height: 18px\"><a href=\"https:\/\/www.ufsm.br\/orgaos-suplementares\/cpd\/wp-content\/uploads\/sites\/350\/2018\/07\/WorkshopIFES-2010_-_Arquitetura_JavaEE.pdf\" target=\"blank\">Arquitetura JavaEE do Sistema de Informa\u00e7\u00f5es para o Ensino (SIE)<\/a><\/td>\n<td style=\"width: 73.8005%;height: 18px\">2010<\/td>\n<\/tr>\n<tr style=\"height: 18px\">\n<td style=\"width: 94.9641%;height: 18px\"><a href=\"https:\/\/www.ufsm.br\/orgaos-suplementares\/cpd\/wp-content\/uploads\/sites\/350\/2018\/07\/WorkshopIFES-2010_-_Neuro.pdf\" target=\"blank\">Uma Ferramenta Web para BI focada no Gestor de Informa\u00e7\u00e3o<\/a><\/td>\n<td style=\"width: 73.8005%;height: 18px\">2010<\/td>\n<\/tr>\n<tr style=\"height: 18px\">\n<td style=\"width: 94.9641%;height: 18px\"><a href=\"https:\/\/www.ufsm.br\/orgaos-suplementares\/cpd\/wp-content\/uploads\/sites\/350\/2018\/07\/WorkshopIFES-2010_-_Planilhas.pdf\" target=\"blank\">Um Mecanismo Para Externaliza\u00e7\u00e3o e Flexibiliza\u00e7\u00e3o de Regras de Neg\u00f3cio<\/a><\/td>\n<td style=\"width: 73.8005%;height: 18px\">2010<\/td>\n<\/tr>\n<tr style=\"height: 36px\">\n<td style=\"width: 94.9641%;height: 36px\"><a href=\"https:\/\/www.ufsm.br\/orgaos-suplementares\/cpd\/wp-content\/uploads\/sites\/350\/2018\/07\/RU-Artigo.pdf\" target=\"blank\">Sistema de Controle de Restaurantes Universit\u00e1rios da Universidade Federal de Santa Maria<\/a><\/td>\n<td style=\"width: 73.8005%;height: 36px\">2010<\/td>\n<\/tr>\n<tr style=\"height: 36px\">\n<td style=\"width: 94.9641%;height: 36px\"><a href=\"https:\/\/www.ufsm.br\/orgaos-suplementares\/cpd\/wp-content\/uploads\/sites\/350\/2018\/07\/ERBD2008.pdf\" target=\"blank\">Uma Interface Web para Identifica\u00e7\u00e3o de Equival\u00eancias em Bancos de Dados Heterog\u00eaneos<\/a><\/td>\n<td style=\"width: 73.8005%;height: 36px\">2008<\/td>\n<\/tr>\n<tr style=\"height: 18px\">\n<td style=\"width: 94.9641%;height: 18px\"><a href=\"https:\/\/www.ufsm.br\/orgaos-suplementares\/cpd\/wp-content\/uploads\/sites\/350\/2018\/07\/cisti2008.pdf\" target=\"blank\">Uma Ferramenta WEB para apoio \u00e0 Decis\u00e3o em Ambiente Hospitalar<\/a><\/td>\n<td style=\"width: 73.8005%;height: 18px\">2008<\/td>\n<\/tr>\n<tr style=\"height: 18px\">\n<td style=\"width: 94.9641%;height: 18px\"><a href=\"https:\/\/www.ufsm.br\/orgaos-suplementares\/cpd\/wp-content\/uploads\/sites\/350\/2018\/07\/sims2008-2.pdf\" target=\"blank\">Neuro BI: Uma Ferramenta Web open source para apoio \u00e0 Tomada de Decis\u00e3o<\/a><\/td>\n<td style=\"width: 73.8005%;height: 18px\">2008<\/td>\n<\/tr>\n<tr style=\"height: 18px\">\n<td style=\"width: 94.9641%;height: 18px\"><a href=\"https:\/\/www.ufsm.br\/orgaos-suplementares\/cpd\/wp-content\/uploads\/sites\/350\/2018\/07\/7-35231.pdf\" target=\"blank\">Ferramenta CORIDORA Web Mapping para Mapeamento de Esquemas em Bancos de Dados Heterog\u00eaneos<\/a><\/td>\n<td style=\"width: 73.8005%;height: 18px\">2007<\/td>\n<\/tr>\n<tr style=\"height: 18px\">\n<td style=\"width: 94.9641%;height: 18px\"><a href=\"https:\/\/www.ufsm.br\/orgaos-suplementares\/cpd\/wp-content\/uploads\/sites\/350\/2018\/07\/artigoENEGEP.pdf\" target=\"blank\">An\u00e1lise de Processos do PMBOK em uma F\u00e1brica de Software \u2013 Um Estudo de Caso<\/a><\/td>\n<td style=\"width: 73.8005%;height: 18px\">2007<\/td>\n<\/tr>\n<tr style=\"height: 18px\">\n<td style=\"width: 94.9641%;height: 18px\"><a href=\"https:\/\/www.ufsm.br\/orgaos-suplementares\/cpd\/wp-content\/uploads\/sites\/350\/2018\/07\/artigoERBDfinal.pdf\" target=\"blank\">Acesso a Bancos de Dados atrav\u00e9s de Celulares<\/a><\/td>\n<td style=\"width: 73.8005%;height: 18px\">2007<\/td>\n<\/tr>\n<tr style=\"height: 18px\">\n<td style=\"width: 94.9641%;height: 18px\"><a href=\"https:\/\/www.ufsm.br\/orgaos-suplementares\/cpd\/wp-content\/uploads\/sites\/350\/2018\/07\/2540.pdf\" target=\"blank\">Controle de m\u00e9tricas no processo de desenvolvimento de software atrav\u00e9s de uma ferramenta de workflow<\/a><\/td>\n<td style=\"width: 73.8005%;height: 18px\">2004<\/td>\n<\/tr>\n<tr style=\"height: 18px\">\n<td style=\"width: 94.9641%;height: 18px\"><a href=\"https:\/\/www.ufsm.br\/orgaos-suplementares\/cpd\/wp-content\/uploads\/sites\/350\/2018\/07\/Artigo04.pdf\" target=\"blank\">Ambiente de workflow para controle de m\u00e9tricas no processo de desenvolvimento de software<\/a><\/td>\n<td style=\"width: 73.8005%;height: 18px\">2003<\/td>\n<\/tr>\n<tr style=\"height: 18px\">\n<td style=\"width: 94.9641%;height: 18px\"><a href=\"https:\/\/www.ufsm.br\/orgaos-suplementares\/cpd\/wp-content\/uploads\/sites\/350\/2018\/07\/SBBD2000_GUSTAVO.pdf\" target=\"blank\">Heterogeneous Database Interoperability Using the WWW*<\/a><\/td>\n<td style=\"width: 73.8005%;height: 18px\">2000<\/td>\n<\/tr>\n<\/tbody>\n<\/table>\n","protected":false},"excerpt":{"rendered":"<p>O CPD valoriza o crescimento profissional de seus servidores, por essa raz\u00e3o todos artigos produzidos por eles tem sido valorizado e honrado desde 2000! Produ\u00e7\u00f5es feitas por servidores do Centro de Processamento de Dados: Artigo Ano Conhecimento organizacional sobre evas\u00e3o a partir do modelo de dados do PINGIFES 2013 Informatiza\u00e7\u00e3o do processo de c\u00e1lculo e [&hellip;]<\/p>\n","protected":false},"author":124,"featured_media":0,"parent":0,"menu_order":0,"comment_status":"closed","ping_status":"closed","template":"","meta":{"footnotes":""},"categories":[],"tags":[],"class_list":["post-274","page","type-page","status-publish","hentry"],"acf":[],"_links":{"self":[{"href":"https:\/\/www.ufsm.br\/orgaos-suplementares\/cpd\/wp-json\/wp\/v2\/pages\/274","targetHints":{"allow":["GET"]}}],"collection":[{"href":"https:\/\/www.ufsm.br\/orgaos-suplementares\/cpd\/wp-json\/wp\/v2\/pages"}],"about":[{"href":"https:\/\/www.ufsm.br\/orgaos-suplementares\/cpd\/wp-json\/wp\/v2\/types\/page"}],"author":[{"embeddable":true,"href":"https:\/\/www.ufsm.br\/orgaos-suplementares\/cpd\/wp-json\/wp\/v2\/users\/124"}],"replies":[{"embeddable":true,"href":"https:\/\/www.ufsm.br\/orgaos-suplementares\/cpd\/wp-json\/wp\/v2\/comments?post=274"}],"version-history":[{"count":0,"href":"https:\/\/www.ufsm.br\/orgaos-suplementares\/cpd\/wp-json\/wp\/v2\/pages\/274\/revisions"}],"wp:attachment":[{"href":"https:\/\/www.ufsm.br\/orgaos-suplementares\/cpd\/wp-json\/wp\/v2\/media?parent=274"}],"wp:term":[{"taxonomy":"category","embeddable":true,"href":"https:\/\/www.ufsm.br\/orgaos-suplementares\/cpd\/wp-json\/wp\/v2\/categories?post=274"},{"taxonomy":"post_tag","embeddable":true,"href":"https:\/\/www.ufsm.br\/orgaos-suplementares\/cpd\/wp-json\/wp\/v2\/tags?post=274"}],"curies":[{"name":"wp","href":"https:\/\/api.w.org\/{rel}","templated":true}]}}