{"id":2839,"date":"2024-11-19T14:24:52","date_gmt":"2024-11-19T17:24:52","guid":{"rendered":"https:\/\/www.ufsm.br\/orgaos-suplementares\/cpd\/?page_id=2839"},"modified":"2025-01-08T08:52:20","modified_gmt":"2025-01-08T11:52:20","slug":"evasia","status":"publish","type":"page","link":"https:\/\/www.ufsm.br\/orgaos-suplementares\/cpd\/evasia","title":{"rendered":"Observat\u00f3rio da Evas\u00e3o &#8211; EvasIA"},"content":{"rendered":"\t\t<div data-elementor-type=\"wp-page\" data-elementor-id=\"2839\" class=\"elementor elementor-2839\">\n\t\t\t\t\t\t<section class=\"elementor-section elementor-top-section elementor-element elementor-element-68a0c9be elementor-section-boxed elementor-section-height-default elementor-section-height-default\" data-id=\"68a0c9be\" data-element_type=\"section\">\n\t\t\t\t\t\t<div class=\"elementor-container elementor-column-gap-default\">\n\t\t\t\t\t<div class=\"elementor-column elementor-col-100 elementor-top-column elementor-element elementor-element-24036ff8\" data-id=\"24036ff8\" data-element_type=\"column\">\n\t\t\t<div class=\"elementor-widget-wrap elementor-element-populated\">\n\t\t\t\t\t\t\t<\/div>\n\t\t<\/div>\n\t\t\t\t\t<\/div>\n\t\t<\/section>\n\t\t\t\t<section class=\"elementor-section elementor-top-section elementor-element elementor-element-571bda6e elementor-section-boxed elementor-section-height-default elementor-section-height-default\" data-id=\"571bda6e\" data-element_type=\"section\">\n\t\t\t\t\t\t<div class=\"elementor-container elementor-column-gap-default\">\n\t\t\t\t\t<div class=\"elementor-column elementor-col-100 elementor-top-column elementor-element elementor-element-6d0deed6\" data-id=\"6d0deed6\" data-element_type=\"column\">\n\t\t\t<div class=\"elementor-widget-wrap elementor-element-populated\">\n\t\t\t\t\t\t<div class=\"elementor-element elementor-element-78b9b667 elementor-widget elementor-widget-heading\" data-id=\"78b9b667\" data-element_type=\"widget\" data-widget_type=\"heading.default\">\n\t\t\t\t<div class=\"elementor-widget-container\">\n\t\t\t<h1 class=\"elementor-heading-title elementor-size-xl\">Integra - EvasIA<\/h1>\t\t<\/div>\n\t\t\t\t<\/div>\n\t\t\t\t\t<\/div>\n\t\t<\/div>\n\t\t\t\t\t<\/div>\n\t\t<\/section>\n\t\t\t\t<section class=\"elementor-section elementor-top-section elementor-element elementor-element-97fc83 elementor-section-boxed elementor-section-height-default elementor-section-height-default\" data-id=\"97fc83\" data-element_type=\"section\">\n\t\t\t\t\t\t<div class=\"elementor-container elementor-column-gap-default\">\n\t\t\t\t\t<div class=\"elementor-column elementor-col-100 elementor-top-column elementor-element elementor-element-7a5f75cd\" data-id=\"7a5f75cd\" data-element_type=\"column\">\n\t\t\t<div class=\"elementor-widget-wrap elementor-element-populated\">\n\t\t\t\t\t\t<div class=\"elementor-element elementor-element-1e4d88e5 elementor-widget elementor-widget-text-editor\" data-id=\"1e4d88e5\" data-element_type=\"widget\" data-widget_type=\"text-editor.default\">\n\t\t\t\t<div class=\"elementor-widget-container\">\n\t\t\t\t\t\t\t<p style=\"text-align: center\">Conhe\u00e7a a EvasIA, o chat de IA de perguntas e respostas do projeto Integra. \u00c9 poss\u00edvel perguntar sobre as informa\u00e7\u00f5es do Observat\u00f3rio da Evas\u00e3o e a EvasIA responder\u00e1 sobre a evas\u00e3o na UFSM.<\/p><p style=\"text-align: center\">As perguntas sobre os dados est\u00e3o em fase de testes. Perguntas podem ser realizadas sobre evas\u00e3o, matriculados e egressos. Como trata-se de um aprendizado n\u00e3o supervisionado \u00e9 interessante avaliar as respostas. Est\u00e3o dispon\u00edveis dados de evas\u00e3o referentes a 2021\/2, 2022\/1, 2022\/2, 2023\/1 e 2023\/2. Exemplos de quest\u00f5es:<\/p><p style=\"text-align: center\">Qual o curso com a maior evas\u00e3o?<\/p><p style=\"text-align: center\">Qual o curso com o maior n\u00famero de matriculados?<\/p><p style=\"text-align: center\"><span style=\"font-size: 16px\">Qual o centro com o menor n\u00famero de calouros?<\/span><\/p>\t\t\t\t\t\t<\/div>\n\t\t\t\t<\/div>\n\t\t\t\t<div class=\"elementor-element elementor-element-4cd12314 elementor-view-framed elementor-shape-circle elementor-widget elementor-widget-icon\" data-id=\"4cd12314\" data-element_type=\"widget\" data-widget_type=\"icon.default\">\n\t\t\t\t<div class=\"elementor-widget-container\">\n\t\t\t\t\t<div class=\"elementor-icon-wrapper\">\n\t\t\t<div class=\"elementor-icon\">\n\t\t\t<i aria-hidden=\"true\" class=\"fas fa-question\"><\/i>\t\t\t<\/div>\n\t\t<\/div>\n\t\t\t\t<\/div>\n\t\t\t\t<\/div>\n\t\t\t\t<div class=\"elementor-element elementor-element-621fd173 elementor-align-center elementor-widget elementor-widget-button\" data-id=\"621fd173\" data-element_type=\"widget\" data-widget_type=\"button.default\">\n\t\t\t\t<div class=\"elementor-widget-container\">\n\t\t\t\t\t\t\t<div class=\"elementor-button-wrapper\">\n\t\t\t\t\t<a class=\"elementor-button elementor-button-link elementor-size-sm\" href=\"http:\/\/200.18.32.6:5000\/\" target=\"_blank\">\n\t\t\t\t\t\t<span class=\"elementor-button-content-wrapper\">\n\t\t\t\t\t\t<span class=\"elementor-button-icon\">\n\t\t\t\t<i aria-hidden=\"true\" class=\"fas fa-question-circle\"><\/i>\t\t\t<\/span>\n\t\t\t\t\t\t\t\t\t<span class=\"elementor-button-text\">Fa\u00e7a uma pergunta sobre os dados usando a Integra EvasIA<\/span>\n\t\t\t\t\t<\/span>\n\t\t\t\t\t<\/a>\n\t\t\t\t<\/div>\n\t\t\t\t\t\t<\/div>\n\t\t\t\t<\/div>\n\t\t\t\t\t<\/div>\n\t\t<\/div>\n\t\t\t\t\t<\/div>\n\t\t<\/section>\n\t\t\t\t<section class=\"elementor-section elementor-top-section elementor-element elementor-element-54965a68 elementor-section-boxed elementor-section-height-default elementor-section-height-default\" data-id=\"54965a68\" data-element_type=\"section\">\n\t\t\t\t\t\t<div class=\"elementor-container elementor-column-gap-default\">\n\t\t\t\t\t<div class=\"elementor-column elementor-col-100 elementor-top-column elementor-element elementor-element-36383710\" data-id=\"36383710\" data-element_type=\"column\">\n\t\t\t<div class=\"elementor-widget-wrap elementor-element-populated\">\n\t\t\t\t\t\t<div class=\"elementor-element elementor-element-762b6d8e elementor-widget elementor-widget-html\" data-id=\"762b6d8e\" data-element_type=\"widget\" data-widget_type=\"html.default\">\n\t\t\t\t<div class=\"elementor-widget-container\">\n\t\t\t<iframe width=\"1280\" height=\"720\" src=\"http:\/\/200.18.32.6:5000\/\" frameborder=\"0\" allowFullScreen=\"true\"><\/iframe>\t\t<\/div>\n\t\t\t\t<\/div>\n\t\t\t\t\t<\/div>\n\t\t<\/div>\n\t\t\t\t\t<\/div>\n\t\t<\/section>\n\t\t\t\t<\/div>\n\t\t","protected":false},"excerpt":{"rendered":"<p>Integra &#8211; EvasIA Conhe\u00e7a a EvasIA, o chat de IA de perguntas e respostas do projeto Integra. \u00c9 poss\u00edvel perguntar sobre as informa\u00e7\u00f5es do Observat\u00f3rio da Evas\u00e3o e a EvasIA responder\u00e1 sobre a evas\u00e3o na UFSM. As perguntas sobre os dados est\u00e3o em fase de testes. Perguntas podem ser realizadas sobre evas\u00e3o, matriculados e egressos. [&hellip;]<\/p>\n","protected":false},"author":27,"featured_media":0,"parent":0,"menu_order":0,"comment_status":"closed","ping_status":"closed","template":"","meta":{"footnotes":""},"categories":[],"tags":[],"class_list":["post-2839","page","type-page","status-publish","hentry"],"acf":[],"_links":{"self":[{"href":"https:\/\/www.ufsm.br\/orgaos-suplementares\/cpd\/wp-json\/wp\/v2\/pages\/2839","targetHints":{"allow":["GET"]}}],"collection":[{"href":"https:\/\/www.ufsm.br\/orgaos-suplementares\/cpd\/wp-json\/wp\/v2\/pages"}],"about":[{"href":"https:\/\/www.ufsm.br\/orgaos-suplementares\/cpd\/wp-json\/wp\/v2\/types\/page"}],"author":[{"embeddable":true,"href":"https:\/\/www.ufsm.br\/orgaos-suplementares\/cpd\/wp-json\/wp\/v2\/users\/27"}],"replies":[{"embeddable":true,"href":"https:\/\/www.ufsm.br\/orgaos-suplementares\/cpd\/wp-json\/wp\/v2\/comments?post=2839"}],"version-history":[{"count":0,"href":"https:\/\/www.ufsm.br\/orgaos-suplementares\/cpd\/wp-json\/wp\/v2\/pages\/2839\/revisions"}],"wp:attachment":[{"href":"https:\/\/www.ufsm.br\/orgaos-suplementares\/cpd\/wp-json\/wp\/v2\/media?parent=2839"}],"wp:term":[{"taxonomy":"category","embeddable":true,"href":"https:\/\/www.ufsm.br\/orgaos-suplementares\/cpd\/wp-json\/wp\/v2\/categories?post=2839"},{"taxonomy":"post_tag","embeddable":true,"href":"https:\/\/www.ufsm.br\/orgaos-suplementares\/cpd\/wp-json\/wp\/v2\/tags?post=2839"}],"curies":[{"name":"wp","href":"https:\/\/api.w.org\/{rel}","templated":true}]}}