{"id":2866,"date":"2024-12-05T15:49:55","date_gmt":"2024-12-05T18:49:55","guid":{"rendered":"https:\/\/www.ufsm.br\/orgaos-suplementares\/cpd\/?page_id=2866"},"modified":"2025-02-20T14:15:39","modified_gmt":"2025-02-20T17:15:39","slug":"egd","status":"publish","type":"page","link":"https:\/\/www.ufsm.br\/orgaos-suplementares\/cpd\/egd","title":{"rendered":"Estrat\u00e9gia de Governan\u00e7a Digital"},"content":{"rendered":"\t\t<div data-elementor-type=\"wp-page\" data-elementor-id=\"2866\" class=\"elementor elementor-2866\">\n\t\t\t\t\t\t<section class=\"elementor-section elementor-top-section elementor-element elementor-element-7d2266f elementor-section-boxed elementor-section-height-default elementor-section-height-default\" data-id=\"7d2266f\" data-element_type=\"section\">\n\t\t\t\t\t\t<div class=\"elementor-container elementor-column-gap-default\">\n\t\t\t\t\t<div class=\"elementor-column elementor-col-100 elementor-top-column elementor-element elementor-element-225d96fd\" data-id=\"225d96fd\" data-element_type=\"column\">\n\t\t\t<div class=\"elementor-widget-wrap elementor-element-populated\">\n\t\t\t\t\t\t<div class=\"elementor-element elementor-element-678e74e0 elementor-widget elementor-widget-text-editor\" data-id=\"678e74e0\" data-element_type=\"widget\" data-widget_type=\"text-editor.default\">\n\t\t\t\t<div class=\"elementor-widget-container\">\n\t\t\t\t\t\t\t<!-- wp:paragraph -->\n<p>O portal &#8220;Estrat\u00e9gia de Governan\u00e7a Digital&#8221; \u00e9 uma iniciativa o CPD da UFSM, que re\u00fane &#8211; em um \u00fanico ambiente &#8211; informa\u00e7\u00f5es estrat\u00e9gicas essenciais para a moderniza\u00e7\u00e3o e transpar\u00eancia na gest\u00e3o p\u00fablica da universidade. Com base no <a href=\"https:\/\/www.planalto.gov.br\/ccivil_03\/_ato2023-2026\/2024\/decreto\/d12198.htm\">Decreto n\u00ba 12.198\/2024<\/a>, que estabelece a Estrat\u00e9gia Federal de Governo Digital 2024-2027, o portal centraliza os documentos: Plano de Transforma\u00e7\u00e3o Digital, Diretor de Tecnologia da Informa\u00e7\u00e3o (PDTI) e Plano de Dados Abertos. Essa integra\u00e7\u00e3o visa fortalecer a governan\u00e7a digital, simplificar o acesso aos dados institucionais e garantir a conformidade com as diretrizes nacionais de transforma\u00e7\u00e3o digital e gest\u00e3o de dados.<\/p>\n<!-- \/wp:paragraph -->\t\t\t\t\t\t<\/div>\n\t\t\t\t<\/div>\n\t\t\t\t\t<\/div>\n\t\t<\/div>\n\t\t\t\t\t<\/div>\n\t\t<\/section>\n\t\t\t\t<section class=\"elementor-section elementor-top-section elementor-element elementor-element-f574ff9 elementor-section-boxed elementor-section-height-default elementor-section-height-default\" data-id=\"f574ff9\" data-element_type=\"section\">\n\t\t\t\t\t\t<div class=\"elementor-container elementor-column-gap-default\">\n\t\t\t\t\t<div class=\"elementor-column elementor-col-25 elementor-top-column elementor-element elementor-element-237271b\" data-id=\"237271b\" data-element_type=\"column\">\n\t\t\t<div class=\"elementor-widget-wrap elementor-element-populated\">\n\t\t\t\t\t\t<div class=\"elementor-element elementor-element-d70fb90 elementor-view-default elementor-position-top elementor-mobile-position-top elementor-widget elementor-widget-icon-box\" data-id=\"d70fb90\" data-element_type=\"widget\" data-widget_type=\"icon-box.default\">\n\t\t\t\t<div class=\"elementor-widget-container\">\n\t\t\t\t\t<div class=\"elementor-icon-box-wrapper\">\n\n\t\t\t\t\t\t<div class=\"elementor-icon-box-icon\">\n\t\t\t\t<a href=\"https:\/\/www.ufsm.br\/app\/uploads\/sites\/409\/2022\/07\/Plano-Digital-Universidades-Federais-ServicosUFSM-3.pdf\" class=\"elementor-icon elementor-animation-\" tabindex=\"-1\">\n\t\t\t\t<i aria-hidden=\"true\" class=\"fas fa-digital-tachograph\"><\/i>\t\t\t\t<\/a>\n\t\t\t<\/div>\n\t\t\t\n\t\t\t\t\t\t<div class=\"elementor-icon-box-content\">\n\n\t\t\t\t\t\t\t\t\t<h3 class=\"elementor-icon-box-title\">\n\t\t\t\t\t\t<a href=\"https:\/\/www.ufsm.br\/app\/uploads\/sites\/409\/2022\/07\/Plano-Digital-Universidades-Federais-ServicosUFSM-3.pdf\" >\n\t\t\t\t\t\t\tPlano de Transforma\u00e7\u00e3o Digital\t\t\t\t\t\t<\/a>\n\t\t\t\t\t<\/h3>\n\t\t\t\t\n\t\t\t\t\n\t\t\t<\/div>\n\t\t\t\n\t\t<\/div>\n\t\t\t\t<\/div>\n\t\t\t\t<\/div>\n\t\t\t\t\t<\/div>\n\t\t<\/div>\n\t\t\t\t<div class=\"elementor-column elementor-col-25 elementor-top-column elementor-element elementor-element-3c8583b\" data-id=\"3c8583b\" data-element_type=\"column\">\n\t\t\t<div class=\"elementor-widget-wrap elementor-element-populated\">\n\t\t\t\t\t\t<div class=\"elementor-element elementor-element-d7602bf elementor-view-default elementor-position-top elementor-mobile-position-top elementor-widget elementor-widget-icon-box\" data-id=\"d7602bf\" data-element_type=\"widget\" data-widget_type=\"icon-box.default\">\n\t\t\t\t<div class=\"elementor-widget-container\">\n\t\t\t\t\t<div class=\"elementor-icon-box-wrapper\">\n\n\t\t\t\t\t\t<div class=\"elementor-icon-box-icon\">\n\t\t\t\t<a href=\"https:\/\/www.ufsm.br\/orgaos-suplementares\/cpd\/pdti\" class=\"elementor-icon elementor-animation-\" tabindex=\"-1\">\n\t\t\t\t<i aria-hidden=\"true\" class=\"far fa-file-powerpoint\"><\/i>\t\t\t\t<\/a>\n\t\t\t<\/div>\n\t\t\t\n\t\t\t\t\t\t<div class=\"elementor-icon-box-content\">\n\n\t\t\t\t\t\t\t\t\t<h3 class=\"elementor-icon-box-title\">\n\t\t\t\t\t\t<a href=\"https:\/\/www.ufsm.br\/orgaos-suplementares\/cpd\/pdti\" >\n\t\t\t\t\t\t\tPlano Diretor de Tecnologia da Informa\u00e7\u00e3o (PDTI)\t\t\t\t\t\t<\/a>\n\t\t\t\t\t<\/h3>\n\t\t\t\t\n\t\t\t\t\n\t\t\t<\/div>\n\t\t\t\n\t\t<\/div>\n\t\t\t\t<\/div>\n\t\t\t\t<\/div>\n\t\t\t\t\t<\/div>\n\t\t<\/div>\n\t\t\t\t<div class=\"elementor-column elementor-col-25 elementor-top-column elementor-element elementor-element-a4c7d81\" data-id=\"a4c7d81\" data-element_type=\"column\">\n\t\t\t<div class=\"elementor-widget-wrap elementor-element-populated\">\n\t\t\t\t\t\t<div class=\"elementor-element elementor-element-c6df9f3 elementor-view-default elementor-position-top elementor-mobile-position-top elementor-widget elementor-widget-icon-box\" data-id=\"c6df9f3\" data-element_type=\"widget\" data-widget_type=\"icon-box.default\">\n\t\t\t\t<div class=\"elementor-widget-container\">\n\t\t\t\t\t<div class=\"elementor-icon-box-wrapper\">\n\n\t\t\t\t\t\t<div class=\"elementor-icon-box-icon\">\n\t\t\t\t<a href=\"https:\/\/www.ufsm.br\/reitoria\/acesso-a-informacao\/dados-abertos\" class=\"elementor-icon elementor-animation-\" tabindex=\"-1\">\n\t\t\t\t<i aria-hidden=\"true\" class=\"far fa-folder-open\"><\/i>\t\t\t\t<\/a>\n\t\t\t<\/div>\n\t\t\t\n\t\t\t\t\t\t<div class=\"elementor-icon-box-content\">\n\n\t\t\t\t\t\t\t\t\t<h3 class=\"elementor-icon-box-title\">\n\t\t\t\t\t\t<a href=\"https:\/\/www.ufsm.br\/reitoria\/acesso-a-informacao\/dados-abertos\" >\n\t\t\t\t\t\t\tPlano de Dados Abertos\t\t\t\t\t\t<\/a>\n\t\t\t\t\t<\/h3>\n\t\t\t\t\n\t\t\t\t\n\t\t\t<\/div>\n\t\t\t\n\t\t<\/div>\n\t\t\t\t<\/div>\n\t\t\t\t<\/div>\n\t\t\t\t\t<\/div>\n\t\t<\/div>\n\t\t\t\t<div class=\"elementor-column elementor-col-25 elementor-top-column elementor-element elementor-element-96d99bd\" data-id=\"96d99bd\" data-element_type=\"column\">\n\t\t\t<div class=\"elementor-widget-wrap elementor-element-populated\">\n\t\t\t\t\t\t<div class=\"elementor-element elementor-element-8dd5419 elementor-view-default elementor-position-top elementor-mobile-position-top elementor-widget elementor-widget-icon-box\" data-id=\"8dd5419\" data-element_type=\"widget\" data-widget_type=\"icon-box.default\">\n\t\t\t\t<div class=\"elementor-widget-container\">\n\t\t\t\t\t<div class=\"elementor-icon-box-wrapper\">\n\n\t\t\t\t\t\t<div class=\"elementor-icon-box-icon\">\n\t\t\t\t<a href=\"https:\/\/app.powerbi.com\/view?r=eyJrIjoiMmJiYjIzOTAtZjMxZS00NzBkLWFjN2ItNTA2MWYwNzk1ZWJjIiwidCI6Ijk3OTAyMGQ1LTQ5NTAtNGY0My1hOTk0LTg4ZDY4M2VhYjQ3MyJ9\" target=\"_blank\" class=\"elementor-icon elementor-animation-\" tabindex=\"-1\">\n\t\t\t\t<i aria-hidden=\"true\" class=\"fas fa-fingerprint\"><\/i>\t\t\t\t<\/a>\n\t\t\t<\/div>\n\t\t\t\n\t\t\t\t\t\t<div class=\"elementor-icon-box-content\">\n\n\t\t\t\t\t\t\t\t\t<h3 class=\"elementor-icon-box-title\">\n\t\t\t\t\t\t<a href=\"https:\/\/app.powerbi.com\/view?r=eyJrIjoiMmJiYjIzOTAtZjMxZS00NzBkLWFjN2ItNTA2MWYwNzk1ZWJjIiwidCI6Ijk3OTAyMGQ1LTQ5NTAtNGY0My1hOTk0LTg4ZDY4M2VhYjQ3MyJ9\" target=\"_blank\" >\n\t\t\t\t\t\t\tPrograma de Privacidade e Seguran\u00e7a da Informa\u00e7\u00e3o (PPSI)\t\t\t\t\t\t<\/a>\n\t\t\t\t\t<\/h3>\n\t\t\t\t\n\t\t\t\t\n\t\t\t<\/div>\n\t\t\t\n\t\t<\/div>\n\t\t\t\t<\/div>\n\t\t\t\t<\/div>\n\t\t\t\t\t<\/div>\n\t\t<\/div>\n\t\t\t\t\t<\/div>\n\t\t<\/section>\n\t\t\t\t<\/div>\n\t\t","protected":false},"excerpt":{"rendered":"<p>O portal &#8220;Estrat\u00e9gia de Governan\u00e7a Digital&#8221; \u00e9 uma iniciativa o CPD da UFSM, que re\u00fane &#8211; em um \u00fanico ambiente &#8211; informa\u00e7\u00f5es estrat\u00e9gicas essenciais para a moderniza\u00e7\u00e3o e transpar\u00eancia na gest\u00e3o p\u00fablica da universidade. Com base no Decreto n\u00ba 12.198\/2024, que estabelece a Estrat\u00e9gia Federal de Governo Digital 2024-2027, o portal centraliza os documentos: Plano [&hellip;]<\/p>\n","protected":false},"author":6855,"featured_media":0,"parent":0,"menu_order":0,"comment_status":"closed","ping_status":"closed","template":"","meta":{"footnotes":""},"categories":[],"tags":[],"class_list":["post-2866","page","type-page","status-publish","hentry"],"acf":[],"_links":{"self":[{"href":"https:\/\/www.ufsm.br\/orgaos-suplementares\/cpd\/wp-json\/wp\/v2\/pages\/2866","targetHints":{"allow":["GET"]}}],"collection":[{"href":"https:\/\/www.ufsm.br\/orgaos-suplementares\/cpd\/wp-json\/wp\/v2\/pages"}],"about":[{"href":"https:\/\/www.ufsm.br\/orgaos-suplementares\/cpd\/wp-json\/wp\/v2\/types\/page"}],"author":[{"embeddable":true,"href":"https:\/\/www.ufsm.br\/orgaos-suplementares\/cpd\/wp-json\/wp\/v2\/users\/6855"}],"replies":[{"embeddable":true,"href":"https:\/\/www.ufsm.br\/orgaos-suplementares\/cpd\/wp-json\/wp\/v2\/comments?post=2866"}],"version-history":[{"count":0,"href":"https:\/\/www.ufsm.br\/orgaos-suplementares\/cpd\/wp-json\/wp\/v2\/pages\/2866\/revisions"}],"wp:attachment":[{"href":"https:\/\/www.ufsm.br\/orgaos-suplementares\/cpd\/wp-json\/wp\/v2\/media?parent=2866"}],"wp:term":[{"taxonomy":"category","embeddable":true,"href":"https:\/\/www.ufsm.br\/orgaos-suplementares\/cpd\/wp-json\/wp\/v2\/categories?post=2866"},{"taxonomy":"post_tag","embeddable":true,"href":"https:\/\/www.ufsm.br\/orgaos-suplementares\/cpd\/wp-json\/wp\/v2\/tags?post=2866"}],"curies":[{"name":"wp","href":"https:\/\/api.w.org\/{rel}","templated":true}]}}