{"id":571,"date":"2018-08-09T09:20:15","date_gmt":"2018-08-09T12:20:15","guid":{"rendered":"https:\/\/www.ufsm.br\/orgaos-suplementares\/cpd\/?page_id=571"},"modified":"2019-08-26T11:33:17","modified_gmt":"2019-08-26T14:33:17","slug":"configuracao-do-proxy-no-internet-explorer-versao-8","status":"publish","type":"page","link":"https:\/\/www.ufsm.br\/orgaos-suplementares\/cpd\/configuracao-do-proxy-no-internet-explorer-versao-8","title":{"rendered":"Configura\u00e7\u00e3o do Proxy no Internet Explorer vers\u00e3o 8"},"content":{"rendered":"\t\t<div data-elementor-type=\"wp-post\" data-elementor-id=\"571\" class=\"elementor elementor-571 elementor-bc-flex-widget\">\n\t\t\t\t\t\t<section class=\"elementor-section elementor-top-section elementor-element elementor-element-d8b2008 elementor-section-boxed elementor-section-height-default elementor-section-height-default\" data-id=\"d8b2008\" data-element_type=\"section\">\n\t\t\t\t\t\t<div class=\"elementor-container elementor-column-gap-default\">\n\t\t\t\t\t<div class=\"elementor-column elementor-col-100 elementor-top-column elementor-element elementor-element-5771e38\" data-id=\"5771e38\" data-element_type=\"column\">\n\t\t\t<div class=\"elementor-widget-wrap elementor-element-populated\">\n\t\t\t\t\t\t<div class=\"elementor-element elementor-element-b0a3a73 elementor-widget elementor-widget-text-editor\" data-id=\"b0a3a73\" data-element_type=\"widget\" data-widget_type=\"text-editor.default\">\n\t\t\t\t<div class=\"elementor-widget-container\">\n\t\t\t\t\t\t\t<p>1 &#8211; Abra o navegador e no canto superior direito clique no \u00edcone para abrir o menu de op\u00e7\u00f5es de configura\u00e7\u00e3o<br \/>do navegador, v\u00e1 at\u00e9 \u201cFerramentas\u201d e em seguida clique em \u201cOp\u00e7\u00f5es da Internet\u201d.<\/p>\t\t\t\t\t\t<\/div>\n\t\t\t\t<\/div>\n\t\t\t\t\t<\/div>\n\t\t<\/div>\n\t\t\t\t\t<\/div>\n\t\t<\/section>\n\t\t\t\t<section class=\"elementor-section elementor-top-section elementor-element elementor-element-56b6838 elementor-section-boxed elementor-section-height-default elementor-section-height-default\" data-id=\"56b6838\" data-element_type=\"section\">\n\t\t\t\t\t\t<div class=\"elementor-container elementor-column-gap-default\">\n\t\t\t\t\t<div class=\"elementor-column elementor-col-100 elementor-top-column elementor-element elementor-element-8cffd76\" data-id=\"8cffd76\" data-element_type=\"column\">\n\t\t\t<div class=\"elementor-widget-wrap elementor-element-populated\">\n\t\t\t\t\t\t<div class=\"elementor-element elementor-element-d8b63fb elementor-widget elementor-widget-image\" data-id=\"d8b63fb\" data-element_type=\"widget\" data-widget_type=\"image.default\">\n\t\t\t\t<div class=\"elementor-widget-container\">\n\t\t\t\t\t\t\t\t\t\t\t\t\t<img fetchpriority=\"high\" decoding=\"async\" width=\"1024\" height=\"765\" src=\"https:\/\/www.ufsm.br\/app\/uploads\/sites\/350\/2018\/08\/explore-1024x765.jpg\" class=\"attachment-large size-large wp-image-572\" alt=\"Imagem do site antigo da UFSM, com menu de ferramentas aberto, e submenu de Op\u00e7\u00f5es de Internet.\" srcset=\"https:\/\/www.ufsm.br\/app\/uploads\/sites\/350\/2018\/08\/explore.jpg 1024w, https:\/\/www.ufsm.br\/app\/uploads\/sites\/350\/2018\/08\/explore-300x224.jpg 300w, https:\/\/www.ufsm.br\/app\/uploads\/sites\/350\/2018\/08\/explore-768x574.jpg 768w\" sizes=\"(max-width: 1024px) 100vw, 1024px\" \/>\t\t\t\t\t\t\t\t\t\t\t\t\t<\/div>\n\t\t\t\t<\/div>\n\t\t\t\t\t<\/div>\n\t\t<\/div>\n\t\t\t\t\t<\/div>\n\t\t<\/section>\n\t\t\t\t<section class=\"elementor-section elementor-top-section elementor-element elementor-element-967961d elementor-section-boxed elementor-section-height-default elementor-section-height-default\" data-id=\"967961d\" data-element_type=\"section\">\n\t\t\t\t\t\t<div class=\"elementor-container elementor-column-gap-default\">\n\t\t\t\t\t<div class=\"elementor-column elementor-col-100 elementor-top-column elementor-element elementor-element-8f6e5a5\" data-id=\"8f6e5a5\" data-element_type=\"column\">\n\t\t\t<div class=\"elementor-widget-wrap elementor-element-populated\">\n\t\t\t\t\t\t<div class=\"elementor-element elementor-element-fbc079b elementor-widget elementor-widget-text-editor\" data-id=\"fbc079b\" data-element_type=\"widget\" data-widget_type=\"text-editor.default\">\n\t\t\t\t<div class=\"elementor-widget-container\">\n\t\t\t\t\t\t\t<p>2 \u2013 Clique na aba \u201cConex\u00f5es\u201d<\/p>\t\t\t\t\t\t<\/div>\n\t\t\t\t<\/div>\n\t\t\t\t<div class=\"elementor-element elementor-element-7faea25 elementor-widget elementor-widget-image\" data-id=\"7faea25\" data-element_type=\"widget\" data-widget_type=\"image.default\">\n\t\t\t\t<div class=\"elementor-widget-container\">\n\t\t\t\t\t\t\t\t\t\t\t\t\t<img decoding=\"async\" width=\"446\" height=\"568\" src=\"https:\/\/www.ufsm.br\/app\/uploads\/sites\/350\/2018\/08\/explores.jpg\" class=\"attachment-large size-large wp-image-573\" alt=\"No menu de Op\u00e7\u00f5es, aba Geral bot\u00e3o Okay.\" srcset=\"https:\/\/www.ufsm.br\/app\/uploads\/sites\/350\/2018\/08\/explores.jpg 446w, https:\/\/www.ufsm.br\/app\/uploads\/sites\/350\/2018\/08\/explores-236x300.jpg 236w\" sizes=\"(max-width: 446px) 100vw, 446px\" \/>\t\t\t\t\t\t\t\t\t\t\t\t\t<\/div>\n\t\t\t\t<\/div>\n\t\t\t\t\t<\/div>\n\t\t<\/div>\n\t\t\t\t\t<\/div>\n\t\t<\/section>\n\t\t\t\t<section class=\"elementor-section elementor-top-section elementor-element elementor-element-887c16b elementor-section-boxed elementor-section-height-default elementor-section-height-default\" data-id=\"887c16b\" data-element_type=\"section\">\n\t\t\t\t\t\t<div class=\"elementor-container elementor-column-gap-default\">\n\t\t\t\t\t<div class=\"elementor-column elementor-col-100 elementor-top-column elementor-element elementor-element-d4c08f7\" data-id=\"d4c08f7\" data-element_type=\"column\">\n\t\t\t<div class=\"elementor-widget-wrap elementor-element-populated\">\n\t\t\t\t\t\t<div class=\"elementor-element elementor-element-aa35aac elementor-widget elementor-widget-text-editor\" data-id=\"aa35aac\" data-element_type=\"widget\" data-widget_type=\"text-editor.default\">\n\t\t\t\t<div class=\"elementor-widget-container\">\n\t\t\t\t\t\t\t<p>3 &#8211; Clique em \u201cConfigura\u00e7\u00f5es da LAN\u201d<\/p>\t\t\t\t\t\t<\/div>\n\t\t\t\t<\/div>\n\t\t\t\t<div class=\"elementor-element elementor-element-f28e042 elementor-widget elementor-widget-image\" data-id=\"f28e042\" data-element_type=\"widget\" data-widget_type=\"image.default\">\n\t\t\t\t<div class=\"elementor-widget-container\">\n\t\t\t\t\t\t\t\t\t\t\t\t\t<img decoding=\"async\" width=\"445\" height=\"571\" src=\"https:\/\/www.ufsm.br\/app\/uploads\/sites\/350\/2018\/08\/explorer.jpg\" class=\"attachment-large size-large wp-image-574\" alt=\"\" srcset=\"https:\/\/www.ufsm.br\/app\/uploads\/sites\/350\/2018\/08\/explorer.jpg 445w, https:\/\/www.ufsm.br\/app\/uploads\/sites\/350\/2018\/08\/explorer-234x300.jpg 234w\" sizes=\"(max-width: 445px) 100vw, 445px\" \/>\t\t\t\t\t\t\t\t\t\t\t\t\t<\/div>\n\t\t\t\t<\/div>\n\t\t\t\t\t<\/div>\n\t\t<\/div>\n\t\t\t\t\t<\/div>\n\t\t<\/section>\n\t\t\t\t<section class=\"elementor-section elementor-top-section elementor-element elementor-element-66f21ad elementor-section-boxed elementor-section-height-default elementor-section-height-default\" data-id=\"66f21ad\" data-element_type=\"section\">\n\t\t\t\t\t\t<div class=\"elementor-container elementor-column-gap-default\">\n\t\t\t\t\t<div class=\"elementor-column elementor-col-100 elementor-top-column elementor-element elementor-element-5c1a3c1\" data-id=\"5c1a3c1\" data-element_type=\"column\">\n\t\t\t<div class=\"elementor-widget-wrap elementor-element-populated\">\n\t\t\t\t\t\t<div class=\"elementor-element elementor-element-535fa9b elementor-widget elementor-widget-text-editor\" data-id=\"535fa9b\" data-element_type=\"widget\" data-widget_type=\"text-editor.default\">\n\t\t\t\t<div class=\"elementor-widget-container\">\n\t\t\t\t\t\t\t<p>4 &#8211; Marque a op\u00e7\u00e3o \u201cUsar scrip de configura\u00e7\u00e3o autom\u00e1tica \u201d e digite no endere\u00e7o<br \/>http:\/\/www.ufsm.br\/proxy.pac<\/p>\t\t\t\t\t\t<\/div>\n\t\t\t\t<\/div>\n\t\t\t\t<div class=\"elementor-element elementor-element-ecebdfd elementor-widget elementor-widget-image\" data-id=\"ecebdfd\" data-element_type=\"widget\" data-widget_type=\"image.default\">\n\t\t\t\t<div class=\"elementor-widget-container\">\n\t\t\t\t\t\t\t\t\t\t\t\t\t<img loading=\"lazy\" decoding=\"async\" width=\"391\" height=\"343\" src=\"https:\/\/www.ufsm.br\/app\/uploads\/sites\/350\/2018\/08\/explor.jpg\" class=\"attachment-large size-large wp-image-575\" alt=\"\" srcset=\"https:\/\/www.ufsm.br\/app\/uploads\/sites\/350\/2018\/08\/explor.jpg 391w, https:\/\/www.ufsm.br\/app\/uploads\/sites\/350\/2018\/08\/explor-300x263.jpg 300w\" sizes=\"(max-width: 391px) 100vw, 391px\" \/>\t\t\t\t\t\t\t\t\t\t\t\t\t<\/div>\n\t\t\t\t<\/div>\n\t\t\t\t<div class=\"elementor-element elementor-element-7ce3edd elementor-widget elementor-widget-text-editor\" data-id=\"7ce3edd\" data-element_type=\"widget\" data-widget_type=\"text-editor.default\">\n\t\t\t\t<div class=\"elementor-widget-container\">\n\t\t\t\t\t\t\t<p>Ap\u00f3s clique em \u201cOk\u201d<\/p>\t\t\t\t\t\t<\/div>\n\t\t\t\t<\/div>\n\t\t\t\t\t<\/div>\n\t\t<\/div>\n\t\t\t\t\t<\/div>\n\t\t<\/section>\n\t\t\t\t<\/div>\n\t\t","protected":false},"excerpt":{"rendered":"<p>1 &#8211; Abra o navegador e no canto superior direito clique no \u00edcone para abrir o menu de op\u00e7\u00f5es de configura\u00e7\u00e3odo navegador, v\u00e1 at\u00e9 \u201cFerramentas\u201d e em seguida clique em \u201cOp\u00e7\u00f5es da Internet\u201d. 2 \u2013 Clique na aba \u201cConex\u00f5es\u201d 3 &#8211; Clique em \u201cConfigura\u00e7\u00f5es da LAN\u201d 4 &#8211; Marque a op\u00e7\u00e3o \u201cUsar scrip de configura\u00e7\u00e3o [&hellip;]<\/p>\n","protected":false},"author":101,"featured_media":0,"parent":0,"menu_order":0,"comment_status":"closed","ping_status":"closed","template":"","meta":{"footnotes":""},"categories":[],"tags":[],"class_list":["post-571","page","type-page","status-publish","hentry"],"acf":[],"_links":{"self":[{"href":"https:\/\/www.ufsm.br\/orgaos-suplementares\/cpd\/wp-json\/wp\/v2\/pages\/571","targetHints":{"allow":["GET"]}}],"collection":[{"href":"https:\/\/www.ufsm.br\/orgaos-suplementares\/cpd\/wp-json\/wp\/v2\/pages"}],"about":[{"href":"https:\/\/www.ufsm.br\/orgaos-suplementares\/cpd\/wp-json\/wp\/v2\/types\/page"}],"author":[{"embeddable":true,"href":"https:\/\/www.ufsm.br\/orgaos-suplementares\/cpd\/wp-json\/wp\/v2\/users\/101"}],"replies":[{"embeddable":true,"href":"https:\/\/www.ufsm.br\/orgaos-suplementares\/cpd\/wp-json\/wp\/v2\/comments?post=571"}],"version-history":[{"count":0,"href":"https:\/\/www.ufsm.br\/orgaos-suplementares\/cpd\/wp-json\/wp\/v2\/pages\/571\/revisions"}],"wp:attachment":[{"href":"https:\/\/www.ufsm.br\/orgaos-suplementares\/cpd\/wp-json\/wp\/v2\/media?parent=571"}],"wp:term":[{"taxonomy":"category","embeddable":true,"href":"https:\/\/www.ufsm.br\/orgaos-suplementares\/cpd\/wp-json\/wp\/v2\/categories?post=571"},{"taxonomy":"post_tag","embeddable":true,"href":"https:\/\/www.ufsm.br\/orgaos-suplementares\/cpd\/wp-json\/wp\/v2\/tags?post=571"}],"curies":[{"name":"wp","href":"https:\/\/api.w.org\/{rel}","templated":true}]}}