{"id":872,"date":"2018-12-06T08:54:23","date_gmt":"2018-12-06T10:54:23","guid":{"rendered":"https:\/\/www.ufsm.br\/orgaos-suplementares\/cpd\/?page_id=872"},"modified":"2018-12-06T09:03:27","modified_gmt":"2018-12-06T11:03:27","slug":"reportar-incidente-de-seguranca","status":"publish","type":"page","link":"https:\/\/www.ufsm.br\/orgaos-suplementares\/cpd\/reportar-incidente-de-seguranca","title":{"rendered":"Reportar Incidente de Seguran\u00e7a"},"content":{"rendered":"\t\t<div data-elementor-type=\"wp-post\" data-elementor-id=\"872\" class=\"elementor elementor-872 elementor-bc-flex-widget\">\n\t\t\t\t\t\t<section class=\"elementor-section elementor-top-section elementor-element elementor-element-4d0aa5f elementor-section-boxed elementor-section-height-default elementor-section-height-default\" data-id=\"4d0aa5f\" data-element_type=\"section\">\n\t\t\t\t\t\t<div class=\"elementor-container elementor-column-gap-default\">\n\t\t\t\t\t<div class=\"elementor-column elementor-col-100 elementor-top-column elementor-element elementor-element-2a54aaa\" data-id=\"2a54aaa\" data-element_type=\"column\">\n\t\t\t<div class=\"elementor-widget-wrap elementor-element-populated\">\n\t\t\t\t\t\t<div class=\"elementor-element elementor-element-872976a elementor-widget elementor-widget-text-editor\" data-id=\"872976a\" data-element_type=\"widget\" data-widget_type=\"text-editor.default\">\n\t\t\t\t<div class=\"elementor-widget-container\">\n\t\t\t\t\t\t\t<p>Qualquer usu\u00e1rio com vinculo pode reportar um incidente de seguran\u00e7a, ocorrido na rede da UFSM, para ser avaliado. Pode ser considerado um incidente de seguran\u00e7a:<br \/>&#8211; Qualquer tentativa ou acesso n\u00e3o autorizado;<br \/>&#8211; Divulga\u00e7\u00e3o ou uso indevido de sistemas, dados ou redes de computa\u00e7\u00e3o;<br \/>&#8211; Recebimento ou envio de de e-mails maliciosos;<br \/>&#8211; Outros. Qualquer a\u00e7\u00e3o incomum ou que voc\u00ea considerar estranha pode ser um problema, n\u00e3o ignore isso!<\/p><p>Para reportar um incidente de seguran\u00e7a, acesse nosso sistema de servi\u00e7os em<span style=\"color: #0000ff;\">\u00a0<\/span><a href=\"https:\/\/servicos.cpd.ufsm.br\/otrs\/customer.pl\" target=\"_blank\" rel=\"noopener\">https:\/\/servicos.cpd.ufsm.br\/<\/a>\u00a0e crie um novo chamado com o\u00a0Processo &#8220;Servi\u00e7os de Seguran\u00e7a da Informa\u00e7\u00e3o&#8221; e, ap\u00f3s preencher os demais dados, selecione o servi\u00e7o &#8220;Reportar incidente de Seguran\u00e7a da Informa\u00e7\u00e3o&#8221; conforme a imagem abaixo.<\/p>\t\t\t\t\t\t<\/div>\n\t\t\t\t<\/div>\n\t\t\t\t\t<\/div>\n\t\t<\/div>\n\t\t\t\t\t<\/div>\n\t\t<\/section>\n\t\t\t\t<section class=\"elementor-section elementor-top-section elementor-element elementor-element-d2fd29d elementor-section-boxed elementor-section-height-default elementor-section-height-default\" data-id=\"d2fd29d\" data-element_type=\"section\">\n\t\t\t\t\t\t<div class=\"elementor-container elementor-column-gap-default\">\n\t\t\t\t\t<div class=\"elementor-column elementor-col-100 elementor-top-column elementor-element elementor-element-7d4cdf7\" data-id=\"7d4cdf7\" data-element_type=\"column\">\n\t\t\t<div class=\"elementor-widget-wrap elementor-element-populated\">\n\t\t\t\t\t\t<div class=\"elementor-element elementor-element-e2f5555 elementor-widget elementor-widget-image\" data-id=\"e2f5555\" data-element_type=\"widget\" data-widget_type=\"image.default\">\n\t\t\t\t<div class=\"elementor-widget-container\">\n\t\t\t\t\t\t\t\t\t\t\t\t\t<img fetchpriority=\"high\" decoding=\"async\" width=\"848\" height=\"628\" src=\"https:\/\/www.ufsm.br\/app\/uploads\/sites\/350\/2018\/12\/seguranca-sitecpd.png\" class=\"attachment-large size-large wp-image-873\" alt=\"Imagem com lacunas para preencher no site para abrir chamados cujo o link est\u00e1 acima\" srcset=\"https:\/\/www.ufsm.br\/app\/uploads\/sites\/350\/2018\/12\/seguranca-sitecpd.png 848w, https:\/\/www.ufsm.br\/app\/uploads\/sites\/350\/2018\/12\/seguranca-sitecpd-300x222.png 300w, https:\/\/www.ufsm.br\/app\/uploads\/sites\/350\/2018\/12\/seguranca-sitecpd-768x569.png 768w\" sizes=\"(max-width: 848px) 100vw, 848px\" \/>\t\t\t\t\t\t\t\t\t\t\t\t\t<\/div>\n\t\t\t\t<\/div>\n\t\t\t\t\t<\/div>\n\t\t<\/div>\n\t\t\t\t\t<\/div>\n\t\t<\/section>\n\t\t\t\t<\/div>\n\t\t","protected":false},"excerpt":{"rendered":"<p>Qualquer usu\u00e1rio com vinculo pode reportar um incidente de seguran\u00e7a, ocorrido na rede da UFSM, para ser avaliado. Pode ser considerado um incidente de seguran\u00e7a:&#8211; Qualquer tentativa ou acesso n\u00e3o autorizado;&#8211; Divulga\u00e7\u00e3o ou uso indevido de sistemas, dados ou redes de computa\u00e7\u00e3o;&#8211; Recebimento ou envio de de e-mails maliciosos;&#8211; Outros. Qualquer a\u00e7\u00e3o incomum ou que [&hellip;]<\/p>\n","protected":false},"author":101,"featured_media":0,"parent":0,"menu_order":0,"comment_status":"closed","ping_status":"closed","template":"","meta":{"footnotes":""},"categories":[],"tags":[],"class_list":["post-872","page","type-page","status-publish","hentry"],"acf":[],"_links":{"self":[{"href":"https:\/\/www.ufsm.br\/orgaos-suplementares\/cpd\/wp-json\/wp\/v2\/pages\/872","targetHints":{"allow":["GET"]}}],"collection":[{"href":"https:\/\/www.ufsm.br\/orgaos-suplementares\/cpd\/wp-json\/wp\/v2\/pages"}],"about":[{"href":"https:\/\/www.ufsm.br\/orgaos-suplementares\/cpd\/wp-json\/wp\/v2\/types\/page"}],"author":[{"embeddable":true,"href":"https:\/\/www.ufsm.br\/orgaos-suplementares\/cpd\/wp-json\/wp\/v2\/users\/101"}],"replies":[{"embeddable":true,"href":"https:\/\/www.ufsm.br\/orgaos-suplementares\/cpd\/wp-json\/wp\/v2\/comments?post=872"}],"version-history":[{"count":0,"href":"https:\/\/www.ufsm.br\/orgaos-suplementares\/cpd\/wp-json\/wp\/v2\/pages\/872\/revisions"}],"wp:attachment":[{"href":"https:\/\/www.ufsm.br\/orgaos-suplementares\/cpd\/wp-json\/wp\/v2\/media?parent=872"}],"wp:term":[{"taxonomy":"category","embeddable":true,"href":"https:\/\/www.ufsm.br\/orgaos-suplementares\/cpd\/wp-json\/wp\/v2\/categories?post=872"},{"taxonomy":"post_tag","embeddable":true,"href":"https:\/\/www.ufsm.br\/orgaos-suplementares\/cpd\/wp-json\/wp\/v2\/tags?post=872"}],"curies":[{"name":"wp","href":"https:\/\/api.w.org\/{rel}","templated":true}]}}