{"id":1331,"date":"2023-03-29T17:50:41","date_gmt":"2023-03-29T20:50:41","guid":{"rendered":"https:\/\/www.ufsm.br\/orgaos-suplementares\/dag\/pen\/?page_id=1331"},"modified":"2024-07-19T16:03:42","modified_gmt":"2024-07-19T19:03:42","slug":"tutorial-do-processo-de-cadastro-e-acompanhamento-de-bolsista-recursos-proprios-reitoria-cod-2a","status":"publish","type":"page","link":"https:\/\/www.ufsm.br\/orgaos-suplementares\/dag\/pen\/tutorial-do-processo-de-cadastro-e-acompanhamento-de-bolsista-recursos-proprios-reitoria-cod-2a","title":{"rendered":"Tutorial do Processo de cadastro e acompanhamento de bolsista recursos pr\u00f3prios &#8211; Reitoria (C\u00f3d. 2A)"},"content":{"rendered":"\t\t<div data-elementor-type=\"wp-page\" data-elementor-id=\"1331\" class=\"elementor elementor-1331\">\n\t\t\t\t\t\t<section class=\"elementor-section elementor-top-section elementor-element elementor-element-fc11e45 elementor-section-boxed elementor-section-height-default elementor-section-height-default\" data-id=\"fc11e45\" data-element_type=\"section\">\n\t\t\t\t\t\t<div class=\"elementor-container elementor-column-gap-default\">\n\t\t\t\t\t<div class=\"elementor-column elementor-col-100 elementor-top-column elementor-element elementor-element-1297924\" data-id=\"1297924\" data-element_type=\"column\">\n\t\t\t<div class=\"elementor-widget-wrap elementor-element-populated\">\n\t\t\t\t\t\t<div class=\"elementor-element elementor-element-e684652 elementor-widget elementor-widget-text-editor\" data-id=\"e684652\" data-element_type=\"widget\" data-widget_type=\"text-editor.default\">\n\t\t\t\t<div class=\"elementor-widget-container\">\n\t\t\t\t\t\t\t<p>Esta p\u00e1gina disponibiliza um passo a passo para abertura no PEN-SIE do <strong><a href=\"http:\/\/w3.ufsm.br\/proplan\/pp\/PRAE_WEB\/PRAE_Cadastro_Bolsistas_2A\/#diagram\/ee51f105-e982-402d-b6ca-26d8ca5aa016\" target=\"_blank\" rel=\"noopener\">Processo de cadastro e acompanhamento de bolsista recursos pr\u00f3prios &#8211; Reitoria (C\u00f3d. 2A)<\/a><\/strong>. Esse tipo processual deve ser utilizado apenas para cadastro e acompanhamento de bolsistas 2A vinculados a <strong>Unidades da<\/strong> <strong>Reitoria<\/strong>.<\/p><p>Para cadastro e acompanhamento de bolsistas de recursos pr\u00f3prios vinculados as <strong>Unidades de Ensino<\/strong>, utilizar o &#8216;<em>Processo de cadastro e acompanhamento de bolsista recursos pr\u00f3prios &#8211; Unidades de Ensino&#8217; (C\u00f3d. 2A)<\/em>&#8216;.<\/p><p>Maiores informa\u00e7\u00f5es sobre as bolsas acessar o <a href=\"https:\/\/www.ufsm.br\/pro-reitorias\/prae\/servicos\/cadastro-bolsista-bae-recursos-proprios-unidades-reitoria-cod-2a\" target=\"_blank\" rel=\"noopener\">Servi\u00e7o Cadastro Bolsista BAE Recursos Pr\u00f3prios \u2013 Unidades Reitoria (C\u00f3d. 2A) \u2013 PRAE (ufsm.br)<\/a> ou entrar em contato com a Se\u00e7\u00e3o de Bolsas &#8211; PRAE (bolsasprae@ufsm.br).<\/p><p>D\u00favidas quanto ao Sistema PEN-SIE acessar <a href=\"https:\/\/www.ufsm.br\/orgaos-suplementares\/dag\/pen\/apoio-ao-usuario\" target=\"_blank\" rel=\"noopener\">Apoio ao usu\u00e1rio \u2013 PEN (ufsm.br)<\/a><\/p><p>IMPORTANTE: A partir de Abril de 2023, Cadastros de Bolsistas encaminhados via e-mail ou processo eletr\u00f4nico \u2013 Tipo Documental: memorando de comunica\u00e7\u00e3o entre unidades administrativas devem ser arquivados e Novo Processo eletr\u00f4nico deve ser aberto no Tipo Documental: Cadastro e Acompanhamento Bolsista Recursos Pr\u00f3prios \u2013 Reitoria.<\/p><p>MAIORES INSTRU\u00c7\u00d5ES: <a href=\"https:\/\/www.ufsm.br\/pro-reitorias\/prae\/servicos\" target=\"_blank\" rel=\"noopener\">Servi\u00e7os \u2013 PRAE (ufsm.br)<\/a><\/p><p><strong>Para acessar o Tutorial, clique <a href=\"https:\/\/www.ufsm.br\/app\/uploads\/sites\/416\/2024\/07\/Tutorial_2A_DESCENTRALIZADA.pdf\" target=\"_blank\" rel=\"noopener\">AQUI<\/a>.<\/strong><\/p><p>\u00a0<\/p>\t\t\t\t\t\t<\/div>\n\t\t\t\t<\/div>\n\t\t\t\t\t<\/div>\n\t\t<\/div>\n\t\t\t\t\t<\/div>\n\t\t<\/section>\n\t\t\t\t<\/div>\n\t\t","protected":false},"excerpt":{"rendered":"<p>Esta p\u00e1gina disponibiliza um passo a passo para abertura no PEN-SIE do Processo de cadastro e acompanhamento de bolsista recursos pr\u00f3prios &#8211; Reitoria (C\u00f3d. 2A). Esse tipo processual deve ser utilizado apenas para cadastro e acompanhamento de bolsistas 2A vinculados a Unidades da Reitoria. Para cadastro e acompanhamento de bolsistas de recursos pr\u00f3prios vinculados as [&hellip;]<\/p>\n","protected":false},"author":1277,"featured_media":0,"parent":0,"menu_order":0,"comment_status":"closed","ping_status":"closed","template":"","meta":{"footnotes":""},"categories":[62,59],"tags":[65,69],"class_list":["post-1331","page","type-page","status-publish","hentry","category-apoio-ao-usuario","category-tutoriais-e-manuais","tag-tutoriais","tag-tutorial"],"acf":[],"_links":{"self":[{"href":"https:\/\/www.ufsm.br\/orgaos-suplementares\/dag\/pen\/wp-json\/wp\/v2\/pages\/1331","targetHints":{"allow":["GET"]}}],"collection":[{"href":"https:\/\/www.ufsm.br\/orgaos-suplementares\/dag\/pen\/wp-json\/wp\/v2\/pages"}],"about":[{"href":"https:\/\/www.ufsm.br\/orgaos-suplementares\/dag\/pen\/wp-json\/wp\/v2\/types\/page"}],"author":[{"embeddable":true,"href":"https:\/\/www.ufsm.br\/orgaos-suplementares\/dag\/pen\/wp-json\/wp\/v2\/users\/1277"}],"replies":[{"embeddable":true,"href":"https:\/\/www.ufsm.br\/orgaos-suplementares\/dag\/pen\/wp-json\/wp\/v2\/comments?post=1331"}],"version-history":[{"count":0,"href":"https:\/\/www.ufsm.br\/orgaos-suplementares\/dag\/pen\/wp-json\/wp\/v2\/pages\/1331\/revisions"}],"wp:attachment":[{"href":"https:\/\/www.ufsm.br\/orgaos-suplementares\/dag\/pen\/wp-json\/wp\/v2\/media?parent=1331"}],"wp:term":[{"taxonomy":"category","embeddable":true,"href":"https:\/\/www.ufsm.br\/orgaos-suplementares\/dag\/pen\/wp-json\/wp\/v2\/categories?post=1331"},{"taxonomy":"post_tag","embeddable":true,"href":"https:\/\/www.ufsm.br\/orgaos-suplementares\/dag\/pen\/wp-json\/wp\/v2\/tags?post=1331"}],"curies":[{"name":"wp","href":"https:\/\/api.w.org\/{rel}","templated":true}]}}