{"id":1368,"date":"2023-08-07T15:37:27","date_gmt":"2023-08-07T18:37:27","guid":{"rendered":"https:\/\/www.ufsm.br\/orgaos-suplementares\/dag\/pen\/?page_id=1368"},"modified":"2023-08-07T15:45:56","modified_gmt":"2023-08-07T18:45:56","slug":"campo-vinculo-nos-processos-do-pen-sie","status":"publish","type":"page","link":"https:\/\/www.ufsm.br\/orgaos-suplementares\/dag\/pen\/apoio-ao-usuario\/novas-funcionalidades\/campo-vinculo-nos-processos-do-pen-sie","title":{"rendered":"Campo &#8220;V\u00ednculo&#8221; nos processos do PEN-SIE"},"content":{"rendered":"\t\t<div data-elementor-type=\"wp-page\" data-elementor-id=\"1368\" class=\"elementor elementor-1368\">\n\t\t\t\t\t\t<section class=\"elementor-section elementor-top-section elementor-element elementor-element-a870b27 elementor-section-boxed elementor-section-height-default elementor-section-height-default\" data-id=\"a870b27\" data-element_type=\"section\">\n\t\t\t\t\t\t<div class=\"elementor-container elementor-column-gap-default\">\n\t\t\t\t\t<div class=\"elementor-column elementor-col-100 elementor-top-column elementor-element elementor-element-f11616e\" data-id=\"f11616e\" data-element_type=\"column\">\n\t\t\t<div class=\"elementor-widget-wrap elementor-element-populated\">\n\t\t\t\t\t\t<div class=\"elementor-element elementor-element-698047d elementor-widget elementor-widget-text-editor\" data-id=\"698047d\" data-element_type=\"widget\" data-widget_type=\"text-editor.default\">\n\t\t\t\t<div class=\"elementor-widget-container\">\n\t\t\t\t\t\t\t<p><span style=\"font-family: Geneva, Arial, Helvetica, sans-serif;font-size: small;text-align: justify\">Na tela de \u201c<\/span><strong style=\"font-family: Geneva, Arial, Helvetica, sans-serif;font-size: small;text-align: justify\">Novo Processo<\/strong><span style=\"font-family: Geneva, Arial, Helvetica, sans-serif;font-size: small;text-align: justify\">\u201d aparecer\u00e1 como primeira op\u00e7\u00e3o o campo \u201c<\/span><strong style=\"font-family: Geneva, Arial, Helvetica, sans-serif;font-size: small;text-align: justify\">V\u00ednculo<\/strong><span style=\"font-family: Geneva, Arial, Helvetica, sans-serif;font-size: small;text-align: justify\">\u201d, que mostrar\u00e1 como op\u00e7\u00f5es de sele\u00e7\u00e3o todos os tipos de v\u00ednculos ativos que o(a) usu\u00e1rio(a) possui, e tamb\u00e9m todos os demais perfis que este(a) j\u00e1 teve com a institui\u00e7\u00e3o. (Exemplos: servidor(a) aposentado(a)\/exonerado(a), estudante formado(a)\/transferido(a), etc).<\/span><br><\/p>\t\t\t\t\t\t<\/div>\n\t\t\t\t<\/div>\n\t\t\t\t\t<\/div>\n\t\t<\/div>\n\t\t\t\t\t<\/div>\n\t\t<\/section>\n\t\t\t\t<section class=\"elementor-section elementor-top-section elementor-element elementor-element-8b6a149 elementor-section-boxed elementor-section-height-default elementor-section-height-default\" data-id=\"8b6a149\" data-element_type=\"section\">\n\t\t\t\t\t\t<div class=\"elementor-container elementor-column-gap-default\">\n\t\t\t\t\t<div class=\"elementor-column elementor-col-100 elementor-top-column elementor-element elementor-element-555b18e\" data-id=\"555b18e\" data-element_type=\"column\">\n\t\t\t<div class=\"elementor-widget-wrap elementor-element-populated\">\n\t\t\t\t\t\t<div class=\"elementor-element elementor-element-05ccd02 elementor-widget elementor-widget-image\" data-id=\"05ccd02\" data-element_type=\"widget\" data-widget_type=\"image.default\">\n\t\t\t\t<div class=\"elementor-widget-container\">\n\t\t\t\t\t\t\t\t\t\t\t\t\t<img fetchpriority=\"high\" decoding=\"async\" width=\"1024\" height=\"412\" src=\"https:\/\/www.ufsm.br\/app\/uploads\/sites\/416\/2023\/08\/unnamed-1024x412.jpg\" class=\"attachment-large size-large wp-image-1371\" alt=\"\" srcset=\"https:\/\/www.ufsm.br\/app\/uploads\/sites\/416\/2023\/08\/unnamed-1024x412.jpg 1024w, https:\/\/www.ufsm.br\/app\/uploads\/sites\/416\/2023\/08\/unnamed-300x121.jpg 300w, https:\/\/www.ufsm.br\/app\/uploads\/sites\/416\/2023\/08\/unnamed-768x309.jpg 768w, https:\/\/www.ufsm.br\/app\/uploads\/sites\/416\/2023\/08\/unnamed.jpg 1087w\" sizes=\"(max-width: 1024px) 100vw, 1024px\" \/>\t\t\t\t\t\t\t\t\t\t\t\t\t<\/div>\n\t\t\t\t<\/div>\n\t\t\t\t\t<\/div>\n\t\t<\/div>\n\t\t\t\t\t<\/div>\n\t\t<\/section>\n\t\t\t\t<section class=\"elementor-section elementor-top-section elementor-element elementor-element-5bdadaf elementor-section-boxed elementor-section-height-default elementor-section-height-default\" data-id=\"5bdadaf\" data-element_type=\"section\">\n\t\t\t\t\t\t<div class=\"elementor-container elementor-column-gap-default\">\n\t\t\t\t\t<div class=\"elementor-column elementor-col-100 elementor-top-column elementor-element elementor-element-5636c37\" data-id=\"5636c37\" data-element_type=\"column\">\n\t\t\t<div class=\"elementor-widget-wrap elementor-element-populated\">\n\t\t\t\t\t\t<div class=\"elementor-element elementor-element-d4da7ff elementor-widget elementor-widget-text-editor\" data-id=\"d4da7ff\" data-element_type=\"widget\" data-widget_type=\"text-editor.default\">\n\t\t\t\t<div class=\"elementor-widget-container\">\n\t\t\t\t\t\t\t<p><span style=\"font-family: Geneva, Arial, Helvetica, sans-serif;font-size: small;text-align: justify\">Partindo do tipo de v\u00ednculo selecionado, o sistema ir\u00e1 apresentar as op\u00e7\u00f5es de Tipos Documentais dispon\u00edveis.<\/span><br><\/p>\t\t\t\t\t\t<\/div>\n\t\t\t\t<\/div>\n\t\t\t\t\t<\/div>\n\t\t<\/div>\n\t\t\t\t\t<\/div>\n\t\t<\/section>\n\t\t\t\t<section class=\"elementor-section elementor-top-section elementor-element elementor-element-efba080 elementor-section-boxed elementor-section-height-default elementor-section-height-default\" data-id=\"efba080\" data-element_type=\"section\">\n\t\t\t\t\t\t<div class=\"elementor-container elementor-column-gap-default\">\n\t\t\t\t\t<div class=\"elementor-column elementor-col-100 elementor-top-column elementor-element elementor-element-215f3a9\" data-id=\"215f3a9\" data-element_type=\"column\">\n\t\t\t<div class=\"elementor-widget-wrap elementor-element-populated\">\n\t\t\t\t\t\t<div class=\"elementor-element elementor-element-34169d6 elementor-widget elementor-widget-image\" data-id=\"34169d6\" data-element_type=\"widget\" data-widget_type=\"image.default\">\n\t\t\t\t<div class=\"elementor-widget-container\">\n\t\t\t\t\t\t\t\t\t\t\t\t\t<img decoding=\"async\" width=\"1024\" height=\"416\" src=\"https:\/\/www.ufsm.br\/app\/uploads\/sites\/416\/2023\/08\/unnamed-2-1024x416.jpg\" class=\"attachment-large size-large wp-image-1369\" alt=\"\" srcset=\"https:\/\/www.ufsm.br\/app\/uploads\/sites\/416\/2023\/08\/unnamed-2-1024x416.jpg 1024w, https:\/\/www.ufsm.br\/app\/uploads\/sites\/416\/2023\/08\/unnamed-2-300x122.jpg 300w, https:\/\/www.ufsm.br\/app\/uploads\/sites\/416\/2023\/08\/unnamed-2-768x312.jpg 768w, https:\/\/www.ufsm.br\/app\/uploads\/sites\/416\/2023\/08\/unnamed-2.jpg 1085w\" sizes=\"(max-width: 1024px) 100vw, 1024px\" \/>\t\t\t\t\t\t\t\t\t\t\t\t\t<\/div>\n\t\t\t\t<\/div>\n\t\t\t\t<div class=\"elementor-element elementor-element-78949ce elementor-view-default elementor-widget elementor-widget-icon\" data-id=\"78949ce\" data-element_type=\"widget\" data-widget_type=\"icon.default\">\n\t\t\t\t<div class=\"elementor-widget-container\">\n\t\t\t\t\t<div class=\"elementor-icon-wrapper\">\n\t\t\t<div class=\"elementor-icon\">\n\t\t\t<i aria-hidden=\"true\" class=\"fas fa-arrow-down\"><\/i>\t\t\t<\/div>\n\t\t<\/div>\n\t\t\t\t<\/div>\n\t\t\t\t<\/div>\n\t\t\t\t<div class=\"elementor-element elementor-element-73d964c elementor-widget elementor-widget-image\" data-id=\"73d964c\" data-element_type=\"widget\" data-widget_type=\"image.default\">\n\t\t\t\t<div class=\"elementor-widget-container\">\n\t\t\t\t\t\t\t\t\t\t\t\t\t<img decoding=\"async\" width=\"1024\" height=\"414\" src=\"https:\/\/www.ufsm.br\/app\/uploads\/sites\/416\/2023\/08\/unnamed-1-1024x414.jpg\" class=\"attachment-large size-large wp-image-1370\" alt=\"\" srcset=\"https:\/\/www.ufsm.br\/app\/uploads\/sites\/416\/2023\/08\/unnamed-1-1024x414.jpg 1024w, https:\/\/www.ufsm.br\/app\/uploads\/sites\/416\/2023\/08\/unnamed-1-300x121.jpg 300w, https:\/\/www.ufsm.br\/app\/uploads\/sites\/416\/2023\/08\/unnamed-1-768x311.jpg 768w, https:\/\/www.ufsm.br\/app\/uploads\/sites\/416\/2023\/08\/unnamed-1.jpg 1087w\" sizes=\"(max-width: 1024px) 100vw, 1024px\" \/>\t\t\t\t\t\t\t\t\t\t\t\t\t<\/div>\n\t\t\t\t<\/div>\n\t\t\t\t\t<\/div>\n\t\t<\/div>\n\t\t\t\t\t<\/div>\n\t\t<\/section>\n\t\t\t\t<section class=\"elementor-section elementor-top-section elementor-element elementor-element-3105632 elementor-section-boxed elementor-section-height-default elementor-section-height-default\" data-id=\"3105632\" data-element_type=\"section\">\n\t\t\t\t\t\t<div class=\"elementor-container elementor-column-gap-default\">\n\t\t\t\t\t<div class=\"elementor-column elementor-col-100 elementor-top-column elementor-element elementor-element-844ec79\" data-id=\"844ec79\" data-element_type=\"column\">\n\t\t\t<div class=\"elementor-widget-wrap elementor-element-populated\">\n\t\t\t\t\t\t<div class=\"elementor-element elementor-element-f0d497f elementor-widget elementor-widget-text-editor\" data-id=\"f0d497f\" data-element_type=\"widget\" data-widget_type=\"text-editor.default\">\n\t\t\t\t<div class=\"elementor-widget-container\">\n\t\t\t\t\t\t\t<p><span style=\"color: #222222;font-family: Geneva, Arial, Helvetica, sans-serif;font-size: small;text-align: justify\">Com a nova funcionalidade, n\u00e3o ser\u00e1 mais necess\u00e1rio os(as) usu\u00e1rios(as) que j\u00e1 perderam seu v\u00ednculo com a UFSM fazerem o \u201cCadastro de Usu\u00e1rios Externos\u201d para poderem interagir processualmente. Al\u00e9m disso, a mudan\u00e7a ir\u00e1 proporcionar a abertura de processos pelo(a) pr\u00f3prio(a) usu\u00e1rio(a) que n\u00e3o est\u00e1 mais ativo(a), n\u00e3o sendo necess\u00e1rio encaminhar a documenta\u00e7\u00e3o para o Protocolo\/UFSM.<\/span><br style=\"color: #222222;font-family: Geneva, Arial, Helvetica, sans-serif;font-size: small;text-align: justify\" \/><br style=\"color: #222222;font-family: Geneva, Arial, Helvetica, sans-serif;font-size: small;text-align: justify\" \/><span style=\"color: #222222;font-family: Geneva, Arial, Helvetica, sans-serif;font-size: small;text-align: justify\">As tipologias processuais est\u00e3o sendo ajustada e adaptadas \u00e0 nova funcionalidade junto com as unidades respons\u00e1veis, e qualquer d\u00favida pode ser sanada pelos nosso e-mail.<\/span><\/p>\t\t\t\t\t\t<\/div>\n\t\t\t\t<\/div>\n\t\t\t\t\t<\/div>\n\t\t<\/div>\n\t\t\t\t\t<\/div>\n\t\t<\/section>\n\t\t\t\t<\/div>\n\t\t","protected":false},"excerpt":{"rendered":"<p>Na tela de \u201cNovo Processo\u201d aparecer\u00e1 como primeira op\u00e7\u00e3o o campo \u201cV\u00ednculo\u201d, que mostrar\u00e1 como op\u00e7\u00f5es de sele\u00e7\u00e3o todos os tipos de v\u00ednculos ativos que o(a) usu\u00e1rio(a) possui, e tamb\u00e9m todos os demais perfis que este(a) j\u00e1 teve com a institui\u00e7\u00e3o. (Exemplos: servidor(a) aposentado(a)\/exonerado(a), estudante formado(a)\/transferido(a), etc). Partindo do tipo de v\u00ednculo selecionado, o sistema [&hellip;]<\/p>\n","protected":false},"author":3073,"featured_media":0,"parent":443,"menu_order":0,"comment_status":"closed","ping_status":"closed","template":"","meta":{"footnotes":""},"categories":[62,58],"tags":[20,68,26,19,63],"class_list":["post-1368","page","type-page","status-publish","hentry","category-apoio-ao-usuario","category-funcionalidades","tag-dag","tag-funcionalidades","tag-pen","tag-pen-sie","tag-processos"],"acf":[],"_links":{"self":[{"href":"https:\/\/www.ufsm.br\/orgaos-suplementares\/dag\/pen\/wp-json\/wp\/v2\/pages\/1368","targetHints":{"allow":["GET"]}}],"collection":[{"href":"https:\/\/www.ufsm.br\/orgaos-suplementares\/dag\/pen\/wp-json\/wp\/v2\/pages"}],"about":[{"href":"https:\/\/www.ufsm.br\/orgaos-suplementares\/dag\/pen\/wp-json\/wp\/v2\/types\/page"}],"author":[{"embeddable":true,"href":"https:\/\/www.ufsm.br\/orgaos-suplementares\/dag\/pen\/wp-json\/wp\/v2\/users\/3073"}],"replies":[{"embeddable":true,"href":"https:\/\/www.ufsm.br\/orgaos-suplementares\/dag\/pen\/wp-json\/wp\/v2\/comments?post=1368"}],"version-history":[{"count":0,"href":"https:\/\/www.ufsm.br\/orgaos-suplementares\/dag\/pen\/wp-json\/wp\/v2\/pages\/1368\/revisions"}],"up":[{"embeddable":true,"href":"https:\/\/www.ufsm.br\/orgaos-suplementares\/dag\/pen\/wp-json\/wp\/v2\/pages\/443"}],"wp:attachment":[{"href":"https:\/\/www.ufsm.br\/orgaos-suplementares\/dag\/pen\/wp-json\/wp\/v2\/media?parent=1368"}],"wp:term":[{"taxonomy":"category","embeddable":true,"href":"https:\/\/www.ufsm.br\/orgaos-suplementares\/dag\/pen\/wp-json\/wp\/v2\/categories?post=1368"},{"taxonomy":"post_tag","embeddable":true,"href":"https:\/\/www.ufsm.br\/orgaos-suplementares\/dag\/pen\/wp-json\/wp\/v2\/tags?post=1368"}],"curies":[{"name":"wp","href":"https:\/\/api.w.org\/{rel}","templated":true}]}}