{"id":1375,"date":"2023-09-18T10:43:47","date_gmt":"2023-09-18T13:43:47","guid":{"rendered":"https:\/\/www.ufsm.br\/orgaos-suplementares\/dag\/pen\/?page_id=1375"},"modified":"2023-09-18T11:01:28","modified_gmt":"2023-09-18T14:01:28","slug":"tramita-gov-br","status":"publish","type":"page","link":"https:\/\/www.ufsm.br\/orgaos-suplementares\/dag\/pen\/tramita-gov-br","title":{"rendered":"Tramita.GOV.BR"},"content":{"rendered":"\t\t<div data-elementor-type=\"wp-page\" data-elementor-id=\"1375\" class=\"elementor elementor-1375\">\n\t\t\t\t\t\t<section class=\"elementor-section elementor-top-section elementor-element elementor-element-6631b01 elementor-section-boxed elementor-section-height-default elementor-section-height-default\" data-id=\"6631b01\" data-element_type=\"section\">\n\t\t\t\t\t\t<div class=\"elementor-container elementor-column-gap-default\">\n\t\t\t\t\t<div class=\"elementor-column elementor-col-100 elementor-top-column elementor-element elementor-element-d5042b9\" data-id=\"d5042b9\" data-element_type=\"column\">\n\t\t\t<div class=\"elementor-widget-wrap elementor-element-populated\">\n\t\t\t\t\t\t<div class=\"elementor-element elementor-element-f507c0f elementor-widget elementor-widget-image\" data-id=\"f507c0f\" data-element_type=\"widget\" data-widget_type=\"image.default\">\n\t\t\t\t<div class=\"elementor-widget-container\">\n\t\t\t\t\t\t\t\t\t\t\t\t\t<img fetchpriority=\"high\" decoding=\"async\" width=\"1280\" height=\"400\" src=\"https:\/\/www.ufsm.br\/app\/uploads\/sites\/416\/2023\/09\/card_tramita-1.jpeg\" class=\"attachment-full size-full wp-image-1378\" alt=\"Banner sobre o Tramita.GOV.BR. em branco e amarelo com foto de pessoa no notebook\" srcset=\"https:\/\/www.ufsm.br\/app\/uploads\/sites\/416\/2023\/09\/card_tramita-1.jpeg 1280w, https:\/\/www.ufsm.br\/app\/uploads\/sites\/416\/2023\/09\/card_tramita-1-300x94.jpeg 300w, https:\/\/www.ufsm.br\/app\/uploads\/sites\/416\/2023\/09\/card_tramita-1-1024x320.jpeg 1024w, https:\/\/www.ufsm.br\/app\/uploads\/sites\/416\/2023\/09\/card_tramita-1-768x240.jpeg 768w\" sizes=\"(max-width: 1280px) 100vw, 1280px\" \/>\t\t\t\t\t\t\t\t\t\t\t\t\t<\/div>\n\t\t\t\t<\/div>\n\t\t\t\t\t<\/div>\n\t\t<\/div>\n\t\t\t\t\t<\/div>\n\t\t<\/section>\n\t\t\t\t<section class=\"elementor-section elementor-top-section elementor-element elementor-element-268a628 elementor-section-boxed elementor-section-height-default elementor-section-height-default\" data-id=\"268a628\" data-element_type=\"section\">\n\t\t\t\t\t\t<div class=\"elementor-container elementor-column-gap-default\">\n\t\t\t\t\t<div class=\"elementor-column elementor-col-100 elementor-top-column elementor-element elementor-element-f804b65\" data-id=\"f804b65\" data-element_type=\"column\">\n\t\t\t<div class=\"elementor-widget-wrap elementor-element-populated\">\n\t\t\t\t\t\t<div class=\"elementor-element elementor-element-5118b08 elementor-widget elementor-widget-heading\" data-id=\"5118b08\" data-element_type=\"widget\" data-widget_type=\"heading.default\">\n\t\t\t\t<div class=\"elementor-widget-container\">\n\t\t\t<h2 class=\"elementor-heading-title elementor-size-default\">O que \u00e9<\/h2>\t\t<\/div>\n\t\t\t\t<\/div>\n\t\t\t\t\t<\/div>\n\t\t<\/div>\n\t\t\t\t\t<\/div>\n\t\t<\/section>\n\t\t\t\t<section class=\"elementor-section elementor-top-section elementor-element elementor-element-7d7c4f1 elementor-section-boxed elementor-section-height-default elementor-section-height-default\" data-id=\"7d7c4f1\" data-element_type=\"section\">\n\t\t\t\t\t\t<div class=\"elementor-container elementor-column-gap-default\">\n\t\t\t\t\t<div class=\"elementor-column elementor-col-100 elementor-top-column elementor-element elementor-element-da69697\" data-id=\"da69697\" data-element_type=\"column\">\n\t\t\t<div class=\"elementor-widget-wrap elementor-element-populated\">\n\t\t\t\t\t\t<div class=\"elementor-element elementor-element-d10a05a elementor-widget elementor-widget-text-editor\" data-id=\"d10a05a\" data-element_type=\"widget\" data-widget_type=\"text-editor.default\">\n\t\t\t\t<div class=\"elementor-widget-container\">\n\t\t\t\t\t\t\t<p><span style=\"color: #555555;font-family: rawline, helvetica, arial, sans-serif;font-size: 16px\">O<\/span><a class=\"internal-link\" style=\"margin: 0px;padding: 0px;color: #1351b4;font-family: rawline, helvetica, arial, sans-serif;font-size: 16px;line-height: 1.75;border: 0px;vertical-align: baseline\" title=\"\" href=\"https:\/\/www.gov.br\/economia\/pt-br\/assuntos\/processo-eletronico-nacional\/conteudo\/tramita.gov.br\" target=\"_blank\" rel=\"noopener\" data-tippreview-image=\"\" data-tippreview-title=\"\" data-tippreview-enabled=\"false\">\u00a0Tramita.GOV.BR<\/a><span style=\"color: #555555;font-family: rawline, helvetica, arial, sans-serif;font-size: 16px\">\u00a0(anteriormente, Barramento de Servi\u00e7os do PEN) destina-se \u00e0 tramita\u00e7\u00e3o de processos administrativos eletr\u00f4nicos e documentos avulsos, em meio eletr\u00f4nico, entre os diversos Sistemas de Processo Administrativo Eletr\u00f4nico (SPE) existentes, com incrementos de seguran\u00e7a, integridade, agilidade e redu\u00e7\u00e3o de custos no servi\u00e7o p\u00fablico.\u00a0<\/span><br style=\"margin: 0px;padding: 0px;color: #555555;font-family: rawline, helvetica, arial, sans-serif;font-size: 16px\" \/><span style=\"color: #555555;font-family: rawline, helvetica, arial, sans-serif;font-size: 16px\">\u00a0<\/span><br style=\"margin: 0px;padding: 0px;color: #555555;font-family: rawline, helvetica, arial, sans-serif;font-size: 16px\" \/><span style=\"color: #555555;font-family: rawline, helvetica, arial, sans-serif;font-size: 16px\">A ado\u00e7\u00e3o da plataforma se traduz em um significativo impacto em termos de agilidade e capilaridade da Administra\u00e7\u00e3o P\u00fablica,\u00a0 visto que o Tramita.GOV.BR possibilita a interoperabilidade entre os mais diversos sistemas utilizados pelos \u00f3rg\u00e3os e entidades da Administra\u00e7\u00e3o P\u00fablica. Mais informa\u00e7\u00f5es em:\u00a0<\/span><a class=\"internal-link\" style=\"margin: 0px;padding: 0px;color: #1351b4;font-family: rawline, helvetica, arial, sans-serif;font-size: 16px;line-height: 1.75;border: 0px;vertical-align: baseline\" title=\"\" href=\"https:\/\/www.gov.br\/economia\/pt-br\/assuntos\/processo-eletronico-nacional\/conteudo\/tramita.gov.br\" target=\"_blank\" rel=\"noopener\" data-tippreview-image=\"\" data-tippreview-title=\"\" data-tippreview-enabled=\"false\">gov.br\/tramita<\/a><span style=\"color: #555555;font-family: rawline, helvetica, arial, sans-serif;font-size: 16px\">.<\/span><\/p>\t\t\t\t\t\t<\/div>\n\t\t\t\t<\/div>\n\t\t\t\t\t<\/div>\n\t\t<\/div>\n\t\t\t\t\t<\/div>\n\t\t<\/section>\n\t\t\t\t<section class=\"elementor-section elementor-top-section elementor-element elementor-element-857c8a1 elementor-section-boxed elementor-section-height-default elementor-section-height-default\" data-id=\"857c8a1\" data-element_type=\"section\">\n\t\t\t\t\t\t<div class=\"elementor-container elementor-column-gap-default\">\n\t\t\t\t\t<div class=\"elementor-column elementor-col-100 elementor-top-column elementor-element elementor-element-12258ba\" data-id=\"12258ba\" data-element_type=\"column\">\n\t\t\t<div class=\"elementor-widget-wrap elementor-element-populated\">\n\t\t\t\t\t\t<div class=\"elementor-element elementor-element-32e9859 elementor-widget elementor-widget-heading\" data-id=\"32e9859\" data-element_type=\"widget\" data-widget_type=\"heading.default\">\n\t\t\t\t<div class=\"elementor-widget-container\">\n\t\t\t<h2 class=\"elementor-heading-title elementor-size-default\">Normativo<\/h2>\t\t<\/div>\n\t\t\t\t<\/div>\n\t\t\t\t\t<\/div>\n\t\t<\/div>\n\t\t\t\t\t<\/div>\n\t\t<\/section>\n\t\t\t\t<section class=\"elementor-section elementor-top-section elementor-element elementor-element-87170d0 elementor-section-boxed elementor-section-height-default elementor-section-height-default\" data-id=\"87170d0\" data-element_type=\"section\">\n\t\t\t\t\t\t<div class=\"elementor-container elementor-column-gap-default\">\n\t\t\t\t\t<div class=\"elementor-column elementor-col-100 elementor-top-column elementor-element elementor-element-dcfc484\" data-id=\"dcfc484\" data-element_type=\"column\">\n\t\t\t<div class=\"elementor-widget-wrap elementor-element-populated\">\n\t\t\t\t\t\t<div class=\"elementor-element elementor-element-47fd99a elementor-widget elementor-widget-text-editor\" data-id=\"47fd99a\" data-element_type=\"widget\" data-widget_type=\"text-editor.default\">\n\t\t\t\t<div class=\"elementor-widget-container\">\n\t\t\t\t\t\t\t<p><span style=\"font-family: rawline, helvetica, arial, sans-serif;font-size: 16px\">A base legal da ampla ado\u00e7\u00e3o da plataforma \u00e9 a\u202f<\/span><a href=\"https:\/\/www.in.gov.br\/en\/web\/dou\/-\/portaria-seges\/me-n-9.412-de-26-de-outubro-de-2022-440014685\" title=\"\" target=\"_blank\" data-tippreview-enabled=\"false\" data-tippreview-image=\"\" data-tippreview-title=\"\" class=\"external-link\" style=\"margin: 0px;padding: 0px;font-family: rawline, helvetica, arial, sans-serif;font-size: 16px;line-height: 1.75;border: 0px;vertical-align: baseline\">Portaria n\u00ba 9.412, de 26 de outubro de 2022<\/a><span style=\"font-family: rawline, helvetica, arial, sans-serif;font-size: 16px\">, que institui a plataforma digital de comunica\u00e7\u00e3o entre sistemas de processo administrativo eletr\u00f4nico &#8211; Tramita.GOV.BR, no \u00e2mbito da administra\u00e7\u00e3o p\u00fablica federal direta, aut\u00e1rquica e fundacional.<\/span><br><\/p>\t\t\t\t\t\t<\/div>\n\t\t\t\t<\/div>\n\t\t\t\t\t<\/div>\n\t\t<\/div>\n\t\t\t\t\t<\/div>\n\t\t<\/section>\n\t\t\t\t<section class=\"elementor-section elementor-top-section elementor-element elementor-element-27cd92a elementor-section-boxed elementor-section-height-default elementor-section-height-default\" data-id=\"27cd92a\" data-element_type=\"section\">\n\t\t\t\t\t\t<div class=\"elementor-container elementor-column-gap-default\">\n\t\t\t\t\t<div class=\"elementor-column elementor-col-100 elementor-top-column elementor-element elementor-element-29ca3c4\" data-id=\"29ca3c4\" data-element_type=\"column\">\n\t\t\t<div class=\"elementor-widget-wrap elementor-element-populated\">\n\t\t\t\t\t\t<div class=\"elementor-element elementor-element-7cf7094 elementor-widget elementor-widget-heading\" data-id=\"7cf7094\" data-element_type=\"widget\" data-widget_type=\"heading.default\">\n\t\t\t\t<div class=\"elementor-widget-container\">\n\t\t\t<h2 class=\"elementor-heading-title elementor-size-default\">Unidades Receptoras<\/h2>\t\t<\/div>\n\t\t\t\t<\/div>\n\t\t\t\t\t<\/div>\n\t\t<\/div>\n\t\t\t\t\t<\/div>\n\t\t<\/section>\n\t\t\t\t<section class=\"elementor-section elementor-top-section elementor-element elementor-element-69ffe5f elementor-section-boxed elementor-section-height-default elementor-section-height-default\" data-id=\"69ffe5f\" data-element_type=\"section\">\n\t\t\t\t\t\t<div class=\"elementor-container elementor-column-gap-default\">\n\t\t\t\t\t<div class=\"elementor-column elementor-col-100 elementor-top-column elementor-element elementor-element-1b74e72\" data-id=\"1b74e72\" data-element_type=\"column\">\n\t\t\t<div class=\"elementor-widget-wrap elementor-element-populated\">\n\t\t\t\t\t\t<div class=\"elementor-element elementor-element-6a8a9a2 elementor-widget elementor-widget-text-editor\" data-id=\"6a8a9a2\" data-element_type=\"widget\" data-widget_type=\"text-editor.default\">\n\t\t\t\t<div class=\"elementor-widget-container\">\n\t\t\t\t\t\t\t<p>S\u00e3o, por sua vez, as unidades configuradas para enviar processos por meio do Tramita.GOV.BR.<\/p>\t\t\t\t\t\t<\/div>\n\t\t\t\t<\/div>\n\t\t\t\t\t<\/div>\n\t\t<\/div>\n\t\t\t\t\t<\/div>\n\t\t<\/section>\n\t\t\t\t<section class=\"elementor-section elementor-top-section elementor-element elementor-element-b68ad72 elementor-section-boxed elementor-section-height-default elementor-section-height-default\" data-id=\"b68ad72\" data-element_type=\"section\">\n\t\t\t\t\t\t<div class=\"elementor-container elementor-column-gap-default\">\n\t\t\t\t\t<div class=\"elementor-column elementor-col-100 elementor-top-column elementor-element elementor-element-b58842f\" data-id=\"b58842f\" data-element_type=\"column\">\n\t\t\t<div class=\"elementor-widget-wrap elementor-element-populated\">\n\t\t\t\t\t\t<div class=\"elementor-element elementor-element-bb966f7 elementor-widget elementor-widget-heading\" data-id=\"bb966f7\" data-element_type=\"widget\" data-widget_type=\"heading.default\">\n\t\t\t\t<div class=\"elementor-widget-container\">\n\t\t\t<h5 class=\"elementor-heading-title elementor-size-default\">A unidade receptora da Universidade Federal de Santa Maria \u00e9:<\/h5>\t\t<\/div>\n\t\t\t\t<\/div>\n\t\t\t\t\t<\/div>\n\t\t<\/div>\n\t\t\t\t\t<\/div>\n\t\t<\/section>\n\t\t\t\t<section class=\"elementor-section elementor-top-section elementor-element elementor-element-772d5cc elementor-section-boxed elementor-section-height-default elementor-section-height-default\" data-id=\"772d5cc\" data-element_type=\"section\">\n\t\t\t\t\t\t<div class=\"elementor-container elementor-column-gap-default\">\n\t\t\t\t\t<div class=\"elementor-column elementor-col-100 elementor-top-column elementor-element elementor-element-4a7f62a\" data-id=\"4a7f62a\" data-element_type=\"column\">\n\t\t\t<div class=\"elementor-widget-wrap elementor-element-populated\">\n\t\t\t\t\t\t<div class=\"elementor-element elementor-element-91afae8 elementor-widget elementor-widget-html\" data-id=\"91afae8\" data-element_type=\"widget\" data-widget_type=\"html.default\">\n\t\t\t\t<div class=\"elementor-widget-container\">\n\t\t\t<table class=\"plain\" border=\"0\">\r\n<tbody>\r\n<tr>\r\n<td><strong>Nome da Unidade do Tramita.GOV.BR<\/strong><\/td>\r\n<td><strong>ID do Tramita.GOV.BR<\/strong><\/td>\r\n<td><strong>E-mail Corporativo da Unidade<\/strong><\/td>\r\n<td><strong>Telefone Corporativo da Unidade<\/strong><\/td>\r\n<\/tr>\r\n<tr>\r\n<td>Universidade Federal de Santa Maria - UFSM\/MEC\/PR\/PE\/UNIAO<\/td>\r\n<td>56214<\/td>\r\n<td>protocolodag@ufsm.br<\/td>\r\n<td>(55)3220-8233<\/td>\r\n<\/tr>\r\n<\/tbody>\r\n<\/table>\t\t<\/div>\n\t\t\t\t<\/div>\n\t\t\t\t\t<\/div>\n\t\t<\/div>\n\t\t\t\t\t<\/div>\n\t\t<\/section>\n\t\t\t\t<section class=\"elementor-section elementor-top-section elementor-element elementor-element-cf96f8a elementor-section-boxed elementor-section-height-default elementor-section-height-default\" data-id=\"cf96f8a\" data-element_type=\"section\">\n\t\t\t\t\t\t<div class=\"elementor-container elementor-column-gap-default\">\n\t\t\t\t\t<div class=\"elementor-column elementor-col-100 elementor-top-column elementor-element elementor-element-732a463\" data-id=\"732a463\" data-element_type=\"column\">\n\t\t\t<div class=\"elementor-widget-wrap elementor-element-populated\">\n\t\t\t\t\t\t<div class=\"elementor-element elementor-element-78da4c3 elementor-widget elementor-widget-heading\" data-id=\"78da4c3\" data-element_type=\"widget\" data-widget_type=\"heading.default\">\n\t\t\t\t<div class=\"elementor-widget-container\">\n\t\t\t<h2 class=\"elementor-heading-title elementor-size-default\">Unidades Protocolizadoras<\/h2>\t\t<\/div>\n\t\t\t\t<\/div>\n\t\t\t\t\t<\/div>\n\t\t<\/div>\n\t\t\t\t\t<\/div>\n\t\t<\/section>\n\t\t\t\t<section class=\"elementor-section elementor-top-section elementor-element elementor-element-4207354 elementor-section-boxed elementor-section-height-default elementor-section-height-default\" data-id=\"4207354\" data-element_type=\"section\">\n\t\t\t\t\t\t<div class=\"elementor-container elementor-column-gap-default\">\n\t\t\t\t\t<div class=\"elementor-column elementor-col-100 elementor-top-column elementor-element elementor-element-b6e1bd2\" data-id=\"b6e1bd2\" data-element_type=\"column\">\n\t\t\t<div class=\"elementor-widget-wrap elementor-element-populated\">\n\t\t\t\t\t\t<div class=\"elementor-element elementor-element-4153762 elementor-widget elementor-widget-text-editor\" data-id=\"4153762\" data-element_type=\"widget\" data-widget_type=\"text-editor.default\">\n\t\t\t\t<div class=\"elementor-widget-container\">\n\t\t\t\t\t\t\t<p>S\u00e3o, por sua vez, as unidades configuradas para enviar processos por meio do Tramita.GOV.BR.<\/p>\t\t\t\t\t\t<\/div>\n\t\t\t\t<\/div>\n\t\t\t\t\t<\/div>\n\t\t<\/div>\n\t\t\t\t\t<\/div>\n\t\t<\/section>\n\t\t\t\t<section class=\"elementor-section elementor-top-section elementor-element elementor-element-81feb4a elementor-section-boxed elementor-section-height-default elementor-section-height-default\" data-id=\"81feb4a\" data-element_type=\"section\">\n\t\t\t\t\t\t<div class=\"elementor-container elementor-column-gap-default\">\n\t\t\t\t\t<div class=\"elementor-column elementor-col-100 elementor-top-column elementor-element elementor-element-85b8e89\" data-id=\"85b8e89\" data-element_type=\"column\">\n\t\t\t<div class=\"elementor-widget-wrap elementor-element-populated\">\n\t\t\t\t\t\t<div class=\"elementor-element elementor-element-40bc3da elementor-widget elementor-widget-heading\" data-id=\"40bc3da\" data-element_type=\"widget\" data-widget_type=\"heading.default\">\n\t\t\t\t<div class=\"elementor-widget-container\">\n\t\t\t<h5 class=\"elementor-heading-title elementor-size-default\">A unidade protocolizadora da Universidade Federal de Santa Maria \u00e9:<\/h5>\t\t<\/div>\n\t\t\t\t<\/div>\n\t\t\t\t\t<\/div>\n\t\t<\/div>\n\t\t\t\t\t<\/div>\n\t\t<\/section>\n\t\t\t\t<section class=\"elementor-section elementor-top-section elementor-element elementor-element-eedb81b elementor-section-boxed elementor-section-height-default elementor-section-height-default\" data-id=\"eedb81b\" data-element_type=\"section\">\n\t\t\t\t\t\t<div class=\"elementor-container elementor-column-gap-default\">\n\t\t\t\t\t<div class=\"elementor-column elementor-col-100 elementor-top-column elementor-element elementor-element-31f3796\" data-id=\"31f3796\" data-element_type=\"column\">\n\t\t\t<div class=\"elementor-widget-wrap elementor-element-populated\">\n\t\t\t\t\t\t<div class=\"elementor-element elementor-element-35c861d elementor-widget elementor-widget-html\" data-id=\"35c861d\" data-element_type=\"widget\" data-widget_type=\"html.default\">\n\t\t\t\t<div class=\"elementor-widget-container\">\n\t\t\t<table class=\"plain\" border=\"0\">\r\n<tbody>\r\n<tr>\r\n<td><strong>Nome da Unidade do Tramita.GOV.BR<\/strong><\/td>\r\n<td><strong>ID do Tramita.GOV.BR<\/strong><\/td>\r\n<td><strong>E-mail Corporativo da Unidade<\/strong><\/td>\r\n<td><strong>Telefone Corporativo da Unidade<\/strong><\/td>\r\n<\/tr>\r\n<tr>\r\n<td>Universidade Federal de Santa Maria - UFSM\/MEC\/PR\/PE\/UNIAO<\/td>\r\n<td>56214<\/td>\r\n<td>protocolodag@ufsm.br<\/td>\r\n<td>(55)3220-8233<\/td>\r\n<\/tr>\r\n<\/tbody>\r\n<\/table>\t\t<\/div>\n\t\t\t\t<\/div>\n\t\t\t\t\t<\/div>\n\t\t<\/div>\n\t\t\t\t\t<\/div>\n\t\t<\/section>\n\t\t\t\t<\/div>\n\t\t","protected":false},"excerpt":{"rendered":"<p>O que \u00e9 O\u00a0Tramita.GOV.BR\u00a0(anteriormente, Barramento de Servi\u00e7os do PEN) destina-se \u00e0 tramita\u00e7\u00e3o de processos administrativos eletr\u00f4nicos e documentos avulsos, em meio eletr\u00f4nico, entre os diversos Sistemas de Processo Administrativo Eletr\u00f4nico (SPE) existentes, com incrementos de seguran\u00e7a, integridade, agilidade e redu\u00e7\u00e3o de custos no servi\u00e7o p\u00fablico.\u00a0\u00a0A ado\u00e7\u00e3o da plataforma se traduz em um significativo impacto em [&hellip;]<\/p>\n","protected":false},"author":3073,"featured_media":1377,"parent":0,"menu_order":0,"comment_status":"closed","ping_status":"closed","template":"","meta":{"footnotes":""},"categories":[70],"tags":[68,26,19,63,96],"class_list":["post-1375","page","type-page","status-publish","has-post-thumbnail","hentry","category-paginas-do-banner","tag-funcionalidades","tag-pen","tag-pen-sie","tag-processos","tag-tramita-gov-br"],"acf":[],"_links":{"self":[{"href":"https:\/\/www.ufsm.br\/orgaos-suplementares\/dag\/pen\/wp-json\/wp\/v2\/pages\/1375","targetHints":{"allow":["GET"]}}],"collection":[{"href":"https:\/\/www.ufsm.br\/orgaos-suplementares\/dag\/pen\/wp-json\/wp\/v2\/pages"}],"about":[{"href":"https:\/\/www.ufsm.br\/orgaos-suplementares\/dag\/pen\/wp-json\/wp\/v2\/types\/page"}],"author":[{"embeddable":true,"href":"https:\/\/www.ufsm.br\/orgaos-suplementares\/dag\/pen\/wp-json\/wp\/v2\/users\/3073"}],"replies":[{"embeddable":true,"href":"https:\/\/www.ufsm.br\/orgaos-suplementares\/dag\/pen\/wp-json\/wp\/v2\/comments?post=1375"}],"version-history":[{"count":0,"href":"https:\/\/www.ufsm.br\/orgaos-suplementares\/dag\/pen\/wp-json\/wp\/v2\/pages\/1375\/revisions"}],"wp:featuredmedia":[{"embeddable":true,"href":"https:\/\/www.ufsm.br\/orgaos-suplementares\/dag\/pen\/wp-json\/wp\/v2\/media\/1377"}],"wp:attachment":[{"href":"https:\/\/www.ufsm.br\/orgaos-suplementares\/dag\/pen\/wp-json\/wp\/v2\/media?parent=1375"}],"wp:term":[{"taxonomy":"category","embeddable":true,"href":"https:\/\/www.ufsm.br\/orgaos-suplementares\/dag\/pen\/wp-json\/wp\/v2\/categories?post=1375"},{"taxonomy":"post_tag","embeddable":true,"href":"https:\/\/www.ufsm.br\/orgaos-suplementares\/dag\/pen\/wp-json\/wp\/v2\/tags?post=1375"}],"curies":[{"name":"wp","href":"https:\/\/api.w.org\/{rel}","templated":true}]}}