{"id":1511,"date":"2024-03-11T16:03:41","date_gmt":"2024-03-11T19:03:41","guid":{"rendered":"https:\/\/www.ufsm.br\/orgaos-suplementares\/dag\/pen\/?page_id=1511"},"modified":"2024-03-11T16:12:15","modified_gmt":"2024-03-11T19:12:15","slug":"tutorial-do-processo-de-prestacao-de-contas-de-contratos-convenios-e-instrumentos-congeneres-com-fundacoes","status":"publish","type":"page","link":"https:\/\/www.ufsm.br\/orgaos-suplementares\/dag\/pen\/tutorial-do-processo-de-prestacao-de-contas-de-contratos-convenios-e-instrumentos-congeneres-com-fundacoes","title":{"rendered":"Tutorial do Processo de presta\u00e7\u00e3o de contas de contratos, conv\u00eanios e instrumentos cong\u00eaneres com funda\u00e7\u00f5es"},"content":{"rendered":"\t\t<div data-elementor-type=\"wp-page\" data-elementor-id=\"1511\" class=\"elementor elementor-1511\">\n\t\t\t\t\t\t<section class=\"elementor-section elementor-top-section elementor-element elementor-element-377ae06 elementor-section-boxed elementor-section-height-default elementor-section-height-default\" data-id=\"377ae06\" data-element_type=\"section\">\n\t\t\t\t\t\t<div class=\"elementor-container elementor-column-gap-default\">\n\t\t\t\t\t<div class=\"elementor-column elementor-col-100 elementor-top-column elementor-element elementor-element-aa344f4\" data-id=\"aa344f4\" data-element_type=\"column\">\n\t\t\t<div class=\"elementor-widget-wrap elementor-element-populated\">\n\t\t\t\t\t\t<div class=\"elementor-element elementor-element-bcd469f elementor-widget elementor-widget-text-editor\" data-id=\"bcd469f\" data-element_type=\"widget\" data-widget_type=\"text-editor.default\">\n\t\t\t\t<div class=\"elementor-widget-container\">\n\t\t\t\t\t\t\t<p>A abertura no PEN-SIE\/UFSM do Processo de presta\u00e7\u00e3o de contas de contratos, conv\u00eanios e instrumentos cong\u00eaneres com funda\u00e7\u00f5es inicia pela Funda\u00e7\u00e3o de Apoio interessada.<\/p><p>A Funda\u00e7\u00e3o dever\u00e1 estar devidamente cadastrada no sistema para proceder a abertura do processo.<\/p><p>Para solicitar o cadastro \u00e9 necess\u00e1rio preencher um formul\u00e1rio de solicita\u00e7\u00e3o atrav\u00e9s do <strong><a href=\"https:\/\/www.ufsm.br\/orgaos-suplementares\/dag\/pen\/servicos\/cadastro-de-usuarios-externos\" target=\"_blank\" rel=\"noopener\">Cadastro de usu\u00e1rios externos \u2013 PEN (ufsm.br)<\/a><\/strong> e seguir as orienta\u00e7\u00f5es encaminhas ao e-mail cadastrado.<\/p><p>Segue link do <strong><a href=\"https:\/\/www.ufsm.br\/app\/uploads\/sites\/416\/2024\/03\/tutorial-Processo-de-prestacao-de-contas-de-contratos-convenios-e-instrumentos-congeneres-com-fundacoes.pdf\">tutorial Processo de presta\u00e7\u00e3o de contas de contratos, conv\u00eanios e instrumentos cong\u00eaneres com funda\u00e7\u00f5es<\/a><\/strong>.<\/p>\t\t\t\t\t\t<\/div>\n\t\t\t\t<\/div>\n\t\t\t\t\t<\/div>\n\t\t<\/div>\n\t\t\t\t\t<\/div>\n\t\t<\/section>\n\t\t\t\t<\/div>\n\t\t","protected":false},"excerpt":{"rendered":"<p>A abertura no PEN-SIE\/UFSM do Processo de presta\u00e7\u00e3o de contas de contratos, conv\u00eanios e instrumentos cong\u00eaneres com funda\u00e7\u00f5es inicia pela Funda\u00e7\u00e3o de Apoio interessada. A Funda\u00e7\u00e3o dever\u00e1 estar devidamente cadastrada no sistema para proceder a abertura do processo. Para solicitar o cadastro \u00e9 necess\u00e1rio preencher um formul\u00e1rio de solicita\u00e7\u00e3o atrav\u00e9s do Cadastro de usu\u00e1rios externos [&hellip;]<\/p>\n","protected":false},"author":1277,"featured_media":0,"parent":0,"menu_order":0,"comment_status":"closed","ping_status":"closed","template":"","meta":{"footnotes":""},"categories":[],"tags":[],"class_list":["post-1511","page","type-page","status-publish","hentry"],"acf":[],"_links":{"self":[{"href":"https:\/\/www.ufsm.br\/orgaos-suplementares\/dag\/pen\/wp-json\/wp\/v2\/pages\/1511","targetHints":{"allow":["GET"]}}],"collection":[{"href":"https:\/\/www.ufsm.br\/orgaos-suplementares\/dag\/pen\/wp-json\/wp\/v2\/pages"}],"about":[{"href":"https:\/\/www.ufsm.br\/orgaos-suplementares\/dag\/pen\/wp-json\/wp\/v2\/types\/page"}],"author":[{"embeddable":true,"href":"https:\/\/www.ufsm.br\/orgaos-suplementares\/dag\/pen\/wp-json\/wp\/v2\/users\/1277"}],"replies":[{"embeddable":true,"href":"https:\/\/www.ufsm.br\/orgaos-suplementares\/dag\/pen\/wp-json\/wp\/v2\/comments?post=1511"}],"version-history":[{"count":0,"href":"https:\/\/www.ufsm.br\/orgaos-suplementares\/dag\/pen\/wp-json\/wp\/v2\/pages\/1511\/revisions"}],"wp:attachment":[{"href":"https:\/\/www.ufsm.br\/orgaos-suplementares\/dag\/pen\/wp-json\/wp\/v2\/media?parent=1511"}],"wp:term":[{"taxonomy":"category","embeddable":true,"href":"https:\/\/www.ufsm.br\/orgaos-suplementares\/dag\/pen\/wp-json\/wp\/v2\/categories?post=1511"},{"taxonomy":"post_tag","embeddable":true,"href":"https:\/\/www.ufsm.br\/orgaos-suplementares\/dag\/pen\/wp-json\/wp\/v2\/tags?post=1511"}],"curies":[{"name":"wp","href":"https:\/\/api.w.org\/{rel}","templated":true}]}}