{"id":306,"date":"2020-08-04T22:03:12","date_gmt":"2020-08-05T01:03:12","guid":{"rendered":"https:\/\/www.ufsm.br\/orgaos-suplementares\/dag\/pen\/?page_id=306"},"modified":"2024-11-06T09:26:42","modified_gmt":"2024-11-06T12:26:42","slug":"equipe","status":"publish","type":"page","link":"https:\/\/www.ufsm.br\/orgaos-suplementares\/dag\/pen\/equipe","title":{"rendered":"Equipe"},"content":{"rendered":"\t\t<div data-elementor-type=\"wp-page\" data-elementor-id=\"306\" class=\"elementor elementor-306\">\n\t\t\t\t\t\t<section class=\"elementor-section elementor-top-section elementor-element elementor-element-a948f33 elementor-section-boxed elementor-section-height-default elementor-section-height-default\" data-id=\"a948f33\" data-element_type=\"section\">\n\t\t\t\t\t\t<div class=\"elementor-container elementor-column-gap-default\">\n\t\t\t\t\t<div class=\"elementor-column elementor-col-100 elementor-top-column elementor-element elementor-element-ce63c66\" data-id=\"ce63c66\" data-element_type=\"column\">\n\t\t\t<div class=\"elementor-widget-wrap elementor-element-populated\">\n\t\t\t\t\t\t<div class=\"elementor-element elementor-element-030aeec elementor-widget elementor-widget-text-editor\" data-id=\"030aeec\" data-element_type=\"widget\" data-widget_type=\"text-editor.default\">\n\t\t\t\t<div class=\"elementor-widget-container\">\n\t\t\t\t\t\t\t<p>O Processo Eletr\u00f4nico Nacional (PEN) est\u00e1 sendo implementado na UFSM atrav\u00e9s de plataforma Web do Sistema de Informa\u00e7\u00f5es para o Ensino (SIE) no endere\u00e7o\u00a0<a href=\"https:\/\/portal.ufsm.br\/documentos\" target=\"_blank\" rel=\"noopener\">https:\/\/portal.ufsm.br\/documentos.<\/a> A equipe respons\u00e1vel pela sua implementa\u00e7\u00e3o \u00e9 composta por servidores, terceirizados e bolsistas da UFSM.<\/p>\t\t\t\t\t\t<\/div>\n\t\t\t\t<\/div>\n\t\t\t\t\t<\/div>\n\t\t<\/div>\n\t\t\t\t\t<\/div>\n\t\t<\/section>\n\t\t\t\t<section class=\"elementor-section elementor-top-section elementor-element elementor-element-ad9aa62 elementor-section-boxed elementor-section-height-default elementor-section-height-default\" data-id=\"ad9aa62\" data-element_type=\"section\">\n\t\t\t\t\t\t<div class=\"elementor-container elementor-column-gap-default\">\n\t\t\t\t\t<div class=\"elementor-column elementor-col-100 elementor-top-column elementor-element elementor-element-9c31660\" data-id=\"9c31660\" data-element_type=\"column\">\n\t\t\t<div class=\"elementor-widget-wrap elementor-element-populated\">\n\t\t\t\t\t\t<div class=\"elementor-element elementor-element-52e7acc elementor-widget-divider--view-line_icon elementor-view-default elementor-widget-divider--element-align-center elementor-widget elementor-widget-divider\" data-id=\"52e7acc\" data-element_type=\"widget\" data-widget_type=\"divider.default\">\n\t\t\t\t<div class=\"elementor-widget-container\">\n\t\t\t\t\t<div class=\"elementor-divider\">\n\t\t\t<span class=\"elementor-divider-separator\">\n\t\t\t\t\t\t\t<div class=\"elementor-icon elementor-divider__element\">\n\t\t\t\t\t<i aria-hidden=\"true\" class=\"fas fa-arrow-down\"><\/i><\/div>\n\t\t\t\t\t\t<\/span>\n\t\t<\/div>\n\t\t\t\t<\/div>\n\t\t\t\t<\/div>\n\t\t\t\t\t<\/div>\n\t\t<\/div>\n\t\t\t\t\t<\/div>\n\t\t<\/section>\n\t\t\t\t<section class=\"elementor-section elementor-top-section elementor-element elementor-element-877a269 elementor-section-boxed elementor-section-height-default elementor-section-height-default\" data-id=\"877a269\" data-element_type=\"section\">\n\t\t\t\t\t\t<div class=\"elementor-container elementor-column-gap-default\">\n\t\t\t\t\t<div class=\"elementor-column elementor-col-100 elementor-top-column elementor-element elementor-element-990f42e\" data-id=\"990f42e\" data-element_type=\"column\">\n\t\t\t<div class=\"elementor-widget-wrap elementor-element-populated\">\n\t\t\t\t\t\t<div class=\"elementor-element elementor-element-b9f7494 elementor-drop-cap-yes elementor-drop-cap-view-default elementor-invisible elementor-widget elementor-widget-text-editor\" data-id=\"b9f7494\" data-element_type=\"widget\" data-settings=\"{&quot;drop_cap&quot;:&quot;yes&quot;,&quot;_animation&quot;:&quot;fadeInLeft&quot;}\" data-widget_type=\"text-editor.default\">\n\t\t\t\t<div class=\"elementor-widget-container\">\n\t\t\t\t\t\t\t<table style=\"border-collapse: collapse;width: 100%;height: 568px\"><tbody><tr style=\"height: 48px\"><td style=\"width: 32.6123%;height: 48px;text-align: center\"><span style=\"font-size: 20pt\"><strong>Nome\u00a0<\/strong><\/span><\/td><td style=\"width: 13.3111%;text-align: center;height: 48px\"><span style=\"font-size: 20pt\"><strong>Setor<\/strong><\/span><\/td><td style=\"width: 53.7438%;height: 48px;text-align: center\"><span style=\"font-size: 20pt\"><strong>Cargo<\/strong><\/span><\/td><\/tr><tr style=\"height: 40px\"><td style=\"width: 32.6123%;height: 40px\">Alexander Rossatto Tittelmeyer<\/td><td style=\"width: 13.3111%;text-align: center;height: 40px\">DAG<\/td><td style=\"width: 53.7438%;height: 40px\">Arquivista<\/td><\/tr><tr style=\"height: 40px\"><td style=\"width: 32.6123%;height: 40px\">Caroline Ariete Marquesini Rambo<\/td><td style=\"width: 13.3111%;text-align: center;height: 40px\">DAG<\/td><td style=\"width: 53.7438%;height: 40px\">T\u00e9cnico em Arquivo<\/td><\/tr><tr style=\"height: 40px\"><td style=\"width: 32.6123%;height: 40px\">Cleber Rosa<\/td><td style=\"width: 13.3111%;text-align: center;height: 40px\">DAG<\/td><td style=\"width: 53.7438%;height: 40px\">Assistente em Administra\u00e7\u00e3o<\/td><\/tr><tr style=\"height: 40px\"><td style=\"width: 32.6123%;height: 40px\">Daiane Regina Segabinazi Pradebon<\/td><td style=\"width: 13.3111%;text-align: center;height: 40px\">DAG<\/td><td style=\"width: 53.7438%;height: 40px\">Arquivista<\/td><\/tr><tr style=\"height: 40px\"><td style=\"width: 32.6123%;height: 40px\">D\u00e9bora Flores<\/td><td style=\"width: 13.3111%;text-align: center;height: 40px\">DAG<\/td><td style=\"width: 53.7438%;height: 40px\">Arquivista &#8211; Diretora do Departamento de Arquivo Geral<\/td><\/tr><tr style=\"height: 40px\"><td style=\"width: 32.6123%;height: 40px\">Evandro Gomes Flores<\/td><td style=\"width: 13.3111%;text-align: center;height: 40px\">DAG<\/td><td style=\"width: 53.7438%;height: 40px\">Analista de Tecnologia da Informa\u00e7\u00e3o<\/td><\/tr><tr style=\"height: 40px\"><td style=\"width: 32.6123%;height: 40px\">Euclides Erm\u00ednio Somensi<\/td><td style=\"width: 13.3111%;text-align: center;height: 40px\">DAG<\/td><td style=\"width: 53.7438%;height: 40px\">Assistente em Administra\u00e7\u00e3o<\/td><\/tr><tr style=\"height: 40px\"><td style=\"width: 32.6123%;height: 40px\">Gustavo Dallasta Dutra<\/td><td style=\"width: 13.3111%;text-align: center;height: 40px\">DAG<\/td><td style=\"width: 53.7438%;height: 40px\">Analista de Tecnologia da Informa\u00e7\u00e3o<\/td><\/tr><tr style=\"height: 40px\"><td style=\"width: 32.6123%;height: 40px\">Let\u00edcia da Silva Machado<\/td><td style=\"width: 13.3111%;text-align: center;height: 40px\">DAG<\/td><td style=\"width: 53.7438%;height: 40px\">Assistente em Administra\u00e7\u00e3o<\/td><\/tr><tr><td style=\"width: 32.6123%\">Macleine Pereira Gracioli<\/td><td style=\"width: 13.3111%;text-align: center\">DAG<\/td><td style=\"width: 53.7438%\">Assistente em Administra\u00e7\u00e3o<\/td><\/tr><tr style=\"height: 40px\"><td style=\"width: 32.6123%;height: 40px\">Marcos Vinicius Bittencourt De Souza<\/td><td style=\"width: 13.3111%;text-align: center;height: 40px\">CPD<\/td><td style=\"width: 53.7438%;height: 40px\">Analista De Tecnologia Da Informa\u00e7\u00e3o<\/td><\/tr><tr style=\"height: 40px\"><td style=\"width: 32.6123%;height: 40px\">Marisa Munaretto Amaral<\/td><td style=\"width: 13.3111%;text-align: center;height: 40px\">CPD<\/td><td style=\"width: 53.7438%;height: 40px\">Analista de Tecnologia da Informa\u00e7\u00e3o<\/td><\/tr><tr style=\"height: 40px\"><td style=\"width: 32.6123%;height: 40px\">Paulo Roberto da Costa Schl\u00f6sser<\/td><td style=\"width: 13.3111%;text-align: center;height: 40px\">DAG<\/td><td style=\"width: 53.7438%;height: 40px\">Assistente em Administra\u00e7\u00e3o<\/td><\/tr><tr style=\"height: 40px\"><td style=\"width: 32.6123%;height: 40px\">Tiago Tagliapietra<\/td><td style=\"width: 13.3111%;text-align: center;height: 40px\">DAG<\/td><td style=\"width: 53.7438%;height: 40px\">Assistente em Administra\u00e7\u00e3o &#8211; Diretor da Divis\u00e3o de Protocolo<\/td><\/tr><\/tbody><\/table>\t\t\t\t\t\t<\/div>\n\t\t\t\t<\/div>\n\t\t\t\t<div class=\"elementor-element elementor-element-f70c09b elementor-invisible elementor-widget elementor-widget-text-editor\" data-id=\"f70c09b\" data-element_type=\"widget\" data-settings=\"{&quot;_animation&quot;:&quot;fadeInLeft&quot;,&quot;_animation_delay&quot;:&quot;100&quot;}\" data-widget_type=\"text-editor.default\">\n\t\t\t\t<div class=\"elementor-widget-container\">\n\t\t\t\t\t\t\t<table style=\"border-collapse: collapse;width: 100%;height: 96px\">\n<tbody>\n<tr style=\"height: 40px\">\n<td style=\"width: 32.6123%;height: 40px\">Danielle Dambr\u00f3s Raddatz<\/td>\n<td style=\"width: 13.3111%;height: 40px;text-align: center\">DAG<\/td>\n<td style=\"width: 53.7438%;height: 40px\">Terceirizada<\/td>\n<\/tr>\n<tr style=\"height: 40px\">\n<td style=\"width: 32.6123%;height: 40px\">Emanuele da Costa<\/td>\n<td style=\"width: 13.3111%;height: 40px;text-align: center\">DAG<\/td>\n<td style=\"width: 53.7438%;height: 40px\">Terceirizada<\/td>\n<\/tr>\n<tr style=\"height: 40px\">\n<td style=\"width: 32.6123%;height: 40px\">Luiza de Pr\u00e1 Oliveira<\/td>\n<td style=\"width: 13.3111%;height: 40px;text-align: center\">DAG<\/td>\n<td style=\"width: 53.7438%;height: 40px\">Terceirizada<\/td>\n<\/tr>\n<\/tbody>\n<\/table>\t\t\t\t\t\t<\/div>\n\t\t\t\t<\/div>\n\t\t\t\t<div class=\"elementor-element elementor-element-9d9f749 elementor-invisible elementor-widget elementor-widget-text-editor\" data-id=\"9d9f749\" data-element_type=\"widget\" data-settings=\"{&quot;_animation&quot;:&quot;fadeInLeft&quot;,&quot;_animation_delay&quot;:&quot;200&quot;}\" data-widget_type=\"text-editor.default\">\n\t\t\t\t<div class=\"elementor-widget-container\">\n\t\t\t\t\t\t\t<table style=\"border-collapse: collapse;width: 100%\"><tbody><tr><td style=\"width: 32.6123%\">Gabriel Karnopp<\/td><td style=\"width: 13.3111%;text-align: center\">DAG<\/td><td style=\"width: 53.7438%\">Bolsista<\/td><\/tr><tr><td style=\"width: 32.6123%\"><span id=\"docs-internal-guid-5c58236b-7fff-f238-0293-1ae691b8db9d\"><span style=\"font-size: 12pt;font-family: 'Times New Roman';color: #000000;background-color: transparent;vertical-align: baseline\">Isadhora Fab\u00edola Marques Coelho<\/span><\/span><\/td><td style=\"width: 13.3111%;text-align: center\">DAG<\/td><td style=\"width: 53.7438%\">Bolsista<\/td><\/tr><\/tbody><\/table>\t\t\t\t\t\t<\/div>\n\t\t\t\t<\/div>\n\t\t\t\t\t<\/div>\n\t\t<\/div>\n\t\t\t\t\t<\/div>\n\t\t<\/section>\n\t\t\t\t<\/div>\n\t\t","protected":false},"excerpt":{"rendered":"<p>O Processo Eletr\u00f4nico Nacional (PEN) est\u00e1 sendo implementado na UFSM atrav\u00e9s de plataforma Web do Sistema de Informa\u00e7\u00f5es para o Ensino (SIE) no endere\u00e7o\u00a0https:\/\/portal.ufsm.br\/documentos. A equipe respons\u00e1vel pela sua implementa\u00e7\u00e3o \u00e9 composta por servidores, terceirizados e bolsistas da UFSM. Nome\u00a0 Setor Cargo Alexander Rossatto Tittelmeyer DAG Arquivista Caroline Ariete Marquesini Rambo DAG T\u00e9cnico em Arquivo [&hellip;]<\/p>\n","protected":false},"author":1097,"featured_media":0,"parent":0,"menu_order":0,"comment_status":"closed","ping_status":"closed","template":"","meta":{"footnotes":""},"categories":[60],"tags":[66],"class_list":["post-306","page","type-page","status-publish","hentry","category-pagina-principal","tag-equipe"],"acf":[],"_links":{"self":[{"href":"https:\/\/www.ufsm.br\/orgaos-suplementares\/dag\/pen\/wp-json\/wp\/v2\/pages\/306","targetHints":{"allow":["GET"]}}],"collection":[{"href":"https:\/\/www.ufsm.br\/orgaos-suplementares\/dag\/pen\/wp-json\/wp\/v2\/pages"}],"about":[{"href":"https:\/\/www.ufsm.br\/orgaos-suplementares\/dag\/pen\/wp-json\/wp\/v2\/types\/page"}],"author":[{"embeddable":true,"href":"https:\/\/www.ufsm.br\/orgaos-suplementares\/dag\/pen\/wp-json\/wp\/v2\/users\/1097"}],"replies":[{"embeddable":true,"href":"https:\/\/www.ufsm.br\/orgaos-suplementares\/dag\/pen\/wp-json\/wp\/v2\/comments?post=306"}],"version-history":[{"count":0,"href":"https:\/\/www.ufsm.br\/orgaos-suplementares\/dag\/pen\/wp-json\/wp\/v2\/pages\/306\/revisions"}],"wp:attachment":[{"href":"https:\/\/www.ufsm.br\/orgaos-suplementares\/dag\/pen\/wp-json\/wp\/v2\/media?parent=306"}],"wp:term":[{"taxonomy":"category","embeddable":true,"href":"https:\/\/www.ufsm.br\/orgaos-suplementares\/dag\/pen\/wp-json\/wp\/v2\/categories?post=306"},{"taxonomy":"post_tag","embeddable":true,"href":"https:\/\/www.ufsm.br\/orgaos-suplementares\/dag\/pen\/wp-json\/wp\/v2\/tags?post=306"}],"curies":[{"name":"wp","href":"https:\/\/api.w.org\/{rel}","templated":true}]}}