{"id":519,"date":"2021-08-16T20:15:32","date_gmt":"2021-08-16T23:15:32","guid":{"rendered":"https:\/\/www.ufsm.br\/orgaos-suplementares\/dag\/pen\/?page_id=519"},"modified":"2022-08-16T15:42:07","modified_gmt":"2022-08-16T18:42:07","slug":"novidades-na-tela-inserir-documentos","status":"publish","type":"page","link":"https:\/\/www.ufsm.br\/orgaos-suplementares\/dag\/pen\/apoio-ao-usuario\/novas-funcionalidades\/novidades-na-tela-inserir-documentos","title":{"rendered":"Novidades na Tela Inserir Documentos"},"content":{"rendered":"\t\t<div data-elementor-type=\"wp-page\" data-elementor-id=\"519\" class=\"elementor elementor-519\">\n\t\t\t\t\t\t<section class=\"elementor-section elementor-top-section elementor-element elementor-element-d11a774 elementor-section-boxed elementor-section-height-default elementor-section-height-default\" data-id=\"d11a774\" data-element_type=\"section\">\n\t\t\t\t\t\t<div class=\"elementor-container elementor-column-gap-default\">\n\t\t\t\t\t<div class=\"elementor-column elementor-col-100 elementor-top-column elementor-element elementor-element-e8e487b\" data-id=\"e8e487b\" data-element_type=\"column\">\n\t\t\t<div class=\"elementor-widget-wrap elementor-element-populated\">\n\t\t\t\t\t\t<div class=\"elementor-element elementor-element-d302afd elementor-widget elementor-widget-text-editor\" data-id=\"d302afd\" data-element_type=\"widget\" data-widget_type=\"text-editor.default\">\n\t\t\t\t<div class=\"elementor-widget-container\">\n\t\t\t\t\t\t\t<p>Seguindo nas a\u00e7\u00f5es de melhorias e evolu\u00e7\u00e3o do sistema PEN-SIE, foram inclu\u00eddas algumas novidades na Tela de Inserir Documentos.<\/p>\n<p>A primeira das novidades, \u00e9 a forma de indicar os documentos obrigat\u00f3rios, com a marca\u00e7\u00e3o em vermelho, e indica\u00e7\u00e3o com o sinal de !<\/p>\n<p><img fetchpriority=\"high\" decoding=\"async\" class=\"aligncenter wp-image-520 size-large\" src=\"https:\/\/www.ufsm.br\/app\/uploads\/sites\/416\/2021\/08\/doc-obrigatorio-1024x416.png\" alt=\"\" width=\"1024\" height=\"416\" srcset=\"https:\/\/www.ufsm.br\/app\/uploads\/sites\/416\/2021\/08\/doc-obrigatorio-1024x416.png 1024w, https:\/\/www.ufsm.br\/app\/uploads\/sites\/416\/2021\/08\/doc-obrigatorio-300x122.png 300w, https:\/\/www.ufsm.br\/app\/uploads\/sites\/416\/2021\/08\/doc-obrigatorio-768x312.png 768w, https:\/\/www.ufsm.br\/app\/uploads\/sites\/416\/2021\/08\/doc-obrigatorio.png 1146w\" sizes=\"(max-width: 1024px) 100vw, 1024px\" \/><\/p>\n<p>Ap\u00f3s o documento obrigat\u00f3rio ter sido inclu\u00eddo, ele passa a ficar com a marca\u00e7\u00e3o verde e com o sinal V.<\/p>\n<p><img decoding=\"async\" class=\"aligncenter wp-image-521 size-large\" src=\"https:\/\/www.ufsm.br\/app\/uploads\/sites\/416\/2021\/08\/marcacao-verde-1024x422.png\" alt=\"\" width=\"1024\" height=\"422\" srcset=\"https:\/\/www.ufsm.br\/app\/uploads\/sites\/416\/2021\/08\/marcacao-verde-1024x422.png 1024w, https:\/\/www.ufsm.br\/app\/uploads\/sites\/416\/2021\/08\/marcacao-verde-300x124.png 300w, https:\/\/www.ufsm.br\/app\/uploads\/sites\/416\/2021\/08\/marcacao-verde-768x317.png 768w, https:\/\/www.ufsm.br\/app\/uploads\/sites\/416\/2021\/08\/marcacao-verde.png 1135w\" sizes=\"(max-width: 1024px) 100vw, 1024px\" \/><\/p>\n<p>Outra novidade, est\u00e1 no bot\u00e3o adicionar, que agora abre as duas op\u00e7\u00f5es dispon\u00edveis: &#8220;Enviar&#8221; ou &#8220;Do Portal Documentos&#8221;<\/p>\n<p><img decoding=\"async\" class=\"aligncenter size-full wp-image-523\" src=\"https:\/\/www.ufsm.br\/app\/uploads\/sites\/416\/2021\/08\/botao-adicionar-1.png\" alt=\"\" width=\"267\" height=\"199\"><\/p>\n<p>A op\u00e7\u00e3o &#8220;Enviar&#8221; \u00e9 quando voc\u00ea vai fazer upload, ou seja, vai inserir um documento que est\u00e1 salvo previamente na sua m\u00e1quina.<\/p>\n<p>J\u00e1 a op\u00e7\u00e3o &#8220;Do Portal Documentos&#8221; \u00e9 quando voc\u00ea vai vincular um documento j\u00e1 disponibilizados no Portal Documentos, como portarias, resolu\u00e7\u00f5es, etc<\/p>\t\t\t\t\t\t<\/div>\n\t\t\t\t<\/div>\n\t\t\t\t\t<\/div>\n\t\t<\/div>\n\t\t\t\t\t<\/div>\n\t\t<\/section>\n\t\t\t\t<\/div>\n\t\t","protected":false},"excerpt":{"rendered":"<p>Seguindo nas a\u00e7\u00f5es de melhorias e evolu\u00e7\u00e3o do sistema PEN-SIE, foram inclu\u00eddas algumas novidades na Tela de Inserir Documentos. A primeira das novidades, \u00e9 a forma de indicar os documentos obrigat\u00f3rios, com a marca\u00e7\u00e3o em vermelho, e indica\u00e7\u00e3o com o sinal de ! Ap\u00f3s o documento obrigat\u00f3rio ter sido inclu\u00eddo, ele passa a ficar com [&hellip;]<\/p>\n","protected":false},"author":302,"featured_media":0,"parent":443,"menu_order":0,"comment_status":"closed","ping_status":"closed","template":"","meta":{"footnotes":""},"categories":[58],"tags":[68],"class_list":["post-519","page","type-page","status-publish","hentry","category-funcionalidades","tag-funcionalidades"],"acf":[],"_links":{"self":[{"href":"https:\/\/www.ufsm.br\/orgaos-suplementares\/dag\/pen\/wp-json\/wp\/v2\/pages\/519","targetHints":{"allow":["GET"]}}],"collection":[{"href":"https:\/\/www.ufsm.br\/orgaos-suplementares\/dag\/pen\/wp-json\/wp\/v2\/pages"}],"about":[{"href":"https:\/\/www.ufsm.br\/orgaos-suplementares\/dag\/pen\/wp-json\/wp\/v2\/types\/page"}],"author":[{"embeddable":true,"href":"https:\/\/www.ufsm.br\/orgaos-suplementares\/dag\/pen\/wp-json\/wp\/v2\/users\/302"}],"replies":[{"embeddable":true,"href":"https:\/\/www.ufsm.br\/orgaos-suplementares\/dag\/pen\/wp-json\/wp\/v2\/comments?post=519"}],"version-history":[{"count":0,"href":"https:\/\/www.ufsm.br\/orgaos-suplementares\/dag\/pen\/wp-json\/wp\/v2\/pages\/519\/revisions"}],"up":[{"embeddable":true,"href":"https:\/\/www.ufsm.br\/orgaos-suplementares\/dag\/pen\/wp-json\/wp\/v2\/pages\/443"}],"wp:attachment":[{"href":"https:\/\/www.ufsm.br\/orgaos-suplementares\/dag\/pen\/wp-json\/wp\/v2\/media?parent=519"}],"wp:term":[{"taxonomy":"category","embeddable":true,"href":"https:\/\/www.ufsm.br\/orgaos-suplementares\/dag\/pen\/wp-json\/wp\/v2\/categories?post=519"},{"taxonomy":"post_tag","embeddable":true,"href":"https:\/\/www.ufsm.br\/orgaos-suplementares\/dag\/pen\/wp-json\/wp\/v2\/tags?post=519"}],"curies":[{"name":"wp","href":"https:\/\/api.w.org\/{rel}","templated":true}]}}