{"id":977,"date":"2022-08-08T09:25:56","date_gmt":"2022-08-08T12:25:56","guid":{"rendered":"https:\/\/www.ufsm.br\/orgaos-suplementares\/dag\/pen\/?page_id=977"},"modified":"2022-08-16T17:08:07","modified_gmt":"2022-08-16T20:08:07","slug":"tutorial-processo-de-ato-de-ajuste-em-curso-de-graduacao-ppc","status":"publish","type":"page","link":"https:\/\/www.ufsm.br\/orgaos-suplementares\/dag\/pen\/apoio-ao-usuario\/tutorial-processo-de-ato-de-ajuste-em-curso-de-graduacao-ppc","title":{"rendered":"Tutorial &#8211; Processo de ato de ajuste em curso de gradua\u00e7\u00e3o (PPC)"},"content":{"rendered":"\t\t<div data-elementor-type=\"wp-page\" data-elementor-id=\"977\" class=\"elementor elementor-977\">\n\t\t\t\t\t\t<section class=\"elementor-section elementor-top-section elementor-element elementor-element-e8c8cb0 elementor-section-boxed elementor-section-height-default elementor-section-height-default\" data-id=\"e8c8cb0\" data-element_type=\"section\">\n\t\t\t\t\t\t<div class=\"elementor-container elementor-column-gap-default\">\n\t\t\t\t\t<div class=\"elementor-column elementor-col-100 elementor-top-column elementor-element elementor-element-ae278e4\" data-id=\"ae278e4\" data-element_type=\"column\">\n\t\t\t<div class=\"elementor-widget-wrap elementor-element-populated\">\n\t\t\t\t\t\t<div class=\"elementor-element elementor-element-e4c787d elementor-widget elementor-widget-text-editor\" data-id=\"e4c787d\" data-element_type=\"widget\" data-widget_type=\"text-editor.default\">\n\t\t\t\t<div class=\"elementor-widget-container\">\n\t\t\t\t\t\t\t<p style=\"text-align: right\">Vers\u00e3o 1.5 (Revisado em 09\/03\/2022)<\/p>\t\t\t\t\t\t<\/div>\n\t\t\t\t<\/div>\n\t\t\t\t<div class=\"elementor-element elementor-element-aaad83d elementor-widget elementor-widget-text-editor\" data-id=\"aaad83d\" data-element_type=\"widget\" data-widget_type=\"text-editor.default\">\n\t\t\t\t<div class=\"elementor-widget-container\">\n\t\t\t\t\t\t\t<p><span style=\"font-weight: 400\">Para efetuar a abertura de um Processo de ajuste em PPC, a Coordena\u00e7\u00e3o do Curso dever\u00e1 acessar o Portal Documentos, e proceder \u00e0 escolha do tipo documental espec\u00edfico para tal, de acordo com as imagens.<\/span><\/p>\t\t\t\t\t\t<\/div>\n\t\t\t\t<\/div>\n\t\t\t\t\t<\/div>\n\t\t<\/div>\n\t\t\t\t\t<\/div>\n\t\t<\/section>\n\t\t\t\t<section class=\"elementor-section elementor-top-section elementor-element elementor-element-d58e837 elementor-section-boxed elementor-section-height-default elementor-section-height-default\" data-id=\"d58e837\" data-element_type=\"section\">\n\t\t\t\t\t\t<div class=\"elementor-container elementor-column-gap-default\">\n\t\t\t\t\t<div class=\"elementor-column elementor-col-100 elementor-top-column elementor-element elementor-element-dfc8cb9\" data-id=\"dfc8cb9\" data-element_type=\"column\">\n\t\t\t<div class=\"elementor-widget-wrap elementor-element-populated\">\n\t\t\t\t\t\t<div class=\"elementor-element elementor-element-67cb9cd elementor-widget elementor-widget-text-editor\" data-id=\"67cb9cd\" data-element_type=\"widget\" data-widget_type=\"text-editor.default\">\n\t\t\t\t<div class=\"elementor-widget-container\">\n\t\t\t\t\t\t\t<p><i><span style=\"font-weight: 400\">Imagem 1<\/span><\/i><span style=\"font-weight: 400\">: login no <\/span><a href=\"https:\/\/portal.ufsm.br\/documentos\"><span style=\"font-weight: 400\">Portal Documentos<\/span><\/a><span style=\"font-weight: 400\"> e acesso no menu \u2018NOVO\u2019<\/span><\/p>\t\t\t\t\t\t<\/div>\n\t\t\t\t<\/div>\n\t\t\t\t\t<\/div>\n\t\t<\/div>\n\t\t\t\t\t<\/div>\n\t\t<\/section>\n\t\t\t\t<section class=\"elementor-section elementor-top-section elementor-element elementor-element-24024c7 elementor-section-boxed elementor-section-height-default elementor-section-height-default\" data-id=\"24024c7\" data-element_type=\"section\">\n\t\t\t\t\t\t<div class=\"elementor-container elementor-column-gap-default\">\n\t\t\t\t\t<div class=\"elementor-column elementor-col-100 elementor-top-column elementor-element elementor-element-81945fb\" data-id=\"81945fb\" data-element_type=\"column\">\n\t\t\t<div class=\"elementor-widget-wrap elementor-element-populated\">\n\t\t\t\t\t\t<div class=\"elementor-element elementor-element-7b4721b elementor-widget elementor-widget-image\" data-id=\"7b4721b\" data-element_type=\"widget\" data-widget_type=\"image.default\">\n\t\t\t\t<div class=\"elementor-widget-container\">\n\t\t\t\t\t\t\t\t\t\t\t\t\t<img fetchpriority=\"high\" decoding=\"async\" width=\"1024\" height=\"548\" src=\"https:\/\/www.ufsm.br\/app\/uploads\/sites\/416\/2022\/08\/1-1-1024x548.png\" class=\"attachment-large size-large wp-image-978\" alt=\"\" srcset=\"https:\/\/www.ufsm.br\/app\/uploads\/sites\/416\/2022\/08\/1-1-1024x548.png 1024w, https:\/\/www.ufsm.br\/app\/uploads\/sites\/416\/2022\/08\/1-1-300x161.png 300w, https:\/\/www.ufsm.br\/app\/uploads\/sites\/416\/2022\/08\/1-1-768x411.png 768w, https:\/\/www.ufsm.br\/app\/uploads\/sites\/416\/2022\/08\/1-1-1536x822.png 1536w, https:\/\/www.ufsm.br\/app\/uploads\/sites\/416\/2022\/08\/1-1.png 1590w\" sizes=\"(max-width: 1024px) 100vw, 1024px\" \/>\t\t\t\t\t\t\t\t\t\t\t\t\t<\/div>\n\t\t\t\t<\/div>\n\t\t\t\t\t<\/div>\n\t\t<\/div>\n\t\t\t\t\t<\/div>\n\t\t<\/section>\n\t\t\t\t<section class=\"elementor-section elementor-top-section elementor-element elementor-element-b7d46d9 elementor-section-boxed elementor-section-height-default elementor-section-height-default\" data-id=\"b7d46d9\" data-element_type=\"section\">\n\t\t\t\t\t\t<div class=\"elementor-container elementor-column-gap-default\">\n\t\t\t\t\t<div class=\"elementor-column elementor-col-100 elementor-top-column elementor-element elementor-element-9be35a6\" data-id=\"9be35a6\" data-element_type=\"column\">\n\t\t\t<div class=\"elementor-widget-wrap elementor-element-populated\">\n\t\t\t\t\t\t<div class=\"elementor-element elementor-element-f49249b elementor-widget elementor-widget-text-editor\" data-id=\"f49249b\" data-element_type=\"widget\" data-widget_type=\"text-editor.default\">\n\t\t\t\t<div class=\"elementor-widget-container\">\n\t\t\t\t\t\t\t<p><i><span style=\"font-weight: 400\">Imagem 2<\/span><\/i><span style=\"font-weight: 400\">: Sele\u00e7\u00e3o do \u2018Tipo documental\u2019 PROCESSO DE ATO DE AJUSTE DE CURSO DE GRADUA\u00c7\u00c3O (PPC)<\/span><\/p>\t\t\t\t\t\t<\/div>\n\t\t\t\t<\/div>\n\t\t\t\t\t<\/div>\n\t\t<\/div>\n\t\t\t\t\t<\/div>\n\t\t<\/section>\n\t\t\t\t<section class=\"elementor-section elementor-top-section elementor-element elementor-element-39e6fb5 elementor-section-boxed elementor-section-height-default elementor-section-height-default\" data-id=\"39e6fb5\" data-element_type=\"section\">\n\t\t\t\t\t\t<div class=\"elementor-container elementor-column-gap-default\">\n\t\t\t\t\t<div class=\"elementor-column elementor-col-100 elementor-top-column elementor-element elementor-element-96de4ac\" data-id=\"96de4ac\" data-element_type=\"column\">\n\t\t\t<div class=\"elementor-widget-wrap elementor-element-populated\">\n\t\t\t\t\t\t<div class=\"elementor-element elementor-element-cc8964c elementor-widget elementor-widget-image\" data-id=\"cc8964c\" data-element_type=\"widget\" data-widget_type=\"image.default\">\n\t\t\t\t<div class=\"elementor-widget-container\">\n\t\t\t\t\t\t\t\t\t\t\t\t\t<img decoding=\"async\" width=\"1024\" height=\"555\" src=\"https:\/\/www.ufsm.br\/app\/uploads\/sites\/416\/2022\/08\/2-1-1024x555.png\" class=\"attachment-large size-large wp-image-979\" alt=\"\" srcset=\"https:\/\/www.ufsm.br\/app\/uploads\/sites\/416\/2022\/08\/2-1-1024x555.png 1024w, https:\/\/www.ufsm.br\/app\/uploads\/sites\/416\/2022\/08\/2-1-300x163.png 300w, https:\/\/www.ufsm.br\/app\/uploads\/sites\/416\/2022\/08\/2-1-768x416.png 768w, https:\/\/www.ufsm.br\/app\/uploads\/sites\/416\/2022\/08\/2-1-1536x832.png 1536w, https:\/\/www.ufsm.br\/app\/uploads\/sites\/416\/2022\/08\/2-1.png 1582w\" sizes=\"(max-width: 1024px) 100vw, 1024px\" \/>\t\t\t\t\t\t\t\t\t\t\t\t\t<\/div>\n\t\t\t\t<\/div>\n\t\t\t\t\t<\/div>\n\t\t<\/div>\n\t\t\t\t\t<\/div>\n\t\t<\/section>\n\t\t\t\t<section class=\"elementor-section elementor-top-section elementor-element elementor-element-0ffbc51 elementor-section-boxed elementor-section-height-default elementor-section-height-default\" data-id=\"0ffbc51\" data-element_type=\"section\">\n\t\t\t\t\t\t<div class=\"elementor-container elementor-column-gap-default\">\n\t\t\t\t\t<div class=\"elementor-column elementor-col-100 elementor-top-column elementor-element elementor-element-19b1c1d\" data-id=\"19b1c1d\" data-element_type=\"column\">\n\t\t\t<div class=\"elementor-widget-wrap elementor-element-populated\">\n\t\t\t\t\t\t<div class=\"elementor-element elementor-element-cab7d3b elementor-widget elementor-widget-text-editor\" data-id=\"cab7d3b\" data-element_type=\"widget\" data-widget_type=\"text-editor.default\">\n\t\t\t\t<div class=\"elementor-widget-container\">\n\t\t\t\t\t\t\t<p><i><span style=\"font-weight: 400\">Imagem 3<\/span><\/i><span style=\"font-weight: 400\">: Ap\u00f3s salvar, inserir os documentos necess\u00e1rios, sendo que a Solicita\u00e7\u00e3o \u00e9 obrigat\u00f3ria, e deve ser vinculada na lista, pelo \u00edcone \u2018+\u2019.\u00a0<\/span><\/p>\t\t\t\t\t\t<\/div>\n\t\t\t\t<\/div>\n\t\t\t\t\t<\/div>\n\t\t<\/div>\n\t\t\t\t\t<\/div>\n\t\t<\/section>\n\t\t\t\t<section class=\"elementor-section elementor-top-section elementor-element elementor-element-18f20ad elementor-section-boxed elementor-section-height-default elementor-section-height-default\" data-id=\"18f20ad\" data-element_type=\"section\">\n\t\t\t\t\t\t<div class=\"elementor-container elementor-column-gap-default\">\n\t\t\t\t\t<div class=\"elementor-column elementor-col-100 elementor-top-column elementor-element elementor-element-34d6189\" data-id=\"34d6189\" data-element_type=\"column\">\n\t\t\t<div class=\"elementor-widget-wrap elementor-element-populated\">\n\t\t\t\t\t\t<div class=\"elementor-element elementor-element-847e375 elementor-widget elementor-widget-image\" data-id=\"847e375\" data-element_type=\"widget\" data-widget_type=\"image.default\">\n\t\t\t\t<div class=\"elementor-widget-container\">\n\t\t\t\t\t\t\t\t\t\t\t\t\t<img decoding=\"async\" width=\"1024\" height=\"446\" src=\"https:\/\/www.ufsm.br\/app\/uploads\/sites\/416\/2022\/08\/3-1024x446.png\" class=\"attachment-large size-large wp-image-980\" alt=\"\" srcset=\"https:\/\/www.ufsm.br\/app\/uploads\/sites\/416\/2022\/08\/3-1024x446.png 1024w, https:\/\/www.ufsm.br\/app\/uploads\/sites\/416\/2022\/08\/3-300x131.png 300w, https:\/\/www.ufsm.br\/app\/uploads\/sites\/416\/2022\/08\/3-768x334.png 768w, https:\/\/www.ufsm.br\/app\/uploads\/sites\/416\/2022\/08\/3-1536x668.png 1536w, https:\/\/www.ufsm.br\/app\/uploads\/sites\/416\/2022\/08\/3.png 1558w\" sizes=\"(max-width: 1024px) 100vw, 1024px\" \/>\t\t\t\t\t\t\t\t\t\t\t\t\t<\/div>\n\t\t\t\t<\/div>\n\t\t\t\t\t<\/div>\n\t\t<\/div>\n\t\t\t\t\t<\/div>\n\t\t<\/section>\n\t\t\t\t<section class=\"elementor-section elementor-top-section elementor-element elementor-element-1a41fb1 elementor-section-boxed elementor-section-height-default elementor-section-height-default\" data-id=\"1a41fb1\" data-element_type=\"section\">\n\t\t\t\t\t\t<div class=\"elementor-container elementor-column-gap-default\">\n\t\t\t\t\t<div class=\"elementor-column elementor-col-100 elementor-top-column elementor-element elementor-element-ac934c7\" data-id=\"ac934c7\" data-element_type=\"column\">\n\t\t\t<div class=\"elementor-widget-wrap elementor-element-populated\">\n\t\t\t\t\t\t<div class=\"elementor-element elementor-element-821c906 elementor-widget elementor-widget-text-editor\" data-id=\"821c906\" data-element_type=\"widget\" data-widget_type=\"text-editor.default\">\n\t\t\t\t<div class=\"elementor-widget-container\">\n\t\t\t\t\t\t\t<p><i><span style=\"font-weight: 400\">Imagem 4<\/span><\/i><span style=\"font-weight: 400\">: Depois do documento inserido, pode-se assinar eletronicamente a solicita\u00e7\u00e3o. Para maiores informa\u00e7\u00f5es sobre como aderir \u00e0 Assinatura Eletr\u00f4nica veja <\/span><a href=\"https:\/\/www.ufsm.br\/orgaos-suplementares\/dag\/pen\/wp-content\/uploads\/sites\/416\/2020\/04\/Passo-a-passo-termo-assinatura-eletronica-PEN-SIE.pdf\"><span style=\"font-weight: 400\">AQUI<\/span><\/a><span style=\"font-weight: 400\">. Para ver como utilizar a assinatura <\/span><a href=\"https:\/\/farol.ufsm.br\/video\/tutorial-assinatura-eletronica-no-pen-sie\"><span style=\"font-weight: 400\">AQUI<\/span><\/a><span style=\"font-weight: 400\">.<\/span><\/p>\t\t\t\t\t\t<\/div>\n\t\t\t\t<\/div>\n\t\t\t\t\t<\/div>\n\t\t<\/div>\n\t\t\t\t\t<\/div>\n\t\t<\/section>\n\t\t\t\t<section class=\"elementor-section elementor-top-section elementor-element elementor-element-f84502f elementor-section-boxed elementor-section-height-default elementor-section-height-default\" data-id=\"f84502f\" data-element_type=\"section\">\n\t\t\t\t\t\t<div class=\"elementor-container elementor-column-gap-default\">\n\t\t\t\t\t<div class=\"elementor-column elementor-col-100 elementor-top-column elementor-element elementor-element-a1db897\" data-id=\"a1db897\" data-element_type=\"column\">\n\t\t\t<div class=\"elementor-widget-wrap elementor-element-populated\">\n\t\t\t\t\t\t<div class=\"elementor-element elementor-element-d27a7f1 elementor-widget elementor-widget-image\" data-id=\"d27a7f1\" data-element_type=\"widget\" data-widget_type=\"image.default\">\n\t\t\t\t<div class=\"elementor-widget-container\">\n\t\t\t\t\t\t\t\t\t\t\t\t\t<img loading=\"lazy\" decoding=\"async\" width=\"1024\" height=\"554\" src=\"https:\/\/www.ufsm.br\/app\/uploads\/sites\/416\/2022\/08\/4-1-1024x554.png\" class=\"attachment-large size-large wp-image-981\" alt=\"\" srcset=\"https:\/\/www.ufsm.br\/app\/uploads\/sites\/416\/2022\/08\/4-1-1024x554.png 1024w, https:\/\/www.ufsm.br\/app\/uploads\/sites\/416\/2022\/08\/4-1-300x162.png 300w, https:\/\/www.ufsm.br\/app\/uploads\/sites\/416\/2022\/08\/4-1-768x416.png 768w, https:\/\/www.ufsm.br\/app\/uploads\/sites\/416\/2022\/08\/4-1-1536x832.png 1536w, https:\/\/www.ufsm.br\/app\/uploads\/sites\/416\/2022\/08\/4-1.png 1572w\" sizes=\"(max-width: 1024px) 100vw, 1024px\" \/>\t\t\t\t\t\t\t\t\t\t\t\t\t<\/div>\n\t\t\t\t<\/div>\n\t\t\t\t\t<\/div>\n\t\t<\/div>\n\t\t\t\t\t<\/div>\n\t\t<\/section>\n\t\t\t\t<section class=\"elementor-section elementor-top-section elementor-element elementor-element-e436c3f elementor-section-boxed elementor-section-height-default elementor-section-height-default\" data-id=\"e436c3f\" data-element_type=\"section\">\n\t\t\t\t\t\t<div class=\"elementor-container elementor-column-gap-default\">\n\t\t\t\t\t<div class=\"elementor-column elementor-col-100 elementor-top-column elementor-element elementor-element-1ab4adf\" data-id=\"1ab4adf\" data-element_type=\"column\">\n\t\t\t<div class=\"elementor-widget-wrap elementor-element-populated\">\n\t\t\t\t\t\t<div class=\"elementor-element elementor-element-9376d6d elementor-widget elementor-widget-text-editor\" data-id=\"9376d6d\" data-element_type=\"widget\" data-widget_type=\"text-editor.default\">\n\t\t\t\t<div class=\"elementor-widget-container\">\n\t\t\t\t\t\t\t<p><span style=\"font-weight: 400\">Ap\u00f3s os documentos inclu\u00eddos e assinados, basta tramitar para a unidade respons\u00e1vel pela pr\u00f3xima etapa.\u00a0<\/span><\/p><p><span style=\"font-weight: 400\">Para coordenadores (principalmente aqueles que est\u00e3o sem FCC no sistema) que n\u00e3o visualizam a caixa postal e a proced\u00eancia do seu curso, entrar em contato com o CPD, por meio do Ticket:<\/span><\/p><p><a href=\"https:\/\/www.ufsm.br\/orgaos-suplementares\/cpd\/servicos\/acesso-a-processos-pen-em-caixa-postal\/\"><span style=\"font-weight: 400\">https:\/\/www.ufsm.br\/orgaos-suplementares\/cpd\/servicos\/acesso-a-processos-pen-em-caixa-postal\/<\/span><\/a><\/p><p><span style=\"font-weight: 400\">Para d\u00favidas acerca dos procedimentos de ajuste, entrar em contato com a equipe da CADE, <\/span><span style=\"font-weight: 400\">cade.prograd@ufsm.br<\/span><span style=\"font-weight: 400\">. J\u00e1 para d\u00favidas sobre o PEN-SIE, com a equipe<\/span><span style=\"font-weight: 400\"> pen@ufsm.br.<\/span><\/p>\t\t\t\t\t\t<\/div>\n\t\t\t\t<\/div>\n\t\t\t\t\t<\/div>\n\t\t<\/div>\n\t\t\t\t\t<\/div>\n\t\t<\/section>\n\t\t\t\t<\/div>\n\t\t","protected":false},"excerpt":{"rendered":"<p>Vers\u00e3o 1.5 (Revisado em 09\/03\/2022) Para efetuar a abertura de um Processo de ajuste em PPC, a Coordena\u00e7\u00e3o do Curso dever\u00e1 acessar o Portal Documentos, e proceder \u00e0 escolha do tipo documental espec\u00edfico para tal, de acordo com as imagens. Imagem 1: login no Portal Documentos e acesso no menu \u2018NOVO\u2019 Imagem 2: Sele\u00e7\u00e3o do [&hellip;]<\/p>\n","protected":false},"author":4982,"featured_media":0,"parent":151,"menu_order":0,"comment_status":"closed","ping_status":"closed","template":"","meta":{"footnotes":""},"categories":[62,59],"tags":[65],"class_list":["post-977","page","type-page","status-publish","hentry","category-apoio-ao-usuario","category-tutoriais-e-manuais","tag-tutoriais"],"acf":[],"_links":{"self":[{"href":"https:\/\/www.ufsm.br\/orgaos-suplementares\/dag\/pen\/wp-json\/wp\/v2\/pages\/977","targetHints":{"allow":["GET"]}}],"collection":[{"href":"https:\/\/www.ufsm.br\/orgaos-suplementares\/dag\/pen\/wp-json\/wp\/v2\/pages"}],"about":[{"href":"https:\/\/www.ufsm.br\/orgaos-suplementares\/dag\/pen\/wp-json\/wp\/v2\/types\/page"}],"author":[{"embeddable":true,"href":"https:\/\/www.ufsm.br\/orgaos-suplementares\/dag\/pen\/wp-json\/wp\/v2\/users\/4982"}],"replies":[{"embeddable":true,"href":"https:\/\/www.ufsm.br\/orgaos-suplementares\/dag\/pen\/wp-json\/wp\/v2\/comments?post=977"}],"version-history":[{"count":0,"href":"https:\/\/www.ufsm.br\/orgaos-suplementares\/dag\/pen\/wp-json\/wp\/v2\/pages\/977\/revisions"}],"up":[{"embeddable":true,"href":"https:\/\/www.ufsm.br\/orgaos-suplementares\/dag\/pen\/wp-json\/wp\/v2\/pages\/151"}],"wp:attachment":[{"href":"https:\/\/www.ufsm.br\/orgaos-suplementares\/dag\/pen\/wp-json\/wp\/v2\/media?parent=977"}],"wp:term":[{"taxonomy":"category","embeddable":true,"href":"https:\/\/www.ufsm.br\/orgaos-suplementares\/dag\/pen\/wp-json\/wp\/v2\/categories?post=977"},{"taxonomy":"post_tag","embeddable":true,"href":"https:\/\/www.ufsm.br\/orgaos-suplementares\/dag\/pen\/wp-json\/wp\/v2\/tags?post=977"}],"curies":[{"name":"wp","href":"https:\/\/api.w.org\/{rel}","templated":true}]}}