{"id":17,"date":"2025-03-14T09:51:49","date_gmt":"2025-03-14T12:51:49","guid":{"rendered":"https:\/\/www.ufsm.br\/orgaos-suplementares\/dag\/transdoc\/?page_id=17"},"modified":"2025-10-24T14:44:59","modified_gmt":"2025-10-24T17:44:59","slug":"agendamento","status":"publish","type":"page","link":"https:\/\/www.ufsm.br\/orgaos-suplementares\/dag\/transdoc\/agendamento","title":{"rendered":"Agendamento"},"content":{"rendered":"\t\t<div data-elementor-type=\"wp-page\" data-elementor-id=\"17\" class=\"elementor elementor-17\">\n\t\t\t\t\t\t<section class=\"elementor-section elementor-top-section elementor-element elementor-element-1004039 elementor-section-boxed elementor-section-height-default elementor-section-height-default\" data-id=\"1004039\" data-element_type=\"section\">\n\t\t\t\t\t\t<div class=\"elementor-container elementor-column-gap-default\">\n\t\t\t\t\t<div class=\"elementor-column elementor-col-100 elementor-top-column elementor-element elementor-element-d774d37\" data-id=\"d774d37\" data-element_type=\"column\">\n\t\t\t<div class=\"elementor-widget-wrap elementor-element-populated\">\n\t\t\t\t\t\t<div class=\"elementor-element elementor-element-899b470 elementor-widget elementor-widget-text-editor\" data-id=\"899b470\" data-element_type=\"widget\" data-widget_type=\"text-editor.default\">\n\t\t\t\t<div class=\"elementor-widget-container\">\n\t\t\t\t\t\t\t<section class=\"elementor-section elementor-top-section elementor-element elementor-element-9315e34 elementor-section-boxed elementor-section-height-default elementor-section-height-default\" data-id=\"9315e34\" data-element_type=\"section\"><div class=\"elementor-container elementor-column-gap-default\"><div class=\"elementor-column elementor-col-100 elementor-top-column elementor-element elementor-element-d474ec0\" data-id=\"d474ec0\" data-element_type=\"column\"><div class=\"elementor-widget-wrap elementor-element-populated\"><div class=\"elementor-element elementor-element-ab9ad93 elementor-widget elementor-widget-text-editor\" data-id=\"ab9ad93\" data-element_type=\"widget\" data-widget_type=\"text-editor.default\"><div class=\"elementor-widget-container\"><ul><li>O atendimento ao p\u00fablico \u00e9 realizado de segunda a sexta-feira, no hor\u00e1rio das 8h \u00e0s 12h e das 13h \u00e0s 17 horas.<\/li><li>\u00c9 necess\u00e1rio agendar previamente, com no m\u00ednimo 48 horas de anteced\u00eancia.<\/li><li>A confirma\u00e7\u00e3o do agendamento ser\u00e1 enviada no e-mail informado pelo pesquisador ou visitante.<\/li><li>Verifique a infraestrutura dispon\u00edvel para uso no espa\u00e7o do TRANSDOC em\u00a0<a href=\"https:\/\/pnipe.mcti.gov.br\/laboratory\/31249\" target=\"_blank\" rel=\"noopener\">Plataforma PNIPE<\/a>.<\/li><li>Para consulta ao acervo verifique os instrumentos de pesquisa dispon\u00edveis em\u00a0<a href=\"https:\/\/www.ufsm.br\/orgaos-suplementares\/dag\/acervo-documental-instrumentos-pesquisa\">Acervo \u2013 Instrumentos de Pesquisa<\/a>.<\/li><li><div>Antes de agendar a pesquisa verifique se o acervo de interesse se encontra dispon\u00edvel online:\u00a0<a href=\"https:\/\/fonte.ufsm.br\/\">Fonte UFSM e\u00a0<\/a><a href=\"https:\/\/portal.ufsm.br\/documentos\/mainMenu.html\">Portal Documentos UFSM<\/a><\/div><\/li><li>Para manuseio da documenta\u00e7\u00e3o \u00e9 obrigat\u00f3rio o uso de EPI que poder\u00e1 ser fornecido no local, conforme disponibilidade.<\/li><\/ul><\/div><\/div><\/div><\/div><\/div><\/section>\t\t\t\t\t\t<\/div>\n\t\t\t\t<\/div>\n\t\t\t\t\t<\/div>\n\t\t<\/div>\n\t\t\t\t\t<\/div>\n\t\t<\/section>\n\t\t\t\t<section class=\"elementor-section elementor-top-section elementor-element elementor-element-dde0ab9 elementor-section-boxed elementor-section-height-default elementor-section-height-default\" data-id=\"dde0ab9\" data-element_type=\"section\">\n\t\t\t\t\t\t<div class=\"elementor-container elementor-column-gap-default\">\n\t\t\t\t\t<div class=\"elementor-column elementor-col-100 elementor-top-column elementor-element elementor-element-ab2ae66\" data-id=\"ab2ae66\" data-element_type=\"column\">\n\t\t\t<div class=\"elementor-widget-wrap elementor-element-populated\">\n\t\t\t\t\t\t<div class=\"elementor-element elementor-element-c57f0ce elementor-align-center elementor-widget elementor-widget-button\" data-id=\"c57f0ce\" data-element_type=\"widget\" data-settings=\"{&quot;_animation&quot;:&quot;none&quot;}\" data-widget_type=\"button.default\">\n\t\t\t\t<div class=\"elementor-widget-container\">\n\t\t\t\t\t\t\t<div class=\"elementor-button-wrapper\">\n\t\t\t\t\t<a class=\"elementor-button elementor-button-link elementor-size-sm elementor-animation-grow\" href=\"https:\/\/docs.google.com\/forms\/d\/e\/1FAIpQLSfDVZlZu7VXLQr1sAPKIBErQR0d8GbY0IVOpB7s413DzmETDQ\/viewform\">\n\t\t\t\t\t\t<span class=\"elementor-button-content-wrapper\">\n\t\t\t\t\t\t\t\t\t<span class=\"elementor-button-text\">Solicitar<\/span>\n\t\t\t\t\t<\/span>\n\t\t\t\t\t<\/a>\n\t\t\t\t<\/div>\n\t\t\t\t\t\t<\/div>\n\t\t\t\t<\/div>\n\t\t\t\t\t<\/div>\n\t\t<\/div>\n\t\t\t\t\t<\/div>\n\t\t<\/section>\n\t\t\t\t<\/div>\n\t\t","protected":false},"excerpt":{"rendered":"<p>O atendimento ao p\u00fablico \u00e9 realizado de segunda a sexta-feira, no hor\u00e1rio das 8h \u00e0s 12h e das 13h \u00e0s 17 horas. \u00c9 necess\u00e1rio agendar previamente, com no m\u00ednimo 48 horas de anteced\u00eancia. A confirma\u00e7\u00e3o do agendamento ser\u00e1 enviada no e-mail informado pelo pesquisador ou visitante. Verifique a infraestrutura dispon\u00edvel para uso no espa\u00e7o do [&hellip;]<\/p>\n","protected":false},"author":6742,"featured_media":0,"parent":0,"menu_order":0,"comment_status":"closed","ping_status":"closed","template":"","meta":{"footnotes":""},"categories":[],"tags":[],"class_list":["post-17","page","type-page","status-publish","hentry"],"acf":[],"_links":{"self":[{"href":"https:\/\/www.ufsm.br\/orgaos-suplementares\/dag\/transdoc\/wp-json\/wp\/v2\/pages\/17","targetHints":{"allow":["GET"]}}],"collection":[{"href":"https:\/\/www.ufsm.br\/orgaos-suplementares\/dag\/transdoc\/wp-json\/wp\/v2\/pages"}],"about":[{"href":"https:\/\/www.ufsm.br\/orgaos-suplementares\/dag\/transdoc\/wp-json\/wp\/v2\/types\/page"}],"author":[{"embeddable":true,"href":"https:\/\/www.ufsm.br\/orgaos-suplementares\/dag\/transdoc\/wp-json\/wp\/v2\/users\/6742"}],"replies":[{"embeddable":true,"href":"https:\/\/www.ufsm.br\/orgaos-suplementares\/dag\/transdoc\/wp-json\/wp\/v2\/comments?post=17"}],"version-history":[{"count":0,"href":"https:\/\/www.ufsm.br\/orgaos-suplementares\/dag\/transdoc\/wp-json\/wp\/v2\/pages\/17\/revisions"}],"wp:attachment":[{"href":"https:\/\/www.ufsm.br\/orgaos-suplementares\/dag\/transdoc\/wp-json\/wp\/v2\/media?parent=17"}],"wp:term":[{"taxonomy":"category","embeddable":true,"href":"https:\/\/www.ufsm.br\/orgaos-suplementares\/dag\/transdoc\/wp-json\/wp\/v2\/categories?post=17"},{"taxonomy":"post_tag","embeddable":true,"href":"https:\/\/www.ufsm.br\/orgaos-suplementares\/dag\/transdoc\/wp-json\/wp\/v2\/tags?post=17"}],"curies":[{"name":"wp","href":"https:\/\/api.w.org\/{rel}","templated":true}]}}