{"id":23,"date":"2025-03-14T11:35:30","date_gmt":"2025-03-14T14:35:30","guid":{"rendered":"https:\/\/www.ufsm.br\/orgaos-suplementares\/dag\/transdoc\/?page_id=23"},"modified":"2026-01-29T14:36:21","modified_gmt":"2026-01-29T17:36:21","slug":"apresentacao","status":"publish","type":"page","link":"https:\/\/www.ufsm.br\/orgaos-suplementares\/dag\/transdoc\/apresentacao","title":{"rendered":"Apresenta\u00e7\u00e3o"},"content":{"rendered":"\t\t<div data-elementor-type=\"wp-page\" data-elementor-id=\"23\" class=\"elementor elementor-23\">\n\t\t\t\t\t\t<section class=\"elementor-section elementor-top-section elementor-element elementor-element-952d2bc elementor-section-boxed elementor-section-height-default elementor-section-height-default\" data-id=\"952d2bc\" data-element_type=\"section\">\n\t\t\t\t\t\t<div class=\"elementor-container elementor-column-gap-default\">\n\t\t\t\t\t<div class=\"elementor-column elementor-col-100 elementor-top-column elementor-element elementor-element-056c267\" data-id=\"056c267\" data-element_type=\"column\">\n\t\t\t<div class=\"elementor-widget-wrap elementor-element-populated\">\n\t\t\t\t\t\t<div class=\"elementor-element elementor-element-06b0f65 elementor-widget elementor-widget-text-editor\" data-id=\"06b0f65\" data-element_type=\"widget\" data-widget_type=\"text-editor.default\">\n\t\t\t\t<div class=\"elementor-widget-container\">\n\t\t\t\t\t\t\t<p style=\"text-align: justify\"><span style=\"font-weight: 400\">A crise clim\u00e1tica que desencadeou as enchentes, inunda\u00e7\u00f5es e alagamentos que assolaram o Rio Grande do Sul, entre o final do m\u00eas de abril e in\u00edcio do m\u00eas de maio de 2024 causaram danos significativos aos acervos hist\u00f3ricos e documentais no Estado. <\/span><\/p>\t\t\t\t\t\t<\/div>\n\t\t\t\t<\/div>\n\t\t\t\t\t<\/div>\n\t\t<\/div>\n\t\t\t\t\t<\/div>\n\t\t<\/section>\n\t\t\t\t<section class=\"elementor-section elementor-top-section elementor-element elementor-element-561008f elementor-section-boxed elementor-section-height-default elementor-section-height-default\" data-id=\"561008f\" data-element_type=\"section\">\n\t\t\t\t\t\t<div class=\"elementor-container elementor-column-gap-default\">\n\t\t\t\t\t<div class=\"elementor-column elementor-col-33 elementor-top-column elementor-element elementor-element-44b25f0\" data-id=\"44b25f0\" data-element_type=\"column\">\n\t\t\t<div class=\"elementor-widget-wrap elementor-element-populated\">\n\t\t\t\t\t\t<div class=\"elementor-element elementor-element-30d3f2f elementor-widget elementor-widget-text-editor\" data-id=\"30d3f2f\" data-element_type=\"widget\" data-widget_type=\"text-editor.default\">\n\t\t\t\t<div class=\"elementor-widget-container\">\n\t\t\t\t\t\t\t<p style=\"text-align: justify\">Neste contexto, a<span style=\"font-weight: 400\"> Universidade Federal de Santa Maria (UFSM), tamb\u00e9m foi afetada com aproximadamente 12 mil caixas de documentos danificadas que, em menos de 10 horas ap\u00f3s o incidente e como solu\u00e7\u00e3o imediata, teve o material submetido \u00e0 t\u00e9cnica de congelamento para minimizar danos, iniciando assim \u201c<a href=\"https:\/\/www.ufsm.br\/orgaos-suplementares\/dag\/operacao-recupera-acervo-ufsm\" target=\"_blank\" rel=\"noopener\">Opera\u00e7\u00e3o Recupera Acervo UFSM<\/a>\u201d com a colabora\u00e7\u00e3o de professores, servidores, alunos, funcion\u00e1rios e militares, com trabalho volunt\u00e1rio.<\/span><\/p><p style=\"text-align: justify\">O acervo institucional reflete a organiza\u00e7\u00e3o e funcionamento da UFSM, incluindo o legado das antigas faculdades que antecederam sua cria\u00e7\u00e3o, hoje j\u00e1 federalizada como UFSM e inclui ainda documentos resultantes das atividades de ensino, pesquisa e extens\u00e3o; da assist\u00eancia estudantil; do ensino b\u00e1sico, m\u00e9dio, t\u00e9cnico e tecnol\u00f3gico; da gest\u00e3o de pessoal, gest\u00e3o or\u00e7ament\u00e1ria, material, patrim\u00f4nio, dentre outras. Em todo o conjunto, al\u00e9m da documenta\u00e7\u00e3o textual manuscrita e impressa, tamb\u00e9m existem registros iconogr\u00e1ficos (negativos fotogr\u00e1ficos, microfilmes), audiovisuais (rolos de fitas) e m\u00eddias eletr\u00f4nicas (disquetes e CD\u2019s).<\/p>\t\t\t\t\t\t<\/div>\n\t\t\t\t<\/div>\n\t\t\t\t\t<\/div>\n\t\t<\/div>\n\t\t\t\t<div class=\"elementor-column elementor-col-33 elementor-top-column elementor-element elementor-element-c941986\" data-id=\"c941986\" data-element_type=\"column\">\n\t\t\t<div class=\"elementor-widget-wrap\">\n\t\t\t\t\t\t\t<\/div>\n\t\t<\/div>\n\t\t\t\t<div class=\"elementor-column elementor-col-33 elementor-top-column elementor-element elementor-element-535f416\" data-id=\"535f416\" data-element_type=\"column\">\n\t\t\t<div class=\"elementor-widget-wrap elementor-element-populated\">\n\t\t\t\t\t\t<div class=\"elementor-element elementor-element-8def9d4 elementor-widget elementor-widget-image\" data-id=\"8def9d4\" data-element_type=\"widget\" data-widget_type=\"image.default\">\n\t\t\t\t<div class=\"elementor-widget-container\">\n\t\t\t\t\t\t\t\t\t\t<figure class=\"wp-caption\">\n\t\t\t\t\t\t\t\t\t\t<img fetchpriority=\"high\" decoding=\"async\" width=\"768\" height=\"576\" src=\"https:\/\/www.ufsm.br\/app\/uploads\/sites\/961\/2025\/03\/DSCN0686-768x576.jpg\" class=\"attachment-medium_large size-medium_large wp-image-24\" alt=\"\" srcset=\"https:\/\/www.ufsm.br\/app\/uploads\/sites\/961\/2025\/03\/DSCN0686-768x576.jpg 768w, https:\/\/www.ufsm.br\/app\/uploads\/sites\/961\/2025\/03\/DSCN0686-300x225.jpg 300w, https:\/\/www.ufsm.br\/app\/uploads\/sites\/961\/2025\/03\/DSCN0686-1024x768.jpg 1024w, https:\/\/www.ufsm.br\/app\/uploads\/sites\/961\/2025\/03\/DSCN0686-1536x1152.jpg 1536w, https:\/\/www.ufsm.br\/app\/uploads\/sites\/961\/2025\/03\/DSCN0686.jpg 1920w\" sizes=\"(max-width: 768px) 100vw, 768px\" \/>\t\t\t\t\t\t\t\t\t\t\t<figcaption class=\"widget-image-caption wp-caption-text\">Equipe do DAG em recupera\u00e7\u00e3o de Arquivos Danificados<\/figcaption>\n\t\t\t\t\t\t\t\t\t\t<\/figure>\n\t\t\t\t\t\t\t<\/div>\n\t\t\t\t<\/div>\n\t\t\t\t\t<\/div>\n\t\t<\/div>\n\t\t\t\t\t<\/div>\n\t\t<\/section>\n\t\t\t\t<section class=\"elementor-section elementor-top-section elementor-element elementor-element-8af63fe elementor-section-boxed elementor-section-height-default elementor-section-height-default\" data-id=\"8af63fe\" data-element_type=\"section\">\n\t\t\t\t\t\t<div class=\"elementor-container elementor-column-gap-default\">\n\t\t\t\t\t<div class=\"elementor-column elementor-col-100 elementor-top-column elementor-element elementor-element-615f778\" data-id=\"615f778\" data-element_type=\"column\">\n\t\t\t<div class=\"elementor-widget-wrap elementor-element-populated\">\n\t\t\t\t\t\t<div class=\"elementor-element elementor-element-260b422 elementor-widget elementor-widget-text-editor\" data-id=\"260b422\" data-element_type=\"widget\" data-widget_type=\"text-editor.default\">\n\t\t\t\t<div class=\"elementor-widget-container\">\n\t\t\t\t\t\t\t<p style=\"text-align: justify\"><span style=\"font-weight: 400\">Pela grandeza do acervo e situa\u00e7\u00e3o encontrada, com documentos encharcados por \u00e1gua e com muita sujicidade, a etapa de higieniza\u00e7\u00e3o necessita de cuidados especiais, com emprego de equipamentos e materiais espec\u00edficos. Por isso, uma participa\u00e7\u00e3o multidisciplinar e colaborativa com diversas \u00e1reas do conhecimento foi essencial para o resgate de Acervos.<\/span><\/p>\t\t\t\t\t\t<\/div>\n\t\t\t\t<\/div>\n\t\t\t\t\t<\/div>\n\t\t<\/div>\n\t\t\t\t\t<\/div>\n\t\t<\/section>\n\t\t\t\t<section class=\"elementor-section elementor-top-section elementor-element elementor-element-9a00e9d elementor-section-boxed elementor-section-height-default elementor-section-height-default\" data-id=\"9a00e9d\" data-element_type=\"section\">\n\t\t\t\t\t\t<div class=\"elementor-container elementor-column-gap-default\">\n\t\t\t\t\t<div class=\"elementor-column elementor-col-33 elementor-top-column elementor-element elementor-element-9f3b47b\" data-id=\"9f3b47b\" data-element_type=\"column\">\n\t\t\t<div class=\"elementor-widget-wrap elementor-element-populated\">\n\t\t\t\t\t\t<div class=\"elementor-element elementor-element-7ee6175 elementor-widget elementor-widget-image\" data-id=\"7ee6175\" data-element_type=\"widget\" data-widget_type=\"image.default\">\n\t\t\t\t<div class=\"elementor-widget-container\">\n\t\t\t\t\t\t\t\t\t\t<figure class=\"wp-caption\">\n\t\t\t\t\t\t\t\t\t\t<img decoding=\"async\" width=\"1024\" height=\"768\" src=\"https:\/\/www.ufsm.br\/app\/uploads\/sites\/961\/2025\/03\/IMG-20250114-WA0060-1024x768.jpg\" class=\"attachment-large size-large wp-image-25\" alt=\"\" srcset=\"https:\/\/www.ufsm.br\/app\/uploads\/sites\/961\/2025\/03\/IMG-20250114-WA0060-1024x768.jpg 1024w, https:\/\/www.ufsm.br\/app\/uploads\/sites\/961\/2025\/03\/IMG-20250114-WA0060-300x225.jpg 300w, https:\/\/www.ufsm.br\/app\/uploads\/sites\/961\/2025\/03\/IMG-20250114-WA0060-768x576.jpg 768w, https:\/\/www.ufsm.br\/app\/uploads\/sites\/961\/2025\/03\/IMG-20250114-WA0060-1536x1152.jpg 1536w, https:\/\/www.ufsm.br\/app\/uploads\/sites\/961\/2025\/03\/IMG-20250114-WA0060.jpg 1920w\" sizes=\"(max-width: 1024px) 100vw, 1024px\" \/>\t\t\t\t\t\t\t\t\t\t\t<figcaption class=\"widget-image-caption wp-caption-text\">Equipe trabalhando na recupera\u00e7\u00e3o<\/figcaption>\n\t\t\t\t\t\t\t\t\t\t<\/figure>\n\t\t\t\t\t\t\t<\/div>\n\t\t\t\t<\/div>\n\t\t\t\t\t<\/div>\n\t\t<\/div>\n\t\t\t\t<div class=\"elementor-column elementor-col-33 elementor-top-column elementor-element elementor-element-7e3df9e\" data-id=\"7e3df9e\" data-element_type=\"column\">\n\t\t\t<div class=\"elementor-widget-wrap\">\n\t\t\t\t\t\t\t<\/div>\n\t\t<\/div>\n\t\t\t\t<div class=\"elementor-column elementor-col-33 elementor-top-column elementor-element elementor-element-f0d0cba\" data-id=\"f0d0cba\" data-element_type=\"column\">\n\t\t\t<div class=\"elementor-widget-wrap elementor-element-populated\">\n\t\t\t\t\t\t<div class=\"elementor-element elementor-element-8835797 elementor-widget elementor-widget-text-editor\" data-id=\"8835797\" data-element_type=\"widget\" data-widget_type=\"text-editor.default\">\n\t\t\t\t<div class=\"elementor-widget-container\">\n\t\t\t\t\t\t\t<p style=\"text-align: justify\"><span style=\"font-weight: 400\">A capacidade de trabalho da equipe e a efici\u00eancia da UFSM, especificamente durante a cat\u00e1strofe no RS, serviu como base para que o Arquivo Nacional (AN) articulasse materiais e orienta\u00e7\u00f5es sobre a recupera\u00e7\u00e3o dos volumes documentais afetados pelos alagamentos. Instru\u00e7\u00f5es t\u00e9cnicas sobre o resgate e congelamento de documentos alagados foram publicadas em parceria com a UFSM, consolidando pr\u00e1ticas eficazes de recupera\u00e7\u00e3o documental.<\/span><\/p><p style=\"text-align: justify\"><span style=\"font-weight: 400\">Por outro lado, a compet\u00eancia e pioneirismo da UFSM tem sido refer\u00eancia nacional na \u00e1rea de produ\u00e7\u00e3o e preserva\u00e7\u00e3o de documentos digitais, tendo liderado pesquisas e experi\u00eancia que s\u00e3o compartilhadas com outras institui\u00e7\u00f5es e consolidando parcerias com o AN, o Instituto Brasileiro de Informa\u00e7\u00e3o e Ci\u00eancia em Tecnologia (IBICT) e a Rede Nacional de Pesquisa (RNP). <\/span><\/p><p style=\"text-align: justify\"><span style=\"font-weight: 400\">\u00a0 \u00a0 \u00a0 \u00a0\u00a0<\/span><\/p>\t\t\t\t\t\t<\/div>\n\t\t\t\t<\/div>\n\t\t\t\t\t<\/div>\n\t\t<\/div>\n\t\t\t\t\t<\/div>\n\t\t<\/section>\n\t\t\t\t<section class=\"elementor-section elementor-top-section elementor-element elementor-element-e7c14cc elementor-section-boxed elementor-section-height-default elementor-section-height-default\" data-id=\"e7c14cc\" data-element_type=\"section\">\n\t\t\t\t\t\t<div class=\"elementor-container elementor-column-gap-default\">\n\t\t\t\t\t<div class=\"elementor-column elementor-col-100 elementor-top-column elementor-element elementor-element-e58ab9e\" data-id=\"e58ab9e\" data-element_type=\"column\">\n\t\t\t<div class=\"elementor-widget-wrap elementor-element-populated\">\n\t\t\t\t\t\t<div class=\"elementor-element elementor-element-64ddfdc elementor-widget elementor-widget-text-editor\" data-id=\"64ddfdc\" data-element_type=\"widget\" data-widget_type=\"text-editor.default\">\n\t\t\t\t<div class=\"elementor-widget-container\">\n\t\t\t\t\t\t\t<p style=\"text-align: justify\"><span style=\"font-weight: 400\">A experi\u00eancia inicial com a recupera\u00e7\u00e3o do acervo institucional com a recupera\u00e7\u00e3o do acervo inundado, incluindo a digitaliza\u00e7\u00e3o e uso de tecnologias na recupera\u00e7\u00e3o e preserva\u00e7\u00e3o dos documentos demonstrou-se de grande import\u00e2ncia para auxiliar outros \u00f3rg\u00e3os que tiveram seus acervos prejudicados, o que tornou a UFSM uma refer\u00eancia no assunto e demandou a implementa\u00e7\u00e3o de um espa\u00e7o\u00a0 e infraestrutura de trabalho a fim de viabilizar pesquisas em diferentes \u00e1reas do conhecimento na recupera\u00e7\u00e3o documental.<\/span><\/p>\t\t\t\t\t\t<\/div>\n\t\t\t\t<\/div>\n\t\t\t\t\t<\/div>\n\t\t<\/div>\n\t\t\t\t\t<\/div>\n\t\t<\/section>\n\t\t\t\t<section class=\"elementor-section elementor-top-section elementor-element elementor-element-679ee82 elementor-section-boxed elementor-section-height-default elementor-section-height-default\" data-id=\"679ee82\" data-element_type=\"section\">\n\t\t\t\t\t\t<div class=\"elementor-container elementor-column-gap-default\">\n\t\t\t\t\t<div class=\"elementor-column elementor-col-100 elementor-top-column elementor-element elementor-element-84f1dfc\" data-id=\"84f1dfc\" data-element_type=\"column\">\n\t\t\t<div class=\"elementor-widget-wrap elementor-element-populated\">\n\t\t\t\t\t\t<div class=\"elementor-element elementor-element-dc0f833 elementor-widget elementor-widget-heading\" data-id=\"dc0f833\" data-element_type=\"widget\" data-widget_type=\"heading.default\">\n\t\t\t\t<div class=\"elementor-widget-container\">\n\t\t\t<h5 class=\"elementor-heading-title elementor-size-default\">Motivadores<\/h5>\t\t<\/div>\n\t\t\t\t<\/div>\n\t\t\t\t\t<\/div>\n\t\t<\/div>\n\t\t\t\t\t<\/div>\n\t\t<\/section>\n\t\t\t\t<section class=\"elementor-section elementor-top-section elementor-element elementor-element-598f954 elementor-section-boxed elementor-section-height-default elementor-section-height-default\" data-id=\"598f954\" data-element_type=\"section\">\n\t\t\t\t\t\t<div class=\"elementor-container elementor-column-gap-default\">\n\t\t\t\t\t<div class=\"elementor-column elementor-col-100 elementor-top-column elementor-element elementor-element-6591bbf\" data-id=\"6591bbf\" data-element_type=\"column\">\n\t\t\t<div class=\"elementor-widget-wrap elementor-element-populated\">\n\t\t\t\t\t\t<div class=\"elementor-element elementor-element-a9d0ee2 elementor-widget elementor-widget-text-editor\" data-id=\"a9d0ee2\" data-element_type=\"widget\" data-widget_type=\"text-editor.default\">\n\t\t\t\t<div class=\"elementor-widget-container\">\n\t\t\t\t\t\t\t<p><span style=\"font-weight: 400\">Dentre as motiva\u00e7\u00f5es para implementar uma infraestrutura de equipamentos de restaura\u00e7\u00e3o, digitaliza\u00e7\u00e3o e armazenamento digital da UFSM, a fim de garantir a recupera\u00e7\u00e3o, preserva\u00e7\u00e3o e disponibiliza\u00e7\u00e3o da documenta\u00e7\u00e3o atingida por inunda\u00e7\u00e3o, num total aproximado de 12 mil caixas.<br \/><br \/>Com isso, espera-se:<br \/><br \/><\/span><\/p><ul><li style=\"font-weight: 400\"><span style=\"font-weight: 400\">Implanta\u00e7\u00e3o de uma infraestrutura de equipamentos de restaura\u00e7\u00e3o de acervos documentais na institui\u00e7\u00e3o.<\/span><\/li><li style=\"font-weight: 400\"><span style=\"font-weight: 400\">Digitaliza\u00e7\u00e3o da totalidade do acervo alagado, utilizando t\u00e9cnicas inovadores de recupera\u00e7\u00e3o de imagem, garantindo a leitura do conte\u00fado dos documentos danificados pela \u00e1gua.<\/span><\/li><li style=\"font-weight: 400\"><span style=\"font-weight: 400\">Incremento da infraestrutura de armazenamento (reposit\u00f3rio digital) visando garantir a preserva\u00e7\u00e3o e acesso futuro aos arquivos gerados pelo processo de digitaliza\u00e7\u00e3o do acervo.<\/span><\/li><li style=\"font-weight: 400\"><span style=\"font-weight: 400\">Disponibiliza\u00e7\u00e3o de todo o acervo recuperado em plataforma <\/span><i><span style=\"font-weight: 400\">web<\/span><\/i><span style=\"font-weight: 400\">, facilitando a consulta e o acesso \u00e0 informa\u00e7\u00e3o.<\/span><\/li><li style=\"font-weight: 400\"><span style=\"font-weight: 400\">Capacita\u00e7\u00e3o de profissionais especializados em t\u00e9cnicas avan\u00e7adas de recupera\u00e7\u00e3o e preserva\u00e7\u00e3o documental, fortalecendo a compet\u00eancia t\u00e9cnica e cient\u00edfica da equipe.<\/span><\/li><li style=\"font-weight: 400\"><span style=\"font-weight: 400\">Oportunizar a aplica\u00e7\u00e3o de metodologias transdisciplinares e inovadoras para a recupera\u00e7\u00e3o de grandes volumes de documentos danificados por sinistros extremos, garantindo a integridade na preserva\u00e7\u00e3o e a longevidade para o acesso.<\/span><\/li><li style=\"font-weight: 400\"><span style=\"font-weight: 400\">Fortalecimento da capacidade de resposta e melhoria dos protocolos institucionais para resposta r\u00e1pida e eficaz a eventos clim\u00e1ticos extremos, assegurando a prote\u00e7\u00e3o de acervos documentais.<\/span><\/li><li style=\"font-weight: 400\"><span style=\"font-weight: 400\">Enriquecimento do arcabou\u00e7o te\u00f3rico-metodol\u00f3gico na \u00e1rea de recupera\u00e7\u00e3o documental, preenchendo lacunas na literatura e proporcionando novos conhecimentos para o enfrentamento de sinistros em acervos documentais.<\/span><\/li><li style=\"font-weight: 400\"><span style=\"font-weight: 400\">Dissemina\u00e7\u00e3o dos resultados e das metodologias inovadoras desenvolvidas, promovendo a replica\u00e7\u00e3o de pr\u00e1ticas baseadas em evid\u00eancias, estabelecendo novos padr\u00f5es de excel\u00eancia na \u00e1rea de recupera\u00e7\u00e3o de acervos documentais alagados.<\/span><\/li><li style=\"font-weight: 400\"><span style=\"font-weight: 400\">Preserva\u00e7\u00e3o e valoriza\u00e7\u00e3o do patrim\u00f4nio documental da UFSM, contribuindo para a manuten\u00e7\u00e3o da mem\u00f3ria hist\u00f3rica e fortalecimento da identidade cultural da regi\u00e3o e do pa\u00eds.<\/span><\/li><\/ul>\t\t\t\t\t\t<\/div>\n\t\t\t\t<\/div>\n\t\t\t\t\t<\/div>\n\t\t<\/div>\n\t\t\t\t\t<\/div>\n\t\t<\/section>\n\t\t\t\t<\/div>\n\t\t","protected":false},"excerpt":{"rendered":"<p>A crise clim\u00e1tica que desencadeou as enchentes, inunda\u00e7\u00f5es e alagamentos que assolaram o Rio Grande do Sul, entre o final do m\u00eas de abril e in\u00edcio do m\u00eas de maio de 2024 causaram danos significativos aos acervos hist\u00f3ricos e documentais no Estado. Neste contexto, a Universidade Federal de Santa Maria (UFSM), tamb\u00e9m foi afetada com [&hellip;]<\/p>\n","protected":false},"author":6742,"featured_media":0,"parent":0,"menu_order":0,"comment_status":"closed","ping_status":"closed","template":"","meta":{"footnotes":""},"categories":[],"tags":[],"class_list":["post-23","page","type-page","status-publish","hentry"],"acf":[],"_links":{"self":[{"href":"https:\/\/www.ufsm.br\/orgaos-suplementares\/dag\/transdoc\/wp-json\/wp\/v2\/pages\/23","targetHints":{"allow":["GET"]}}],"collection":[{"href":"https:\/\/www.ufsm.br\/orgaos-suplementares\/dag\/transdoc\/wp-json\/wp\/v2\/pages"}],"about":[{"href":"https:\/\/www.ufsm.br\/orgaos-suplementares\/dag\/transdoc\/wp-json\/wp\/v2\/types\/page"}],"author":[{"embeddable":true,"href":"https:\/\/www.ufsm.br\/orgaos-suplementares\/dag\/transdoc\/wp-json\/wp\/v2\/users\/6742"}],"replies":[{"embeddable":true,"href":"https:\/\/www.ufsm.br\/orgaos-suplementares\/dag\/transdoc\/wp-json\/wp\/v2\/comments?post=23"}],"version-history":[{"count":0,"href":"https:\/\/www.ufsm.br\/orgaos-suplementares\/dag\/transdoc\/wp-json\/wp\/v2\/pages\/23\/revisions"}],"wp:attachment":[{"href":"https:\/\/www.ufsm.br\/orgaos-suplementares\/dag\/transdoc\/wp-json\/wp\/v2\/media?parent=23"}],"wp:term":[{"taxonomy":"category","embeddable":true,"href":"https:\/\/www.ufsm.br\/orgaos-suplementares\/dag\/transdoc\/wp-json\/wp\/v2\/categories?post=23"},{"taxonomy":"post_tag","embeddable":true,"href":"https:\/\/www.ufsm.br\/orgaos-suplementares\/dag\/transdoc\/wp-json\/wp\/v2\/tags?post=23"}],"curies":[{"name":"wp","href":"https:\/\/api.w.org\/{rel}","templated":true}]}}