{"id":40,"date":"2025-03-21T14:26:28","date_gmt":"2025-03-21T17:26:28","guid":{"rendered":"https:\/\/www.ufsm.br\/orgaos-suplementares\/dag\/transdoc\/?page_id=40"},"modified":"2025-03-31T14:20:24","modified_gmt":"2025-03-31T17:20:24","slug":"tutoriais","status":"publish","type":"page","link":"https:\/\/www.ufsm.br\/orgaos-suplementares\/dag\/transdoc\/tutoriais","title":{"rendered":"Tutoriais"},"content":{"rendered":"\t\t<div data-elementor-type=\"wp-page\" data-elementor-id=\"40\" class=\"elementor elementor-40\">\n\t\t\t\t\t\t<section class=\"elementor-section elementor-top-section elementor-element elementor-element-039bcc3 elementor-section-boxed elementor-section-height-default elementor-section-height-default\" data-id=\"039bcc3\" data-element_type=\"section\">\n\t\t\t\t\t\t<div class=\"elementor-container elementor-column-gap-default\">\n\t\t\t\t\t<div class=\"elementor-column elementor-col-100 elementor-top-column elementor-element elementor-element-aa6f3e9\" data-id=\"aa6f3e9\" data-element_type=\"column\">\n\t\t\t<div class=\"elementor-widget-wrap elementor-element-populated\">\n\t\t\t\t\t\t<div class=\"elementor-element elementor-element-11456d3 elementor-widget elementor-widget-text-editor\" data-id=\"11456d3\" data-element_type=\"widget\" data-widget_type=\"text-editor.default\">\n\t\t\t\t<div class=\"elementor-widget-container\">\n\t\t\t\t\t\t\t<p>Conhe\u00e7a nossos tutoriais do Espa\u00e7o Transdisciplinar de pesquisas e pr\u00e1ticas em restaura\u00e7\u00e3o, digitaliza\u00e7\u00e3o, preserva\u00e7\u00e3o do patrim\u00f4nio documental &#8211; TRANSDOC.<\/p>\t\t\t\t\t\t<\/div>\n\t\t\t\t<\/div>\n\t\t\t\t\t<\/div>\n\t\t<\/div>\n\t\t\t\t\t<\/div>\n\t\t<\/section>\n\t\t\t\t<section class=\"elementor-section elementor-top-section elementor-element elementor-element-86e17d3 elementor-section-boxed elementor-section-height-default elementor-section-height-default\" data-id=\"86e17d3\" data-element_type=\"section\">\n\t\t\t\t\t\t<div class=\"elementor-container elementor-column-gap-default\">\n\t\t\t\t\t<div class=\"elementor-column elementor-col-33 elementor-top-column elementor-element elementor-element-accfe9c\" data-id=\"accfe9c\" data-element_type=\"column\">\n\t\t\t<div class=\"elementor-widget-wrap elementor-element-populated\">\n\t\t\t\t\t\t<div class=\"elementor-element elementor-element-e164794 elementor-widget elementor-widget-image\" data-id=\"e164794\" data-element_type=\"widget\" data-widget_type=\"image.default\">\n\t\t\t\t<div class=\"elementor-widget-container\">\n\t\t\t\t\t\t\t\t\t\t\t\t\t\t<a href=\"https:\/\/www.ufsm.br\/app\/uploads\/sites\/961\/2025\/03\/DESIGN-tutorial-atividades-bolsistas-e-servidores-2-1_compressed.pdf\" target=\"_blank\">\n\t\t\t\t\t\t\t<img fetchpriority=\"high\" decoding=\"async\" width=\"1020\" height=\"1024\" src=\"https:\/\/www.ufsm.br\/app\/uploads\/sites\/961\/2025\/03\/Tutorial-Bolsista-1020x1024.jpg\" class=\"attachment-large size-large wp-image-41\" alt=\"\" srcset=\"https:\/\/www.ufsm.br\/app\/uploads\/sites\/961\/2025\/03\/Tutorial-Bolsista-1020x1024.jpg 1020w, https:\/\/www.ufsm.br\/app\/uploads\/sites\/961\/2025\/03\/Tutorial-Bolsista-300x300.jpg 300w, https:\/\/www.ufsm.br\/app\/uploads\/sites\/961\/2025\/03\/Tutorial-Bolsista-150x150.jpg 150w, https:\/\/www.ufsm.br\/app\/uploads\/sites\/961\/2025\/03\/Tutorial-Bolsista-768x771.jpg 768w, https:\/\/www.ufsm.br\/app\/uploads\/sites\/961\/2025\/03\/Tutorial-Bolsista-1530x1536.jpg 1530w, https:\/\/www.ufsm.br\/app\/uploads\/sites\/961\/2025\/03\/Tutorial-Bolsista.jpg 1560w\" sizes=\"(max-width: 1020px) 100vw, 1020px\" \/>\t\t\t\t\t\t\t\t<\/a>\n\t\t\t\t\t\t\t\t\t\t\t\t\t<\/div>\n\t\t\t\t<\/div>\n\t\t\t\t<div class=\"elementor-element elementor-element-f52484d elementor-widget elementor-widget-heading\" data-id=\"f52484d\" data-element_type=\"widget\" data-widget_type=\"heading.default\">\n\t\t\t\t<div class=\"elementor-widget-container\">\n\t\t\t<h5 class=\"elementor-heading-title elementor-size-default\">Tutorial de atividades dos bolsistas<\/h5>\t\t<\/div>\n\t\t\t\t<\/div>\n\t\t\t\t<div class=\"elementor-element elementor-element-ec6e5ed elementor-widget elementor-widget-text-editor\" data-id=\"ec6e5ed\" data-element_type=\"widget\" data-widget_type=\"text-editor.default\">\n\t\t\t\t<div class=\"elementor-widget-container\">\n\t\t\t\t\t\t\t<p>Este tutorial tem como objetivo orientar os bolsistas no desenvolvimento das atividades do projeto de pesquisa n\u00ba 62.861: &#8220;Desafios e Estrat\u00e9gias na Recupera\u00e7\u00e3o de Documentos Arquiv\u00edsticos Danificados pelas Enchentes no Rio Grande do Sul&#8221;.<\/p>\t\t\t\t\t\t<\/div>\n\t\t\t\t<\/div>\n\t\t\t\t\t<\/div>\n\t\t<\/div>\n\t\t\t\t<div class=\"elementor-column elementor-col-33 elementor-top-column elementor-element elementor-element-721deb6\" data-id=\"721deb6\" data-element_type=\"column\">\n\t\t\t<div class=\"elementor-widget-wrap elementor-element-populated\">\n\t\t\t\t\t\t<div class=\"elementor-element elementor-element-33a6928 elementor-widget elementor-widget-image\" data-id=\"33a6928\" data-element_type=\"widget\" data-widget_type=\"image.default\">\n\t\t\t\t<div class=\"elementor-widget-container\">\n\t\t\t\t\t\t\t\t\t\t\t\t\t\t<a href=\"https:\/\/www.gov.br\/arquivonacional\/pt-br\/canais_atendimento\/imprensa\/copy_of_noticias\/instituicoes-publicam-documento-com-orientacoes-para-salvaguarda-de-arquivos-apos-inundacao\/AesIniciaisparaSalvaguardadeArquivos_AN_09.05.2024.pdf\" target=\"_blank\">\n\t\t\t\t\t\t\t<img decoding=\"async\" width=\"417\" height=\"430\" src=\"https:\/\/www.ufsm.br\/app\/uploads\/sites\/961\/2025\/03\/Capa_Acoes_iniciais-e1743441247725.jpg\" class=\"attachment-large size-large wp-image-43\" alt=\"\" srcset=\"https:\/\/www.ufsm.br\/app\/uploads\/sites\/961\/2025\/03\/Capa_Acoes_iniciais-e1743441247725.jpg 417w, https:\/\/www.ufsm.br\/app\/uploads\/sites\/961\/2025\/03\/Capa_Acoes_iniciais-e1743441247725-291x300.jpg 291w\" sizes=\"(max-width: 417px) 100vw, 417px\" \/>\t\t\t\t\t\t\t\t<\/a>\n\t\t\t\t\t\t\t\t\t\t\t\t\t<\/div>\n\t\t\t\t<\/div>\n\t\t\t\t<div class=\"elementor-element elementor-element-72e3471 elementor-widget elementor-widget-heading\" data-id=\"72e3471\" data-element_type=\"widget\" data-widget_type=\"heading.default\">\n\t\t\t\t<div class=\"elementor-widget-container\">\n\t\t\t<h5 class=\"elementor-heading-title elementor-size-default\">Guia - Resgate Inicial<\/h5>\t\t<\/div>\n\t\t\t\t<\/div>\n\t\t\t\t<div class=\"elementor-element elementor-element-8f05fe7 elementor-widget elementor-widget-text-editor\" data-id=\"8f05fe7\" data-element_type=\"widget\" data-widget_type=\"text-editor.default\">\n\t\t\t\t<div class=\"elementor-widget-container\">\n\t\t\t\t\t\t\t<p>Guia elaborado conjuntamente entre o Arquivo Nacional, o Arquivo P\u00fablico do Estado do RS e o DAG\/UFSM, oferece orienta\u00e7\u00f5es preliminares para a\u00e7\u00f5es emergenciais de resgate<\/p>\t\t\t\t\t\t<\/div>\n\t\t\t\t<\/div>\n\t\t\t\t\t<\/div>\n\t\t<\/div>\n\t\t\t\t<div class=\"elementor-column elementor-col-33 elementor-top-column elementor-element elementor-element-02ff288\" data-id=\"02ff288\" data-element_type=\"column\">\n\t\t\t<div class=\"elementor-widget-wrap elementor-element-populated\">\n\t\t\t\t\t\t<div class=\"elementor-element elementor-element-8abc809 elementor-widget elementor-widget-image\" data-id=\"8abc809\" data-element_type=\"widget\" data-widget_type=\"image.default\">\n\t\t\t\t<div class=\"elementor-widget-container\">\n\t\t\t\t\t\t\t\t\t\t\t\t\t\t<a href=\"https:\/\/www.gov.br\/arquivonacional\/pt-br\/media\/guiars-final_12-06.pdf\" target=\"_blank\">\n\t\t\t\t\t\t\t<img decoding=\"async\" width=\"490\" height=\"502\" src=\"https:\/\/www.ufsm.br\/app\/uploads\/sites\/961\/2025\/03\/Guia_Resgate_Danificados-por-agua.jpg\" class=\"attachment-large size-large wp-image-44\" alt=\"\" srcset=\"https:\/\/www.ufsm.br\/app\/uploads\/sites\/961\/2025\/03\/Guia_Resgate_Danificados-por-agua.jpg 490w, https:\/\/www.ufsm.br\/app\/uploads\/sites\/961\/2025\/03\/Guia_Resgate_Danificados-por-agua-293x300.jpg 293w\" sizes=\"(max-width: 490px) 100vw, 490px\" \/>\t\t\t\t\t\t\t\t<\/a>\n\t\t\t\t\t\t\t\t\t\t\t\t\t<\/div>\n\t\t\t\t<\/div>\n\t\t\t\t<div class=\"elementor-element elementor-element-d449944 elementor-widget elementor-widget-heading\" data-id=\"d449944\" data-element_type=\"widget\" data-widget_type=\"heading.default\">\n\t\t\t\t<div class=\"elementor-widget-container\">\n\t\t\t<h5 class=\"elementor-heading-title elementor-size-default\">Guia - Resgate para danos por \u00e1gua<\/h5>\t\t<\/div>\n\t\t\t\t<\/div>\n\t\t\t\t<div class=\"elementor-element elementor-element-d322565 elementor-widget elementor-widget-text-editor\" data-id=\"d322565\" data-element_type=\"widget\" data-widget_type=\"text-editor.default\">\n\t\t\t\t<div class=\"elementor-widget-container\">\n\t\t\t\t\t\t\t<p>Guia elaborado a partir do conhecimento de servidores e servidoras do Arquivo Nacional em preserva\u00e7\u00e3o de documentos e com a colabora\u00e7\u00e3o do Arquivo P\u00fablico do Estado do Rio Grande do Sul e da Universidade Federal de Santa Maria.<\/p>\t\t\t\t\t\t<\/div>\n\t\t\t\t<\/div>\n\t\t\t\t\t<\/div>\n\t\t<\/div>\n\t\t\t\t\t<\/div>\n\t\t<\/section>\n\t\t\t\t<\/div>\n\t\t","protected":false},"excerpt":{"rendered":"<p>Conhe\u00e7a nossos tutoriais do Espa\u00e7o Transdisciplinar de pesquisas e pr\u00e1ticas em restaura\u00e7\u00e3o, digitaliza\u00e7\u00e3o, preserva\u00e7\u00e3o do patrim\u00f4nio documental &#8211; TRANSDOC. Tutorial de atividades dos bolsistas Este tutorial tem como objetivo orientar os bolsistas no desenvolvimento das atividades do projeto de pesquisa n\u00ba 62.861: &#8220;Desafios e Estrat\u00e9gias na Recupera\u00e7\u00e3o de Documentos Arquiv\u00edsticos Danificados pelas Enchentes no Rio [&hellip;]<\/p>\n","protected":false},"author":8695,"featured_media":0,"parent":0,"menu_order":0,"comment_status":"closed","ping_status":"closed","template":"","meta":{"footnotes":""},"categories":[],"tags":[],"class_list":["post-40","page","type-page","status-publish","hentry"],"acf":[],"_links":{"self":[{"href":"https:\/\/www.ufsm.br\/orgaos-suplementares\/dag\/transdoc\/wp-json\/wp\/v2\/pages\/40","targetHints":{"allow":["GET"]}}],"collection":[{"href":"https:\/\/www.ufsm.br\/orgaos-suplementares\/dag\/transdoc\/wp-json\/wp\/v2\/pages"}],"about":[{"href":"https:\/\/www.ufsm.br\/orgaos-suplementares\/dag\/transdoc\/wp-json\/wp\/v2\/types\/page"}],"author":[{"embeddable":true,"href":"https:\/\/www.ufsm.br\/orgaos-suplementares\/dag\/transdoc\/wp-json\/wp\/v2\/users\/8695"}],"replies":[{"embeddable":true,"href":"https:\/\/www.ufsm.br\/orgaos-suplementares\/dag\/transdoc\/wp-json\/wp\/v2\/comments?post=40"}],"version-history":[{"count":0,"href":"https:\/\/www.ufsm.br\/orgaos-suplementares\/dag\/transdoc\/wp-json\/wp\/v2\/pages\/40\/revisions"}],"wp:attachment":[{"href":"https:\/\/www.ufsm.br\/orgaos-suplementares\/dag\/transdoc\/wp-json\/wp\/v2\/media?parent=40"}],"wp:term":[{"taxonomy":"category","embeddable":true,"href":"https:\/\/www.ufsm.br\/orgaos-suplementares\/dag\/transdoc\/wp-json\/wp\/v2\/categories?post=40"},{"taxonomy":"post_tag","embeddable":true,"href":"https:\/\/www.ufsm.br\/orgaos-suplementares\/dag\/transdoc\/wp-json\/wp\/v2\/tags?post=40"}],"curies":[{"name":"wp","href":"https:\/\/api.w.org\/{rel}","templated":true}]}}