{"id":95,"date":"2026-02-25T13:32:53","date_gmt":"2026-02-25T16:32:53","guid":{"rendered":"https:\/\/www.ufsm.br\/orgaos-suplementares\/dag\/transdoc\/?page_id=95"},"modified":"2026-02-26T08:38:06","modified_gmt":"2026-02-26T11:38:06","slug":"divulgacoes","status":"publish","type":"page","link":"https:\/\/www.ufsm.br\/orgaos-suplementares\/dag\/transdoc\/divulgacoes","title":{"rendered":"Divulga\u00e7\u00f5es"},"content":{"rendered":"\t\t<div data-elementor-type=\"wp-page\" data-elementor-id=\"95\" class=\"elementor elementor-95\">\n\t\t\t\t\t\t<section class=\"elementor-section elementor-top-section elementor-element elementor-element-1f4d9b3 elementor-section-boxed elementor-section-height-default elementor-section-height-default\" data-id=\"1f4d9b3\" data-element_type=\"section\">\n\t\t\t\t\t\t<div class=\"elementor-container elementor-column-gap-default\">\n\t\t\t\t\t<div class=\"elementor-column elementor-col-100 elementor-top-column elementor-element elementor-element-497f170\" data-id=\"497f170\" data-element_type=\"column\">\n\t\t\t<div class=\"elementor-widget-wrap elementor-element-populated\">\n\t\t\t\t\t\t<div class=\"elementor-element elementor-element-5b9168e elementor-widget elementor-widget-image\" data-id=\"5b9168e\" data-element_type=\"widget\" data-widget_type=\"image.default\">\n\t\t\t\t<div class=\"elementor-widget-container\">\n\t\t\t\t\t\t\t\t\t\t\t\t\t<img fetchpriority=\"high\" decoding=\"async\" width=\"1920\" height=\"602\" src=\"https:\/\/www.ufsm.br\/app\/uploads\/sites\/961\/2026\/02\/paper-hand-holding-megaphone-e1772105868507.jpg\" class=\"attachment-full size-full wp-image-96\" alt=\"\" srcset=\"https:\/\/www.ufsm.br\/app\/uploads\/sites\/961\/2026\/02\/paper-hand-holding-megaphone-e1772105868507.jpg 1920w, https:\/\/www.ufsm.br\/app\/uploads\/sites\/961\/2026\/02\/paper-hand-holding-megaphone-e1772105868507-300x94.jpg 300w, https:\/\/www.ufsm.br\/app\/uploads\/sites\/961\/2026\/02\/paper-hand-holding-megaphone-e1772105868507-1024x321.jpg 1024w, https:\/\/www.ufsm.br\/app\/uploads\/sites\/961\/2026\/02\/paper-hand-holding-megaphone-e1772105868507-768x241.jpg 768w, https:\/\/www.ufsm.br\/app\/uploads\/sites\/961\/2026\/02\/paper-hand-holding-megaphone-e1772105868507-1536x482.jpg 1536w\" sizes=\"(max-width: 1920px) 100vw, 1920px\" \/>\t\t\t\t\t\t\t\t\t\t\t\t\t<\/div>\n\t\t\t\t<\/div>\n\t\t\t\t\t<\/div>\n\t\t<\/div>\n\t\t\t\t\t<\/div>\n\t\t<\/section>\n\t\t\t\t<section class=\"elementor-section elementor-top-section elementor-element elementor-element-1fb45d1 elementor-section-boxed elementor-section-height-default elementor-section-height-default\" data-id=\"1fb45d1\" data-element_type=\"section\">\n\t\t\t\t\t\t<div class=\"elementor-container elementor-column-gap-default\">\n\t\t\t\t\t<div class=\"elementor-column elementor-col-100 elementor-top-column elementor-element elementor-element-8de67b3\" data-id=\"8de67b3\" data-element_type=\"column\">\n\t\t\t<div class=\"elementor-widget-wrap elementor-element-populated\">\n\t\t\t\t\t\t<div class=\"elementor-element elementor-element-360df7f elementor-widget elementor-widget-text-editor\" data-id=\"360df7f\" data-element_type=\"widget\" data-widget_type=\"text-editor.default\">\n\t\t\t\t<div class=\"elementor-widget-container\">\n\t\t\t\t\t\t\t<p style=\"text-align: center\">Neste espa\u00e7o voc\u00ea encontrar\u00e1 as divulga\u00e7\u00f5es referentes ao andamento das atividades de recupera\u00e7\u00e3o dos acervos<\/p>\t\t\t\t\t\t<\/div>\n\t\t\t\t<\/div>\n\t\t\t\t\t<\/div>\n\t\t<\/div>\n\t\t\t\t\t<\/div>\n\t\t<\/section>\n\t\t\t\t<section class=\"elementor-section elementor-top-section elementor-element elementor-element-5596492 elementor-section-boxed elementor-section-height-default elementor-section-height-default\" data-id=\"5596492\" data-element_type=\"section\">\n\t\t\t\t\t\t<div class=\"elementor-container elementor-column-gap-extended\">\n\t\t\t\t\t<div class=\"elementor-column elementor-col-100 elementor-top-column elementor-element elementor-element-0b3f94b\" data-id=\"0b3f94b\" data-element_type=\"column\">\n\t\t\t<div class=\"elementor-widget-wrap elementor-element-populated\">\n\t\t\t\t\t\t<div class=\"elementor-element elementor-element-ddcfbde elementor-tabs-alignment-center elementor-tabs-view-horizontal elementor-widget elementor-widget-tabs\" data-id=\"ddcfbde\" data-element_type=\"widget\" data-widget_type=\"tabs.default\">\n\t\t\t\t<div class=\"elementor-widget-container\">\n\t\t\t\t\t<div class=\"elementor-tabs\">\n\t\t\t<div class=\"elementor-tabs-wrapper\" role=\"tablist\" >\n\t\t\t\t\t\t\t\t\t<div id=\"elementor-tab-title-2321\" class=\"elementor-tab-title elementor-tab-desktop-title\" aria-selected=\"true\" data-tab=\"1\" role=\"tab\" tabindex=\"0\" aria-controls=\"elementor-tab-content-2321\" aria-expanded=\"false\">Imprensa \/ m\u00eddia externa<\/div>\n\t\t\t\t\t\t\t\t\t<div id=\"elementor-tab-title-2322\" class=\"elementor-tab-title elementor-tab-desktop-title\" aria-selected=\"false\" data-tab=\"2\" role=\"tab\" tabindex=\"-1\" aria-controls=\"elementor-tab-content-2322\" aria-expanded=\"false\">Canais institucionais UFSM \/ DAG<\/div>\n\t\t\t\t\t\t\t\t\t<div id=\"elementor-tab-title-2323\" class=\"elementor-tab-title elementor-tab-desktop-title\" aria-selected=\"false\" data-tab=\"3\" role=\"tab\" tabindex=\"-1\" aria-controls=\"elementor-tab-content-2323\" aria-expanded=\"false\">Materiais relacionados<\/div>\n\t\t\t\t\t\t\t<\/div>\n\t\t\t<div class=\"elementor-tabs-content-wrapper\" role=\"tablist\" aria-orientation=\"vertical\">\n\t\t\t\t\t\t\t\t\t<div class=\"elementor-tab-title elementor-tab-mobile-title\" aria-selected=\"true\" data-tab=\"1\" role=\"tab\" tabindex=\"0\" aria-controls=\"elementor-tab-content-2321\" aria-expanded=\"false\">Imprensa \/ m\u00eddia externa<\/div>\n\t\t\t\t\t<div id=\"elementor-tab-content-2321\" class=\"elementor-tab-content elementor-clearfix\" data-tab=\"1\" role=\"tabpanel\" aria-labelledby=\"elementor-tab-title-2321\" tabindex=\"0\" hidden=\"false\"><ul><li style=\"font-weight: 400\"><span style=\"font-weight: 400\"><a href=\"https:\/\/www.correiodopovo.com.br\/not%C3%ADcias\/cidades\/recupera%C3%A7%C3%A3o-do-arquivo-da-ufsm-%C3%A9-paradigma-para-institui%C3%A7%C3%B5es-atingidas-por-enchente-1.1524859\" target=\"_blank\" rel=\"noopener\">Recupera\u00e7\u00e3o do arquivo da UFSM \u00e9 paradigma para institui\u00e7\u00f5es atingidas por enchente<\/a> (Correio do Povo, 20\/08\/2024)\u00a0<\/span><\/li><\/ul><ul><li style=\"font-weight: 400\"><span style=\"font-weight: 400\"><a href=\"https:\/\/diariosm.com.br\/noticias\/geral\/voce_sabe_por_que_o_arquivo_da_ufsm_estava_no_subsolo_.598708\" target=\"_blank\" rel=\"noopener\">Voc\u00ea sabe por que o arquivo da UFSM estava no subsolo?<\/a> (Di\u00e1rio de Santa Maria, 08\/06\/2024)\u00a0<\/span><\/li><li style=\"font-weight: 400\"><span style=\"font-weight: 400\"><a href=\"https:\/\/www.jornaldocomercio.com\/jornal-cidades\/2025\/05\/1201952-recuperacao-dos-arquivos-da-ufsm-pode-levar-ate-cinco-anos.html\" target=\"_blank\" rel=\"noopener\">Recupera\u00e7\u00e3o dos arquivos da UFSM pode levar at\u00e9 cinco anos<\/a> (Jornal do Com\u00e9rcio, 12\/05\/2025)\u00a0<\/span><\/li><li style=\"font-weight: 400\"><span style=\"font-weight: 400\"><a href=\"https:\/\/diariosm.com.br\/noticias\/geral\/com-projeto-pioneiro-no-pais-ufsm-resgata-documentos-de-nove-instituicoes-federais.15434257\" target=\"_blank\" rel=\"noopener\">Com projeto pioneiro no pa\u00eds, UFSM resgata documentos de nove institui\u00e7\u00f5es federais<\/a> (Di\u00e1rio de Santa Maria, 08\/09\/2025)\u00a0<\/span><\/li><li style=\"font-weight: 400\"><span style=\"font-weight: 400\"><a href=\"https:\/\/www.jornaldocomercio.com\/jornal-cidades\/2025\/09\/1219503-novo-hub-da-ufsm-foca-na-restauracao-de-acervos-danificados.html\">Novo hub da UFSM foca na restaura\u00e7\u00e3o de acervos danificados<\/a> (Jornal do Com\u00e9rcio, 24\/09\/2025)\u00a0<\/span><\/li><li style=\"font-weight: 400\"><span style=\"font-weight: 400\"><a href=\"https:\/\/sul21.com.br\/noticias\/geral\/2026\/01\/quase-dois-anos-apos-enchente-documentos-seguem-cobertos-de-lama-em-arquivo-publico-de-portos-do-rs\/\">Quase dois anos ap\u00f3s enchente, documentos seguem cobertos de lama em arquivo p\u00fablico de portos do RS<\/a> (Sul21, 30\/01\/2026)\u00a0<\/span><\/li><li style=\"font-weight: 400\"><span style=\"font-weight: 400\"><a href=\"https:\/\/girodaarquivo.substack.com\/p\/a-recuperacao-dos-arquivos-atingidos\">A recupera\u00e7\u00e3o dos arquivos atingidos pelas enchentes no Rio Grande do Sul&#8230;<\/a> (Giro da Arquivo \/ Substack, 2025)\u00a0<\/span><\/li><li style=\"font-weight: 400\"><span style=\"font-weight: 400\"><a href=\"https:\/\/girodaarquivo.substack.com\/p\/instituicoes-contabilizam-danos-e\">Institui\u00e7\u00f5es contabilizam danos e se mobilizam para salvar&#8230;<\/a> (Giro da Arquivo \/ Substack, 2024)\u00a0<\/span><\/li><li style=\"font-weight: 400\"><span style=\"font-weight: 400\"><a href=\"https:\/\/claudemirpereira.com.br\/2025\/05\/estado-um-ano-depois-das-enchentes-o-trabalho-de-recuperacao-de-arquivos-pelo-dag-da-ufsm\/\">Um ano depois das enchentes: o trabalho de recupera\u00e7\u00e3o de arquivos pelo DAG da UFSM<\/a> (Blog Claudemir Pereira, 13\/05\/2025) <\/span>\u00a0<\/li><li style=\"font-weight: 400\"><span style=\"font-weight: 400\"><a href=\"https:\/\/gauchazh.clicrbs.com.br\/geral\/noticia\/2025\/08\/folha-por-folha-como-a-ufsm-recupera-milhares-de-documentos-atingidos-pela-enchente-de-2024-cmehbwly3006w011io5cgx52u.html\">Folha por folha: como a UFSM recupera milhares de documentos atingidos pela enchente de 2024<\/a> (GZH)\u00a0<\/span><\/li><\/ul><\/div>\n\t\t\t\t\t\t\t\t\t<div class=\"elementor-tab-title elementor-tab-mobile-title\" aria-selected=\"false\" data-tab=\"2\" role=\"tab\" tabindex=\"-1\" aria-controls=\"elementor-tab-content-2322\" aria-expanded=\"false\">Canais institucionais UFSM \/ DAG<\/div>\n\t\t\t\t\t<div id=\"elementor-tab-content-2322\" class=\"elementor-tab-content elementor-clearfix\" data-tab=\"2\" role=\"tabpanel\" aria-labelledby=\"elementor-tab-title-2322\" tabindex=\"0\" hidden=\"hidden\"><ul><li style=\"font-weight: 400\"><span style=\"font-weight: 400\"><a href=\"https:\/\/www.ufsm.br\/2024\/05\/06\/servidores-alunos-e-militares-atuam-na-recuperacao-do-arquivo-geral-da-ufsm\">Servidores, alunos e militares atuam na recupera\u00e7\u00e3o do arquivo geral da UFSM<\/a> (UFSM, 06\/05\/2024)\u00a0<\/span><\/li><li style=\"font-weight: 400\"><span style=\"font-weight: 400\"><a href=\"https:\/\/www.ufsm.br\/2024\/08\/19\/recuperacao-do-arquivo-da-ufsm-e-paradigma-para-outras-instituicoes-atingidas-pelas-inundacoes\">Recupera\u00e7\u00e3o do arquivo da UFSM \u00e9 paradigma para outras institui\u00e7\u00f5es atingidas pelas inunda\u00e7\u00f5es<\/a> (UFSM, 19\/08\/2024) <\/span><\/li><li style=\"font-weight: 400\"><span style=\"font-weight: 400\"><a href=\"https:\/\/www.ufsm.br\/2025\/05\/08\/um-ano-apos-as-enchentes-no-rs-o-trabalho-de-recuperacao-de-arquivos-realizado-pelo-dag-ufsm\">Um ano ap\u00f3s as enchentes no RS: o trabalho de recupera\u00e7\u00e3o de arquivos realizado pelo DAG UFSM<\/a> (UFSM, 08\/05\/2025) <\/span><\/li><li style=\"font-weight: 400\"><span style=\"font-weight: 400\"><a href=\"https:\/\/www.ufsm.br\/2025\/05\/26\/dag-produz-video-com-retrospectiva-do-alagamento-no-acervo-permanente-da-ufsm\">DAG produz v\u00eddeo com retrospectiva do alagamento no acervo permanente da UFSM<\/a> (UFSM, 26\/05\/2025)\u00a0<\/span><\/li><li style=\"font-weight: 400\"><span style=\"font-weight: 400\"><a href=\"https:\/\/www.ufsm.br\/orgaos-suplementares\/dag\/operacao-recupera-acervo-ufsm\">Opera\u00e7\u00e3o Recupera Acervo UFSM<\/a> (UFSM\/DAG \u2013 p\u00e1gina tem\u00e1tica)<\/span><\/li><li style=\"font-weight: 400\"><a href=\"https:\/\/www.ufsm.br\/orgaos-suplementares\/dag\/2026\/01\/28\/dag-ufsm-divulga-oficio-com-informacoes-sobre-a-recuperacao-do-acervo-atingido-pelas-chuvas-de-2024\">DAG\/UFSM divulga of\u00edcio com informa\u00e7\u00f5es sobre a recupera\u00e7\u00e3o do acervo atingido pelas chuvas de 2024<\/a> (UFSM\/DAG, 28\/01\/2026)<\/li><\/ul><\/div>\n\t\t\t\t\t\t\t\t\t<div class=\"elementor-tab-title elementor-tab-mobile-title\" aria-selected=\"false\" data-tab=\"3\" role=\"tab\" tabindex=\"-1\" aria-controls=\"elementor-tab-content-2323\" aria-expanded=\"false\">Materiais relacionados<\/div>\n\t\t\t\t\t<div id=\"elementor-tab-content-2323\" class=\"elementor-tab-content elementor-clearfix\" data-tab=\"3\" role=\"tabpanel\" aria-labelledby=\"elementor-tab-title-2323\" tabindex=\"0\" hidden=\"hidden\"><ul><li><span style=\"font-weight: 400\"><a href=\"https:\/\/www.ufsm.br\/app\/uploads\/sites\/400\/2024\/05\/Guia-de-Recuperacao-de-Acervos-Danificados-pela-Agua-1.pdf\">Guia de Recupera\u00e7\u00e3o de Acervos Danificados pela \u00c1gua<\/a> (UFSM, PDF, 15\/05\/2024)<\/span><\/li><li><a href=\"https:\/\/sul21.com.br\/opiniao\/2025\/03\/a-recuperacao-de-arquivos-atingidos-pelas-enchentes-a-experiencia-da-ufsm-e-a-situacao-em-porto-alegre-por-debora-flores-e-leolibia-linden\/\">A recupera\u00e7\u00e3o de arquivos atingidos pelas enchentes: a experi\u00eancia da UFSM e a situa\u00e7\u00e3o em Porto Alegre<\/a> (Sul21, opini\u00e3o, 21\/03\/2025)\u00a0<\/li><\/ul><\/div>\n\t\t\t\t\t\t\t<\/div>\n\t\t<\/div>\n\t\t\t\t<\/div>\n\t\t\t\t<\/div>\n\t\t\t\t\t<\/div>\n\t\t<\/div>\n\t\t\t\t\t<\/div>\n\t\t<\/section>\n\t\t\t\t<\/div>\n\t\t","protected":false},"excerpt":{"rendered":"<p>Neste espa\u00e7o voc\u00ea encontrar\u00e1 as divulga\u00e7\u00f5es referentes ao andamento das atividades de recupera\u00e7\u00e3o dos acervos Imprensa \/ m\u00eddia externa Canais institucionais UFSM \/ DAG Materiais relacionados Imprensa \/ m\u00eddia externa Recupera\u00e7\u00e3o do arquivo da UFSM \u00e9 paradigma para institui\u00e7\u00f5es atingidas por enchente (Correio do Povo, 20\/08\/2024)\u00a0 Voc\u00ea sabe por que o arquivo da UFSM estava [&hellip;]<\/p>\n","protected":false},"author":6742,"featured_media":0,"parent":0,"menu_order":0,"comment_status":"closed","ping_status":"closed","template":"","meta":{"footnotes":""},"categories":[],"tags":[],"class_list":["post-95","page","type-page","status-publish","hentry"],"acf":[],"_links":{"self":[{"href":"https:\/\/www.ufsm.br\/orgaos-suplementares\/dag\/transdoc\/wp-json\/wp\/v2\/pages\/95","targetHints":{"allow":["GET"]}}],"collection":[{"href":"https:\/\/www.ufsm.br\/orgaos-suplementares\/dag\/transdoc\/wp-json\/wp\/v2\/pages"}],"about":[{"href":"https:\/\/www.ufsm.br\/orgaos-suplementares\/dag\/transdoc\/wp-json\/wp\/v2\/types\/page"}],"author":[{"embeddable":true,"href":"https:\/\/www.ufsm.br\/orgaos-suplementares\/dag\/transdoc\/wp-json\/wp\/v2\/users\/6742"}],"replies":[{"embeddable":true,"href":"https:\/\/www.ufsm.br\/orgaos-suplementares\/dag\/transdoc\/wp-json\/wp\/v2\/comments?post=95"}],"version-history":[{"count":0,"href":"https:\/\/www.ufsm.br\/orgaos-suplementares\/dag\/transdoc\/wp-json\/wp\/v2\/pages\/95\/revisions"}],"wp:attachment":[{"href":"https:\/\/www.ufsm.br\/orgaos-suplementares\/dag\/transdoc\/wp-json\/wp\/v2\/media?parent=95"}],"wp:term":[{"taxonomy":"category","embeddable":true,"href":"https:\/\/www.ufsm.br\/orgaos-suplementares\/dag\/transdoc\/wp-json\/wp\/v2\/categories?post=95"},{"taxonomy":"post_tag","embeddable":true,"href":"https:\/\/www.ufsm.br\/orgaos-suplementares\/dag\/transdoc\/wp-json\/wp\/v2\/tags?post=95"}],"curies":[{"name":"wp","href":"https:\/\/api.w.org\/{rel}","templated":true}]}}