{"id":301,"date":"2018-07-18T16:57:46","date_gmt":"2018-07-18T19:57:46","guid":{"rendered":"https:\/\/www.ufsm.br\/orgaos-suplementares\/dag\/?page_id=301"},"modified":"2026-03-31T10:08:48","modified_gmt":"2026-03-31T13:08:48","slug":"contato","status":"publish","type":"page","link":"https:\/\/www.ufsm.br\/orgaos-suplementares\/dag\/contato","title":{"rendered":"Contato"},"content":{"rendered":"\t\t<div data-elementor-type=\"wp-post\" data-elementor-id=\"301\" class=\"elementor elementor-301\">\n\t\t\t\t\t\t<section class=\"elementor-section elementor-top-section elementor-element elementor-element-6322ef56 elementor-section-boxed elementor-section-height-default elementor-section-height-default\" data-id=\"6322ef56\" data-element_type=\"section\">\n\t\t\t\t\t\t<div class=\"elementor-container elementor-column-gap-default\">\n\t\t\t\t\t<div class=\"elementor-column elementor-col-100 elementor-top-column elementor-element elementor-element-7d716fa2\" data-id=\"7d716fa2\" data-element_type=\"column\">\n\t\t\t<div class=\"elementor-widget-wrap elementor-element-populated\">\n\t\t\t\t\t\t<div class=\"elementor-element elementor-element-414f3c33 elementor-widget elementor-widget-text-editor\" data-id=\"414f3c33\" data-element_type=\"widget\" data-widget_type=\"text-editor.default\">\n\t\t\t\t<div class=\"elementor-widget-container\">\n\t\t\t\t\t\t\t<p>O Departamento de Arquivo Geral (DAG) atende no t\u00e9rreo e subsolo do pr\u00e9dio da Reitoria, no Campus Sede.<b style=\"font-size: 1rem\">&nbsp;<\/b><\/p>\n<table style=\"width: 137.502%;height: 1462px\" width=\"832\">\n<tbody>\n<tr style=\"height: 96px\">\n<td style=\"height: 96px\" width=\"284\">\n<p><strong>Setor<\/strong><\/p>\n<\/td>\n<td style=\"height: 96px\" width=\"217\">\n<p><strong>E-mail<\/strong><\/p>\n<\/td>\n<td style=\"height: 96px\" width=\"208\">\n<p><strong>Hor\u00e1rio de <\/strong><\/p>\n<p><strong>Atendimento<\/strong><\/p>\n<\/td>\n<td style=\"height: 96px\" width=\"123\">\n<p><strong>Telefone<\/strong><\/p>\n<\/td>\n<\/tr>\n<tr style=\"height: 104px\">\n<td style=\"height: 104px\" width=\"284\">\n<p><strong>DIRE\u00c7\u00c3O&nbsp;<\/strong><\/p>\n<p>D\u00e9bora Flores<\/p>\n<\/td>\n<td style=\"height: 104px\" width=\"217\">\n<p>dag@ufsm.br<\/p>\n<\/td>\n<td style=\"height: 104px\" width=\"208\">\n<p>De segunda-feira a sexta-feira, das&nbsp; 08h \u00e0s 12h e das 14h \u00e0s 17h30.<\/p>\n<\/td>\n<td style=\"height: 104px\" width=\"123\">\n<p>(55) 3220-8212<\/p>\n<\/td>\n<\/tr>\n<tr style=\"height: 120px\">\n<td style=\"height: 120px\" width=\"284\">\n<p><strong>SECRETARIA DE APOIO ADMINISTRATIVO<\/strong><\/p>\n<p>Guilherme Fl\u00f4res dos Santos<\/p>\n<\/td>\n<td style=\"height: 120px\" width=\"217\">&nbsp;dag@ufsm.br<\/td>\n<td style=\"height: 120px\" width=\"208\">\n<p>De segunda-feira a sexta-feira, das&nbsp; 08h \u00e0s 12h e das 14h \u00e0s 17h.<\/p>\n<\/td>\n<td style=\"height: 120px\" width=\"123\">\n<p>&nbsp;(55)3178-0749<\/p>\n<\/td>\n<\/tr>\n<tr style=\"height: 168px\">\n<td style=\"height: 168px\" width=\"284\">\n<p><strong>COMISS\u00c3O PERMANENTE DE AVALIA\u00c7\u00c3O<\/strong>&nbsp;<strong>DE&nbsp;DOCUMENTOS (CPAD)<\/strong><\/p>\n<p>Daiane Regina Segabinazzi Pradebon (presidente)<\/p>\n<\/td>\n<td style=\"height: 168px\" width=\"217\">\n<p>cpad@ufsm.br<\/p>\n<\/td>\n<td style=\"height: 168px\" width=\"208\">\n<p>De segunda-feira a sexta-feira, das&nbsp;8h \u00e0s 12h e das 13h \u00e0s 17h.<\/p>\n<\/td>\n<td style=\"height: 168px\" width=\"123\">\n<p>&nbsp;(55)3178-0749<\/p>\n<\/td>\n<\/tr>\n<tr style=\"height: 208px\">\n<td style=\"height: 208px\" width=\"284\">\n<p><strong>COMISS\u00c3O PERMANENTE DE AVALIA\u00c7\u00c3O<\/strong>&nbsp;<strong>DE&nbsp;DOCUMENTOS SIGILOSOS (CPADS)<\/strong><\/p>\n<p>Em processo de recria\u00e7\u00e3o<\/p>\n<p><strong>&nbsp;<\/strong><\/p>\n<\/td>\n<td style=\"height: 208px\" width=\"217\">\n<p>cpads@ufsm.br<\/p>\n<\/td>\n<td style=\"height: 208px\" width=\"208\">\n<p>De segunda-feira a sexta-feira, das&nbsp;8h \u00e0s 12h e das 13h \u00e0s 17h.<\/p>\n<\/td>\n<td style=\"height: 208px\" width=\"123\">\n<p>&nbsp;(55)3178-0749<\/p>\n<\/td>\n<\/tr>\n<tr style=\"height: 256px\">\n<td style=\"height: 256px\" width=\"284\">\n<p><strong>DIVIS\u00c3O DE PROTOCOLO<\/strong><\/p>\n<p>Tiago Tagliapietra<\/p>\n<p><strong>Se\u00e7\u00e3o de Movimenta\u00e7\u00e3o<\/strong><\/p>\n<p>Macleine Pereira Gracioli&nbsp;<\/p>\n<p><strong>Se\u00e7\u00e3o de Registro e Controle<\/strong><\/p>\n<p>Let\u00edcia da Silva Machado<\/p>\n<\/td>\n<td style=\"height: 256px\" width=\"217\">\n<p>protocolodag@ufsm.br<\/p>\n<\/td>\n<td style=\"height: 256px\" width=\"208\">\n<p>De segunda-feira a sexta-feira, das&nbsp; 08h \u00e0s 12h e das 13:30h \u00e0s 17h.<\/p>\n<\/td>\n<td style=\"height: 256px\" width=\"123\">\n<p><span style=\"font-weight: var( --e-global-typography-text-font-weight );text-align: var(--bs-body-text-align)\">(55) 3220-8335<\/span><\/p>\n<p>(55) 3220-8131<\/p>\n<\/td>\n<\/tr>\n<tr style=\"height: 120px\">\n<td style=\"height: 120px\" width=\"284\">\n<p><strong>DIVIS\u00c3O DE APOIO T\u00c9CNICO AOS ARQUIVOS SETORIAIS<\/strong><\/p>\n<p>Rosana Bortoluzzi<\/p>\n<p><b>Se\u00e7\u00e3o de Gest\u00e3o dos Arquivos Setoriais<\/b><\/p>\n<p>Rosimeire de Assis<\/p>\n<\/td>\n<td style=\"height: 120px\" width=\"217\">\n<p>datas@ufsm.br<\/p>\n<\/td>\n<td style=\"height: 120px\" width=\"208\">\n<p>De segunda-feira a sexta-feira, das&nbsp;8h \u00e0s 12h e das 13h \u00e0s 17h.<\/p>\n<\/td>\n<td style=\"height: 120px\" width=\"123\">\n<p>(55) 3220-6121<\/p>\n<\/td>\n<\/tr>\n<tr style=\"height: 200px\">\n<td style=\"height: 126px\" width=\"284\">\n<p><strong>DIVIS\u00c3O DE ARQUIVO PERMANENTE<\/strong><\/p>\n<p>Liziani de Souza Deglinomini<\/p>\n<p><b>Se\u00e7\u00e3o de Processamento T\u00e9cnico e Pesquisa<\/b><\/p>\n<p>Neiva Pavezi<\/p>\n<\/td>\n<td style=\"height: 126px\" width=\"217\">\n<p><a href=\"mailto:arquivopermanente@ufsm.br\">arquivopermanente@ufsm.br<\/a><\/p>\n<p>sptp.dag@ufsm.br<\/p>\n<\/td>\n<td style=\"height: 126px\" width=\"208\">\n<p>De segunda-feira a sexta-feira, das&nbsp;8h \u00e0s 11h30 e das 13h \u00e0s 17h.<\/p>\n<\/td>\n<td style=\"height: 126px\" width=\"123\">\n<p>(55) 3220-8212<\/p>\n<p>&nbsp;(55)3178-0749<\/p>\n<\/td>\n<\/tr>\n<tr style=\"height: 120px\">\n<td style=\"height: 120px\" width=\"284\">\n<p><strong>ARQUIVO FOTOGR\u00c1FICO, SONORO, AUDIOVISUAL E DE MICROFILMES<\/strong><\/p>\n<p>Cristina Strohschoen dos Santos<\/p>\n<\/td>\n<td style=\"height: 120px\" width=\"217\">arquivofotografico@ufsm.br<\/td>\n<td style=\"height: 120px\" width=\"208\">De segunda-feira a sexta-feira, das 8h \u00e0s 12h e das 13h \u00e0s 17h.<\/td>\n<td style=\"height: 120px\" width=\"123\">\n<p>(55) 3220-8417<\/p>\n<\/td>\n<\/tr>\n<tr style=\"height: 144px\">\n<td style=\"height: 144px\">\n<p><strong>ARQUIVO SETORIAL DA ADMINISTRA\u00c7\u00c3O SUPERIOR &#8211; ASAS<\/strong><\/p>\n<p>Rosana Bortoluzzi<\/p>\n<\/td>\n<td style=\"height: 144px\">asas.datas@ufsm.br<\/td>\n<td style=\"height: 144px\">De segunda-feira a sexta-feira, das&nbsp;8h \u00e0s 12h e das 13h \u00e0s 17h.<\/td>\n<td style=\"height: 144px\">\n<p>(55) 3220-8209<\/p>\n<\/td>\n<\/tr>\n<\/tbody>\n<\/table>\t\t\t\t\t\t<\/div>\n\t\t\t\t<\/div>\n\t\t\t\t\t<\/div>\n\t\t<\/div>\n\t\t\t\t\t<\/div>\n\t\t<\/section>\n\t\t\t\t<section class=\"elementor-section elementor-top-section elementor-element elementor-element-55c35a5 elementor-section-boxed elementor-section-height-default elementor-section-height-default\" data-id=\"55c35a5\" data-element_type=\"section\">\n\t\t\t\t\t\t<div class=\"elementor-container elementor-column-gap-default\">\n\t\t\t\t\t<div class=\"elementor-column elementor-col-100 elementor-top-column elementor-element elementor-element-39bfa11\" data-id=\"39bfa11\" data-element_type=\"column\">\n\t\t\t<div class=\"elementor-widget-wrap elementor-element-populated\">\n\t\t\t\t\t\t\t<\/div>\n\t\t<\/div>\n\t\t\t\t\t<\/div>\n\t\t<\/section>\n\t\t\t\t<\/div>\n\t\t","protected":false},"excerpt":{"rendered":"<p>O Departamento de Arquivo Geral (DAG) atende no t\u00e9rreo e subsolo do pr\u00e9dio da Reitoria, no Campus Sede.&nbsp; Setor E-mail Hor\u00e1rio de Atendimento Telefone DIRE\u00c7\u00c3O&nbsp; D\u00e9bora Flores dag@ufsm.br De segunda-feira a sexta-feira, das&nbsp; 08h \u00e0s 12h e das 14h \u00e0s 17h30. (55) 3220-8212 SECRETARIA DE APOIO ADMINISTRATIVO Guilherme Fl\u00f4res dos Santos &nbsp;dag@ufsm.br De segunda-feira a [&hellip;]<\/p>\n","protected":false},"author":46,"featured_media":0,"parent":0,"menu_order":0,"comment_status":"closed","ping_status":"closed","template":"","meta":{"footnotes":""},"categories":[],"tags":[],"class_list":["post-301","page","type-page","status-publish","hentry"],"acf":[],"_links":{"self":[{"href":"https:\/\/www.ufsm.br\/orgaos-suplementares\/dag\/wp-json\/wp\/v2\/pages\/301","targetHints":{"allow":["GET"]}}],"collection":[{"href":"https:\/\/www.ufsm.br\/orgaos-suplementares\/dag\/wp-json\/wp\/v2\/pages"}],"about":[{"href":"https:\/\/www.ufsm.br\/orgaos-suplementares\/dag\/wp-json\/wp\/v2\/types\/page"}],"author":[{"embeddable":true,"href":"https:\/\/www.ufsm.br\/orgaos-suplementares\/dag\/wp-json\/wp\/v2\/users\/46"}],"replies":[{"embeddable":true,"href":"https:\/\/www.ufsm.br\/orgaos-suplementares\/dag\/wp-json\/wp\/v2\/comments?post=301"}],"version-history":[{"count":0,"href":"https:\/\/www.ufsm.br\/orgaos-suplementares\/dag\/wp-json\/wp\/v2\/pages\/301\/revisions"}],"wp:attachment":[{"href":"https:\/\/www.ufsm.br\/orgaos-suplementares\/dag\/wp-json\/wp\/v2\/media?parent=301"}],"wp:term":[{"taxonomy":"category","embeddable":true,"href":"https:\/\/www.ufsm.br\/orgaos-suplementares\/dag\/wp-json\/wp\/v2\/categories?post=301"},{"taxonomy":"post_tag","embeddable":true,"href":"https:\/\/www.ufsm.br\/orgaos-suplementares\/dag\/wp-json\/wp\/v2\/tags?post=301"}],"curies":[{"name":"wp","href":"https:\/\/api.w.org\/{rel}","templated":true}]}}