{"id":324,"date":"2018-10-19T13:52:03","date_gmt":"2018-10-19T16:52:03","guid":{"rendered":"https:\/\/www.ufsm.br\/orgaos-suplementares\/dag\/?page_id=324"},"modified":"2022-08-25T17:51:12","modified_gmt":"2022-08-25T20:51:12","slug":"acervo-fotografico","status":"publish","type":"page","link":"https:\/\/www.ufsm.br\/orgaos-suplementares\/dag\/acervo-fotografico","title":{"rendered":"Acervo Fotogr\u00e1fico"},"content":{"rendered":"\t\t<div data-elementor-type=\"wp-post\" data-elementor-id=\"324\" class=\"elementor elementor-324\">\n\t\t\t\t\t\t<section class=\"elementor-section elementor-top-section elementor-element elementor-element-602c0f2 elementor-section-boxed elementor-section-height-default elementor-section-height-default\" data-id=\"602c0f2\" data-element_type=\"section\">\n\t\t\t\t\t\t<div class=\"elementor-container elementor-column-gap-default\">\n\t\t\t\t\t<div class=\"elementor-column elementor-col-100 elementor-top-column elementor-element elementor-element-9ddd9ee\" data-id=\"9ddd9ee\" data-element_type=\"column\">\n\t\t\t<div class=\"elementor-widget-wrap elementor-element-populated\">\n\t\t\t\t\t\t<div class=\"elementor-element elementor-element-c5df4ff elementor-widget elementor-widget-text-editor\" data-id=\"c5df4ff\" data-element_type=\"widget\" data-widget_type=\"text-editor.default\">\n\t\t\t\t<div class=\"elementor-widget-container\">\n\t\t\t\t\t\t\t<p>O Departamento de Arquivo Geral \u2013 DAG \u00e9 respons\u00e1vel pela cust\u00f3dia do patrim\u00f4nio documental da institui\u00e7\u00e3o e, dentre eles, os registros fotogr\u00e1ficos s\u00e3o de inestim\u00e1vel valor hist\u00f3rico e relev\u00e2ncia para a pesquisa em todas as \u00e1reas.<\/p><p>Em 1994, o acervo do Servi\u00e7o Fotogr\u00e1fico foi recolhido ao Departamento de Arquivo Geral, em virtude da reestrutura\u00e7\u00e3o f\u00edsica de outros setores administrativos, e teve in\u00edcio uma s\u00e9rie de atividades visando o acondicionamento, identifica\u00e7\u00e3o e ordena\u00e7\u00e3o das fotografias em papel e negativos.<\/p><p>A documenta\u00e7\u00e3o fotogr\u00e1fica recolhida faz parte do Fundo Coordenadoria de Comunica\u00e7\u00e3o Social. O acervo de negativos flex\u00edveis est\u00e1 sendo digitalizado visando \u00e0 preserva\u00e7\u00e3o dos originais e a difus\u00e3o online atrav\u00e9s do software de descri\u00e7\u00e3o arquiv\u00edstica ICA-AtoM.<\/p>\t\t\t\t\t\t<\/div>\n\t\t\t\t<\/div>\n\t\t\t\t\t<\/div>\n\t\t<\/div>\n\t\t\t\t\t<\/div>\n\t\t<\/section>\n\t\t\t\t<section class=\"elementor-section elementor-top-section elementor-element elementor-element-294ae54 elementor-section-boxed elementor-section-height-default elementor-section-height-default\" data-id=\"294ae54\" data-element_type=\"section\">\n\t\t\t\t\t\t<div class=\"elementor-container elementor-column-gap-default\">\n\t\t\t\t\t<div class=\"elementor-column elementor-col-100 elementor-top-column elementor-element elementor-element-d426893\" data-id=\"d426893\" data-element_type=\"column\">\n\t\t\t<div class=\"elementor-widget-wrap elementor-element-populated\">\n\t\t\t\t\t\t<div class=\"elementor-element elementor-element-15b5a7d elementor-align-center elementor-widget elementor-widget-button\" data-id=\"15b5a7d\" data-element_type=\"widget\" data-widget_type=\"button.default\">\n\t\t\t\t<div class=\"elementor-widget-container\">\n\t\t\t\t\t\t\t<div class=\"elementor-button-wrapper\">\n\t\t\t\t\t<a class=\"elementor-button elementor-button-link elementor-size-lg elementor-animation-shrink\" href=\"https:\/\/fonte.ufsm.br\/index.php\/\">\n\t\t\t\t\t\t<span class=\"elementor-button-content-wrapper\">\n\t\t\t\t\t\t<span class=\"elementor-button-icon\">\n\t\t\t\t<i aria-hidden=\"true\" class=\"fas fa-photo-video\"><\/i>\t\t\t<\/span>\n\t\t\t\t\t\t\t\t\t<span class=\"elementor-button-text\">Clique aqui para acessar o acervo<\/span>\n\t\t\t\t\t<\/span>\n\t\t\t\t\t<\/a>\n\t\t\t\t<\/div>\n\t\t\t\t\t\t<\/div>\n\t\t\t\t<\/div>\n\t\t\t\t\t<\/div>\n\t\t<\/div>\n\t\t\t\t\t<\/div>\n\t\t<\/section>\n\t\t\t\t<\/div>\n\t\t","protected":false},"excerpt":{"rendered":"<p>O Departamento de Arquivo Geral \u2013 DAG \u00e9 respons\u00e1vel pela cust\u00f3dia do patrim\u00f4nio documental da institui\u00e7\u00e3o e, dentre eles, os registros fotogr\u00e1ficos s\u00e3o de inestim\u00e1vel valor hist\u00f3rico e relev\u00e2ncia para a pesquisa em todas as \u00e1reas. Em 1994, o acervo do Servi\u00e7o Fotogr\u00e1fico foi recolhido ao Departamento de Arquivo Geral, em virtude da reestrutura\u00e7\u00e3o f\u00edsica [&hellip;]<\/p>\n","protected":false},"author":201,"featured_media":0,"parent":0,"menu_order":0,"comment_status":"closed","ping_status":"closed","template":"","meta":{"footnotes":""},"categories":[],"tags":[],"class_list":["post-324","page","type-page","status-publish","hentry"],"acf":[],"_links":{"self":[{"href":"https:\/\/www.ufsm.br\/orgaos-suplementares\/dag\/wp-json\/wp\/v2\/pages\/324","targetHints":{"allow":["GET"]}}],"collection":[{"href":"https:\/\/www.ufsm.br\/orgaos-suplementares\/dag\/wp-json\/wp\/v2\/pages"}],"about":[{"href":"https:\/\/www.ufsm.br\/orgaos-suplementares\/dag\/wp-json\/wp\/v2\/types\/page"}],"author":[{"embeddable":true,"href":"https:\/\/www.ufsm.br\/orgaos-suplementares\/dag\/wp-json\/wp\/v2\/users\/201"}],"replies":[{"embeddable":true,"href":"https:\/\/www.ufsm.br\/orgaos-suplementares\/dag\/wp-json\/wp\/v2\/comments?post=324"}],"version-history":[{"count":0,"href":"https:\/\/www.ufsm.br\/orgaos-suplementares\/dag\/wp-json\/wp\/v2\/pages\/324\/revisions"}],"wp:attachment":[{"href":"https:\/\/www.ufsm.br\/orgaos-suplementares\/dag\/wp-json\/wp\/v2\/media?parent=324"}],"wp:term":[{"taxonomy":"category","embeddable":true,"href":"https:\/\/www.ufsm.br\/orgaos-suplementares\/dag\/wp-json\/wp\/v2\/categories?post=324"},{"taxonomy":"post_tag","embeddable":true,"href":"https:\/\/www.ufsm.br\/orgaos-suplementares\/dag\/wp-json\/wp\/v2\/tags?post=324"}],"curies":[{"name":"wp","href":"https:\/\/api.w.org\/{rel}","templated":true}]}}