{"id":351,"date":"2018-10-19T14:19:37","date_gmt":"2018-10-19T17:19:37","guid":{"rendered":"https:\/\/www.ufsm.br\/orgaos-suplementares\/dag\/?page_id=351"},"modified":"2018-10-19T14:20:33","modified_gmt":"2018-10-19T17:20:33","slug":"arquivos-setoriais-das-unidades-de-ensino-medio-e-tecnologico","status":"publish","type":"page","link":"https:\/\/www.ufsm.br\/orgaos-suplementares\/dag\/arquivos-setoriais-das-unidades-de-ensino-medio-e-tecnologico","title":{"rendered":"Arquivos Setoriais das unidades de Ensino M\u00e9dio e Tecnol\u00f3gico"},"content":{"rendered":"\t\t<div data-elementor-type=\"wp-post\" data-elementor-id=\"351\" class=\"elementor elementor-351 elementor-bc-flex-widget\">\n\t\t\t\t\t\t<section class=\"elementor-section elementor-top-section elementor-element elementor-element-6dd9bb7 elementor-section-boxed elementor-section-height-default elementor-section-height-default\" data-id=\"6dd9bb7\" data-element_type=\"section\">\n\t\t\t\t\t\t<div class=\"elementor-container elementor-column-gap-default\">\n\t\t\t\t\t<div class=\"elementor-column elementor-col-100 elementor-top-column elementor-element elementor-element-f0e2d29\" data-id=\"f0e2d29\" data-element_type=\"column\">\n\t\t\t<div class=\"elementor-widget-wrap elementor-element-populated\">\n\t\t\t\t\t\t<div class=\"elementor-element elementor-element-7d43260 elementor-widget elementor-widget-text-editor\" data-id=\"7d43260\" data-element_type=\"widget\" data-widget_type=\"text-editor.default\">\n\t\t\t\t<div class=\"elementor-widget-container\">\n\t\t\t\t\t\t\t<p><span style=\"font-family: verdana, geneva, sans-serif;\">O Arquivo Setorial das Unidades de Ensino M\u00e9dio e Tecnol\u00f3gico \u00e9 formado pelos arquivos setoriais do Col\u00e9gio T\u00e9cnico Industrial de Santa Maria (CTISM), do Col\u00e9gio Polit\u00e9cnico da Universidade Federal de Santa Maria e do Col\u00e9gio Agr\u00edcola de Frederico Westphalen (CAFW) &#8211; atual Institulo Federal Farroupilha Campus Frederico Westphalen.<\/span><\/p><p><strong>\u00a0<\/strong><\/p>\t\t\t\t\t\t<\/div>\n\t\t\t\t<\/div>\n\t\t\t\t\t<\/div>\n\t\t<\/div>\n\t\t\t\t\t<\/div>\n\t\t<\/section>\n\t\t\t\t<\/div>\n\t\t","protected":false},"excerpt":{"rendered":"<p>O Arquivo Setorial das Unidades de Ensino M\u00e9dio e Tecnol\u00f3gico \u00e9 formado pelos arquivos setoriais do Col\u00e9gio T\u00e9cnico Industrial de Santa Maria (CTISM), do Col\u00e9gio Polit\u00e9cnico da Universidade Federal de Santa Maria e do Col\u00e9gio Agr\u00edcola de Frederico Westphalen (CAFW) &#8211; atual Institulo Federal Farroupilha Campus Frederico Westphalen. \u00a0<\/p>\n","protected":false},"author":201,"featured_media":0,"parent":0,"menu_order":0,"comment_status":"closed","ping_status":"closed","template":"","meta":{"footnotes":""},"categories":[],"tags":[],"class_list":["post-351","page","type-page","status-publish","hentry"],"acf":[],"_links":{"self":[{"href":"https:\/\/www.ufsm.br\/orgaos-suplementares\/dag\/wp-json\/wp\/v2\/pages\/351","targetHints":{"allow":["GET"]}}],"collection":[{"href":"https:\/\/www.ufsm.br\/orgaos-suplementares\/dag\/wp-json\/wp\/v2\/pages"}],"about":[{"href":"https:\/\/www.ufsm.br\/orgaos-suplementares\/dag\/wp-json\/wp\/v2\/types\/page"}],"author":[{"embeddable":true,"href":"https:\/\/www.ufsm.br\/orgaos-suplementares\/dag\/wp-json\/wp\/v2\/users\/201"}],"replies":[{"embeddable":true,"href":"https:\/\/www.ufsm.br\/orgaos-suplementares\/dag\/wp-json\/wp\/v2\/comments?post=351"}],"version-history":[{"count":0,"href":"https:\/\/www.ufsm.br\/orgaos-suplementares\/dag\/wp-json\/wp\/v2\/pages\/351\/revisions"}],"wp:attachment":[{"href":"https:\/\/www.ufsm.br\/orgaos-suplementares\/dag\/wp-json\/wp\/v2\/media?parent=351"}],"wp:term":[{"taxonomy":"category","embeddable":true,"href":"https:\/\/www.ufsm.br\/orgaos-suplementares\/dag\/wp-json\/wp\/v2\/categories?post=351"},{"taxonomy":"post_tag","embeddable":true,"href":"https:\/\/www.ufsm.br\/orgaos-suplementares\/dag\/wp-json\/wp\/v2\/tags?post=351"}],"curies":[{"name":"wp","href":"https:\/\/api.w.org\/{rel}","templated":true}]}}