{"id":388,"date":"2018-10-19T15:20:40","date_gmt":"2018-10-19T18:20:40","guid":{"rendered":"https:\/\/www.ufsm.br\/orgaos-suplementares\/dag\/?page_id=388"},"modified":"2025-02-21T15:57:19","modified_gmt":"2025-02-21T18:57:19","slug":"projetos","status":"publish","type":"page","link":"https:\/\/www.ufsm.br\/orgaos-suplementares\/dag\/projetos","title":{"rendered":"Projetos"},"content":{"rendered":"\t\t<div data-elementor-type=\"wp-post\" data-elementor-id=\"388\" class=\"elementor elementor-388\">\n\t\t\t\t\t\t<section class=\"elementor-section elementor-top-section elementor-element elementor-element-d9da95c elementor-section-boxed elementor-section-height-default elementor-section-height-default\" data-id=\"d9da95c\" data-element_type=\"section\">\n\t\t\t\t\t\t<div class=\"elementor-container elementor-column-gap-default\">\n\t\t\t\t\t<div class=\"elementor-column elementor-col-100 elementor-top-column elementor-element elementor-element-8e4eb40\" data-id=\"8e4eb40\" data-element_type=\"column\">\n\t\t\t<div class=\"elementor-widget-wrap elementor-element-populated\">\n\t\t\t\t\t\t<div class=\"elementor-element elementor-element-97dc297 elementor-widget elementor-widget-text-editor\" data-id=\"97dc297\" data-element_type=\"widget\" data-widget_type=\"text-editor.default\">\n\t\t\t\t<div class=\"elementor-widget-container\">\n\t\t\t\t\t\t\t<ul style=\"list-style-type: square\"><li><a href=\"https:\/\/www.ufsm.br\/orgaos-suplementares\/dag\/projeto-sociais-e-humanas-em-foto\" target=\"_blank\" rel=\"noopener\"><span style=\"font-family: verdana, geneva, sans-serif\"><strong>2024 &#8211; Projeto Sociais e Humanas em Foto: Preserva\u00e7\u00e3o, Acesso e Educa\u00e7\u00e3o Patrimonial<\/strong><\/span><\/a><span style=\"font-family: verdana, geneva, sans-serif\"> (2024 a 2026, <strong><a href=\"https:\/\/portal.ufsm.br\/projetos\/publico\/projetos\/view.html?idProjeto=425279\" target=\"_blank\" rel=\"noopener\">projeto de extens\u00e3o registro 062846<\/a><\/strong>, Centro de Ci\u00eancias Sociais e Humanas e DAG)<\/span><\/li><li><span style=\"font-family: verdana, geneva, sans-serif\"><strong><a href=\"https:\/\/www.ufsm.br\/orgaos-suplementares\/dag\/projeto-murais\" target=\"_blank\" rel=\"noopener\">2021 &#8211; Projeto Murais da UFSM: Interlocu\u00e7\u00f5es sobre Arte, Cultura e Patrim\u00f4nio<\/a><\/strong> (2021 a 2026, <a href=\"https:\/\/portal.ufsm.br\/projetos\/publico\/projetos\/view.html?idProjeto=68323\" target=\"_blank\" rel=\"noopener\"><span style=\"color: #333399\"><strong>projeto de extens\u00e3o registro 055890<\/strong><\/span>,<\/a> Coordenadoria de Cultura e Arte\/Pr\u00f3-Reitoria de Extens\u00e3o e DAG)<\/span><\/li><li><span style=\"font-family: verdana, geneva, sans-serif\">2019 &#8211; Projeto DAG na 3\u00aa Semana Nacional de Arquivos (<span style=\"color: #0000ff\"><strong><a style=\"color: #0000ff\" href=\"https:\/\/portal.ufsm.br\/projetos\/publico\/projetos\/view.html?idProjeto=63932\" target=\"_blank\" rel=\"noopener\">projeto de extens\u00e3o registro 051978<\/a><\/strong><\/span>, DAG)<\/span><\/li><li><span style=\"font-family: verdana, geneva, sans-serif\">2018 &#8211; Projeto Gest\u00e3o e Preserva\u00e7\u00e3o Documental no Departamento de Ci\u00eancias da Comunicac\u00e3o e Cursos de Gradua\u00e7\u00e3o (2018 a 2019, <strong><span style=\"color: #3366ff\"><a style=\"color: #3366ff\" href=\"https:\/\/portal.ufsm.br\/projetos\/publico\/projetos\/view.html?idProjeto=61489\" target=\"_blank\" rel=\"noopener\">projeto de ensino registro 049885<\/a><\/span>,<\/strong> Departamento de Ci\u00eancias da Comunica\u00e7\u00e3o e DAG)<\/span><\/li><li><span style=\"font-family: verdana, geneva, sans-serif\">2018 &#8211; Projeto Organiza\u00e7\u00e3o Documental da Dire\u00e7\u00e3o do CCSH (2018 a 2023, <span style=\"color: #3366ff\"><strong><a style=\"color: #3366ff\" href=\"https:\/\/portal.ufsm.br\/projetos\/publico\/projetos\/view.html?idProjeto=62018\" target=\"_blank\" rel=\"noopener\">projeto de ensino registro 050252<\/a><\/strong><\/span>, Centro de Ci\u00eancias Sociais e Humanas e DAG)<\/span><\/li><li><span style=\"font-family: verdana, geneva, sans-serif;color: #000000\"><strong><a href=\"https:\/\/www.ufsm.br\/orgaos-suplementares\/orquestra-sinfonica\/projeto-orquestrando-arquivos-musicais-na-ufsm-historia-e-memoria-da-orquestra-sinfonica-de-santa-maria\" target=\"_blank\" rel=\"noopener\">2017 &#8211; Projeto Orquestrando Arquivos Musicais na UFSM: Hist\u00f3ria e Mem\u00f3ria da Orquestra Sinf\u00f4nica de Santa <\/a>\u00a0<\/strong>(2017 a 2022, <span style=\"color: #3366ff\"><strong><a style=\"color: #3366ff\" href=\"https:\/\/portal.ufsm.br\/projetos\/publico\/projetos\/view.html?idProjeto=59410\" target=\"_blank\" rel=\"noopener\">projeto de extens\u00e3o registro 048056<\/a><\/strong><\/span>, Orquestra Sinf\u00f4nica de Santa Maria\/PRE e DAG)<\/span><\/li><li><span style=\"font-family: verdana, geneva, sans-serif;color: #000000\"><a style=\"color: #000000\" href=\"https:\/\/www.ufsm.br\/orgaos-suplementares\/dag\/projeto-resgate-do-acervo-audiovisual-da-tv-campus-da-ufsm\/\" target=\"_blank\" rel=\"noopener noreferrer\"><strong>2017 &#8211; Projeto Resgate do Acervo Audiovisual da TV Campus da UFSM <\/strong><\/a>(2017 a 2022, <strong><a href=\"https:\/\/portal.ufsm.br\/projetos\/publico\/projetos\/view.html?idProjeto=57855\" target=\"_blank\" rel=\"noopener\">projeto de extens\u00e3o registro 046737<\/a><\/strong>, TV Campus\/Coordenadoria de Comunica\u00e7\u00e3o Social e DAG)<\/span><\/li><li><span style=\"font-family: verdana, geneva, sans-serif\">\u00a02017 &#8211; Projeto DAG na I Semana Nacional de Arquivos (<a href=\"https:\/\/portal.ufsm.br\/projetos\/publico\/projetos\/view.html?idProjeto=57564\" target=\"_blank\" rel=\"noopener\">projeto de extens\u00e3o registro Proplan 046478<\/a>, DAG)<\/span><\/li><li><span style=\"color: #000000;font-family: verdana, geneva, sans-serif\"><a style=\"color: #000000\" href=\"https:\/\/www.ufsm.br\/orgaos-suplementares\/dag\/projeto-fotografia-e-gestao-o-arquivo-digital-da-agencia-de-noticias-da-ufsm\/\" target=\"_blank\" rel=\"noopener\"><strong>2016 &#8211; Projeto Fotografia e Gest\u00e3o: o Arquivo Digital da Ag\u00eancia de Not\u00edcias da UFSM <\/strong>(2016 a 2021, <\/a><strong><a href=\"https:\/\/portal.ufsm.br\/projetos\/publico\/projetos\/view.html?idProjeto=54654\" target=\"_blank\" rel=\"noopener\">projeto de extens\u00e3o registro 044211<\/a><\/strong><a style=\"color: #000000\" href=\"https:\/\/www.ufsm.br\/orgaos-suplementares\/dag\/projeto-fotografia-e-gestao-o-arquivo-digital-da-agencia-de-noticias-da-ufsm\/\">, Ag\u00eancia de Not\u00edcias\/Coordenadoria de Comunica\u00e7\u00e3o Social e DAG)<\/a><\/span><\/li><li><span style=\"font-family: verdana, geneva, sans-serif;color: #000000\"><a style=\"color: #000000\" href=\"https:\/\/www.ufsm.br\/orgaos-suplementares\/dag\/projeto-retalhos-de-memoria-de-santa-maria\/\" target=\"_blank\" rel=\"noopener\"><strong>2015 &#8211; Projeto Retalhos da Mem\u00f3ria de Santa Maria<\/strong><\/a> (2015 a 2020, <strong><a href=\"https:\/\/portal.ufsm.br\/projetos\/publico\/projetos\/view.html?idProjeto=51650\" target=\"_blank\" rel=\"noopener\">projeto de extens\u00e3o registro 041963<\/a><\/strong>, N\u00facleo de Acessibilidade\/Coordenadoria de A\u00e7\u00f5es Educacionais e DAG)<\/span><\/li><li><span style=\"font-family: verdana, geneva, sans-serif;color: #000000\"><a href=\"https:\/\/www.ufsm.br\/pro-reitorias\/pre\/rastros-de-extensao\" target=\"_blank\" rel=\"noopener\"><strong>2014 &#8211; Projeto Rastros de Extens\u00e3o na Universidade Federal de Santa Maria<\/strong><\/a> (2014 a 2019, <strong><a href=\"https:\/\/portal.ufsm.br\/projetos\/publico\/projetos\/view.html?idProjeto=48241\" target=\"_blank\" rel=\"noopener\">projeto de extens\u00e3o registro 039244<\/a><\/strong>, Pr\u00f3-Reitoria de Extens\u00e3o e DAG)<\/span><\/li><li><span style=\"font-family: verdana, geneva, sans-serif;color: #000000\"><a style=\"color: #000000\" href=\"https:\/\/www.ufsm.br\/orgaos-suplementares\/dag\/projeto-preservacao-e-difusao-de-memoria-sonora-no-acervo-da-radio-universidade-da-ufsm\/\" target=\"_blank\" rel=\"noopener noreferrer\"><strong>2012 &#8211; Projeto Preserva\u00e7\u00e3o e Difus\u00e3o de Mem\u00f3ria Sonora no Acervo da R\u00e1dio Universidade da UFSM<\/strong>\u00a0<\/a>(2012 a 2017, <strong><a href=\"https:\/\/portal.ufsm.br\/projetos\/publico\/projetos\/view.html?idProjeto=41149\" target=\"_blank\" rel=\"noopener\">projeto de desenvolvimento institucional registro 033930<\/a><\/strong>, R\u00e1dio Universidade\/Coordenadoria de Comunica\u00e7\u00e3o Social e DAG)<\/span><\/li><li><span style=\"font-family: verdana, geneva, sans-serif\">2011 &#8211; Um Olhar Sobre a Constru\u00e7\u00e3o da Cidade Universit\u00e1ria Prof. Jos\u00e9 Mariano da Rocha Filho (2011 a 2012, <strong><a href=\"https:\/\/portal.ufsm.br\/projetos\/publico\/projetos\/view.html?idProjeto=36798\" target=\"_blank\" rel=\"noopener\">projeto de desenvolvimento institucional registro 030780<\/a><\/strong>, DAG)<\/span><\/li><li><span style=\"font-family: verdana, geneva, sans-serif;color: #000000\"><a href=\"http:\/\/patrimoniofotograficoufsm.blogspot.com\/\" target=\"_blank\" rel=\"noopener\"><strong>2010 &#8211; Projeto Descri\u00e7\u00e3o e Digitaliza\u00e7\u00e3o do Aquivo Fotogr\u00e1fico da UFSM: difus\u00e3o no ICA-Atom,<\/strong><\/a> (2010 a 2013, <span style=\"color: #3366ff\"><strong><a style=\"color: #3366ff\" href=\"https:\/\/portal.ufsm.br\/projetos\/publico\/projetos\/view.html?idProjeto=31735\" target=\"_blank\" rel=\"noopener\">projeto de extens\u00e3o registro 027123<\/a><\/strong><\/span>, Departamento de Documenta\u00e7\u00e3o e DAG)<\/span><\/li><li><span style=\"font-family: verdana, geneva, sans-serif;color: #000000\"><span style=\"font-family: verdana, geneva, sans-serif;color: #000000\">2010 &#8211; Projeto Metadados para Preserva\u00e7\u00e3o e Seguran\u00e7a do Di\u00e1rio de Classe Eletr\u00f4nico da UFSM <\/span><\/span><span style=\"font-family: verdana, geneva, sans-serif;color: #000000\">(2010 a 2011, <strong><a href=\"https:\/\/portal.ufsm.br\/projetos\/publico\/projetos\/view.html?idProjeto=35365\" target=\"_blank\" rel=\"noopener\">projeto de desenvolvimento institucional registro 029740<\/a><\/strong>, Departamento de Registro e Controle Acad\u00eamico\/PROGRAD e DAG)<\/span><\/li><li><span style=\"font-family: verdana, geneva, sans-serif;color: #000000\">2010 &#8211; Projeto de Mapeamento das Fun\u00e7\u00f5es e Fluxo Documental do DERCA-UFSM: Utiliza\u00e7\u00e3o da Norma ISDF. (2010 a 2011, <strong><a href=\"https:\/\/portal.ufsm.br\/projetos\/publico\/projetos\/view.html?idProjeto=33918\" target=\"_blank\" rel=\"noopener\">projeto de ensino registro 028668<\/a><\/strong>, Curso de Arquivologia, Departamento de Registro e Controle Acad\u00eamico\/PROGRAD e DAG)<\/span><\/li><li><span style=\"font-family: verdana, geneva, sans-serif;color: #000000\">Projeto Arquivo Setorial do Centro de Ci\u00eancias Naturais e Exatas (CCNE): aplica\u00e7\u00e3o de pol\u00edticas arquiv\u00edsticas<\/span><\/li><li><span style=\"font-family: verdana, geneva, sans-serif;color: #000000\">Projeto de Implementa\u00e7\u00e3o dos Arquivos Setoriais da UFSM<\/span><\/li><li><span style=\"font-family: verdana, geneva, sans-serif;color: #000000\">Projeto de Mapeamento das Fun\u00e7\u00f5es e Atividades da UFSM<\/span><\/li><li><span style=\"font-family: verdana, geneva, sans-serif;color: #000000\">Projeto Informatiza\u00e7\u00e3o da Gest\u00e3o, Preserva\u00e7\u00e3o e Acesso de Documentos Arquiv\u00edsticos da UFSM<\/span><\/li><\/ul>\t\t\t\t\t\t<\/div>\n\t\t\t\t<\/div>\n\t\t\t\t\t<\/div>\n\t\t<\/div>\n\t\t\t\t\t<\/div>\n\t\t<\/section>\n\t\t\t\t<\/div>\n\t\t","protected":false},"excerpt":{"rendered":"<p>2024 &#8211; Projeto Sociais e Humanas em Foto: Preserva\u00e7\u00e3o, Acesso e Educa\u00e7\u00e3o Patrimonial (2024 a 2026, projeto de extens\u00e3o registro 062846, Centro de Ci\u00eancias Sociais e Humanas e DAG) 2021 &#8211; Projeto Murais da UFSM: Interlocu\u00e7\u00f5es sobre Arte, Cultura e Patrim\u00f4nio (2021 a 2026, projeto de extens\u00e3o registro 055890, Coordenadoria de Cultura e Arte\/Pr\u00f3-Reitoria de [&hellip;]<\/p>\n","protected":false},"author":201,"featured_media":0,"parent":0,"menu_order":0,"comment_status":"closed","ping_status":"closed","template":"","meta":{"footnotes":""},"categories":[],"tags":[],"class_list":["post-388","page","type-page","status-publish","hentry"],"acf":[],"_links":{"self":[{"href":"https:\/\/www.ufsm.br\/orgaos-suplementares\/dag\/wp-json\/wp\/v2\/pages\/388","targetHints":{"allow":["GET"]}}],"collection":[{"href":"https:\/\/www.ufsm.br\/orgaos-suplementares\/dag\/wp-json\/wp\/v2\/pages"}],"about":[{"href":"https:\/\/www.ufsm.br\/orgaos-suplementares\/dag\/wp-json\/wp\/v2\/types\/page"}],"author":[{"embeddable":true,"href":"https:\/\/www.ufsm.br\/orgaos-suplementares\/dag\/wp-json\/wp\/v2\/users\/201"}],"replies":[{"embeddable":true,"href":"https:\/\/www.ufsm.br\/orgaos-suplementares\/dag\/wp-json\/wp\/v2\/comments?post=388"}],"version-history":[{"count":0,"href":"https:\/\/www.ufsm.br\/orgaos-suplementares\/dag\/wp-json\/wp\/v2\/pages\/388\/revisions"}],"wp:attachment":[{"href":"https:\/\/www.ufsm.br\/orgaos-suplementares\/dag\/wp-json\/wp\/v2\/media?parent=388"}],"wp:term":[{"taxonomy":"category","embeddable":true,"href":"https:\/\/www.ufsm.br\/orgaos-suplementares\/dag\/wp-json\/wp\/v2\/categories?post=388"},{"taxonomy":"post_tag","embeddable":true,"href":"https:\/\/www.ufsm.br\/orgaos-suplementares\/dag\/wp-json\/wp\/v2\/tags?post=388"}],"curies":[{"name":"wp","href":"https:\/\/api.w.org\/{rel}","templated":true}]}}