{"id":4103,"date":"2023-05-30T11:29:30","date_gmt":"2023-05-30T14:29:30","guid":{"rendered":"https:\/\/www.ufsm.br\/orgaos-suplementares\/dag\/?page_id=4103"},"modified":"2023-05-31T15:58:54","modified_gmt":"2023-05-31T18:58:54","slug":"exposicao-ufsm-territorio-de-memorias","status":"publish","type":"page","link":"https:\/\/www.ufsm.br\/orgaos-suplementares\/dag\/exposicao-ufsm-territorio-de-memorias","title":{"rendered":"Exposi\u00e7\u00e3o UFSM: Territ\u00f3rio de Mem\u00f3rias"},"content":{"rendered":"\t\t<div data-elementor-type=\"wp-page\" data-elementor-id=\"4103\" class=\"elementor elementor-4103\">\n\t\t\t\t\t\t<section class=\"elementor-section elementor-top-section elementor-element elementor-element-3acd1b1 elementor-section-boxed elementor-section-height-default elementor-section-height-default\" data-id=\"3acd1b1\" data-element_type=\"section\">\n\t\t\t\t\t\t<div class=\"elementor-container elementor-column-gap-default\">\n\t\t\t\t\t<div class=\"elementor-column elementor-col-50 elementor-top-column elementor-element elementor-element-7a2f0d0\" data-id=\"7a2f0d0\" data-element_type=\"column\">\n\t\t\t<div class=\"elementor-widget-wrap elementor-element-populated\">\n\t\t\t\t\t\t<div class=\"elementor-element elementor-element-23d2bbe elementor-widget__width-initial elementor-widget elementor-widget-text-editor\" data-id=\"23d2bbe\" data-element_type=\"widget\" data-widget_type=\"text-editor.default\">\n\t\t\t\t<div class=\"elementor-widget-container\">\n\t\t\t\t\t\t\t<p><span style=\"color: #000000;font-family: georgia, palatino, serif\">O Arquivo da UFSM \u00e9 respons\u00e1vel pela preserva\u00e7\u00e3o e pelo acesso aos registros de vidas de diferentes \u00e9pocas.\u00a0<\/span><\/p><p><span style=\"color: #000000;font-family: georgia, palatino, serif\">Estamos diante de potentes express\u00f5es de diversidade e pluralidade que precisam ser reconhecidas e valorizadas por amplos setores de nossa sociedade. Disso depende, at\u00e9 mesmo, a garantia da exist\u00eancia dos arquivos, sejam eles p\u00fablicos ou privados.<\/span><\/p><p><span style=\"color: #000000;font-family: georgia, palatino, serif\">Confira a Exposi\u00e7\u00e3o &#8220;UFSM: Territ\u00f3rio de Mem\u00f3rias&#8221; realizada pelo Departamento de Arquivo Geral da UFSM de 02 a 09 de junho de 2023, com o prop\u00f3sito<span style=\"font-size: 16px;font-weight: var( --e-global-typography-text-font-weight );text-align: var(--bs-body-text-align)\"> de fortalecer perspectivas e demandas sobre o fazer arquiv\u00edstico que t\u00eam ganhado relev\u00e2ncia em nosso pa\u00eds. A exposi\u00e7\u00e3o integra a programa\u00e7\u00e3o d<\/span>a 7\u00aa Semana Nacional de Arquivos cujo tema em 2023 \u00e9 &#8220;Arquivos: Territ\u00f3rios de Vidas&#8221;.\u00a0<\/span><\/p><p><span style=\"color: #000000;font-size: 16px;font-family: georgia, palatino, serif\">A\u00e7\u00f5es de difus\u00e3o contribuem cotidianamente para que a relev\u00e2ncia do vivido no passado siga ativa no presente e no futuro.\u00a0<\/span><\/p>\t\t\t\t\t\t<\/div>\n\t\t\t\t<\/div>\n\t\t\t\t\t<\/div>\n\t\t<\/div>\n\t\t\t\t<div class=\"elementor-column elementor-col-50 elementor-top-column elementor-element elementor-element-fa62a71\" data-id=\"fa62a71\" data-element_type=\"column\">\n\t\t\t<div class=\"elementor-widget-wrap elementor-element-populated\">\n\t\t\t\t\t\t<div class=\"elementor-element elementor-element-000b3be elementor-widget__width-initial elementor-widget elementor-widget-image\" data-id=\"000b3be\" data-element_type=\"widget\" data-widget_type=\"image.default\">\n\t\t\t\t<div class=\"elementor-widget-container\">\n\t\t\t\t\t\t\t\t\t\t\t\t\t<img fetchpriority=\"high\" decoding=\"async\" width=\"1024\" height=\"724\" src=\"https:\/\/www.ufsm.br\/app\/uploads\/sites\/400\/2023\/05\/Flyer-SNA-1024x724.jpg\" class=\"attachment-large size-large wp-image-4104\" alt=\"\" srcset=\"https:\/\/www.ufsm.br\/app\/uploads\/sites\/400\/2023\/05\/Flyer-SNA-1024x724.jpg 1024w, https:\/\/www.ufsm.br\/app\/uploads\/sites\/400\/2023\/05\/Flyer-SNA-300x212.jpg 300w, https:\/\/www.ufsm.br\/app\/uploads\/sites\/400\/2023\/05\/Flyer-SNA-768x543.jpg 768w, https:\/\/www.ufsm.br\/app\/uploads\/sites\/400\/2023\/05\/Flyer-SNA.jpg 1250w\" sizes=\"(max-width: 1024px) 100vw, 1024px\" \/>\t\t\t\t\t\t\t\t\t\t\t\t\t<\/div>\n\t\t\t\t<\/div>\n\t\t\t\t\t<\/div>\n\t\t<\/div>\n\t\t\t\t\t<\/div>\n\t\t<\/section>\n\t\t\t\t<section class=\"elementor-section elementor-top-section elementor-element elementor-element-7ae5e27 elementor-section-boxed elementor-section-height-default elementor-section-height-default\" data-id=\"7ae5e27\" data-element_type=\"section\">\n\t\t\t\t\t\t<div class=\"elementor-container elementor-column-gap-default\">\n\t\t\t\t\t<div class=\"elementor-column elementor-col-100 elementor-top-column elementor-element elementor-element-4ed4e92\" data-id=\"4ed4e92\" data-element_type=\"column\">\n\t\t\t<div class=\"elementor-widget-wrap elementor-element-populated\">\n\t\t\t\t\t\t<div class=\"elementor-element elementor-element-a427456 elementor-widget elementor-widget-text-editor\" data-id=\"a427456\" data-element_type=\"widget\" data-widget_type=\"text-editor.default\">\n\t\t\t\t<div class=\"elementor-widget-container\">\n\t\t\t\t\t\t\t<p>Assista no v\u00eddeo abaixo nossa exposi\u00e7\u00e3o completa<\/p>\t\t\t\t\t\t<\/div>\n\t\t\t\t<\/div>\n\t\t\t\t\t<\/div>\n\t\t<\/div>\n\t\t\t\t\t<\/div>\n\t\t<\/section>\n\t\t\t\t<section class=\"elementor-section elementor-top-section elementor-element elementor-element-0a77073 elementor-section-boxed elementor-section-height-default elementor-section-height-default\" data-id=\"0a77073\" data-element_type=\"section\">\n\t\t\t\t\t\t<div class=\"elementor-container elementor-column-gap-default\">\n\t\t\t\t\t<div class=\"elementor-column elementor-col-100 elementor-top-column elementor-element elementor-element-c96ce25\" data-id=\"c96ce25\" data-element_type=\"column\">\n\t\t\t<div class=\"elementor-widget-wrap elementor-element-populated\">\n\t\t\t\t\t\t<div class=\"elementor-element elementor-element-ad7ea88 elementor-widget elementor-widget-video\" data-id=\"ad7ea88\" data-element_type=\"widget\" data-settings=\"{&quot;youtube_url&quot;:&quot;https:\\\/\\\/youtu.be\\\/17-xYDBEVC0&quot;,&quot;autoplay&quot;:&quot;yes&quot;,&quot;loop&quot;:&quot;yes&quot;,&quot;video_type&quot;:&quot;youtube&quot;,&quot;controls&quot;:&quot;yes&quot;}\" data-widget_type=\"video.default\">\n\t\t\t\t<div class=\"elementor-widget-container\">\n\t\t\t\t\t<div class=\"elementor-wrapper elementor-open-inline\">\n\t\t\t<div class=\"elementor-video\"><\/div>\t\t<\/div>\n\t\t\t\t<\/div>\n\t\t\t\t<\/div>\n\t\t\t\t\t<\/div>\n\t\t<\/div>\n\t\t\t\t\t<\/div>\n\t\t<\/section>\n\t\t\t\t<\/div>\n\t\t","protected":false},"excerpt":{"rendered":"<p>O Arquivo da UFSM \u00e9 respons\u00e1vel pela preserva\u00e7\u00e3o e pelo acesso aos registros de vidas de diferentes \u00e9pocas.&nbsp; Estamos diante de potentes express\u00f5es de diversidade e pluralidade que precisam ser reconhecidas e valorizadas por amplos setores de nossa sociedade. Disso depende, at\u00e9 mesmo, a garantia da exist\u00eancia dos arquivos, sejam eles p\u00fablicos ou privados. Confira [&hellip;]<\/p>\n","protected":false},"author":302,"featured_media":0,"parent":0,"menu_order":0,"comment_status":"closed","ping_status":"closed","template":"","meta":{"footnotes":""},"categories":[23],"tags":[],"class_list":["post-4103","page","type-page","status-publish","hentry","category-banner"],"acf":[],"_links":{"self":[{"href":"https:\/\/www.ufsm.br\/orgaos-suplementares\/dag\/wp-json\/wp\/v2\/pages\/4103","targetHints":{"allow":["GET"]}}],"collection":[{"href":"https:\/\/www.ufsm.br\/orgaos-suplementares\/dag\/wp-json\/wp\/v2\/pages"}],"about":[{"href":"https:\/\/www.ufsm.br\/orgaos-suplementares\/dag\/wp-json\/wp\/v2\/types\/page"}],"author":[{"embeddable":true,"href":"https:\/\/www.ufsm.br\/orgaos-suplementares\/dag\/wp-json\/wp\/v2\/users\/302"}],"replies":[{"embeddable":true,"href":"https:\/\/www.ufsm.br\/orgaos-suplementares\/dag\/wp-json\/wp\/v2\/comments?post=4103"}],"version-history":[{"count":0,"href":"https:\/\/www.ufsm.br\/orgaos-suplementares\/dag\/wp-json\/wp\/v2\/pages\/4103\/revisions"}],"wp:attachment":[{"href":"https:\/\/www.ufsm.br\/orgaos-suplementares\/dag\/wp-json\/wp\/v2\/media?parent=4103"}],"wp:term":[{"taxonomy":"category","embeddable":true,"href":"https:\/\/www.ufsm.br\/orgaos-suplementares\/dag\/wp-json\/wp\/v2\/categories?post=4103"},{"taxonomy":"post_tag","embeddable":true,"href":"https:\/\/www.ufsm.br\/orgaos-suplementares\/dag\/wp-json\/wp\/v2\/tags?post=4103"}],"curies":[{"name":"wp","href":"https:\/\/api.w.org\/{rel}","templated":true}]}}