{"id":4664,"date":"2025-03-29T11:00:33","date_gmt":"2025-03-29T14:00:33","guid":{"rendered":"https:\/\/www.ufsm.br\/orgaos-suplementares\/dag\/?page_id=4664"},"modified":"2025-03-31T11:40:25","modified_gmt":"2025-03-31T14:40:25","slug":"exposicao-sociais-e-humanas-em-foto-releitura-fotos-formatura-direito","status":"publish","type":"page","link":"https:\/\/www.ufsm.br\/orgaos-suplementares\/dag\/exposicao-sociais-e-humanas-em-foto-releitura-fotos-formatura-direito","title":{"rendered":"Exposi\u00e7\u00e3o Sociais e Humanas em Foto &#8211; Releitura Fotos Formatura Direito"},"content":{"rendered":"\t\t<div data-elementor-type=\"wp-page\" data-elementor-id=\"4664\" class=\"elementor elementor-4664\">\n\t\t\t\t\t\t<section class=\"elementor-section elementor-top-section elementor-element elementor-element-9f063e8 elementor-section-boxed elementor-section-height-default elementor-section-height-default\" data-id=\"9f063e8\" data-element_type=\"section\">\n\t\t\t\t\t\t<div class=\"elementor-container elementor-column-gap-default\">\n\t\t\t\t\t<div class=\"elementor-column elementor-col-100 elementor-top-column elementor-element elementor-element-2cf9870\" data-id=\"2cf9870\" data-element_type=\"column\">\n\t\t\t<div class=\"elementor-widget-wrap elementor-element-populated\">\n\t\t\t\t\t\t<div class=\"elementor-element elementor-element-7217eb1 elementor-widget elementor-widget-text-editor\" data-id=\"7217eb1\" data-element_type=\"widget\" data-widget_type=\"text-editor.default\">\n\t\t\t\t<div class=\"elementor-widget-container\">\n\t\t\t\t\t\t\t<p>Na exposi\u00e7\u00e3o gerada pela primeira oficina de releitura de fotografias do &#8220;Projeto de Extens\u00e3o Sociais e Humanas em Foto&#8221; os estudantes do nono ano do ensino fundamental da Escola Municipal de Ensino Fundamental Maria de Lourdes Ramos Castro produziram desenhos explorando a import\u00e2ncia dos registros fotogr\u00e1ficos e do patrim\u00f4nio hist\u00f3rico cultural como formas de expressar pertencimento. A atividade incluiu uma visita ao Museu Gama D\u2019E\u00e7a, onde os estudantes observaram objetos e documentos hist\u00f3ricos, destacando a relev\u00e2ncia desse patrim\u00f4nio para o desenvolvimento social. A hist\u00f3ria e os relatos serviram como base para construir uma mem\u00f3ria coletiva sobre o trabalho de preserva\u00e7\u00e3o de fotografias de quadros de formatura do Curso de Direito, realizado pelo Departamento de Arquivo Geral da Universidade Federal de Santa Maria.<\/p><p>Curadoria da Exposi\u00e7\u00e3o: Arquivista Cristina Strohschoen<\/p><p>Projeto Gr\u00e1fico e Diagrama\u00e7\u00e3o da Exposi\u00e7\u00e3o: Alessandra Brixius e Rafaela Borba<\/p><p>Fotografias: Acervo UFSM \u2013 Departamento de Arquivo Geral<\/p><p>Artista visual coordenadora da a\u00e7\u00e3o: Cica Ereno<\/p><p>Professora de Arte: Helvia Cruz<\/p><p>Muse\u00f3logo: Bernardo Duque de Paula<\/p><p>Coordenadora do Curso de Direito Noturno: Daniela Richter<\/p><p>Coordenadora do Centro de Ci\u00eancias Sociais e Humanas: Sheila Kocourek<\/p>\t\t\t\t\t\t<\/div>\n\t\t\t\t<\/div>\n\t\t\t\t\t<\/div>\n\t\t<\/div>\n\t\t\t\t\t<\/div>\n\t\t<\/section>\n\t\t\t\t<section class=\"elementor-section elementor-top-section elementor-element elementor-element-6e9e3e4 elementor-section-boxed elementor-section-height-default elementor-section-height-default\" data-id=\"6e9e3e4\" data-element_type=\"section\">\n\t\t\t\t\t\t<div class=\"elementor-container elementor-column-gap-default\">\n\t\t\t\t\t<div class=\"elementor-column elementor-col-100 elementor-top-column elementor-element elementor-element-d647cd9\" data-id=\"d647cd9\" data-element_type=\"column\">\n\t\t\t<div class=\"elementor-widget-wrap elementor-element-populated\">\n\t\t\t\t\t\t<div class=\"elementor-element elementor-element-7faaf40 elementor-arrows-position-inside elementor-pagination-position-outside elementor-widget elementor-widget-image-carousel\" data-id=\"7faaf40\" data-element_type=\"widget\" data-settings=\"{&quot;slides_to_show&quot;:&quot;1&quot;,&quot;navigation&quot;:&quot;both&quot;,&quot;autoplay&quot;:&quot;yes&quot;,&quot;pause_on_hover&quot;:&quot;yes&quot;,&quot;pause_on_interaction&quot;:&quot;yes&quot;,&quot;autoplay_speed&quot;:5000,&quot;infinite&quot;:&quot;yes&quot;,&quot;effect&quot;:&quot;slide&quot;,&quot;speed&quot;:500}\" data-widget_type=\"image-carousel.default\">\n\t\t\t\t<div class=\"elementor-widget-container\">\n\t\t\t\t\t<div class=\"elementor-image-carousel-wrapper swiper\" dir=\"ltr\">\n\t\t\t<div class=\"elementor-image-carousel swiper-wrapper\" aria-live=\"off\">\n\t\t\t\t\t\t\t\t<div class=\"swiper-slide\" role=\"group\" aria-roledescription=\"slide\" aria-label=\"1 of 6\"><figure class=\"swiper-slide-inner\"><img decoding=\"async\" class=\"swiper-slide-image\" src=\"https:\/\/www.ufsm.br\/app\/uploads\/sites\/400\/2025\/03\/UFSM-ExpoReleituraFotos-Oficina1-banner-1.jpg\" alt=\"UFSM ExpoReleituraFotos Oficina1 banner 1\" \/><\/figure><\/div><div class=\"swiper-slide\" role=\"group\" aria-roledescription=\"slide\" aria-label=\"2 of 6\"><figure class=\"swiper-slide-inner\"><img decoding=\"async\" class=\"swiper-slide-image\" src=\"https:\/\/www.ufsm.br\/app\/uploads\/sites\/400\/2025\/03\/UFSM-ExpoReleituraFotos-Oficina1-banner-2.jpg\" alt=\"UFSM ExpoReleituraFotos Oficina1 banner 2\" \/><\/figure><\/div><div class=\"swiper-slide\" role=\"group\" aria-roledescription=\"slide\" aria-label=\"3 of 6\"><figure class=\"swiper-slide-inner\"><img decoding=\"async\" class=\"swiper-slide-image\" src=\"https:\/\/www.ufsm.br\/app\/uploads\/sites\/400\/2025\/03\/UFSM-ExpoReleituraFotos-Oficina1-banner-4.jpg\" alt=\"UFSM ExpoReleituraFotos Oficina1 banner 4\" \/><\/figure><\/div><div class=\"swiper-slide\" role=\"group\" aria-roledescription=\"slide\" aria-label=\"4 of 6\"><figure class=\"swiper-slide-inner\"><img decoding=\"async\" class=\"swiper-slide-image\" src=\"https:\/\/www.ufsm.br\/app\/uploads\/sites\/400\/2025\/03\/UFSM-ExpoReleituraFotos-Oficina1-banner-3.jpg\" alt=\"UFSM ExpoReleituraFotos Oficina1 banner 3\" \/><\/figure><\/div><div class=\"swiper-slide\" role=\"group\" aria-roledescription=\"slide\" aria-label=\"5 of 6\"><figure class=\"swiper-slide-inner\"><img decoding=\"async\" class=\"swiper-slide-image\" src=\"https:\/\/www.ufsm.br\/app\/uploads\/sites\/400\/2025\/03\/UFSM-ExpoReleituraFotos-Oficina1-banner-6.jpg\" alt=\"UFSM ExpoReleituraFotos Oficina1 banner 6\" \/><\/figure><\/div><div class=\"swiper-slide\" role=\"group\" aria-roledescription=\"slide\" aria-label=\"6 of 6\"><figure class=\"swiper-slide-inner\"><img decoding=\"async\" class=\"swiper-slide-image\" src=\"https:\/\/www.ufsm.br\/app\/uploads\/sites\/400\/2025\/03\/UFSM-ExpoReleituraFotos-Oficina1-banner-5.jpg\" alt=\"UFSM ExpoReleituraFotos Oficina1 banner 5\" \/><\/figure><\/div>\t\t\t<\/div>\n\t\t\t\t\t\t\t\t\t\t\t\t<div class=\"elementor-swiper-button elementor-swiper-button-prev\" role=\"button\" tabindex=\"0\">\n\t\t\t\t\t\t<i aria-hidden=\"true\" class=\"eicon-chevron-left\"><\/i>\t\t\t\t\t<\/div>\n\t\t\t\t\t<div class=\"elementor-swiper-button elementor-swiper-button-next\" role=\"button\" tabindex=\"0\">\n\t\t\t\t\t\t<i aria-hidden=\"true\" class=\"eicon-chevron-right\"><\/i>\t\t\t\t\t<\/div>\n\t\t\t\t\n\t\t\t\t\t\t\t\t\t<div class=\"swiper-pagination\"><\/div>\n\t\t\t\t\t\t\t\t\t<\/div>\n\t\t\t\t<\/div>\n\t\t\t\t<\/div>\n\t\t\t\t\t<\/div>\n\t\t<\/div>\n\t\t\t\t\t<\/div>\n\t\t<\/section>\n\t\t\t\t<\/div>\n\t\t","protected":false},"excerpt":{"rendered":"<p>Na exposi\u00e7\u00e3o gerada pela primeira oficina de releitura de fotografias do &#8220;Projeto de Extens\u00e3o Sociais e Humanas em Foto&#8221; os estudantes do nono ano do ensino fundamental da Escola Municipal de Ensino Fundamental Maria de Lourdes Ramos Castro produziram desenhos explorando a import\u00e2ncia dos registros fotogr\u00e1ficos e do patrim\u00f4nio hist\u00f3rico cultural como formas de expressar [&hellip;]<\/p>\n","protected":false},"author":443,"featured_media":0,"parent":0,"menu_order":0,"comment_status":"closed","ping_status":"closed","template":"","meta":{"footnotes":""},"categories":[],"tags":[],"class_list":["post-4664","page","type-page","status-publish","hentry"],"acf":[],"_links":{"self":[{"href":"https:\/\/www.ufsm.br\/orgaos-suplementares\/dag\/wp-json\/wp\/v2\/pages\/4664","targetHints":{"allow":["GET"]}}],"collection":[{"href":"https:\/\/www.ufsm.br\/orgaos-suplementares\/dag\/wp-json\/wp\/v2\/pages"}],"about":[{"href":"https:\/\/www.ufsm.br\/orgaos-suplementares\/dag\/wp-json\/wp\/v2\/types\/page"}],"author":[{"embeddable":true,"href":"https:\/\/www.ufsm.br\/orgaos-suplementares\/dag\/wp-json\/wp\/v2\/users\/443"}],"replies":[{"embeddable":true,"href":"https:\/\/www.ufsm.br\/orgaos-suplementares\/dag\/wp-json\/wp\/v2\/comments?post=4664"}],"version-history":[{"count":0,"href":"https:\/\/www.ufsm.br\/orgaos-suplementares\/dag\/wp-json\/wp\/v2\/pages\/4664\/revisions"}],"wp:attachment":[{"href":"https:\/\/www.ufsm.br\/orgaos-suplementares\/dag\/wp-json\/wp\/v2\/media?parent=4664"}],"wp:term":[{"taxonomy":"category","embeddable":true,"href":"https:\/\/www.ufsm.br\/orgaos-suplementares\/dag\/wp-json\/wp\/v2\/categories?post=4664"},{"taxonomy":"post_tag","embeddable":true,"href":"https:\/\/www.ufsm.br\/orgaos-suplementares\/dag\/wp-json\/wp\/v2\/tags?post=4664"}],"curies":[{"name":"wp","href":"https:\/\/api.w.org\/{rel}","templated":true}]}}