{"id":4775,"date":"2026-02-06T12:21:20","date_gmt":"2026-02-06T15:21:20","guid":{"rendered":"https:\/\/www.ufsm.br\/orgaos-suplementares\/dag\/?page_id=4775"},"modified":"2026-02-06T13:47:05","modified_gmt":"2026-02-06T16:47:05","slug":"plano-de-gestao-de-documentos-e-arquivos-pgdoc","status":"publish","type":"page","link":"https:\/\/www.ufsm.br\/orgaos-suplementares\/dag\/plano-de-gestao-de-documentos-e-arquivos-pgdoc","title":{"rendered":"Plano de Gest\u00e3o de Documentos e Arquivos (PGDOC)"},"content":{"rendered":"\t\t<div data-elementor-type=\"wp-page\" data-elementor-id=\"4775\" class=\"elementor elementor-4775\">\n\t\t\t\t\t\t<section class=\"elementor-section elementor-top-section elementor-element elementor-element-95c71ff elementor-section-boxed elementor-section-height-default elementor-section-height-default\" data-id=\"95c71ff\" data-element_type=\"section\">\n\t\t\t\t\t\t<div class=\"elementor-container elementor-column-gap-default\">\n\t\t\t\t\t<div class=\"elementor-column elementor-col-100 elementor-top-column elementor-element elementor-element-0111ec8\" data-id=\"0111ec8\" data-element_type=\"column\">\n\t\t\t<div class=\"elementor-widget-wrap elementor-element-populated\">\n\t\t\t\t\t\t<div class=\"elementor-element elementor-element-89cad2f elementor-widget elementor-widget-image\" data-id=\"89cad2f\" data-element_type=\"widget\" data-widget_type=\"image.default\">\n\t\t\t\t<div class=\"elementor-widget-container\">\n\t\t\t\t\t\t\t\t\t\t\t\t\t<img fetchpriority=\"high\" decoding=\"async\" width=\"1900\" height=\"764\" src=\"https:\/\/www.ufsm.br\/app\/uploads\/sites\/400\/2026\/02\/PGDOC_Banner2-2.jpg\" class=\"attachment-full size-full wp-image-4776\" alt=\"\" srcset=\"https:\/\/www.ufsm.br\/app\/uploads\/sites\/400\/2026\/02\/PGDOC_Banner2-2.jpg 1900w, https:\/\/www.ufsm.br\/app\/uploads\/sites\/400\/2026\/02\/PGDOC_Banner2-2-300x121.jpg 300w, https:\/\/www.ufsm.br\/app\/uploads\/sites\/400\/2026\/02\/PGDOC_Banner2-2-1024x412.jpg 1024w, https:\/\/www.ufsm.br\/app\/uploads\/sites\/400\/2026\/02\/PGDOC_Banner2-2-768x309.jpg 768w, https:\/\/www.ufsm.br\/app\/uploads\/sites\/400\/2026\/02\/PGDOC_Banner2-2-1536x618.jpg 1536w\" sizes=\"(max-width: 1900px) 100vw, 1900px\" \/>\t\t\t\t\t\t\t\t\t\t\t\t\t<\/div>\n\t\t\t\t<\/div>\n\t\t\t\t\t<\/div>\n\t\t<\/div>\n\t\t\t\t\t<\/div>\n\t\t<\/section>\n\t\t\t\t<section class=\"elementor-section elementor-top-section elementor-element elementor-element-5431a11 elementor-section-boxed elementor-section-height-default elementor-section-height-default\" data-id=\"5431a11\" data-element_type=\"section\">\n\t\t\t\t\t\t<div class=\"elementor-container elementor-column-gap-default\">\n\t\t\t\t\t<div class=\"elementor-column elementor-col-100 elementor-top-column elementor-element elementor-element-df1d92a\" data-id=\"df1d92a\" data-element_type=\"column\">\n\t\t\t<div class=\"elementor-widget-wrap elementor-element-populated\">\n\t\t\t\t\t\t<div class=\"elementor-element elementor-element-5e3d3e4 elementor-widget elementor-widget-text-editor\" data-id=\"5e3d3e4\" data-element_type=\"widget\" data-widget_type=\"text-editor.default\">\n\t\t\t\t<div class=\"elementor-widget-container\">\n\t\t\t\t\t\t\t<p style=\"text-align: justify\">\u00a0 \u00a0 \u00a0 \u00a0 \u00a0 O Departamento de Arquivo Geral (DAG) apresenta o<strong> Plano de Gest\u00e3o de Documentos e Arquivos da UFSM (PGDoc\/UFSM)<\/strong> para o per\u00edodo de <strong>2023 a 2025<\/strong>, alinhado ao PDI\/UFSM 2016-2026, definindo estrat\u00e9gias e a\u00e7\u00f5es para a produ\u00e7\u00e3o, classifica\u00e7\u00e3o, preserva\u00e7\u00e3o e acesso cont\u00ednuo aos documentos institucionais<\/p><p style=\"text-align: justify\">\u00a0 \u00a0 \u00a0 \u00a0 \u00a0 Elaborado com base no programa TransformaGov e nas diretrizes Programa de Gest\u00e3o de Documentos e Arquivos (Proged) do Arquivo Nacional, o PGDoc\/UFSM visa organizar e preservar o patrim\u00f4nio documental da universidade, aumentando a efici\u00eancia administrativa e garantindo o acesso \u00e0 informa\u00e7\u00e3o pela comunidade e pela sociedade em geral.<\/p>\t\t\t\t\t\t<\/div>\n\t\t\t\t<\/div>\n\t\t\t\t\t<\/div>\n\t\t<\/div>\n\t\t\t\t\t<\/div>\n\t\t<\/section>\n\t\t\t\t<section class=\"elementor-section elementor-top-section elementor-element elementor-element-f17442e elementor-section-boxed elementor-section-height-default elementor-section-height-default\" data-id=\"f17442e\" data-element_type=\"section\">\n\t\t\t\t\t\t<div class=\"elementor-container elementor-column-gap-default\">\n\t\t\t\t\t<div class=\"elementor-column elementor-col-100 elementor-top-column elementor-element elementor-element-3398a73\" data-id=\"3398a73\" data-element_type=\"column\">\n\t\t\t<div class=\"elementor-widget-wrap elementor-element-populated\">\n\t\t\t\t\t\t<div class=\"elementor-element elementor-element-c41fbc0 elementor-widget elementor-widget-text-editor\" data-id=\"c41fbc0\" data-element_type=\"widget\" data-widget_type=\"text-editor.default\">\n\t\t\t\t<div class=\"elementor-widget-container\">\n\t\t\t\t\t\t\t<p style=\"text-align: center\">Acesse o atual PGDOC da UFSM:<\/p>\t\t\t\t\t\t<\/div>\n\t\t\t\t<\/div>\n\t\t\t\t\t<\/div>\n\t\t<\/div>\n\t\t\t\t\t<\/div>\n\t\t<\/section>\n\t\t\t\t<section class=\"elementor-section elementor-top-section elementor-element elementor-element-e3d3103 elementor-section-boxed elementor-section-height-default elementor-section-height-default\" data-id=\"e3d3103\" data-element_type=\"section\">\n\t\t\t\t\t\t<div class=\"elementor-container elementor-column-gap-default\">\n\t\t\t\t\t<div class=\"elementor-column elementor-col-33 elementor-top-column elementor-element elementor-element-1a4890b\" data-id=\"1a4890b\" data-element_type=\"column\">\n\t\t\t<div class=\"elementor-widget-wrap\">\n\t\t\t\t\t\t\t<\/div>\n\t\t<\/div>\n\t\t\t\t<div class=\"elementor-column elementor-col-33 elementor-top-column elementor-element elementor-element-57848a0\" data-id=\"57848a0\" data-element_type=\"column\">\n\t\t\t<div class=\"elementor-widget-wrap elementor-element-populated\">\n\t\t\t\t\t\t<div class=\"elementor-element elementor-element-193c8ce elementor-widget__width-initial elementor-view-default elementor-position-top elementor-mobile-position-top elementor-widget elementor-widget-icon-box\" data-id=\"193c8ce\" data-element_type=\"widget\" data-widget_type=\"icon-box.default\">\n\t\t\t\t<div class=\"elementor-widget-container\">\n\t\t\t\t\t<div class=\"elementor-icon-box-wrapper\">\n\n\t\t\t\t\t\t<div class=\"elementor-icon-box-icon\">\n\t\t\t\t<a href=\"https:\/\/portal.ufsm.br\/documentos\/publico\/documento.html?id=14875827\" target=\"_blank\" class=\"elementor-icon elementor-animation-grow\" tabindex=\"-1\">\n\t\t\t\t<i aria-hidden=\"true\" class=\"fas fa-file-signature\"><\/i>\t\t\t\t<\/a>\n\t\t\t<\/div>\n\t\t\t\n\t\t\t\t\t\t<div class=\"elementor-icon-box-content\">\n\n\t\t\t\t\t\t\t\t\t<h3 class=\"elementor-icon-box-title\">\n\t\t\t\t\t\t<a href=\"https:\/\/portal.ufsm.br\/documentos\/publico\/documento.html?id=14875827\" target=\"_blank\" >\n\t\t\t\t\t\t\tPGDoc\/UFSM                                                          2023 - 2025\t\t\t\t\t\t<\/a>\n\t\t\t\t\t<\/h3>\n\t\t\t\t\n\t\t\t\t\n\t\t\t<\/div>\n\t\t\t\n\t\t<\/div>\n\t\t\t\t<\/div>\n\t\t\t\t<\/div>\n\t\t\t\t\t<\/div>\n\t\t<\/div>\n\t\t\t\t<div class=\"elementor-column elementor-col-33 elementor-top-column elementor-element elementor-element-c2172e6\" data-id=\"c2172e6\" data-element_type=\"column\">\n\t\t\t<div class=\"elementor-widget-wrap\">\n\t\t\t\t\t\t\t<\/div>\n\t\t<\/div>\n\t\t\t\t\t<\/div>\n\t\t<\/section>\n\t\t\t\t<section class=\"elementor-section elementor-top-section elementor-element elementor-element-c12243f elementor-section-boxed elementor-section-height-default elementor-section-height-default\" data-id=\"c12243f\" data-element_type=\"section\">\n\t\t\t\t\t\t<div class=\"elementor-container elementor-column-gap-default\">\n\t\t\t\t\t<div class=\"elementor-column elementor-col-100 elementor-top-column elementor-element elementor-element-be62374\" data-id=\"be62374\" data-element_type=\"column\">\n\t\t\t<div class=\"elementor-widget-wrap elementor-element-populated\">\n\t\t\t\t\t\t<div class=\"elementor-element elementor-element-c86e2f0 elementor-widget elementor-widget-text-editor\" data-id=\"c86e2f0\" data-element_type=\"widget\" data-widget_type=\"text-editor.default\">\n\t\t\t\t<div class=\"elementor-widget-container\">\n\t\t\t\t\t\t\t<p style=\"text-align: center\"><span style=\"color: #ffffff\"><strong>Atualmente o documento encontra-se em revis\u00e3o para o pr\u00f3ximo per\u00edodo de vig\u00eancia<\/strong><\/span><\/p>\t\t\t\t\t\t<\/div>\n\t\t\t\t<\/div>\n\t\t\t\t\t<\/div>\n\t\t<\/div>\n\t\t\t\t\t<\/div>\n\t\t<\/section>\n\t\t\t\t<\/div>\n\t\t","protected":false},"excerpt":{"rendered":"<p>\u00a0 \u00a0 \u00a0 \u00a0 \u00a0 O Departamento de Arquivo Geral (DAG) apresenta o Plano de Gest\u00e3o de Documentos e Arquivos da UFSM (PGDoc\/UFSM) para o per\u00edodo de 2023 a 2025, alinhado ao PDI\/UFSM 2016-2026, definindo estrat\u00e9gias e a\u00e7\u00f5es para a produ\u00e7\u00e3o, classifica\u00e7\u00e3o, preserva\u00e7\u00e3o e acesso cont\u00ednuo aos documentos institucionais \u00a0 \u00a0 \u00a0 \u00a0 \u00a0 Elaborado [&hellip;]<\/p>\n","protected":false},"author":6742,"featured_media":0,"parent":0,"menu_order":0,"comment_status":"closed","ping_status":"closed","template":"","meta":{"footnotes":""},"categories":[409],"tags":[],"class_list":["post-4775","page","type-page","status-publish","hentry","category-documentos"],"acf":[],"_links":{"self":[{"href":"https:\/\/www.ufsm.br\/orgaos-suplementares\/dag\/wp-json\/wp\/v2\/pages\/4775","targetHints":{"allow":["GET"]}}],"collection":[{"href":"https:\/\/www.ufsm.br\/orgaos-suplementares\/dag\/wp-json\/wp\/v2\/pages"}],"about":[{"href":"https:\/\/www.ufsm.br\/orgaos-suplementares\/dag\/wp-json\/wp\/v2\/types\/page"}],"author":[{"embeddable":true,"href":"https:\/\/www.ufsm.br\/orgaos-suplementares\/dag\/wp-json\/wp\/v2\/users\/6742"}],"replies":[{"embeddable":true,"href":"https:\/\/www.ufsm.br\/orgaos-suplementares\/dag\/wp-json\/wp\/v2\/comments?post=4775"}],"version-history":[{"count":0,"href":"https:\/\/www.ufsm.br\/orgaos-suplementares\/dag\/wp-json\/wp\/v2\/pages\/4775\/revisions"}],"wp:attachment":[{"href":"https:\/\/www.ufsm.br\/orgaos-suplementares\/dag\/wp-json\/wp\/v2\/media?parent=4775"}],"wp:term":[{"taxonomy":"category","embeddable":true,"href":"https:\/\/www.ufsm.br\/orgaos-suplementares\/dag\/wp-json\/wp\/v2\/categories?post=4775"},{"taxonomy":"post_tag","embeddable":true,"href":"https:\/\/www.ufsm.br\/orgaos-suplementares\/dag\/wp-json\/wp\/v2\/tags?post=4775"}],"curies":[{"name":"wp","href":"https:\/\/api.w.org\/{rel}","templated":true}]}}