{"id":488,"date":"2018-10-22T12:05:17","date_gmt":"2018-10-22T15:05:17","guid":{"rendered":"https:\/\/www.ufsm.br\/orgaos-suplementares\/dag\/?page_id=488"},"modified":"2018-10-22T12:26:49","modified_gmt":"2018-10-22T15:26:49","slug":"exposicao-faculdade-de-farmacia-75-anos","status":"publish","type":"page","link":"https:\/\/www.ufsm.br\/orgaos-suplementares\/dag\/exposicao-faculdade-de-farmacia-75-anos","title":{"rendered":"Exposi\u00e7\u00e3o Faculdade de Farm\u00e1cia 75 anos"},"content":{"rendered":"\t\t<div data-elementor-type=\"wp-post\" data-elementor-id=\"488\" class=\"elementor elementor-488 elementor-bc-flex-widget\">\n\t\t\t\t\t\t<section class=\"elementor-section elementor-top-section elementor-element elementor-element-31d47d3 elementor-section-boxed elementor-section-height-default elementor-section-height-default\" data-id=\"31d47d3\" data-element_type=\"section\">\n\t\t\t\t\t\t<div class=\"elementor-container elementor-column-gap-default\">\n\t\t\t\t\t<div class=\"elementor-column elementor-col-100 elementor-top-column elementor-element elementor-element-f8ffe61\" data-id=\"f8ffe61\" data-element_type=\"column\">\n\t\t\t<div class=\"elementor-widget-wrap elementor-element-populated\">\n\t\t\t\t\t\t<div class=\"elementor-element elementor-element-59a85a4 elementor-widget elementor-widget-text-editor\" data-id=\"59a85a4\" data-element_type=\"widget\" data-widget_type=\"text-editor.default\">\n\t\t\t\t<div class=\"elementor-widget-container\">\n\t\t\t\t\t\t\t<p>Em comemora\u00e7\u00e3o aos 75 anos da Faculdade de Farm\u00e1cia de Santa Maria, que se realizar\u00e1 em 2006, os acad\u00eamicos do 5\u00ba semestre do Curso de Arquivologia planejaram e desenvolveram a presente exposi\u00e7\u00e3o denominada &#8220;Faculdade de Farm\u00e1cia, 75 anos&#8221;. Esta exposi\u00e7\u00e3o atende, ainda, as expectativas e pr\u00e1tica da disciplina de Refer\u00eancia e Difus\u00e3o em Arquivos, do Curso de Arquivologia.<\/p><p>Este trabalho foi apoiado pela Divis\u00e3o de Arquivo Geral &#8211; DAG, que possui a guarda do acervo e \u00e9 respons\u00e1vel por sua organiza\u00e7\u00e3o e arranjo, o que facilitou o acesso e a difus\u00e3o da documenta\u00e7\u00e3o.<\/p><p>Foram selecionados documentos textuais e fotografias referentes aos primeiros anos da Faculdade de Farm\u00e1cia, que refletem fatos hist\u00f3ricos decisivos para a cria\u00e7\u00e3o da Universidade Federal de Santa Maria &#8211; UFSM, ocorrida em 1960.\u00a0<\/p><p>Professores:<br \/>Fernanda Kieling Pedrazzi &#8211; Disciplina: Refer\u00eancia e Difus\u00e3o em Arquivos<br \/>Luiz Patric Kaizer &#8211; Disciplina: Reprografia I<br \/>Rita de C\u00e1ssia Portela da Silva &#8211; Disciplina: Processamento da Informa\u00e7\u00e3o Digital<\/p><p>Acad\u00eamicos do 5\u00ba Semestre do Curso de Arquivologia\u00a0<br \/>Disciplina de Refer\u00eancia e Difus\u00e3o em Arquivos \u2013 2006<br \/>Adriana Cammarano Ribeiro<br \/>Adriele Guidolin Rossi<br \/>Aline Medianeira Ramro Vedoin<br \/>Carla Vargas Segatto<br \/>Denise Frigo<br \/>Emily Vivian Valcarenghi<br \/>Evelin Melo Mintegui<br \/>Fernanda Nines Teixeira<br \/>Fl\u00e1via Pozzebon<br \/>Graziele A. Spier Pozzer<br \/>Juliano Balbon<br \/>Luana Gava<br \/>Luciane Baratto Adolfo<br \/>Luciele Alves Fagundes<br \/>Luiz O. da Silva Concordias<br \/>Roberta Menezes Weber<br \/>Tarcia C. Ragagnin Posseb<br \/>Theilis P. de Pereira<br \/>Vanessa Bittencourt<\/p>\t\t\t\t\t\t<\/div>\n\t\t\t\t<\/div>\n\t\t\t\t\t<\/div>\n\t\t<\/div>\n\t\t\t\t\t<\/div>\n\t\t<\/section>\n\t\t\t\t<section class=\"elementor-section elementor-top-section elementor-element elementor-element-697c004 elementor-section-boxed elementor-section-height-default elementor-section-height-default\" data-id=\"697c004\" data-element_type=\"section\">\n\t\t\t\t\t\t<div class=\"elementor-container elementor-column-gap-default\">\n\t\t\t\t\t<div class=\"elementor-column elementor-col-50 elementor-top-column elementor-element elementor-element-6583c27\" data-id=\"6583c27\" data-element_type=\"column\">\n\t\t\t<div class=\"elementor-widget-wrap elementor-element-populated\">\n\t\t\t\t\t\t<div class=\"elementor-element elementor-element-ecf6cdb elementor-position-top elementor-widget elementor-widget-image-box\" data-id=\"ecf6cdb\" data-element_type=\"widget\" data-widget_type=\"image-box.default\">\n\t\t\t\t<div class=\"elementor-widget-container\">\n\t\t\t<div class=\"elementor-image-box-wrapper\"><figure class=\"elementor-image-box-img\"><a href=\"https:\/\/www.ufsm.br\/orgaos-suplementares\/dag\/exposicao-acervo-textual\/\" tabindex=\"-1\"><img fetchpriority=\"high\" decoding=\"async\" width=\"671\" height=\"453\" src=\"https:\/\/www.ufsm.br\/app\/uploads\/sites\/400\/2018\/10\/Doc5.jpg\" class=\"attachment-large size-large wp-image-489\" alt=\"\" srcset=\"https:\/\/www.ufsm.br\/app\/uploads\/sites\/400\/2018\/10\/Doc5.jpg 671w, https:\/\/www.ufsm.br\/app\/uploads\/sites\/400\/2018\/10\/Doc5-300x203.jpg 300w\" sizes=\"(max-width: 671px) 100vw, 671px\" \/><\/a><\/figure><div class=\"elementor-image-box-content\"><p class=\"elementor-image-box-title\"><a href=\"https:\/\/www.ufsm.br\/orgaos-suplementares\/dag\/exposicao-acervo-textual\/\"> Exposi\u00e7\u00e3o Acervo Textual <\/a><\/p><\/div><\/div>\t\t<\/div>\n\t\t\t\t<\/div>\n\t\t\t\t\t<\/div>\n\t\t<\/div>\n\t\t\t\t<div class=\"elementor-column elementor-col-50 elementor-top-column elementor-element elementor-element-6755f8a\" data-id=\"6755f8a\" data-element_type=\"column\">\n\t\t\t<div class=\"elementor-widget-wrap elementor-element-populated\">\n\t\t\t\t\t\t<div class=\"elementor-element elementor-element-23d4ffe elementor-position-top elementor-widget elementor-widget-image-box\" data-id=\"23d4ffe\" data-element_type=\"widget\" data-widget_type=\"image-box.default\">\n\t\t\t\t<div class=\"elementor-widget-container\">\n\t\t\t<div class=\"elementor-image-box-wrapper\"><figure class=\"elementor-image-box-img\"><img decoding=\"async\" src=\"https:\/\/www.ufsm.br\/app\/plugins\/elementor\/assets\/images\/placeholder.png\" title=\"\" alt=\"\" loading=\"lazy\" \/><\/figure><div class=\"elementor-image-box-content\"><p class=\"elementor-image-box-title\"> Exposi\u00e7\u00e3o Acervo Fotogr\u00e1fico <\/p><\/div><\/div>\t\t<\/div>\n\t\t\t\t<\/div>\n\t\t\t\t\t<\/div>\n\t\t<\/div>\n\t\t\t\t\t<\/div>\n\t\t<\/section>\n\t\t\t\t<section class=\"elementor-section elementor-top-section elementor-element elementor-element-e001995 elementor-section-boxed elementor-section-height-default elementor-section-height-default\" data-id=\"e001995\" data-element_type=\"section\">\n\t\t\t\t\t\t<div class=\"elementor-container elementor-column-gap-default\">\n\t\t\t\t\t<div class=\"elementor-column elementor-col-100 elementor-top-column elementor-element elementor-element-6c3d431\" data-id=\"6c3d431\" data-element_type=\"column\">\n\t\t\t<div class=\"elementor-widget-wrap elementor-element-populated\">\n\t\t\t\t\t\t<div class=\"elementor-element elementor-element-0185d8e elementor-widget elementor-widget-text-editor\" data-id=\"0185d8e\" data-element_type=\"widget\" data-widget_type=\"text-editor.default\">\n\t\t\t\t<div class=\"elementor-widget-container\">\n\t\t\t\t\t\t\t<p><a href=\"https:\/\/www.ufsm.br\/orgaos-suplementares\/dag\/exposicao-instrumentos-de-pesquisa\/\"><b><span style=\"font-family: Arial Narrow;\">Exposi\u00e7\u00e3o Instrumentos de Pesquisa<\/span><\/b><\/a><\/p>\t\t\t\t\t\t<\/div>\n\t\t\t\t<\/div>\n\t\t\t\t\t<\/div>\n\t\t<\/div>\n\t\t\t\t\t<\/div>\n\t\t<\/section>\n\t\t\t\t<\/div>\n\t\t","protected":false},"excerpt":{"rendered":"<p>Em comemora\u00e7\u00e3o aos 75 anos da Faculdade de Farm\u00e1cia de Santa Maria, que se realizar\u00e1 em 2006, os acad\u00eamicos do 5\u00ba semestre do Curso de Arquivologia planejaram e desenvolveram a presente exposi\u00e7\u00e3o denominada &#8220;Faculdade de Farm\u00e1cia, 75 anos&#8221;. Esta exposi\u00e7\u00e3o atende, ainda, as expectativas e pr\u00e1tica da disciplina de Refer\u00eancia e Difus\u00e3o em Arquivos, do [&hellip;]<\/p>\n","protected":false},"author":201,"featured_media":0,"parent":0,"menu_order":0,"comment_status":"closed","ping_status":"closed","template":"","meta":{"footnotes":""},"categories":[],"tags":[],"class_list":["post-488","page","type-page","status-publish","hentry"],"acf":[],"_links":{"self":[{"href":"https:\/\/www.ufsm.br\/orgaos-suplementares\/dag\/wp-json\/wp\/v2\/pages\/488","targetHints":{"allow":["GET"]}}],"collection":[{"href":"https:\/\/www.ufsm.br\/orgaos-suplementares\/dag\/wp-json\/wp\/v2\/pages"}],"about":[{"href":"https:\/\/www.ufsm.br\/orgaos-suplementares\/dag\/wp-json\/wp\/v2\/types\/page"}],"author":[{"embeddable":true,"href":"https:\/\/www.ufsm.br\/orgaos-suplementares\/dag\/wp-json\/wp\/v2\/users\/201"}],"replies":[{"embeddable":true,"href":"https:\/\/www.ufsm.br\/orgaos-suplementares\/dag\/wp-json\/wp\/v2\/comments?post=488"}],"version-history":[{"count":0,"href":"https:\/\/www.ufsm.br\/orgaos-suplementares\/dag\/wp-json\/wp\/v2\/pages\/488\/revisions"}],"wp:attachment":[{"href":"https:\/\/www.ufsm.br\/orgaos-suplementares\/dag\/wp-json\/wp\/v2\/media?parent=488"}],"wp:term":[{"taxonomy":"category","embeddable":true,"href":"https:\/\/www.ufsm.br\/orgaos-suplementares\/dag\/wp-json\/wp\/v2\/categories?post=488"},{"taxonomy":"post_tag","embeddable":true,"href":"https:\/\/www.ufsm.br\/orgaos-suplementares\/dag\/wp-json\/wp\/v2\/tags?post=488"}],"curies":[{"name":"wp","href":"https:\/\/api.w.org\/{rel}","templated":true}]}}