{"id":491,"date":"2018-10-22T12:13:50","date_gmt":"2018-10-22T15:13:50","guid":{"rendered":"https:\/\/www.ufsm.br\/orgaos-suplementares\/dag\/?page_id=491"},"modified":"2018-10-22T12:23:41","modified_gmt":"2018-10-22T15:23:41","slug":"exposicao-acervo-textual","status":"publish","type":"page","link":"https:\/\/www.ufsm.br\/orgaos-suplementares\/dag\/exposicao-acervo-textual","title":{"rendered":"Exposi\u00e7\u00e3o Acervo Textual"},"content":{"rendered":"\t\t<div data-elementor-type=\"wp-post\" data-elementor-id=\"491\" class=\"elementor elementor-491 elementor-bc-flex-widget\">\n\t\t\t\t\t\t<section class=\"elementor-section elementor-top-section elementor-element elementor-element-d0da9fd elementor-section-boxed elementor-section-height-default elementor-section-height-default\" data-id=\"d0da9fd\" data-element_type=\"section\">\n\t\t\t\t\t\t<div class=\"elementor-container elementor-column-gap-default\">\n\t\t\t\t\t<div class=\"elementor-column elementor-col-25 elementor-top-column elementor-element elementor-element-deeebd1\" data-id=\"deeebd1\" data-element_type=\"column\">\n\t\t\t<div class=\"elementor-widget-wrap elementor-element-populated\">\n\t\t\t\t\t\t<div class=\"elementor-element elementor-element-ea44957 elementor-position-top elementor-widget elementor-widget-image-box\" data-id=\"ea44957\" data-element_type=\"widget\" data-widget_type=\"image-box.default\">\n\t\t\t\t<div class=\"elementor-widget-container\">\n\t\t\t<div class=\"elementor-image-box-wrapper\"><figure class=\"elementor-image-box-img\"><img fetchpriority=\"high\" decoding=\"async\" width=\"334\" height=\"634\" src=\"https:\/\/www.ufsm.br\/app\/uploads\/sites\/400\/2018\/10\/Doc1.jpg\" class=\"attachment-full size-full wp-image-492\" alt=\"\" srcset=\"https:\/\/www.ufsm.br\/app\/uploads\/sites\/400\/2018\/10\/Doc1.jpg 334w, https:\/\/www.ufsm.br\/app\/uploads\/sites\/400\/2018\/10\/Doc1-158x300.jpg 158w\" sizes=\"(max-width: 334px) 100vw, 334px\" \/><\/figure><div class=\"elementor-image-box-content\"><p class=\"elementor-image-box-title\">Escola de Farm\u00e1cia  Santamariense 1931<\/p><p class=\"elementor-image-box-description\">Fundo: CCS\nGrupo: Curso de Farm\u00e1cia e Bioqu\u00edmica\nS\u00e9rie: Organiza\u00e7\u00e3o e Funcionamento\nSubs\u00e9rie: Divulga\u00e7\u00e3o da Faculdade\nTipo Documental: Recortes de jornais<\/p><\/div><\/div>\t\t<\/div>\n\t\t\t\t<\/div>\n\t\t\t\t\t<\/div>\n\t\t<\/div>\n\t\t\t\t<div class=\"elementor-column elementor-col-25 elementor-top-column elementor-element elementor-element-c0e75ab\" data-id=\"c0e75ab\" data-element_type=\"column\">\n\t\t\t<div class=\"elementor-widget-wrap elementor-element-populated\">\n\t\t\t\t\t\t<div class=\"elementor-element elementor-element-41cb596 elementor-position-top elementor-widget elementor-widget-image-box\" data-id=\"41cb596\" data-element_type=\"widget\" data-widget_type=\"image-box.default\">\n\t\t\t\t<div class=\"elementor-widget-container\">\n\t\t\t<div class=\"elementor-image-box-wrapper\"><figure class=\"elementor-image-box-img\"><img decoding=\"async\" width=\"510\" height=\"702\" src=\"https:\/\/www.ufsm.br\/app\/uploads\/sites\/400\/2018\/10\/Doc2A.jpg\" class=\"attachment-full size-full wp-image-493\" alt=\"\" srcset=\"https:\/\/www.ufsm.br\/app\/uploads\/sites\/400\/2018\/10\/Doc2A.jpg 510w, https:\/\/www.ufsm.br\/app\/uploads\/sites\/400\/2018\/10\/Doc2A-218x300.jpg 218w\" sizes=\"(max-width: 510px) 100vw, 510px\" \/><\/figure><div class=\"elementor-image-box-content\"><p class=\"elementor-image-box-title\">Provas de Habilita\u00e7\u00e3o 1932   <\/p><p class=\"elementor-image-box-description\">Fundo: CCS\nGrupo: Curso de Farm\u00e1cia e Bioqu\u00edmica\nS\u00e9rie: Atividade de Ensino\nSubs\u00e9rie: Realiza\u00e7\u00e3o de Concurso de Habilita\u00e7\u00e3o \nTipo Documental: Prova<\/p><\/div><\/div>\t\t<\/div>\n\t\t\t\t<\/div>\n\t\t\t\t\t<\/div>\n\t\t<\/div>\n\t\t\t\t<div class=\"elementor-column elementor-col-25 elementor-top-column elementor-element elementor-element-ddc599f\" data-id=\"ddc599f\" data-element_type=\"column\">\n\t\t\t<div class=\"elementor-widget-wrap elementor-element-populated\">\n\t\t\t\t\t\t<div class=\"elementor-element elementor-element-118d078 elementor-position-top elementor-widget elementor-widget-image-box\" data-id=\"118d078\" data-element_type=\"widget\" data-widget_type=\"image-box.default\">\n\t\t\t\t<div class=\"elementor-widget-container\">\n\t\t\t<div class=\"elementor-image-box-wrapper\"><figure class=\"elementor-image-box-img\"><img decoding=\"async\" width=\"510\" height=\"702\" src=\"https:\/\/www.ufsm.br\/app\/uploads\/sites\/400\/2018\/10\/Doc3-1.jpg\" class=\"attachment-full size-full wp-image-494\" alt=\"\" srcset=\"https:\/\/www.ufsm.br\/app\/uploads\/sites\/400\/2018\/10\/Doc3-1.jpg 510w, https:\/\/www.ufsm.br\/app\/uploads\/sites\/400\/2018\/10\/Doc3-1-218x300.jpg 218w\" sizes=\"(max-width: 510px) 100vw, 510px\" \/><\/figure><div class=\"elementor-image-box-content\"><p class=\"elementor-image-box-title\">Hino ao Grau 1935   <\/p><p class=\"elementor-image-box-description\">Fundo: CCS\nGrupo: Curso de Farm\u00e1cia e Bioqu\u00edmica\nS\u00e9rie: Organiza\u00e7\u00e3o e Funcionamento\nSubs\u00e9rie: Hist\u00f3rico da Cria\u00e7\u00e3o da Faculdade de Farm\u00e1cia \nTipo Documental: Dossi\u00ea Hist\u00f3rico da Cria\u00e7\u00e3o da Faculdade de Farm\u00e1cia<\/p><\/div><\/div>\t\t<\/div>\n\t\t\t\t<\/div>\n\t\t\t\t\t<\/div>\n\t\t<\/div>\n\t\t\t\t<div class=\"elementor-column elementor-col-25 elementor-top-column elementor-element elementor-element-a751b8e\" data-id=\"a751b8e\" data-element_type=\"column\">\n\t\t\t<div class=\"elementor-widget-wrap elementor-element-populated\">\n\t\t\t\t\t\t<div class=\"elementor-element elementor-element-3102c03 elementor-position-top elementor-widget elementor-widget-image-box\" data-id=\"3102c03\" data-element_type=\"widget\" data-widget_type=\"image-box.default\">\n\t\t\t\t<div class=\"elementor-widget-container\">\n\t\t\t<div class=\"elementor-image-box-wrapper\"><figure class=\"elementor-image-box-img\"><img loading=\"lazy\" decoding=\"async\" width=\"495\" height=\"699\" src=\"https:\/\/www.ufsm.br\/app\/uploads\/sites\/400\/2018\/10\/Doc4A.jpg\" class=\"attachment-full size-full wp-image-496\" alt=\"\" srcset=\"https:\/\/www.ufsm.br\/app\/uploads\/sites\/400\/2018\/10\/Doc4A.jpg 495w, https:\/\/www.ufsm.br\/app\/uploads\/sites\/400\/2018\/10\/Doc4A-212x300.jpg 212w\" sizes=\"(max-width: 495px) 100vw, 495px\" \/><\/figure><div class=\"elementor-image-box-content\"><p class=\"elementor-image-box-title\">1\u00b0 Ata  de Cola\u00e7\u00e3o de Grau 1\u00b0 Cola\u00e7\u00e3o de Grau 09\/05\/1935<\/p><p class=\"elementor-image-box-description\">Fundo: CCS\nGrupo: Curso de Farm\u00e1cia e Bioqu\u00edmica\nS\u00e9rie: Atividade de Ensino\nSubs\u00e9rie:  Realiza\u00e7\u00e3o de Formatura<\/p><\/div><\/div>\t\t<\/div>\n\t\t\t\t<\/div>\n\t\t\t\t\t<\/div>\n\t\t<\/div>\n\t\t\t\t\t<\/div>\n\t\t<\/section>\n\t\t\t\t<section class=\"elementor-section elementor-top-section elementor-element elementor-element-f658afc elementor-section-boxed elementor-section-height-default elementor-section-height-default\" data-id=\"f658afc\" data-element_type=\"section\">\n\t\t\t\t\t\t<div class=\"elementor-container elementor-column-gap-default\">\n\t\t\t\t\t<div class=\"elementor-column elementor-col-25 elementor-top-column elementor-element elementor-element-b4fea83\" data-id=\"b4fea83\" data-element_type=\"column\">\n\t\t\t<div class=\"elementor-widget-wrap elementor-element-populated\">\n\t\t\t\t\t\t<div class=\"elementor-element elementor-element-e63bb43 elementor-position-top elementor-widget elementor-widget-image-box\" data-id=\"e63bb43\" data-element_type=\"widget\" data-widget_type=\"image-box.default\">\n\t\t\t\t<div class=\"elementor-widget-container\">\n\t\t\t<div class=\"elementor-image-box-wrapper\"><figure class=\"elementor-image-box-img\"><img loading=\"lazy\" decoding=\"async\" width=\"671\" height=\"453\" src=\"https:\/\/www.ufsm.br\/app\/uploads\/sites\/400\/2018\/10\/Doc5-1.jpg\" class=\"attachment-full size-full wp-image-497\" alt=\"\" srcset=\"https:\/\/www.ufsm.br\/app\/uploads\/sites\/400\/2018\/10\/Doc5-1.jpg 671w, https:\/\/www.ufsm.br\/app\/uploads\/sites\/400\/2018\/10\/Doc5-1-300x203.jpg 300w\" sizes=\"(max-width: 671px) 100vw, 671px\" \/><\/figure><div class=\"elementor-image-box-content\"><p class=\"elementor-image-box-title\">Festa dos Bichos da Faculdade de Farm\u00e1cia e Odontologia  1936   <\/p><p class=\"elementor-image-box-description\">Fundo: CCS\nGrupo: Curso de Farm\u00e1cia e Bioqu\u00edmica\nS\u00e9rie: Odontologia e Farm\u00e1cia\nSubs\u00e9rie: Divulga\u00e7\u00e3o da Faculdade\nTipo Documental: Reportagem em Jornais (A Raz\u00e3o)<\/p><\/div><\/div>\t\t<\/div>\n\t\t\t\t<\/div>\n\t\t\t\t\t<\/div>\n\t\t<\/div>\n\t\t\t\t<div class=\"elementor-column elementor-col-25 elementor-top-column elementor-element elementor-element-91e78c7\" data-id=\"91e78c7\" data-element_type=\"column\">\n\t\t\t<div class=\"elementor-widget-wrap elementor-element-populated\">\n\t\t\t\t\t\t<div class=\"elementor-element elementor-element-c2b0758 elementor-position-top elementor-widget elementor-widget-image-box\" data-id=\"c2b0758\" data-element_type=\"widget\" data-widget_type=\"image-box.default\">\n\t\t\t\t<div class=\"elementor-widget-container\">\n\t\t\t<div class=\"elementor-image-box-wrapper\"><figure class=\"elementor-image-box-img\"><img loading=\"lazy\" decoding=\"async\" width=\"630\" height=\"512\" src=\"https:\/\/www.ufsm.br\/app\/uploads\/sites\/400\/2018\/10\/Doc6.jpg\" class=\"attachment-full size-full wp-image-498\" alt=\"\" srcset=\"https:\/\/www.ufsm.br\/app\/uploads\/sites\/400\/2018\/10\/Doc6.jpg 630w, https:\/\/www.ufsm.br\/app\/uploads\/sites\/400\/2018\/10\/Doc6-300x244.jpg 300w\" sizes=\"(max-width: 630px) 100vw, 630px\" \/><\/figure><div class=\"elementor-image-box-content\"><p class=\"elementor-image-box-title\">Quem ser\u00e1 a Princesa dos Estudantes?  06\/08\/1936<\/p><p class=\"elementor-image-box-description\">Fundo: CCS\nGrupo: Curso de Farm\u00e1cia e Bioqu\u00edmica\nS\u00e9rie: Odontologia e Farm\u00e1cia\nSubs\u00e9rie: Divulga\u00e7\u00e3o da Faculdade\nTipo Documental: Reportagem em Jornais (A Raz\u00e3o)<\/p><\/div><\/div>\t\t<\/div>\n\t\t\t\t<\/div>\n\t\t\t\t\t<\/div>\n\t\t<\/div>\n\t\t\t\t<div class=\"elementor-column elementor-col-25 elementor-top-column elementor-element elementor-element-93535e6\" data-id=\"93535e6\" data-element_type=\"column\">\n\t\t\t<div class=\"elementor-widget-wrap elementor-element-populated\">\n\t\t\t\t\t\t<div class=\"elementor-element elementor-element-e49473b elementor-position-top elementor-widget elementor-widget-image-box\" data-id=\"e49473b\" data-element_type=\"widget\" data-widget_type=\"image-box.default\">\n\t\t\t\t<div class=\"elementor-widget-container\">\n\t\t\t<div class=\"elementor-image-box-wrapper\"><figure class=\"elementor-image-box-img\"><img loading=\"lazy\" decoding=\"async\" width=\"506\" height=\"400\" src=\"https:\/\/www.ufsm.br\/app\/uploads\/sites\/400\/2018\/10\/Doc7.jpg\" class=\"attachment-full size-full wp-image-499\" alt=\"\" srcset=\"https:\/\/www.ufsm.br\/app\/uploads\/sites\/400\/2018\/10\/Doc7.jpg 506w, https:\/\/www.ufsm.br\/app\/uploads\/sites\/400\/2018\/10\/Doc7-300x237.jpg 300w\" sizes=\"(max-width: 506px) 100vw, 506px\" \/><\/figure><div class=\"elementor-image-box-content\"><p class=\"elementor-image-box-title\">Atas de conclus\u00e3o de Curso 1945<\/p><p class=\"elementor-image-box-description\">Fundo: CCS\nGrupo: Curso de Farm\u00e1cia e Bioqu\u00edmica\nS\u00e9rie: Atividade de Ensino\nSubs\u00e9rie: Registro e Libera\u00e7\u00e3o de Diploma\nTipo Documental: Registro de Diploma<\/p><\/div><\/div>\t\t<\/div>\n\t\t\t\t<\/div>\n\t\t\t\t\t<\/div>\n\t\t<\/div>\n\t\t\t\t<div class=\"elementor-column elementor-col-25 elementor-top-column elementor-element elementor-element-2af8ca3\" data-id=\"2af8ca3\" data-element_type=\"column\">\n\t\t\t<div class=\"elementor-widget-wrap elementor-element-populated\">\n\t\t\t\t\t\t<div class=\"elementor-element elementor-element-d1b1f0e elementor-position-top elementor-widget elementor-widget-image-box\" data-id=\"d1b1f0e\" data-element_type=\"widget\" data-widget_type=\"image-box.default\">\n\t\t\t\t<div class=\"elementor-widget-container\">\n\t\t\t<div class=\"elementor-image-box-wrapper\"><figure class=\"elementor-image-box-img\"><img loading=\"lazy\" decoding=\"async\" width=\"510\" height=\"702\" src=\"https:\/\/www.ufsm.br\/app\/uploads\/sites\/400\/2018\/10\/Doc8.jpg\" class=\"attachment-full size-full wp-image-500\" alt=\"\" srcset=\"https:\/\/www.ufsm.br\/app\/uploads\/sites\/400\/2018\/10\/Doc8.jpg 510w, https:\/\/www.ufsm.br\/app\/uploads\/sites\/400\/2018\/10\/Doc8-218x300.jpg 218w\" sizes=\"(max-width: 510px) 100vw, 510px\" \/><\/figure><div class=\"elementor-image-box-content\"><p class=\"elementor-image-box-title\">1\u00b0 Registro de Diploma 1946   <\/p><p class=\"elementor-image-box-description\">Fundo: CCS\nGrupo: Curso de Farm\u00e1cia e Bioqu\u00edmica\nS\u00e9rie: Atividade de Ensino\nSubs\u00e9rie: Registro e Libera\u00e7\u00e3o de Diploma\nTipo Documental: Atas de conclus\u00e3o de Curso<\/p><\/div><\/div>\t\t<\/div>\n\t\t\t\t<\/div>\n\t\t\t\t\t<\/div>\n\t\t<\/div>\n\t\t\t\t\t<\/div>\n\t\t<\/section>\n\t\t\t\t<section class=\"elementor-section elementor-top-section elementor-element elementor-element-6b40f4c elementor-section-boxed elementor-section-height-default elementor-section-height-default\" data-id=\"6b40f4c\" data-element_type=\"section\">\n\t\t\t\t\t\t<div class=\"elementor-container elementor-column-gap-default\">\n\t\t\t\t\t<div class=\"elementor-column elementor-col-25 elementor-top-column elementor-element elementor-element-ddbd0e7\" data-id=\"ddbd0e7\" data-element_type=\"column\">\n\t\t\t<div class=\"elementor-widget-wrap elementor-element-populated\">\n\t\t\t\t\t\t<div class=\"elementor-element elementor-element-848ae10 elementor-position-top elementor-widget elementor-widget-image-box\" data-id=\"848ae10\" data-element_type=\"widget\" data-widget_type=\"image-box.default\">\n\t\t\t\t<div class=\"elementor-widget-container\">\n\t\t\t<div class=\"elementor-image-box-wrapper\"><figure class=\"elementor-image-box-img\"><img loading=\"lazy\" decoding=\"async\" width=\"990\" height=\"810\" src=\"https:\/\/www.ufsm.br\/app\/uploads\/sites\/400\/2018\/10\/Doc9.jpg\" class=\"attachment-full size-full wp-image-501\" alt=\"\" srcset=\"https:\/\/www.ufsm.br\/app\/uploads\/sites\/400\/2018\/10\/Doc9.jpg 990w, https:\/\/www.ufsm.br\/app\/uploads\/sites\/400\/2018\/10\/Doc9-300x245.jpg 300w, https:\/\/www.ufsm.br\/app\/uploads\/sites\/400\/2018\/10\/Doc9-768x628.jpg 768w\" sizes=\"(max-width: 990px) 100vw, 990px\" \/><\/figure><div class=\"elementor-image-box-content\"><p class=\"elementor-image-box-title\">O \"Ano da Casa\" para a Faculdade de Farm\u00e1cia  1931 - 1959<\/p><p class=\"elementor-image-box-description\">Fundo: CCS\nGrupo: Curso de Farm\u00e1cia e Bioqu\u00edmica\nS\u00e9rie: Odontologia e Farm\u00e1cia\nSubs\u00e9rie: Divulga\u00e7\u00e3o da Faculdade\nTipo Documental: Reportagem em Jornais (A Raz\u00e3o)<\/p><\/div><\/div>\t\t<\/div>\n\t\t\t\t<\/div>\n\t\t\t\t\t<\/div>\n\t\t<\/div>\n\t\t\t\t<div class=\"elementor-column elementor-col-25 elementor-top-column elementor-element elementor-element-504a325\" data-id=\"504a325\" data-element_type=\"column\">\n\t\t\t<div class=\"elementor-widget-wrap elementor-element-populated\">\n\t\t\t\t\t\t<div class=\"elementor-element elementor-element-61209fb elementor-position-top elementor-widget elementor-widget-image-box\" data-id=\"61209fb\" data-element_type=\"widget\" data-widget_type=\"image-box.default\">\n\t\t\t\t<div class=\"elementor-widget-container\">\n\t\t\t<div class=\"elementor-image-box-wrapper\"><figure class=\"elementor-image-box-img\"><img loading=\"lazy\" decoding=\"async\" width=\"503\" height=\"346\" src=\"https:\/\/www.ufsm.br\/app\/uploads\/sites\/400\/2018\/10\/Doc10.jpg\" class=\"attachment-full size-full wp-image-502\" alt=\"\" srcset=\"https:\/\/www.ufsm.br\/app\/uploads\/sites\/400\/2018\/10\/Doc10.jpg 503w, https:\/\/www.ufsm.br\/app\/uploads\/sites\/400\/2018\/10\/Doc10-300x206.jpg 300w\" sizes=\"(max-width: 503px) 100vw, 503px\" \/><\/figure><div class=\"elementor-image-box-content\"><p class=\"elementor-image-box-title\">Realiza\u00e7\u00e3o de Formatura<\/p><p class=\"elementor-image-box-description\">Fundo: CCS\nGrupo: Curso de Farm\u00e1cia e Bioqu\u00edmica\nS\u00e9rie: Atividade de Ensino \nSubs\u00e9rie: Realiza\u00e7\u00e3o de Formatura\nTipo Documental: Juramento<\/p><\/div><\/div>\t\t<\/div>\n\t\t\t\t<\/div>\n\t\t\t\t\t<\/div>\n\t\t<\/div>\n\t\t\t\t<div class=\"elementor-column elementor-col-25 elementor-top-column elementor-element elementor-element-6acca5c\" data-id=\"6acca5c\" data-element_type=\"column\">\n\t\t\t<div class=\"elementor-widget-wrap elementor-element-populated\">\n\t\t\t\t\t\t<div class=\"elementor-element elementor-element-93804ca elementor-position-top elementor-widget elementor-widget-image-box\" data-id=\"93804ca\" data-element_type=\"widget\" data-widget_type=\"image-box.default\">\n\t\t\t\t<div class=\"elementor-widget-container\">\n\t\t\t<div class=\"elementor-image-box-wrapper\"><figure class=\"elementor-image-box-img\"><img loading=\"lazy\" decoding=\"async\" width=\"507\" height=\"576\" src=\"https:\/\/www.ufsm.br\/app\/uploads\/sites\/400\/2018\/10\/Doc11.jpg\" class=\"attachment-full size-full wp-image-503\" alt=\"\" srcset=\"https:\/\/www.ufsm.br\/app\/uploads\/sites\/400\/2018\/10\/Doc11.jpg 507w, https:\/\/www.ufsm.br\/app\/uploads\/sites\/400\/2018\/10\/Doc11-264x300.jpg 264w\" sizes=\"(max-width: 507px) 100vw, 507px\" \/><\/figure><div class=\"elementor-image-box-content\"><p class=\"elementor-image-box-title\">Realiza\u00e7\u00e3o de Formatura<\/p><p class=\"elementor-image-box-description\">Fundo: CCS\nGrupo: Curso de Farm\u00e1cia e Bioqu\u00edmica\nS\u00e9rie: Atividade de Ensino \nSubs\u00e9rie: Realiza\u00e7\u00e3o de Formatura\nTipo Documental: Ato Solene de Cola\u00e7\u00e3o de Grau \/ Entrega do anel<\/p><\/div><\/div>\t\t<\/div>\n\t\t\t\t<\/div>\n\t\t\t\t\t<\/div>\n\t\t<\/div>\n\t\t\t\t<div class=\"elementor-column elementor-col-25 elementor-top-column elementor-element elementor-element-6c8a9ed\" data-id=\"6c8a9ed\" data-element_type=\"column\">\n\t\t\t<div class=\"elementor-widget-wrap\">\n\t\t\t\t\t\t\t<\/div>\n\t\t<\/div>\n\t\t\t\t\t<\/div>\n\t\t<\/section>\n\t\t\t\t<\/div>\n\t\t","protected":false},"excerpt":{"rendered":"<p>Escola de Farm\u00e1cia Santamariense 1931 Fundo: CCS Grupo: Curso de Farm\u00e1cia e Bioqu\u00edmica S\u00e9rie: Organiza\u00e7\u00e3o e Funcionamento Subs\u00e9rie: Divulga\u00e7\u00e3o da Faculdade Tipo Documental: Recortes de jornais Provas de Habilita\u00e7\u00e3o 1932 Fundo: CCS Grupo: Curso de Farm\u00e1cia e Bioqu\u00edmica S\u00e9rie: Atividade de Ensino Subs\u00e9rie: Realiza\u00e7\u00e3o de Concurso de Habilita\u00e7\u00e3o Tipo Documental: Prova Hino ao Grau 1935 [&hellip;]<\/p>\n","protected":false},"author":201,"featured_media":0,"parent":0,"menu_order":0,"comment_status":"closed","ping_status":"closed","template":"","meta":{"footnotes":""},"categories":[],"tags":[],"class_list":["post-491","page","type-page","status-publish","hentry"],"acf":[],"_links":{"self":[{"href":"https:\/\/www.ufsm.br\/orgaos-suplementares\/dag\/wp-json\/wp\/v2\/pages\/491","targetHints":{"allow":["GET"]}}],"collection":[{"href":"https:\/\/www.ufsm.br\/orgaos-suplementares\/dag\/wp-json\/wp\/v2\/pages"}],"about":[{"href":"https:\/\/www.ufsm.br\/orgaos-suplementares\/dag\/wp-json\/wp\/v2\/types\/page"}],"author":[{"embeddable":true,"href":"https:\/\/www.ufsm.br\/orgaos-suplementares\/dag\/wp-json\/wp\/v2\/users\/201"}],"replies":[{"embeddable":true,"href":"https:\/\/www.ufsm.br\/orgaos-suplementares\/dag\/wp-json\/wp\/v2\/comments?post=491"}],"version-history":[{"count":0,"href":"https:\/\/www.ufsm.br\/orgaos-suplementares\/dag\/wp-json\/wp\/v2\/pages\/491\/revisions"}],"wp:attachment":[{"href":"https:\/\/www.ufsm.br\/orgaos-suplementares\/dag\/wp-json\/wp\/v2\/media?parent=491"}],"wp:term":[{"taxonomy":"category","embeddable":true,"href":"https:\/\/www.ufsm.br\/orgaos-suplementares\/dag\/wp-json\/wp\/v2\/categories?post=491"},{"taxonomy":"post_tag","embeddable":true,"href":"https:\/\/www.ufsm.br\/orgaos-suplementares\/dag\/wp-json\/wp\/v2\/tags?post=491"}],"curies":[{"name":"wp","href":"https:\/\/api.w.org\/{rel}","templated":true}]}}