{"id":529,"date":"2018-12-10T14:24:46","date_gmt":"2018-12-10T16:24:46","guid":{"rendered":"https:\/\/www.ufsm.br\/orgaos-suplementares\/dag\/?page_id=529"},"modified":"2024-09-09T16:25:10","modified_gmt":"2024-09-09T19:25:10","slug":"divisao-de-protocolo","status":"publish","type":"page","link":"https:\/\/www.ufsm.br\/orgaos-suplementares\/dag\/divisao-de-protocolo","title":{"rendered":"Divis\u00e3o de Protocolo"},"content":{"rendered":"\t\t<div data-elementor-type=\"wp-post\" data-elementor-id=\"529\" class=\"elementor elementor-529\">\n\t\t\t\t\t\t<section class=\"elementor-section elementor-top-section elementor-element elementor-element-1f3fdbf2 elementor-section-boxed elementor-section-height-default elementor-section-height-default\" data-id=\"1f3fdbf2\" data-element_type=\"section\">\n\t\t\t\t\t\t<div class=\"elementor-container elementor-column-gap-default\">\n\t\t\t\t\t<div class=\"elementor-column elementor-col-100 elementor-top-column elementor-element elementor-element-21dcd3ea\" data-id=\"21dcd3ea\" data-element_type=\"column\">\n\t\t\t<div class=\"elementor-widget-wrap elementor-element-populated\">\n\t\t\t\t\t\t<div class=\"elementor-element elementor-element-75b1e472 elementor-widget elementor-widget-text-editor\" data-id=\"75b1e472\" data-element_type=\"widget\" data-widget_type=\"text-editor.default\">\n\t\t\t\t<div class=\"elementor-widget-container\">\n\t\t\t\t\t\t\t<p><span style=\"font-family: georgia, palatino, serif;font-size: 12pt\"><span style=\"color: #333333\">A Divis\u00e3o de Protocolo tem como finalidade a coordena\u00e7\u00e3o e supervis\u00e3o das atividades de recebimento, sele\u00e7\u00e3o, registro, distribui\u00e7\u00e3o e expedi\u00e7\u00e3o de correspond\u00eancias e demais documentos institucionais.<\/span><\/span><\/p>\t\t\t\t\t\t<\/div>\n\t\t\t\t<\/div>\n\t\t\t\t\t<\/div>\n\t\t<\/div>\n\t\t\t\t\t<\/div>\n\t\t<\/section>\n\t\t\t\t<section class=\"elementor-section elementor-top-section elementor-element elementor-element-272c277 elementor-section-boxed elementor-section-height-default elementor-section-height-default\" data-id=\"272c277\" data-element_type=\"section\">\n\t\t\t\t\t\t<div class=\"elementor-container elementor-column-gap-default\">\n\t\t\t\t\t<div class=\"elementor-column elementor-col-100 elementor-top-column elementor-element elementor-element-bc76048\" data-id=\"bc76048\" data-element_type=\"column\">\n\t\t\t<div class=\"elementor-widget-wrap elementor-element-populated\">\n\t\t\t\t\t\t<div class=\"elementor-element elementor-element-609c817 elementor-widget elementor-widget-heading\" data-id=\"609c817\" data-element_type=\"widget\" data-widget_type=\"heading.default\">\n\t\t\t\t<div class=\"elementor-widget-container\">\n\t\t\t<h5 class=\"elementor-heading-title elementor-size-default\">Se\u00e7\u00e3o de Movimenta\u00e7\u00e3o<\/h5>\t\t<\/div>\n\t\t\t\t<\/div>\n\t\t\t\t\t<\/div>\n\t\t<\/div>\n\t\t\t\t\t<\/div>\n\t\t<\/section>\n\t\t\t\t<section class=\"elementor-section elementor-top-section elementor-element elementor-element-d15fc82 elementor-section-boxed elementor-section-height-default elementor-section-height-default\" data-id=\"d15fc82\" data-element_type=\"section\">\n\t\t\t\t\t\t<div class=\"elementor-container elementor-column-gap-default\">\n\t\t\t\t\t<div class=\"elementor-column elementor-col-100 elementor-top-column elementor-element elementor-element-da6a293\" data-id=\"da6a293\" data-element_type=\"column\">\n\t\t\t<div class=\"elementor-widget-wrap elementor-element-populated\">\n\t\t\t\t\t\t<div class=\"elementor-element elementor-element-47aaba9 elementor-widget elementor-widget-text-editor\" data-id=\"47aaba9\" data-element_type=\"widget\" data-widget_type=\"text-editor.default\">\n\t\t\t\t<div class=\"elementor-widget-container\">\n\t\t\t\t\t\t\t<p><span style=\"color: #333333;font-size: 12pt;font-family: georgia, palatino, serif\">&#8211; Receber, conferir, separar, registrar e distribuir as correspond\u00eancias e demais documentos;<\/span><\/p><p><span style=\"color: #333333;font-size: 12pt;font-family: georgia, palatino, serif\">&#8211; coletar e entregar documentos, encomendas, volumes e outros, interna e externamente;<\/span><\/p><p><span style=\"color: #333333;font-size: 12pt;font-family: georgia, palatino, serif\">&#8211; controlar os servi\u00e7os de correio e malotes;<\/span><\/p><p><span style=\"color: #333333;font-size: 12pt;font-family: georgia, palatino, serif\">&#8211; executar outras atividades inerentes a sua \u00e1rea de atua\u00e7\u00e3o.<\/span><\/p>\t\t\t\t\t\t<\/div>\n\t\t\t\t<\/div>\n\t\t\t\t\t<\/div>\n\t\t<\/div>\n\t\t\t\t\t<\/div>\n\t\t<\/section>\n\t\t\t\t<section class=\"elementor-section elementor-top-section elementor-element elementor-element-37c5bfa elementor-section-boxed elementor-section-height-default elementor-section-height-default\" data-id=\"37c5bfa\" data-element_type=\"section\">\n\t\t\t\t\t\t<div class=\"elementor-container elementor-column-gap-default\">\n\t\t\t\t\t<div class=\"elementor-column elementor-col-100 elementor-top-column elementor-element elementor-element-aaa42ed\" data-id=\"aaa42ed\" data-element_type=\"column\">\n\t\t\t<div class=\"elementor-widget-wrap elementor-element-populated\">\n\t\t\t\t\t\t<div class=\"elementor-element elementor-element-c2993e6 elementor-widget elementor-widget-heading\" data-id=\"c2993e6\" data-element_type=\"widget\" data-widget_type=\"heading.default\">\n\t\t\t\t<div class=\"elementor-widget-container\">\n\t\t\t<h5 class=\"elementor-heading-title elementor-size-default\">Se\u00e7\u00e3o de Registro e Controle<\/h5>\t\t<\/div>\n\t\t\t\t<\/div>\n\t\t\t\t\t<\/div>\n\t\t<\/div>\n\t\t\t\t\t<\/div>\n\t\t<\/section>\n\t\t\t\t<section class=\"elementor-section elementor-top-section elementor-element elementor-element-b448dd7 elementor-section-boxed elementor-section-height-default elementor-section-height-default\" data-id=\"b448dd7\" data-element_type=\"section\">\n\t\t\t\t\t\t<div class=\"elementor-container elementor-column-gap-default\">\n\t\t\t\t\t<div class=\"elementor-column elementor-col-100 elementor-top-column elementor-element elementor-element-bda3ba5\" data-id=\"bda3ba5\" data-element_type=\"column\">\n\t\t\t<div class=\"elementor-widget-wrap elementor-element-populated\">\n\t\t\t\t\t\t<div class=\"elementor-element elementor-element-6e0322f elementor-widget elementor-widget-text-editor\" data-id=\"6e0322f\" data-element_type=\"widget\" data-widget_type=\"text-editor.default\">\n\t\t\t\t<div class=\"elementor-widget-container\">\n\t\t\t\t\t\t\t<p><span style=\"font-family: georgia, palatino, serif;font-size: 12pt;color: #000000\">&#8211; Proceder \u00e0 autua\u00e7\u00e3o de processos digitais (PEN) e n\u00e3o digitais que requeiram an\u00e1lise e decis\u00f5es das diversas unidades\/subunidades da Universidade;<\/span><\/p><p><span style=\"font-family: georgia, palatino, serif;font-size: 12pt\">&#8211; digitaliza\u00e7\u00e3o de documentos;<\/span><\/p><p><span style=\"font-family: georgia, palatino, serif;font-size: 12pt\">&#8211; realizar treinamentos para descentraliza\u00e7\u00e3o da abertura do processo eletr\u00f4nico nacional &#8211; PEN;<\/span><\/p><p><span style=\"font-family: georgia, palatino, serif;font-size: 12pt\">&#8211; supervisionar a abertura de processos digitais;<\/span><\/p><p><span style=\"font-family: georgia, palatino, serif;font-size: 12pt\">&#8211; controlar a tramita\u00e7\u00e3o de processos digitais e n\u00e3o digitais e documentos em geral;<\/span><\/p><p><span style=\"font-family: georgia, palatino, serif;font-size: 12pt\">&#8211; atender aos usu\u00e1rios internos e externos quanto \u00e0 consulta e tramita\u00e7\u00f5es de processos e documentos;<\/span><\/p><p><span style=\"font-family: georgia, palatino, serif;font-size: 12pt\">&#8211; realizar a juntada, o desentranhamento, o desmembramento de processos quando solicitado pelas unidades;<\/span><\/p><p><span style=\"font-family: georgia, palatino, serif;font-size: 12pt\">&#8211; prestar informa\u00e7\u00f5es relativas ao registro e controle de processos\/documentos;<\/span><\/p><p><span style=\"font-family: georgia, palatino, serif;font-size: 12pt\">&#8211; elaborar normas e manuais de servi\u00e7o, de acordo com a legisla\u00e7\u00e3o vigente;<\/span><\/p><p><span style=\"font-family: georgia, palatino, serif;font-size: 12pt\">&#8211; executar outras atividades inerentes a sua \u00e1rea de atua\u00e7\u00e3o.<\/span><\/p>\t\t\t\t\t\t<\/div>\n\t\t\t\t<\/div>\n\t\t\t\t\t<\/div>\n\t\t<\/div>\n\t\t\t\t\t<\/div>\n\t\t<\/section>\n\t\t\t\t<section class=\"elementor-section elementor-top-section elementor-element elementor-element-bca92c0 elementor-section-boxed elementor-section-height-default elementor-section-height-default\" data-id=\"bca92c0\" data-element_type=\"section\">\n\t\t\t\t\t\t<div class=\"elementor-container elementor-column-gap-default\">\n\t\t\t\t\t<div class=\"elementor-column elementor-col-100 elementor-top-column elementor-element elementor-element-46960a8\" data-id=\"46960a8\" data-element_type=\"column\">\n\t\t\t<div class=\"elementor-widget-wrap elementor-element-populated\">\n\t\t\t\t\t\t<div class=\"elementor-element elementor-element-0ab555e elementor-widget elementor-widget-text-editor\" data-id=\"0ab555e\" data-element_type=\"widget\" data-widget_type=\"text-editor.default\">\n\t\t\t\t<div class=\"elementor-widget-container\">\n\t\t\t\t\t\t\t<p style=\"text-align: center\"><a href=\"https:\/\/www.ufsm.br\/orgaos-suplementares\/dag\/servicos\/abertura-de-processos-pelo-protocolo-pen\/\" target=\"_blank\" rel=\"noopener\">Processos PEN abertos pela Divis\u00e3o de Protocolo<\/a><\/p>\t\t\t\t\t\t<\/div>\n\t\t\t\t<\/div>\n\t\t\t\t\t<\/div>\n\t\t<\/div>\n\t\t\t\t\t<\/div>\n\t\t<\/section>\n\t\t\t\t<\/div>\n\t\t","protected":false},"excerpt":{"rendered":"<p>A Divis\u00e3o de Protocolo tem como finalidade a coordena\u00e7\u00e3o e supervis\u00e3o das atividades de recebimento, sele\u00e7\u00e3o, registro, distribui\u00e7\u00e3o e expedi\u00e7\u00e3o de correspond\u00eancias e demais documentos institucionais. Se\u00e7\u00e3o de Movimenta\u00e7\u00e3o &#8211; Receber, conferir, separar, registrar e distribuir as correspond\u00eancias e demais documentos; &#8211; coletar e entregar documentos, encomendas, volumes e outros, interna e externamente; &#8211; controlar [&hellip;]<\/p>\n","protected":false},"author":302,"featured_media":0,"parent":0,"menu_order":0,"comment_status":"closed","ping_status":"closed","template":"","meta":{"footnotes":""},"categories":[],"tags":[],"class_list":["post-529","page","type-page","status-publish","hentry"],"acf":[],"_links":{"self":[{"href":"https:\/\/www.ufsm.br\/orgaos-suplementares\/dag\/wp-json\/wp\/v2\/pages\/529","targetHints":{"allow":["GET"]}}],"collection":[{"href":"https:\/\/www.ufsm.br\/orgaos-suplementares\/dag\/wp-json\/wp\/v2\/pages"}],"about":[{"href":"https:\/\/www.ufsm.br\/orgaos-suplementares\/dag\/wp-json\/wp\/v2\/types\/page"}],"author":[{"embeddable":true,"href":"https:\/\/www.ufsm.br\/orgaos-suplementares\/dag\/wp-json\/wp\/v2\/users\/302"}],"replies":[{"embeddable":true,"href":"https:\/\/www.ufsm.br\/orgaos-suplementares\/dag\/wp-json\/wp\/v2\/comments?post=529"}],"version-history":[{"count":0,"href":"https:\/\/www.ufsm.br\/orgaos-suplementares\/dag\/wp-json\/wp\/v2\/pages\/529\/revisions"}],"wp:attachment":[{"href":"https:\/\/www.ufsm.br\/orgaos-suplementares\/dag\/wp-json\/wp\/v2\/media?parent=529"}],"wp:term":[{"taxonomy":"category","embeddable":true,"href":"https:\/\/www.ufsm.br\/orgaos-suplementares\/dag\/wp-json\/wp\/v2\/categories?post=529"},{"taxonomy":"post_tag","embeddable":true,"href":"https:\/\/www.ufsm.br\/orgaos-suplementares\/dag\/wp-json\/wp\/v2\/tags?post=529"}],"curies":[{"name":"wp","href":"https:\/\/api.w.org\/{rel}","templated":true}]}}