{"id":534,"date":"2018-12-10T15:09:32","date_gmt":"2018-12-10T17:09:32","guid":{"rendered":"https:\/\/www.ufsm.br\/orgaos-suplementares\/dag\/?page_id=534"},"modified":"2025-06-02T11:53:31","modified_gmt":"2025-06-02T14:53:31","slug":"divisao-de-arquivo-permanente","status":"publish","type":"page","link":"https:\/\/www.ufsm.br\/orgaos-suplementares\/dag\/divisao-de-arquivo-permanente","title":{"rendered":"Divis\u00e3o de Arquivo Permanente"},"content":{"rendered":"\t\t<div data-elementor-type=\"wp-post\" data-elementor-id=\"534\" class=\"elementor elementor-534\">\n\t\t\t\t\t\t<section class=\"elementor-section elementor-top-section elementor-element elementor-element-d44de3d elementor-section-boxed elementor-section-height-default elementor-section-height-default\" data-id=\"d44de3d\" data-element_type=\"section\">\n\t\t\t\t\t\t<div class=\"elementor-container elementor-column-gap-default\">\n\t\t\t\t\t<div class=\"elementor-column elementor-col-100 elementor-top-column elementor-element elementor-element-463690a\" data-id=\"463690a\" data-element_type=\"column\">\n\t\t\t<div class=\"elementor-widget-wrap elementor-element-populated\">\n\t\t\t\t\t\t<div class=\"elementor-element elementor-element-5db5ec2 elementor-widget elementor-widget-text-editor\" data-id=\"5db5ec2\" data-element_type=\"widget\" data-widget_type=\"text-editor.default\">\n\t\t\t\t<div class=\"elementor-widget-container\">\n\t\t\t\t\t\t\t<p class=\"western\" align=\"justify\">A Divis\u00e3o de Arquivo Permanente tem como finalidade a cust\u00f3dia, a preserva\u00e7\u00e3o e a divulga\u00e7\u00e3o dos documentos de valor hist\u00f3rico, probat\u00f3rios e informativos da UFSM.<\/p><p class=\"western\" align=\"justify\"><strong>Endere\u00e7o: <\/strong><\/p><p class=\"western\" align=\"justify\">Departamento de Arquivo Geral\u00a0<br \/>Espa\u00e7o Multiuso<br \/>Av. Roraima n\u00ba 1.000\u00a0<br \/>CEP 97105-900 &#8211; Santa Maria &#8211; RS\u00a0<\/p><p class=\"western\" align=\"justify\"><strong>Hor\u00e1rio de Atendimento:<\/strong><\/p><p align=\"justify\">De segunda-feira a sexta-feira, das\u00a08h \u00e0s 11:30h e das 13h \u00e0s 17h.<\/p>\t\t\t\t\t\t<\/div>\n\t\t\t\t<\/div>\n\t\t\t\t\t<\/div>\n\t\t<\/div>\n\t\t\t\t\t<\/div>\n\t\t<\/section>\n\t\t\t\t<section class=\"elementor-section elementor-top-section elementor-element elementor-element-9b7af8e elementor-section-boxed elementor-section-height-default elementor-section-height-default\" data-id=\"9b7af8e\" data-element_type=\"section\">\n\t\t\t\t\t\t<div class=\"elementor-container elementor-column-gap-default\">\n\t\t\t\t\t<div class=\"elementor-column elementor-col-100 elementor-top-column elementor-element elementor-element-80f9668\" data-id=\"80f9668\" data-element_type=\"column\">\n\t\t\t<div class=\"elementor-widget-wrap elementor-element-populated\">\n\t\t\t\t\t\t<div class=\"elementor-element elementor-element-4e45e59 elementor-widget elementor-widget-heading\" data-id=\"4e45e59\" data-element_type=\"widget\" data-widget_type=\"heading.default\">\n\t\t\t\t<div class=\"elementor-widget-container\">\n\t\t\t<h5 class=\"elementor-heading-title elementor-size-default\">Se\u00e7\u00e3o de Processamento T\u00e9cnico e Pesquisas - Arquivo Fotogr\u00e1fico<\/h5>\t\t<\/div>\n\t\t\t\t<\/div>\n\t\t\t\t\t<\/div>\n\t\t<\/div>\n\t\t\t\t\t<\/div>\n\t\t<\/section>\n\t\t\t\t<section class=\"elementor-section elementor-top-section elementor-element elementor-element-1934c3c elementor-section-boxed elementor-section-height-default elementor-section-height-default\" data-id=\"1934c3c\" data-element_type=\"section\">\n\t\t\t\t\t\t<div class=\"elementor-container elementor-column-gap-default\">\n\t\t\t\t\t<div class=\"elementor-column elementor-col-100 elementor-top-column elementor-element elementor-element-114e90b\" data-id=\"114e90b\" data-element_type=\"column\">\n\t\t\t<div class=\"elementor-widget-wrap elementor-element-populated\">\n\t\t\t\t\t\t<div class=\"elementor-element elementor-element-52f017e elementor-widget elementor-widget-text-editor\" data-id=\"52f017e\" data-element_type=\"widget\" data-widget_type=\"text-editor.default\">\n\t\t\t\t<div class=\"elementor-widget-container\">\n\t\t\t\t\t\t\t<p>O Departamento de Arquivo Geral \u2013 DAG \u00e9 respons\u00e1vel pela cust\u00f3dia do patrim\u00f4nio documental da institui\u00e7\u00e3o e, dentre eles, os registros fotogr\u00e1ficos s\u00e3o de inestim\u00e1vel valor hist\u00f3rico e relev\u00e2ncia para a pesquisa em todas as \u00e1reas.<\/p><p>Em 1994, o acervo do Servi\u00e7o Fotogr\u00e1fico foi recolhido ao Departamento de Arquivo Geral, em virtude da reestrutura\u00e7\u00e3o f\u00edsica de outros setores administrativos, e teve in\u00edcio uma s\u00e9rie de atividades visando o acondicionamento, identifica\u00e7\u00e3o e ordena\u00e7\u00e3o das fotografias em papel e negativos.<\/p><p>A documenta\u00e7\u00e3o fotogr\u00e1fica recolhida faz parte do Fundo Coordenadoria de Comunica\u00e7\u00e3o Social. O acervo de negativos flex\u00edveis est\u00e1 sendo digitalizado visando \u00e0 preserva\u00e7\u00e3o dos originais e a difus\u00e3o online atrav\u00e9s do software de descri\u00e7\u00e3o arquiv\u00edstica ICA-AtoM.<\/p>\t\t\t\t\t\t<\/div>\n\t\t\t\t<\/div>\n\t\t\t\t\t<\/div>\n\t\t<\/div>\n\t\t\t\t\t<\/div>\n\t\t<\/section>\n\t\t\t\t<section class=\"elementor-section elementor-top-section elementor-element elementor-element-cd2136b elementor-section-boxed elementor-section-height-default elementor-section-height-default\" data-id=\"cd2136b\" data-element_type=\"section\">\n\t\t\t\t\t\t<div class=\"elementor-container elementor-column-gap-default\">\n\t\t\t\t\t<div class=\"elementor-column elementor-col-100 elementor-top-column elementor-element elementor-element-fb5904b\" data-id=\"fb5904b\" data-element_type=\"column\">\n\t\t\t<div class=\"elementor-widget-wrap elementor-element-populated\">\n\t\t\t\t\t\t<div class=\"elementor-element elementor-element-ba5aa95 elementor-align-center elementor-widget elementor-widget-button\" data-id=\"ba5aa95\" data-element_type=\"widget\" data-widget_type=\"button.default\">\n\t\t\t\t<div class=\"elementor-widget-container\">\n\t\t\t\t\t\t\t<div class=\"elementor-button-wrapper\">\n\t\t\t\t\t<a class=\"elementor-button elementor-button-link elementor-size-md\" href=\"http:\/\/fonte.ufsm.br\/index.php\/\">\n\t\t\t\t\t\t<span class=\"elementor-button-content-wrapper\">\n\t\t\t\t\t\t\t\t\t<span class=\"elementor-button-text\">FONTE<\/span>\n\t\t\t\t\t<\/span>\n\t\t\t\t\t<\/a>\n\t\t\t\t<\/div>\n\t\t\t\t\t\t<\/div>\n\t\t\t\t<\/div>\n\t\t\t\t\t<\/div>\n\t\t<\/div>\n\t\t\t\t\t<\/div>\n\t\t<\/section>\n\t\t\t\t<\/div>\n\t\t","protected":false},"excerpt":{"rendered":"<p>A Divis\u00e3o de Arquivo Permanente tem como finalidade a cust\u00f3dia, a preserva\u00e7\u00e3o e a divulga\u00e7\u00e3o dos documentos de valor hist\u00f3rico, probat\u00f3rios e informativos da UFSM. Endere\u00e7o: Departamento de Arquivo Geral\u00a0Espa\u00e7o MultiusoAv. Roraima n\u00ba 1.000\u00a0CEP 97105-900 &#8211; Santa Maria &#8211; RS\u00a0 Hor\u00e1rio de Atendimento: De segunda-feira a sexta-feira, das\u00a08h \u00e0s 11:30h e das 13h \u00e0s 17h. [&hellip;]<\/p>\n","protected":false},"author":302,"featured_media":0,"parent":0,"menu_order":0,"comment_status":"closed","ping_status":"closed","template":"","meta":{"footnotes":""},"categories":[],"tags":[],"class_list":["post-534","page","type-page","status-publish","hentry"],"acf":[],"_links":{"self":[{"href":"https:\/\/www.ufsm.br\/orgaos-suplementares\/dag\/wp-json\/wp\/v2\/pages\/534","targetHints":{"allow":["GET"]}}],"collection":[{"href":"https:\/\/www.ufsm.br\/orgaos-suplementares\/dag\/wp-json\/wp\/v2\/pages"}],"about":[{"href":"https:\/\/www.ufsm.br\/orgaos-suplementares\/dag\/wp-json\/wp\/v2\/types\/page"}],"author":[{"embeddable":true,"href":"https:\/\/www.ufsm.br\/orgaos-suplementares\/dag\/wp-json\/wp\/v2\/users\/302"}],"replies":[{"embeddable":true,"href":"https:\/\/www.ufsm.br\/orgaos-suplementares\/dag\/wp-json\/wp\/v2\/comments?post=534"}],"version-history":[{"count":0,"href":"https:\/\/www.ufsm.br\/orgaos-suplementares\/dag\/wp-json\/wp\/v2\/pages\/534\/revisions"}],"wp:attachment":[{"href":"https:\/\/www.ufsm.br\/orgaos-suplementares\/dag\/wp-json\/wp\/v2\/media?parent=534"}],"wp:term":[{"taxonomy":"category","embeddable":true,"href":"https:\/\/www.ufsm.br\/orgaos-suplementares\/dag\/wp-json\/wp\/v2\/categories?post=534"},{"taxonomy":"post_tag","embeddable":true,"href":"https:\/\/www.ufsm.br\/orgaos-suplementares\/dag\/wp-json\/wp\/v2\/tags?post=534"}],"curies":[{"name":"wp","href":"https:\/\/api.w.org\/{rel}","templated":true}]}}