{"id":594,"date":"2019-01-15T09:31:26","date_gmt":"2019-01-15T11:31:26","guid":{"rendered":"https:\/\/www.ufsm.br\/orgaos-suplementares\/dag\/?page_id=594"},"modified":"2019-01-15T11:05:16","modified_gmt":"2019-01-15T13:05:16","slug":"divisao-de-apoio-tecnico-aos-arquivos-setoriais","status":"publish","type":"page","link":"https:\/\/www.ufsm.br\/orgaos-suplementares\/dag\/divisao-de-apoio-tecnico-aos-arquivos-setoriais","title":{"rendered":"Divis\u00e3o de Apoio T\u00e9cnico aos Arquivos Setoriais"},"content":{"rendered":"\t\t<div data-elementor-type=\"wp-post\" data-elementor-id=\"594\" class=\"elementor elementor-594 elementor-bc-flex-widget\">\n\t\t\t\t\t\t<section class=\"elementor-section elementor-top-section elementor-element elementor-element-2f029353 elementor-section-boxed elementor-section-height-default elementor-section-height-default\" data-id=\"2f029353\" data-element_type=\"section\">\n\t\t\t\t\t\t<div class=\"elementor-container elementor-column-gap-default\">\n\t\t\t\t\t<div class=\"elementor-column elementor-col-100 elementor-top-column elementor-element elementor-element-58c2f76f\" data-id=\"58c2f76f\" data-element_type=\"column\">\n\t\t\t<div class=\"elementor-widget-wrap elementor-element-populated\">\n\t\t\t\t\t\t<div class=\"elementor-element elementor-element-70c499bc elementor-widget elementor-widget-text-editor\" data-id=\"70c499bc\" data-element_type=\"widget\" data-widget_type=\"text-editor.default\">\n\t\t\t\t<div class=\"elementor-widget-container\">\n\t\t\t\t\t\t\t<p><span style=\"font-weight: 400;\">A <\/span><b>Divis\u00e3o de Apoio T\u00e9cnico aos Arquivos Setoriais &#8211; DATAS\u00a0<\/b><span style=\"font-weight: 400;\">tem como finalidade a coordena\u00e7\u00e3o e supervis\u00e3o de atividades nos Arquivos Setoriais e mais especificamente:<\/span><\/p>\n<p><span style=\"font-weight: 400;\">&#8211; orientar e acompanhar a organiza\u00e7\u00e3o dos arquivos correntes e intermedi\u00e1rios das unidades\/subunidades da universidade, de forma a padronizar os procedimentos t\u00e9cnicos;<\/span><\/p>\n<p><span style=\"font-weight: 400;\">&#8211; orientar o levantamento da produ\u00e7\u00e3o documental com vistas a elabora\u00e7\u00e3o dos instrumentos de gest\u00e3o, os planos de classifica\u00e7\u00e3o e tabelas de temporalidade de documentos;<\/span><\/p>\n<p><span style=\"font-weight: 400;\">&#8211; elaborar normas operacionais para os arquivos setoriais, atendendo \u00e0s peculiaridades de cada arquivo;<\/span><\/p>\n<p><span style=\"font-weight: 400;\">&#8211; promover a capacita\u00e7\u00e3o dos respons\u00e1veis pela execu\u00e7\u00e3o das atividades nos arquivos setoriais;<\/span><\/p>\n<p><span style=\"font-weight: 400;\">&#8211; prestar apoio t\u00e9cnico \u00e0 Comiss\u00e3o Permanente de Avalia\u00e7\u00e3o de Documentos no processo de avalia\u00e7\u00e3o documental;<\/span><\/p>\n<p><span style=\"font-weight: 400;\">&#8211; atender aos usu\u00e1rios do sistema de arquivos.<\/span><\/p>\t\t\t\t\t\t<\/div>\n\t\t\t\t<\/div>\n\t\t\t\t\t<\/div>\n\t\t<\/div>\n\t\t\t\t\t<\/div>\n\t\t<\/section>\n\t\t\t\t<section class=\"elementor-section elementor-top-section elementor-element elementor-element-fb6a577 elementor-section-boxed elementor-section-height-default elementor-section-height-default\" data-id=\"fb6a577\" data-element_type=\"section\">\n\t\t\t\t\t\t<div class=\"elementor-container elementor-column-gap-default\">\n\t\t\t\t\t<div class=\"elementor-column elementor-col-100 elementor-top-column elementor-element elementor-element-0bbbfbb\" data-id=\"0bbbfbb\" data-element_type=\"column\">\n\t\t\t<div class=\"elementor-widget-wrap elementor-element-populated\">\n\t\t\t\t\t\t<div class=\"elementor-element elementor-element-22f02ba elementor-widget elementor-widget-heading\" data-id=\"22f02ba\" data-element_type=\"widget\" data-widget_type=\"heading.default\">\n\t\t\t\t<div class=\"elementor-widget-container\">\n\t\t\t<h2 class=\"elementor-heading-title elementor-size-default\"><h5 data-elementor-setting-key=\"title\" data-pen-placeholder=\"Digite aqui...\" style=\"width: 1007px\">Se\u00e7\u00e3o de Gest\u00e3o dos Arquivos Setoriais<\/h5><\/h2>\t\t<\/div>\n\t\t\t\t<\/div>\n\t\t\t\t\t<\/div>\n\t\t<\/div>\n\t\t\t\t\t<\/div>\n\t\t<\/section>\n\t\t\t\t<section class=\"elementor-section elementor-top-section elementor-element elementor-element-853b186 elementor-section-boxed elementor-section-height-default elementor-section-height-default\" data-id=\"853b186\" data-element_type=\"section\">\n\t\t\t\t\t\t<div class=\"elementor-container elementor-column-gap-default\">\n\t\t\t\t\t<div class=\"elementor-column elementor-col-100 elementor-top-column elementor-element elementor-element-91b3489\" data-id=\"91b3489\" data-element_type=\"column\">\n\t\t\t<div class=\"elementor-widget-wrap elementor-element-populated\">\n\t\t\t\t\t\t<div class=\"elementor-element elementor-element-a0a616e elementor-widget elementor-widget-text-editor\" data-id=\"a0a616e\" data-element_type=\"widget\" data-widget_type=\"text-editor.default\">\n\t\t\t\t<div class=\"elementor-widget-container\">\n\t\t\t\t\t\t\t<p><span style=\"font-family: georgia, palatino, serif;\"><span style=\"font-size: 12pt; color: #000000; background-color: transparent; font-variant-numeric: normal; font-variant-east-asian: normal; white-space: pre-wrap;\">A <b>Se\u00e7\u00e3o de Gest\u00e3o dos Arquivos Setoriais <\/b>\u00e9 respons\u00e1vel pela implementa\u00e7\u00e3o e acompanhamento das atividades de Assessoria Arquiv\u00edstica nas unidades\/subunidades da UFSM, promovendo o <\/span><span style=\"background-color: transparent; color: #000000; font-size: 12pt; white-space: pre-wrap;\">alinhamento entre as a\u00e7\u00f5es de Gest\u00e3o Documental.<\/span><\/span><\/p>\t\t\t\t\t\t<\/div>\n\t\t\t\t<\/div>\n\t\t\t\t\t<\/div>\n\t\t<\/div>\n\t\t\t\t\t<\/div>\n\t\t<\/section>\n\t\t\t\t<\/div>\n\t\t","protected":false},"excerpt":{"rendered":"<p>A Divis\u00e3o de Apoio T\u00e9cnico aos Arquivos Setoriais &#8211; DATAS&nbsp;tem como finalidade a coordena\u00e7\u00e3o e supervis\u00e3o de atividades nos Arquivos Setoriais e mais especificamente: &#8211; orientar e acompanhar a organiza\u00e7\u00e3o dos arquivos correntes e intermedi\u00e1rios das unidades\/subunidades da universidade, de forma a padronizar os procedimentos t\u00e9cnicos; &#8211; orientar o levantamento da produ\u00e7\u00e3o documental com vistas [&hellip;]<\/p>\n","protected":false},"author":302,"featured_media":0,"parent":0,"menu_order":0,"comment_status":"closed","ping_status":"closed","template":"","meta":{"footnotes":""},"categories":[],"tags":[],"class_list":["post-594","page","type-page","status-publish","hentry"],"acf":[],"_links":{"self":[{"href":"https:\/\/www.ufsm.br\/orgaos-suplementares\/dag\/wp-json\/wp\/v2\/pages\/594","targetHints":{"allow":["GET"]}}],"collection":[{"href":"https:\/\/www.ufsm.br\/orgaos-suplementares\/dag\/wp-json\/wp\/v2\/pages"}],"about":[{"href":"https:\/\/www.ufsm.br\/orgaos-suplementares\/dag\/wp-json\/wp\/v2\/types\/page"}],"author":[{"embeddable":true,"href":"https:\/\/www.ufsm.br\/orgaos-suplementares\/dag\/wp-json\/wp\/v2\/users\/302"}],"replies":[{"embeddable":true,"href":"https:\/\/www.ufsm.br\/orgaos-suplementares\/dag\/wp-json\/wp\/v2\/comments?post=594"}],"version-history":[{"count":0,"href":"https:\/\/www.ufsm.br\/orgaos-suplementares\/dag\/wp-json\/wp\/v2\/pages\/594\/revisions"}],"wp:attachment":[{"href":"https:\/\/www.ufsm.br\/orgaos-suplementares\/dag\/wp-json\/wp\/v2\/media?parent=594"}],"wp:term":[{"taxonomy":"category","embeddable":true,"href":"https:\/\/www.ufsm.br\/orgaos-suplementares\/dag\/wp-json\/wp\/v2\/categories?post=594"},{"taxonomy":"post_tag","embeddable":true,"href":"https:\/\/www.ufsm.br\/orgaos-suplementares\/dag\/wp-json\/wp\/v2\/tags?post=594"}],"curies":[{"name":"wp","href":"https:\/\/api.w.org\/{rel}","templated":true}]}}