{"id":689,"date":"2019-01-30T13:27:40","date_gmt":"2019-01-30T15:27:40","guid":{"rendered":"https:\/\/www.ufsm.br\/orgaos-suplementares\/dag\/?page_id=689"},"modified":"2023-03-09T19:04:20","modified_gmt":"2023-03-09T22:04:20","slug":"projeto-resgate-do-acervo-audiovisual-da-tv-campus-da-ufsm","status":"publish","type":"page","link":"https:\/\/www.ufsm.br\/orgaos-suplementares\/dag\/projeto-resgate-do-acervo-audiovisual-da-tv-campus-da-ufsm","title":{"rendered":"Projeto Resgate do Acervo Audiovisual da TV Campus da UFSM"},"content":{"rendered":"\t\t<div data-elementor-type=\"wp-post\" data-elementor-id=\"689\" class=\"elementor elementor-689\">\n\t\t\t\t\t\t<section class=\"elementor-section elementor-top-section elementor-element elementor-element-717250c elementor-section-boxed elementor-section-height-default elementor-section-height-default\" data-id=\"717250c\" data-element_type=\"section\">\n\t\t\t\t\t\t<div class=\"elementor-container elementor-column-gap-default\">\n\t\t\t\t\t<div class=\"elementor-column elementor-col-100 elementor-top-column elementor-element elementor-element-b5b9f61\" data-id=\"b5b9f61\" data-element_type=\"column\">\n\t\t\t<div class=\"elementor-widget-wrap elementor-element-populated\">\n\t\t\t\t\t\t<div class=\"elementor-element elementor-element-97e75ea elementor-widget elementor-widget-text-editor\" data-id=\"97e75ea\" data-element_type=\"widget\" data-widget_type=\"text-editor.default\">\n\t\t\t\t<div class=\"elementor-widget-container\">\n\t\t\t\t\t\t\t<p><span style=\"font-family: 'trebuchet ms', geneva, sans-serif\">Per\u00edodo de execu\u00e7\u00e3o: junho de 2017 a junho de 2022<\/span><\/p><p><span style=\"font-family: 'trebuchet ms', geneva, sans-serif\">O projeto de extens\u00e3o \u201c<em>Resgate do Acervo Audiovisual da TV Campus da UFSM\u201d<\/em>, <a href=\"https:\/\/portal.ufsm.br\/projetos\/publico\/projetos\/view.html?idProjeto=57855\" target=\"_blank\" rel=\"noopener\"><strong>registro PROPLAN n. 046737<\/strong><\/a>\u00a0realizou suas atividades entre junho de 2017 e junho de 2022, em parceria com a Coordenadoria de Comunica\u00e7\u00e3o Social e sob coordena\u00e7\u00e3o do Departamento de Arquivo Geral UFSM.<\/span><\/p><p><span style=\"font-family: 'trebuchet ms', geneva, sans-serif\">Esfor\u00e7os foram empreendidos durante o per\u00edodo, na consecu\u00e7\u00e3o do objetivo: desenvolver a\u00e7\u00f5es para implementar a preserva\u00e7\u00e3o e acesso do arquivo audiovisual anal\u00f3gico produzido pelo N\u00facleo de TV Universit\u00e1ria da Coordenadoria de Comunica\u00e7\u00e3o Social da UFSM.<\/span><\/p><p><span style=\"font-family: 'trebuchet ms', geneva, sans-serif\">O acervo foi recolhido a Divis\u00e3o de Arquivo Permanente do Departamento de Arquivo Geral (DAG) para garantir a preserva\u00e7\u00e3o da mem\u00f3ria audiovisual da universidade.<\/span><\/p><p><div id='gallery-1' class='gallery galleryid-689 gallery-columns-2 gallery-size-large'><figure class='gallery-item'>\n\t\t\t<div class='gallery-icon portrait'>\n\t\t\t\t<a href='https:\/\/www.ufsm.br\/orgaos-suplementares\/dag\/2021-07-14-capacitacao-patrick-tv-campus-17'><img fetchpriority=\"high\" decoding=\"async\" width=\"768\" height=\"1024\" src=\"https:\/\/www.ufsm.br\/app\/uploads\/sites\/400\/2023\/02\/2021-07-14-capacitacao-Patrick-TV-Campus-17-768x1024.jpg\" class=\"attachment-large size-large\" alt=\"\" aria-describedby=\"gallery-1-4069\" srcset=\"https:\/\/www.ufsm.br\/app\/uploads\/sites\/400\/2023\/02\/2021-07-14-capacitacao-Patrick-TV-Campus-17-768x1024.jpg 768w, https:\/\/www.ufsm.br\/app\/uploads\/sites\/400\/2023\/02\/2021-07-14-capacitacao-Patrick-TV-Campus-17-225x300.jpg 225w, https:\/\/www.ufsm.br\/app\/uploads\/sites\/400\/2023\/02\/2021-07-14-capacitacao-Patrick-TV-Campus-17-1152x1536.jpg 1152w, https:\/\/www.ufsm.br\/app\/uploads\/sites\/400\/2023\/02\/2021-07-14-capacitacao-Patrick-TV-Campus-17-1536x2048.jpg 1536w, https:\/\/www.ufsm.br\/app\/uploads\/sites\/400\/2023\/02\/2021-07-14-capacitacao-Patrick-TV-Campus-17.jpg 1920w\" sizes=\"(max-width: 768px) 100vw, 768px\" \/><\/a>\n\t\t\t<\/div>\n\t\t\t\t<figcaption class='wp-caption-text gallery-caption' id='gallery-1-4069'>\n\t\t\t\tAcervo Audiovisual de VHS recolhido ao DAG\n\t\t\t\t<\/figcaption><\/figure><figure class='gallery-item'>\n\t\t\t<div class='gallery-icon portrait'>\n\t\t\t\t<a href='https:\/\/www.ufsm.br\/orgaos-suplementares\/dag\/2021-07-14-capacitacao-patrick-tv-campus-16'><img decoding=\"async\" width=\"768\" height=\"1024\" src=\"https:\/\/www.ufsm.br\/app\/uploads\/sites\/400\/2023\/02\/2021-07-14-capacitacao-Patrick-TV-Campus-16-768x1024.jpg\" class=\"attachment-large size-large\" alt=\"\" srcset=\"https:\/\/www.ufsm.br\/app\/uploads\/sites\/400\/2023\/02\/2021-07-14-capacitacao-Patrick-TV-Campus-16-768x1024.jpg 768w, https:\/\/www.ufsm.br\/app\/uploads\/sites\/400\/2023\/02\/2021-07-14-capacitacao-Patrick-TV-Campus-16-225x300.jpg 225w, https:\/\/www.ufsm.br\/app\/uploads\/sites\/400\/2023\/02\/2021-07-14-capacitacao-Patrick-TV-Campus-16-1152x1536.jpg 1152w, https:\/\/www.ufsm.br\/app\/uploads\/sites\/400\/2023\/02\/2021-07-14-capacitacao-Patrick-TV-Campus-16-1536x2048.jpg 1536w, https:\/\/www.ufsm.br\/app\/uploads\/sites\/400\/2023\/02\/2021-07-14-capacitacao-Patrick-TV-Campus-16.jpg 1920w\" sizes=\"(max-width: 768px) 100vw, 768px\" \/><\/a>\n\t\t\t<\/div><\/figure>\n\t\t<\/div>\n<\/p><p><span style=\"font-family: 'trebuchet ms', geneva, sans-serif\">Todas as a\u00e7\u00f5es convergiram para a migra\u00e7\u00e3o de suporte do acervo audiovisual para assegurar o acesso imediato das grava\u00e7\u00f5es de programas produzidos bem como a divulga\u00e7\u00e3o da mem\u00f3ria audiovisual institucional n\u00e3o somente a comunidade acad\u00eamica, mas tamb\u00e9m \u00e0 comunidade externa, e assim colaborar nas pol\u00edticas de comunica\u00e7\u00e3o da UFSM e proporciona-se a divulga\u00e7\u00e3o da mem\u00f3ria audiovisual institucional n\u00e3o somente a comunidade acad\u00eamica, mas tamb\u00e9m \u00e0 comunidade externa.<\/span><\/p><p><div id='gallery-2' class='gallery galleryid-689 gallery-columns-3 gallery-size-large'><figure class='gallery-item'>\n\t\t\t<div class='gallery-icon landscape'>\n\t\t\t\t<a href='https:\/\/www.ufsm.br\/orgaos-suplementares\/dag\/2017-junho-19-projeto-tv-campus-2'><img decoding=\"async\" width=\"1024\" height=\"768\" src=\"https:\/\/www.ufsm.br\/app\/uploads\/sites\/400\/2023\/02\/2017-junho-19-Projeto-TV-Campus-2-1024x768.jpg\" class=\"attachment-large size-large\" alt=\"\" aria-describedby=\"gallery-2-4065\" srcset=\"https:\/\/www.ufsm.br\/app\/uploads\/sites\/400\/2023\/02\/2017-junho-19-Projeto-TV-Campus-2-1024x768.jpg 1024w, https:\/\/www.ufsm.br\/app\/uploads\/sites\/400\/2023\/02\/2017-junho-19-Projeto-TV-Campus-2-300x225.jpg 300w, https:\/\/www.ufsm.br\/app\/uploads\/sites\/400\/2023\/02\/2017-junho-19-Projeto-TV-Campus-2-768x576.jpg 768w, https:\/\/www.ufsm.br\/app\/uploads\/sites\/400\/2023\/02\/2017-junho-19-Projeto-TV-Campus-2-1536x1152.jpg 1536w, https:\/\/www.ufsm.br\/app\/uploads\/sites\/400\/2023\/02\/2017-junho-19-Projeto-TV-Campus-2.jpg 1920w\" sizes=\"(max-width: 1024px) 100vw, 1024px\" \/><\/a>\n\t\t\t<\/div>\n\t\t\t\t<figcaption class='wp-caption-text gallery-caption' id='gallery-2-4065'>\n\t\t\t\tBolsista Lara elaborando \u00edndice preliminar\n\t\t\t\t<\/figcaption><\/figure><figure class='gallery-item'>\n\t\t\t<div class='gallery-icon portrait'>\n\t\t\t\t<a href='https:\/\/www.ufsm.br\/orgaos-suplementares\/dag\/ufsm-fitas-vhs-tv-campus'><img loading=\"lazy\" decoding=\"async\" width=\"377\" height=\"480\" src=\"https:\/\/www.ufsm.br\/app\/uploads\/sites\/400\/2023\/03\/UFSM-fitas-VHS-TV-Campus.jpg\" class=\"attachment-large size-large\" alt=\"\" srcset=\"https:\/\/www.ufsm.br\/app\/uploads\/sites\/400\/2023\/03\/UFSM-fitas-VHS-TV-Campus.jpg 377w, https:\/\/www.ufsm.br\/app\/uploads\/sites\/400\/2023\/03\/UFSM-fitas-VHS-TV-Campus-236x300.jpg 236w\" sizes=\"(max-width: 377px) 100vw, 377px\" \/><\/a>\n\t\t\t<\/div><\/figure><figure class='gallery-item'>\n\t\t\t<div class='gallery-icon landscape'>\n\t\t\t\t<a href='https:\/\/www.ufsm.br\/orgaos-suplementares\/dag\/2019-04-15-placa-pinacle-tv-campus-4-2'><img loading=\"lazy\" decoding=\"async\" width=\"1024\" height=\"768\" src=\"https:\/\/www.ufsm.br\/app\/uploads\/sites\/400\/2023\/02\/2019-04-15-placa-Pinacle-Tv-Campus-4-1024x768.jpg\" class=\"attachment-large size-large\" alt=\"\" aria-describedby=\"gallery-2-4072\" srcset=\"https:\/\/www.ufsm.br\/app\/uploads\/sites\/400\/2023\/02\/2019-04-15-placa-Pinacle-Tv-Campus-4-1024x768.jpg 1024w, https:\/\/www.ufsm.br\/app\/uploads\/sites\/400\/2023\/02\/2019-04-15-placa-Pinacle-Tv-Campus-4-300x225.jpg 300w, https:\/\/www.ufsm.br\/app\/uploads\/sites\/400\/2023\/02\/2019-04-15-placa-Pinacle-Tv-Campus-4-768x576.jpg 768w, https:\/\/www.ufsm.br\/app\/uploads\/sites\/400\/2023\/02\/2019-04-15-placa-Pinacle-Tv-Campus-4-1536x1152.jpg 1536w, https:\/\/www.ufsm.br\/app\/uploads\/sites\/400\/2023\/02\/2019-04-15-placa-Pinacle-Tv-Campus-4.jpg 1920w\" sizes=\"(max-width: 1024px) 100vw, 1024px\" \/><\/a>\n\t\t\t<\/div>\n\t\t\t\t<figcaption class='wp-caption-text gallery-caption' id='gallery-2-4072'>\n\t\t\t\tDiretor da TV Gabriel e T\u00e9cnico em Audiovisual Felippe instalando software e equipamento de captura\n\t\t\t\t<\/figcaption><\/figure><figure class='gallery-item'>\n\t\t\t<div class='gallery-icon landscape'>\n\t\t\t\t<a href='https:\/\/www.ufsm.br\/orgaos-suplementares\/dag\/2020-10-23-digitalizacao-projeto-tv-campus-1'><img loading=\"lazy\" decoding=\"async\" width=\"1024\" height=\"768\" src=\"https:\/\/www.ufsm.br\/app\/uploads\/sites\/400\/2023\/02\/2020-10-23-digitalizacao-projeto-tv-campus-1-1024x768.jpg\" class=\"attachment-large size-large\" alt=\"\" aria-describedby=\"gallery-2-4067\" srcset=\"https:\/\/www.ufsm.br\/app\/uploads\/sites\/400\/2023\/02\/2020-10-23-digitalizacao-projeto-tv-campus-1-1024x768.jpg 1024w, https:\/\/www.ufsm.br\/app\/uploads\/sites\/400\/2023\/02\/2020-10-23-digitalizacao-projeto-tv-campus-1-300x225.jpg 300w, https:\/\/www.ufsm.br\/app\/uploads\/sites\/400\/2023\/02\/2020-10-23-digitalizacao-projeto-tv-campus-1-768x576.jpg 768w, https:\/\/www.ufsm.br\/app\/uploads\/sites\/400\/2023\/02\/2020-10-23-digitalizacao-projeto-tv-campus-1-1536x1152.jpg 1536w, https:\/\/www.ufsm.br\/app\/uploads\/sites\/400\/2023\/02\/2020-10-23-digitalizacao-projeto-tv-campus-1.jpg 1920w\" sizes=\"(max-width: 1024px) 100vw, 1024px\" \/><\/a>\n\t\t\t<\/div>\n\t\t\t\t<figcaption class='wp-caption-text gallery-caption' id='gallery-2-4067'>\n\t\t\t\tBolsista Katia digitalizando VHS\n\t\t\t\t<\/figcaption><\/figure><figure class='gallery-item'>\n\t\t\t<div class='gallery-icon landscape'>\n\t\t\t\t<a href='https:\/\/www.ufsm.br\/orgaos-suplementares\/dag\/2021-07-14-capacitacao-patrick-tv-campus-8'><img loading=\"lazy\" decoding=\"async\" width=\"1024\" height=\"768\" src=\"https:\/\/www.ufsm.br\/app\/uploads\/sites\/400\/2023\/02\/2021-07-14-capacitacao-Patrick-TV-Campus-8-1024x768.jpg\" class=\"attachment-large size-large\" alt=\"\" aria-describedby=\"gallery-2-4070\" srcset=\"https:\/\/www.ufsm.br\/app\/uploads\/sites\/400\/2023\/02\/2021-07-14-capacitacao-Patrick-TV-Campus-8-1024x768.jpg 1024w, https:\/\/www.ufsm.br\/app\/uploads\/sites\/400\/2023\/02\/2021-07-14-capacitacao-Patrick-TV-Campus-8-300x225.jpg 300w, https:\/\/www.ufsm.br\/app\/uploads\/sites\/400\/2023\/02\/2021-07-14-capacitacao-Patrick-TV-Campus-8-768x576.jpg 768w, https:\/\/www.ufsm.br\/app\/uploads\/sites\/400\/2023\/02\/2021-07-14-capacitacao-Patrick-TV-Campus-8-1536x1152.jpg 1536w, https:\/\/www.ufsm.br\/app\/uploads\/sites\/400\/2023\/02\/2021-07-14-capacitacao-Patrick-TV-Campus-8.jpg 1920w\" sizes=\"(max-width: 1024px) 100vw, 1024px\" \/><\/a>\n\t\t\t<\/div>\n\t\t\t\t<figcaption class='wp-caption-text gallery-caption' id='gallery-2-4070'>\n\t\t\t\tCapacita\u00e7\u00e3o do bolsista Patrick\n\t\t\t\t<\/figcaption><\/figure>\n\t\t<\/div>\n<\/p><p><span style=\"font-family: 'trebuchet ms', geneva, sans-serif\">Quanto ao desafio e urg\u00eancia da exist\u00eancia de pol\u00edticas de preserva\u00e7\u00e3o dos acervos digitais da UFSM e do funcionamento do reposit\u00f3rio digital confi\u00e1vel para preserva\u00e7\u00e3o digital \u2013 Archivematica, dois anos antes do in\u00edcio deste projeto \u2013 2015 &#8211; as arquivistas Neiva Pavezi e Cristina j\u00e1 levantavam essa \u201cbandeira\u201d apresentando a comunica\u00e7\u00e3o \u201cMem\u00f3ria audiovisual: os desafios da preserva\u00e7\u00e3o de documentos arquiv\u00edsticos\u201d na primeira edi\u00e7\u00e3o do <strong><a href=\"https:\/\/iibi.unam.mx\/f\/congreso_int_archivos_digitales_sustentables.pdf\" target=\"_blank\" rel=\"noopener\">Congreso Internacional Archivos Digitales Sustentables: Conservaci\u00f3n Y Acceso A Las Colecciones Sonoras Y Audiovisuales Para Las Sociedades Del Futuro<\/a><\/strong> realizado no M\u00e9xico.\u00a0<\/span><\/p><p><span style=\"font-family: 'trebuchet ms', geneva, sans-serif\">Percebe-se a necessidade urgente da institui\u00e7\u00e3o de pol\u00edtica de preserva\u00e7\u00e3o dos arquivos digitais oriundos de mem\u00f3ria anal\u00f3gica na UFSM e o investimento em equipamentos e equipe t\u00e9cnica, sugerindo-se que o DAG se responsabilize por esta a\u00e7\u00e3o, claro que sendo viabilizada log\u00edstica adequada.<\/span><\/p><figure id=\"attachment_4071\" aria-describedby=\"caption-attachment-4071\" style=\"width: 1024px\" class=\"wp-caption aligncenter\"><img loading=\"lazy\" decoding=\"async\" class=\"wp-image-4071 size-large\" src=\"https:\/\/www.ufsm.br\/app\/uploads\/sites\/400\/2023\/02\/2023-01-06-sala-2235F-digitaliz-VHS-1-1024x577.jpg\" alt=\"\" width=\"1024\" height=\"577\" srcset=\"https:\/\/www.ufsm.br\/app\/uploads\/sites\/400\/2023\/02\/2023-01-06-sala-2235F-digitaliz-VHS-1-1024x577.jpg 1024w, https:\/\/www.ufsm.br\/app\/uploads\/sites\/400\/2023\/02\/2023-01-06-sala-2235F-digitaliz-VHS-1-300x169.jpg 300w, https:\/\/www.ufsm.br\/app\/uploads\/sites\/400\/2023\/02\/2023-01-06-sala-2235F-digitaliz-VHS-1-768x432.jpg 768w, https:\/\/www.ufsm.br\/app\/uploads\/sites\/400\/2023\/02\/2023-01-06-sala-2235F-digitaliz-VHS-1-1536x865.jpg 1536w, https:\/\/www.ufsm.br\/app\/uploads\/sites\/400\/2023\/02\/2023-01-06-sala-2235F-digitaliz-VHS-1.jpg 1920w\" sizes=\"(max-width: 1024px) 100vw, 1024px\" \/><figcaption id=\"caption-attachment-4071\" class=\"wp-caption-text\">Est\u00fadio de Digitaliza\u00e7\u00e3o na Sala 2235 do pr\u00e9dio 74A<\/figcaption><\/figure><p><span style=\"font-family: 'trebuchet ms', geneva, sans-serif\">Do total de 643 fitas VHS, dos anos de 1995 a 2007, foram digitalizadas 481, com os programas da TV at\u00e9 o ano de 2003.<\/span><\/p><p><span style=\"font-family: 'trebuchet ms', geneva, sans-serif\"><strong>Participantes do projeto:<\/strong><\/span><\/p><p><span style=\"font-family: 'trebuchet ms', geneva, sans-serif\">Arquivista do DAG, Coordenadora do Projeto Cristina Strohschoen dos Santos<\/span><\/p><p><span style=\"font-family: 'trebuchet ms', geneva, sans-serif\">Diretora Divis\u00e3o Arquivo Permanente DAG L\u00edvia Regina Rocha Retamoso\u00a0 \u00a0 \u00a0(06\/2017- 03\/2018)<\/span><\/p><p><span style=\"font-family: 'trebuchet ms', geneva, sans-serif\">Coordenadora de Comunica\u00e7\u00e3o Social Carine Felkl Prevedello\u00a0 (06\/2017- 08\/2018)<\/span><\/p><p><span style=\"font-family: 'trebuchet ms', geneva, sans-serif\">Coordenadora de Comunica\u00e7\u00e3o Social Eugenia M. Mariano da Rocha Barriquello (03\/2019- 06\/2019)<\/span><\/p><p><span style=\"font-family: 'trebuchet ms', geneva, sans-serif\">Coordenadora de Comunica\u00e7\u00e3o Social Jaqueline Q. da Silva Kegler\u00a0 \u00a0(02\/2020- 05\/2020)<\/span><\/p><p><span style=\"font-family: 'trebuchet ms', geneva, sans-serif\">Coordenador de Comunica\u00e7\u00e3o Social\u00a0 Maur\u00edcio Dias\u00a0 (05\/2020 \u2013 05\/2021)<\/span><\/p><p><span style=\"font-family: 'trebuchet ms', geneva, sans-serif\">Diretor da TV Campus\u00a0 Davi dos Santos Pereira\u00a0 (09\/2017- 03\/2019)<\/span><\/p><p><span style=\"font-family: 'trebuchet ms', geneva, sans-serif\">Diretor da TV Campus Gabriel Machado Soares (06\/2018- 06\/2022)<\/span><\/p><p><span style=\"font-family: 'trebuchet ms', geneva, sans-serif\">T\u00e9cnico em Audiovisual da TV Campus Felippe Pozzobon Richardt\u00a0 (04\/2019 &#8211; 06\/2022)<\/span><\/p><p><span style=\"font-family: 'trebuchet ms', geneva, sans-serif\">Rela\u00e7\u00f5es P\u00fablicas da TV Campus\u00a0 Martha Regina Marchesan Santos\u00a0\u00a0\u00a0\u00a0\u00a0\u00a0\u00a0\u00a0\u00a0\u00a0<\/span><\/p><p><span style=\"font-family: 'trebuchet ms', geneva, sans-serif\">Bolsista Lara Isadora Rodrigues Talhaferro (06 a 10\/2017)<\/span><\/p><p><span style=\"font-family: 'trebuchet ms', geneva, sans-serif\">Bolsista Katia Suelem Moreira\u00a0 (04\/2018 \u2013 06\/2021)<\/span><\/p><p><span style=\"font-family: 'trebuchet ms', geneva, sans-serif\">Bolsista Patrick Escobar Cuimbra (07-2021 \u2013 06\/2022)<\/span><\/p>\t\t\t\t\t\t<\/div>\n\t\t\t\t<\/div>\n\t\t\t\t\t<\/div>\n\t\t<\/div>\n\t\t\t\t\t<\/div>\n\t\t<\/section>\n\t\t\t\t<section class=\"elementor-section elementor-top-section elementor-element elementor-element-c6bc647 elementor-section-boxed elementor-section-height-default elementor-section-height-default\" data-id=\"c6bc647\" data-element_type=\"section\">\n\t\t\t\t\t\t<div class=\"elementor-container elementor-column-gap-default\">\n\t\t\t\t\t<div class=\"elementor-column elementor-col-100 elementor-top-column elementor-element elementor-element-752f1d3\" data-id=\"752f1d3\" data-element_type=\"column\">\n\t\t\t<div class=\"elementor-widget-wrap elementor-element-populated\">\n\t\t\t\t\t\t\t<\/div>\n\t\t<\/div>\n\t\t\t\t\t<\/div>\n\t\t<\/section>\n\t\t\t\t<\/div>\n\t\t","protected":false},"excerpt":{"rendered":"<p>Per\u00edodo de execu\u00e7\u00e3o: junho de 2017 a junho de 2022 O projeto de extens\u00e3o \u201cResgate do Acervo Audiovisual da TV Campus da UFSM\u201d, registro PROPLAN n. 046737\u00a0realizou suas atividades entre junho de 2017 e junho de 2022, em parceria com a Coordenadoria de Comunica\u00e7\u00e3o Social e sob coordena\u00e7\u00e3o do Departamento de Arquivo Geral UFSM. Esfor\u00e7os [&hellip;]<\/p>\n","protected":false},"author":117,"featured_media":0,"parent":0,"menu_order":0,"comment_status":"closed","ping_status":"closed","template":"","meta":{"footnotes":""},"categories":[],"tags":[],"class_list":["post-689","page","type-page","status-publish","hentry"],"acf":[],"_links":{"self":[{"href":"https:\/\/www.ufsm.br\/orgaos-suplementares\/dag\/wp-json\/wp\/v2\/pages\/689","targetHints":{"allow":["GET"]}}],"collection":[{"href":"https:\/\/www.ufsm.br\/orgaos-suplementares\/dag\/wp-json\/wp\/v2\/pages"}],"about":[{"href":"https:\/\/www.ufsm.br\/orgaos-suplementares\/dag\/wp-json\/wp\/v2\/types\/page"}],"author":[{"embeddable":true,"href":"https:\/\/www.ufsm.br\/orgaos-suplementares\/dag\/wp-json\/wp\/v2\/users\/117"}],"replies":[{"embeddable":true,"href":"https:\/\/www.ufsm.br\/orgaos-suplementares\/dag\/wp-json\/wp\/v2\/comments?post=689"}],"version-history":[{"count":0,"href":"https:\/\/www.ufsm.br\/orgaos-suplementares\/dag\/wp-json\/wp\/v2\/pages\/689\/revisions"}],"wp:attachment":[{"href":"https:\/\/www.ufsm.br\/orgaos-suplementares\/dag\/wp-json\/wp\/v2\/media?parent=689"}],"wp:term":[{"taxonomy":"category","embeddable":true,"href":"https:\/\/www.ufsm.br\/orgaos-suplementares\/dag\/wp-json\/wp\/v2\/categories?post=689"},{"taxonomy":"post_tag","embeddable":true,"href":"https:\/\/www.ufsm.br\/orgaos-suplementares\/dag\/wp-json\/wp\/v2\/tags?post=689"}],"curies":[{"name":"wp","href":"https:\/\/api.w.org\/{rel}","templated":true}]}}