{"id":695,"date":"2019-01-31T08:46:37","date_gmt":"2019-01-31T10:46:37","guid":{"rendered":"https:\/\/www.ufsm.br\/orgaos-suplementares\/dag\/?page_id=695"},"modified":"2023-06-29T13:18:08","modified_gmt":"2023-06-29T16:18:08","slug":"projeto-preservacao-e-difusao-de-memoria-sonora-no-acervo-da-radio-universidade-da-ufsm","status":"publish","type":"page","link":"https:\/\/www.ufsm.br\/orgaos-suplementares\/dag\/projeto-preservacao-e-difusao-de-memoria-sonora-no-acervo-da-radio-universidade-da-ufsm","title":{"rendered":"Projeto Preserva\u00e7\u00e3o e Difus\u00e3o de Mem\u00f3ria Sonora no Acervo da R\u00e1dio Universidade da UFSM"},"content":{"rendered":"\t\t<div data-elementor-type=\"wp-post\" data-elementor-id=\"695\" class=\"elementor elementor-695\">\n\t\t\t\t\t\t<section class=\"elementor-section elementor-top-section elementor-element elementor-element-204b23e elementor-section-boxed elementor-section-height-default elementor-section-height-default\" data-id=\"204b23e\" data-element_type=\"section\">\n\t\t\t\t\t\t<div class=\"elementor-container elementor-column-gap-default\">\n\t\t\t\t\t<div class=\"elementor-column elementor-col-100 elementor-top-column elementor-element elementor-element-cac6c52\" data-id=\"cac6c52\" data-element_type=\"column\">\n\t\t\t<div class=\"elementor-widget-wrap elementor-element-populated\">\n\t\t\t\t\t\t<div class=\"elementor-element elementor-element-4a95b54 elementor-widget elementor-widget-text-editor\" data-id=\"4a95b54\" data-element_type=\"widget\" data-widget_type=\"text-editor.default\">\n\t\t\t\t<div class=\"elementor-widget-container\">\n\t\t\t\t\t\t\t<p><em>Per\u00edodo de execu\u00e7\u00e3o: setembro de 2012 a setembro de 2017.<\/em><\/p><p>O\u00a0<em>P<\/em><i>rojeto Preserva\u00e7\u00e3o e Difus\u00e3o de Mem\u00f3ria Sonora no Acervo da R\u00e1dio Universidade da UFSM<\/i> registrado na Proplan sob numero 033930 desenvolveu suas atividades de setembro de 2012 a setembro de 2017, em parceria com a R\u00e1dio Universidade 800 AM da Coordenadoria de Comunica\u00e7\u00e3o Social da UFSM. Seu objetivo foi preservar e proporcionar acesso ao acervo sonoro da R\u00e1dio Universidade da UFSM por meio de tratamento t\u00e9cnico arquiv\u00edstico de fitas magn\u00e9ticas e discos de vinil. As a\u00e7\u00f5es estabelecidas para atingir os objetivos propostos foram: produzir instrumento de pesquisa para acesso \u00e0 informa\u00e7\u00e3o por meio da descri\u00e7\u00e3o da documenta\u00e7\u00e3o a ser digitalizada; garantir a preserva\u00e7\u00e3o em longo prazo dos suportes originais, higienizando-os e acondicionando-os adequadamente, em embalagens livres de acidez; viabilizar a pesquisa dos \u00e1udios, migrando o suporte, digitalizando as fitas magn\u00e9ticas, garantindo a preserva\u00e7\u00e3o e acesso; promover a difus\u00e3o do acervo sonoro e da mem\u00f3ria institucional.<\/p><p><em>\u00a0<\/em><\/p>\t\t\t\t\t\t<\/div>\n\t\t\t\t<\/div>\n\t\t\t\t\t<\/div>\n\t\t<\/div>\n\t\t\t\t\t<\/div>\n\t\t<\/section>\n\t\t\t\t<section class=\"elementor-section elementor-top-section elementor-element elementor-element-5d93edc elementor-section-boxed elementor-section-height-default elementor-section-height-default\" data-id=\"5d93edc\" data-element_type=\"section\">\n\t\t\t\t\t\t<div class=\"elementor-container elementor-column-gap-default\">\n\t\t\t\t\t<div class=\"elementor-column elementor-col-50 elementor-top-column elementor-element elementor-element-59c6281\" data-id=\"59c6281\" data-element_type=\"column\">\n\t\t\t<div class=\"elementor-widget-wrap elementor-element-populated\">\n\t\t\t\t\t\t<div class=\"elementor-element elementor-element-72a8d39 elementor-widget elementor-widget-image\" data-id=\"72a8d39\" data-element_type=\"widget\" data-widget_type=\"image.default\">\n\t\t\t\t<div class=\"elementor-widget-container\">\n\t\t\t\t\t\t\t\t\t\t\t\t\t<img fetchpriority=\"high\" decoding=\"async\" width=\"800\" height=\"533\" src=\"https:\/\/www.ufsm.br\/app\/uploads\/sites\/400\/2019\/01\/2015-maio-digitalizao-fitas-Rdio-UFSM-2b.jpg\" class=\"attachment-large size-large wp-image-696\" alt=\"\" srcset=\"https:\/\/www.ufsm.br\/app\/uploads\/sites\/400\/2019\/01\/2015-maio-digitalizao-fitas-Rdio-UFSM-2b.jpg 800w, https:\/\/www.ufsm.br\/app\/uploads\/sites\/400\/2019\/01\/2015-maio-digitalizao-fitas-Rdio-UFSM-2b-300x200.jpg 300w, https:\/\/www.ufsm.br\/app\/uploads\/sites\/400\/2019\/01\/2015-maio-digitalizao-fitas-Rdio-UFSM-2b-768x512.jpg 768w, https:\/\/www.ufsm.br\/app\/uploads\/sites\/400\/2019\/01\/2015-maio-digitalizao-fitas-Rdio-UFSM-2b-272x182.jpg 272w\" sizes=\"(max-width: 800px) 100vw, 800px\" \/>\t\t\t\t\t\t\t\t\t\t\t\t\t<\/div>\n\t\t\t\t<\/div>\n\t\t\t\t\t<\/div>\n\t\t<\/div>\n\t\t\t\t<div class=\"elementor-column elementor-col-50 elementor-top-column elementor-element elementor-element-e12fbc7\" data-id=\"e12fbc7\" data-element_type=\"column\">\n\t\t\t<div class=\"elementor-widget-wrap elementor-element-populated\">\n\t\t\t\t\t\t<div class=\"elementor-element elementor-element-085ff81 elementor-widget elementor-widget-image\" data-id=\"085ff81\" data-element_type=\"widget\" data-widget_type=\"image.default\">\n\t\t\t\t<div class=\"elementor-widget-container\">\n\t\t\t\t\t\t\t\t\t\t\t\t\t<img decoding=\"async\" width=\"1024\" height=\"695\" src=\"https:\/\/www.ufsm.br\/app\/uploads\/sites\/400\/2019\/01\/UFSM.1981.334.LevantamentoApRadioUFSM.0004.jpg\" class=\"attachment-large size-large wp-image-697\" alt=\"\" srcset=\"https:\/\/www.ufsm.br\/app\/uploads\/sites\/400\/2019\/01\/UFSM.1981.334.LevantamentoApRadioUFSM.0004.jpg 1024w, https:\/\/www.ufsm.br\/app\/uploads\/sites\/400\/2019\/01\/UFSM.1981.334.LevantamentoApRadioUFSM.0004-300x204.jpg 300w, https:\/\/www.ufsm.br\/app\/uploads\/sites\/400\/2019\/01\/UFSM.1981.334.LevantamentoApRadioUFSM.0004-768x521.jpg 768w\" sizes=\"(max-width: 1024px) 100vw, 1024px\" \/>\t\t\t\t\t\t\t\t\t\t\t\t\t<\/div>\n\t\t\t\t<\/div>\n\t\t\t\t\t<\/div>\n\t\t<\/div>\n\t\t\t\t\t<\/div>\n\t\t<\/section>\n\t\t\t\t<section class=\"elementor-section elementor-top-section elementor-element elementor-element-838a803 elementor-section-boxed elementor-section-height-default elementor-section-height-default\" data-id=\"838a803\" data-element_type=\"section\">\n\t\t\t\t\t\t<div class=\"elementor-container elementor-column-gap-default\">\n\t\t\t\t\t<div class=\"elementor-column elementor-col-100 elementor-top-column elementor-element elementor-element-d01f617\" data-id=\"d01f617\" data-element_type=\"column\">\n\t\t\t<div class=\"elementor-widget-wrap elementor-element-populated\">\n\t\t\t\t\t\t<div class=\"elementor-element elementor-element-3de209c elementor-widget elementor-widget-text-editor\" data-id=\"3de209c\" data-element_type=\"widget\" data-widget_type=\"text-editor.default\">\n\t\t\t\t<div class=\"elementor-widget-container\">\n\t\t\t\t\t\t\t<p><em>&#8211; a digitaliza\u00e7\u00e3o das fitas magn\u00e9ticas de rolo em 2015 e o est\u00fadio da R\u00e1dio Universidade AM em 1981 &#8211;\u00a0<br \/><\/em><em>Fotos: Arquivo Fotogr\u00e1fico da UFSM &#8211; Departamento de Arquivo Geral<\/em><\/p><p><strong>P<\/strong><strong>RIMEIRA ETAPA:<\/strong><\/p><p>Descri\u00e7\u00e3o e classifica\u00e7\u00e3o dos discos de vinil. O total de discos descritos foi 6.854, sendo 1268 compactos e 4652 vinis, gravados de 1954 a 1995.\u00a0As a\u00e7\u00f5es que estavam previstas no cronograma \u2013 higieniza\u00e7\u00e3o e acondicionamento em envelopes de Tyvek, material sem acidez, n\u00e3o foram desenvolvidas porque n\u00e3o foi definido o local definitivo do armazenamento do acervo.<\/p>\t\t\t\t\t\t<\/div>\n\t\t\t\t<\/div>\n\t\t\t\t<div class=\"elementor-element elementor-element-bff146e elementor-widget elementor-widget-image\" data-id=\"bff146e\" data-element_type=\"widget\" data-widget_type=\"image.default\">\n\t\t\t\t<div class=\"elementor-widget-container\">\n\t\t\t\t\t\t\t\t\t\t\t\t\t<img decoding=\"async\" width=\"800\" height=\"533\" src=\"https:\/\/www.ufsm.br\/app\/uploads\/sites\/400\/2019\/01\/2015-maio-discote-Rdio-UFSM-2b.jpg\" class=\"attachment-large size-large wp-image-699\" alt=\"\" srcset=\"https:\/\/www.ufsm.br\/app\/uploads\/sites\/400\/2019\/01\/2015-maio-discote-Rdio-UFSM-2b.jpg 800w, https:\/\/www.ufsm.br\/app\/uploads\/sites\/400\/2019\/01\/2015-maio-discote-Rdio-UFSM-2b-300x200.jpg 300w, https:\/\/www.ufsm.br\/app\/uploads\/sites\/400\/2019\/01\/2015-maio-discote-Rdio-UFSM-2b-768x512.jpg 768w, https:\/\/www.ufsm.br\/app\/uploads\/sites\/400\/2019\/01\/2015-maio-discote-Rdio-UFSM-2b-272x182.jpg 272w\" sizes=\"(max-width: 800px) 100vw, 800px\" \/>\t\t\t\t\t\t\t\t\t\t\t\t\t<\/div>\n\t\t\t\t<\/div>\n\t\t\t\t\t<\/div>\n\t\t<\/div>\n\t\t\t\t\t<\/div>\n\t\t<\/section>\n\t\t\t\t<section class=\"elementor-section elementor-top-section elementor-element elementor-element-56a3525 elementor-section-boxed elementor-section-height-default elementor-section-height-default\" data-id=\"56a3525\" data-element_type=\"section\">\n\t\t\t\t\t\t<div class=\"elementor-container elementor-column-gap-default\">\n\t\t\t\t\t<div class=\"elementor-column elementor-col-100 elementor-top-column elementor-element elementor-element-420de08\" data-id=\"420de08\" data-element_type=\"column\">\n\t\t\t<div class=\"elementor-widget-wrap elementor-element-populated\">\n\t\t\t\t\t\t<div class=\"elementor-element elementor-element-d7936ee elementor-widget elementor-widget-text-editor\" data-id=\"d7936ee\" data-element_type=\"widget\" data-widget_type=\"text-editor.default\">\n\t\t\t\t<div class=\"elementor-widget-container\">\n\t\t\t\t\t\t\t<p><em>&#8211; a discoteca da R\u00e1dio Universidade AM em 2015 &#8211;\u00a0<br \/><\/em><em>Foto: Arquivo Fotogr\u00e1fico da UFSM &#8211; Departamento de Arquivo Geral<\/em><\/p><p>Visualize aqui o\u00a0<strong><a href=\"https:\/\/www.ufsm.br\/orgaos-suplementares\/dag\/wp-content\/uploads\/sites\/400\/2019\/01\/Discoteca-Rdio-UFSM-ndice-completo-2-1.pdf\" target=\"_blank\" rel=\"noopener noreferrer\">\u00edndice dos discos de vinil da Discoteca da R\u00e1dio Universidade UFSM<\/a><\/strong><a href=\"http:\/\/dag.ufsm.br\/images\/ProjetoMemoriaSonoraRadio\/Discoteca%20Rdio%20UFSM%20ndice%20completo%202.pdf\" target=\"_blank\" rel=\"noopener noreferrer\">.<\/a><\/p><p><strong>SEGUNDA ETAPA:<\/strong><\/p><p>Descri\u00e7\u00e3o das fitas magn\u00e9ticas de rolo com grava\u00e7\u00f5es de programas produzidos na emissora. O volume\u00a0total \u00e9 de 701 fitas.\u00a0Os \u00e1udios foram ouvidos com o aux\u00edlio de um Tape Gravador de Rolo AKAI Gx630d, equipamento este muito raro e em perfeito funcionamento na R\u00e1dio.<\/p>\t\t\t\t\t\t<\/div>\n\t\t\t\t<\/div>\n\t\t\t\t\t<\/div>\n\t\t<\/div>\n\t\t\t\t\t<\/div>\n\t\t<\/section>\n\t\t\t\t<section class=\"elementor-section elementor-top-section elementor-element elementor-element-c6c944c elementor-section-boxed elementor-section-height-default elementor-section-height-default\" data-id=\"c6c944c\" data-element_type=\"section\">\n\t\t\t\t\t\t<div class=\"elementor-container elementor-column-gap-default\">\n\t\t\t\t\t<div class=\"elementor-column elementor-col-100 elementor-top-column elementor-element elementor-element-7194f01\" data-id=\"7194f01\" data-element_type=\"column\">\n\t\t\t<div class=\"elementor-widget-wrap elementor-element-populated\">\n\t\t\t\t\t\t<div class=\"elementor-element elementor-element-35962c8 elementor-widget elementor-widget-image\" data-id=\"35962c8\" data-element_type=\"widget\" data-widget_type=\"image.default\">\n\t\t\t\t<div class=\"elementor-widget-container\">\n\t\t\t\t\t\t\t\t\t\t\t\t\t<img loading=\"lazy\" decoding=\"async\" width=\"420\" height=\"640\" src=\"https:\/\/www.ufsm.br\/app\/uploads\/sites\/400\/2019\/01\/2012-21-06-Rdio-UFSM-fitas-magnticas-3menor-1.jpg\" class=\"attachment-large size-large wp-image-702\" alt=\"\" srcset=\"https:\/\/www.ufsm.br\/app\/uploads\/sites\/400\/2019\/01\/2012-21-06-Rdio-UFSM-fitas-magnticas-3menor-1.jpg 420w, https:\/\/www.ufsm.br\/app\/uploads\/sites\/400\/2019\/01\/2012-21-06-Rdio-UFSM-fitas-magnticas-3menor-1-197x300.jpg 197w\" sizes=\"(max-width: 420px) 100vw, 420px\" \/>\t\t\t\t\t\t\t\t\t\t\t\t\t<\/div>\n\t\t\t\t<\/div>\n\t\t\t\t\t<\/div>\n\t\t<\/div>\n\t\t\t\t\t<\/div>\n\t\t<\/section>\n\t\t\t\t<section class=\"elementor-section elementor-top-section elementor-element elementor-element-b30ab0e elementor-section-boxed elementor-section-height-default elementor-section-height-default\" data-id=\"b30ab0e\" data-element_type=\"section\">\n\t\t\t\t\t\t<div class=\"elementor-container elementor-column-gap-default\">\n\t\t\t\t\t<div class=\"elementor-column elementor-col-100 elementor-top-column elementor-element elementor-element-acf4844\" data-id=\"acf4844\" data-element_type=\"column\">\n\t\t\t<div class=\"elementor-widget-wrap elementor-element-populated\">\n\t\t\t\t\t\t<div class=\"elementor-element elementor-element-9937eb0 elementor-widget elementor-widget-text-editor\" data-id=\"9937eb0\" data-element_type=\"widget\" data-widget_type=\"text-editor.default\">\n\t\t\t\t<div class=\"elementor-widget-container\">\n\t\t\t\t\t\t\t<p><em>&#8211; as fitas mgn\u00e9ticas de rolo (aquivos sonoros) da R\u00e1dio Universidade AM em 2012 &#8211;\u00a0<br \/><\/em><em>Foto: Arquivo Fotogr\u00e1fico da UFSM &#8211; Departamento de Arquivo Geral<\/em><\/p><p>Visualize aqui o <a href=\"https:\/\/www.ufsm.br\/app\/uploads\/sites\/400\/2023\/06\/UFSMArquivoSonoro-Radio-1969-a-2001.pdf\" target=\"_blank\" rel=\"noopener\"><strong>\u00edndice do Arquivo Sonoro de Fitas Magn\u00e9ticas de Rolo da R\u00e1dio Universidade UFSM<\/strong><\/a><\/p><p><strong>\u00a0<\/strong>Visualize aqui o<strong>\u00a0<a href=\"https:\/\/www.ufsm.br\/orgaos-suplementares\/dag\/wp-content\/uploads\/sites\/400\/2019\/01\/ndice-alfabtico-programas-Rdio-UFSM-1961-2014-1.pdf\" target=\"_blank\" rel=\"noopener noreferrer\">\u00edndice dos Programas Veiculados entre 1961 \u2013 2014<\/a><\/strong><\/p><p><strong>TERCEIRA ETAPA:<\/strong><\/p><p>Procedida a a\u00e7\u00e3o de descri\u00e7\u00e3o dos originais, passou-se a etapa de transposi\u00e7\u00e3o de m\u00eddia, para o acesso e pesquisa. Para o desenvolvimento desta etapa do projeto, a digitaliza\u00e7\u00e3o das fitas rolo, est\u00e1 sendo usado o software Reaper &#8211;\u00a0<a title=\"Acr\u00f4nimo\" href=\"http:\/\/pt.wikipedia.org\/wiki\/Acr%C3%B4nimo\">acr\u00f4nimo\u00a0<\/a>de\u00a0<i>Rapid Environment Audio Production Engineering and Recording<\/i>\u00a0o qual \u00e9 um softwarede grava\u00e7\u00e3o e mixagem de \u00e1udio, da categoria dos DAW, o qual foi acoplado no gravador AKAI.<\/p><p><strong>EQUIPE DO PROJETO:<\/strong><\/p><p>Cristina Strohschoen dos Santos, arquivista DAG, coordenadora do projeto<br \/>\u00a0Dione Calil Gomes, diretora DAG<br \/>\u00a0Graziela M. B. da Silva, chefe da Coordenadoria de Comunica\u00e7\u00e3o Social<br \/>\u00a0Jordan Junges, tae da R\u00e1dio<br \/>\u00a0Renato L. B. Molina, diretor da R\u00e1dio Universidade<br \/>\u00a0Rosilaine Zoch Bello, arquivista DAG<br \/>\u00a0S\u00e9rgio R. P. Cruz, tae da R\u00e1dio<\/p><table border=\"1\" cellspacing=\"0\" cellpadding=\"0\"><tbody><tr><td valign=\"top\"><p align=\"center\"><strong>BOLSISTAS<\/strong><\/p><\/td><td valign=\"top\"><p align=\"center\"><strong>PER\u00cdODO<\/strong><\/p><\/td><\/tr><tr><td valign=\"top\"><p>Aline M\u00e1rcia Prade<\/p><\/td><td valign=\"top\"><p>04\/2013 \u2013 01\/2014<\/p><\/td><\/tr><tr><td valign=\"top\"><p>K\u00e1tia Suelem Moreira<\/p><\/td><td valign=\"top\"><p>04\/2016 &#8211;<\/p><\/td><\/tr><tr><td valign=\"top\"><p>Luc\u00e9lia Amaral Gomes<\/p><\/td><td valign=\"top\"><p>09\/2012-12\/2012<\/p><\/td><\/tr><tr><td valign=\"top\"><p>Maur\u00edcio Ricalde de Souza<\/p><\/td><td valign=\"top\"><p>11\/2014 -12\/2015<\/p><\/td><\/tr><tr><td valign=\"top\"><p>Nathiele dos Santos dos Anjos<\/p><\/td><td valign=\"top\"><p>03\/2014 -10\/2014<\/p><\/td><\/tr><\/tbody><\/table>\t\t\t\t\t\t<\/div>\n\t\t\t\t<\/div>\n\t\t\t\t\t<\/div>\n\t\t<\/div>\n\t\t\t\t\t<\/div>\n\t\t<\/section>\n\t\t\t\t<\/div>\n\t\t","protected":false},"excerpt":{"rendered":"<p>Per\u00edodo de execu\u00e7\u00e3o: setembro de 2012 a setembro de 2017. O\u00a0Projeto Preserva\u00e7\u00e3o e Difus\u00e3o de Mem\u00f3ria Sonora no Acervo da R\u00e1dio Universidade da UFSM registrado na Proplan sob numero 033930 desenvolveu suas atividades de setembro de 2012 a setembro de 2017, em parceria com a R\u00e1dio Universidade 800 AM da Coordenadoria de Comunica\u00e7\u00e3o Social da [&hellip;]<\/p>\n","protected":false},"author":117,"featured_media":0,"parent":0,"menu_order":0,"comment_status":"closed","ping_status":"closed","template":"","meta":{"footnotes":""},"categories":[],"tags":[],"class_list":["post-695","page","type-page","status-publish","hentry"],"acf":[],"_links":{"self":[{"href":"https:\/\/www.ufsm.br\/orgaos-suplementares\/dag\/wp-json\/wp\/v2\/pages\/695","targetHints":{"allow":["GET"]}}],"collection":[{"href":"https:\/\/www.ufsm.br\/orgaos-suplementares\/dag\/wp-json\/wp\/v2\/pages"}],"about":[{"href":"https:\/\/www.ufsm.br\/orgaos-suplementares\/dag\/wp-json\/wp\/v2\/types\/page"}],"author":[{"embeddable":true,"href":"https:\/\/www.ufsm.br\/orgaos-suplementares\/dag\/wp-json\/wp\/v2\/users\/117"}],"replies":[{"embeddable":true,"href":"https:\/\/www.ufsm.br\/orgaos-suplementares\/dag\/wp-json\/wp\/v2\/comments?post=695"}],"version-history":[{"count":0,"href":"https:\/\/www.ufsm.br\/orgaos-suplementares\/dag\/wp-json\/wp\/v2\/pages\/695\/revisions"}],"wp:attachment":[{"href":"https:\/\/www.ufsm.br\/orgaos-suplementares\/dag\/wp-json\/wp\/v2\/media?parent=695"}],"wp:term":[{"taxonomy":"category","embeddable":true,"href":"https:\/\/www.ufsm.br\/orgaos-suplementares\/dag\/wp-json\/wp\/v2\/categories?post=695"},{"taxonomy":"post_tag","embeddable":true,"href":"https:\/\/www.ufsm.br\/orgaos-suplementares\/dag\/wp-json\/wp\/v2\/tags?post=695"}],"curies":[{"name":"wp","href":"https:\/\/api.w.org\/{rel}","templated":true}]}}