{"id":707,"date":"2019-01-31T09:09:18","date_gmt":"2019-01-31T11:09:18","guid":{"rendered":"https:\/\/www.ufsm.br\/orgaos-suplementares\/dag\/?page_id=707"},"modified":"2022-02-09T08:58:25","modified_gmt":"2022-02-09T11:58:25","slug":"projeto-orquestrando-arquivos-musicais-na-ufsm-historia-e-memoria-da-orquestra-sinfonica-de-santa-maria","status":"publish","type":"page","link":"https:\/\/www.ufsm.br\/orgaos-suplementares\/dag\/projeto-orquestrando-arquivos-musicais-na-ufsm-historia-e-memoria-da-orquestra-sinfonica-de-santa-maria","title":{"rendered":"Projeto Orquestrando Arquivos Musicais na UFSM: Hist\u00f3ria e Mem\u00f3ria da Orquestra Sinf\u00f4nica de Santa Maria"},"content":{"rendered":"\t\t<div data-elementor-type=\"wp-page\" data-elementor-id=\"707\" class=\"elementor elementor-707\">\n\t\t\t\t\t\t<section class=\"elementor-section elementor-top-section elementor-element elementor-element-4621856f elementor-section-boxed elementor-section-height-default elementor-section-height-default\" data-id=\"4621856f\" data-element_type=\"section\">\n\t\t\t\t\t\t<div class=\"elementor-container elementor-column-gap-default\">\n\t\t\t\t\t<div class=\"elementor-column elementor-col-100 elementor-top-column elementor-element elementor-element-5c2e057b\" data-id=\"5c2e057b\" data-element_type=\"column\">\n\t\t\t<div class=\"elementor-widget-wrap elementor-element-populated\">\n\t\t\t\t\t\t<div class=\"elementor-element elementor-element-2847c06e elementor-widget elementor-widget-text-editor\" data-id=\"2847c06e\" data-element_type=\"widget\" data-widget_type=\"text-editor.default\">\n\t\t\t\t<div class=\"elementor-widget-container\">\n\t\t\t\t\t\t\t<!-- wp:tadv\/classic-paragraph -->\n<p>In\u00edcio das atividades: setembro de 2017<\/p>\n<p>O objetivo do projeto \u00e9 promover a gest\u00e3o arquiv\u00edstica e preserva\u00e7\u00e3o do patrim\u00f4nio documental da Orquestra Sinf\u00f4nica da Universidade Federal de Santa Maria, visando ampliar a visibilidade dos arquivos e sua inser\u00e7\u00e3o na sociedade.<\/p>\n<p>O resultado esperado \u00e9 a preserva\u00e7\u00e3o da mem\u00f3ria e hist\u00f3ria da Orquestra Sinf\u00f4nica de Santa Maria assim como o acesso de pesquisadores e outros interessados na tem\u00e1tica musical ao arquivo.<\/p>\n<p>Ser\u00e3o desenvolvidas as seguintes atividades:<\/p>\n<ul>\n<li><em>Gest\u00e3o Arquiv\u00edstica de Documentos em Suporte n\u00e3o Papel<\/em><\/li>\n<\/ul>\n<p>\u00a0\u00a0\u00a0\u00a0\u00a0\u00a0\u00a0\u00a0 Para as fotografias digitais da orquestra, ser\u00e1 adotado o modelo j\u00e1 executado na Ag\u00eancia de Not\u00edcias da Coordenadoria de Comunica\u00e7\u00e3o Social, m\u00e9todo este implementado por orienta\u00e7\u00e3o do DAG. Os arquivos audiovisuais e sonoros (em suportes CDs, dvds e fitas vhs) ser\u00e3o identificados e listados e tamb\u00e9m inseridos nas pol\u00edticas de documenta\u00e7\u00e3o e preserva\u00e7\u00e3o da institui\u00e7\u00e3o.<\/p>\n<p>\u00a0 \u00a0 \u00a0 \u00a0<strong>\u00a0\u00a0As fotografias digitais da OSSM dos anos de 2016 e 2015 j\u00e1 est\u00e3o dispon\u00edveis na plataforma\u00a0\u00a0<a href=\"http:\/\/fonte.ufsm.br\/index.php\/iconografico-ufsm.\" target=\"_blank\" rel=\"noopener noreferrer\">http:\/\/fonte.ufsm.br\/index.php\/iconografico-ufsm.<\/a><\/strong><\/p>\n<!-- \/wp:tadv\/classic-paragraph -->\n\n<!-- wp:image {\"id\":708} -->\n<figure class=\"wp-block-image\"><img fetchpriority=\"high\" decoding=\"async\" width=\"1024\" height=\"607\" src=\"https:\/\/www.ufsm.br\/orgaos-suplementares\/dag\/wp-content\/uploads\/sites\/400\/2019\/01\/OSSM-no-Fonte-foto-2015.004.042.jpg\" alt=\"\" class=\"wp-image-708\" srcset=\"https:\/\/www.ufsm.br\/app\/uploads\/sites\/400\/2019\/01\/OSSM-no-Fonte-foto-2015.004.042.jpg 1024w, https:\/\/www.ufsm.br\/app\/uploads\/sites\/400\/2019\/01\/OSSM-no-Fonte-foto-2015.004.042-300x178.jpg 300w, https:\/\/www.ufsm.br\/app\/uploads\/sites\/400\/2019\/01\/OSSM-no-Fonte-foto-2015.004.042-768x455.jpg 768w\" sizes=\"(max-width: 1024px) 100vw, 1024px\" \/><\/figure>\n<!-- \/wp:image -->\n\n<ul>\n<li><em>Classifica\u00e7\u00e3o do Arquivo Corrente<\/em><\/li>\n<\/ul>\n<p>\u00a0\u00a0\u00a0\u00a0\u00a0\u00a0\u00a0\u00a0 Os documentos de 2014 em diante ser\u00e3o classificados de acordo com as normativas do Conselho Nacional de Arquivos e as pol\u00edticas de gest\u00e3o arquiv\u00edstica da UFSM. Ser\u00e3o usados como instrumentos o C\u00f3digo de Classifica\u00e7\u00e3o de Documentos de Arquivo para a Administra\u00e7\u00e3o P\u00fablica: atividades-meio e a\u00a0 Tabela B\u00e1sica de Temporalidade e Destina\u00e7\u00e3o de Documentos de Arquivo Relativos \u00e0s Atividades-meio da administra\u00e7\u00e3o p\u00fablica, aprovados pela resolu\u00e7\u00e3o 14 do Conarq; e o C\u00f3digo de Classifica\u00e7\u00e3o de Documentos de Arquivo relativos \u00e0s atividades-fim das IFES do Siga MEC.\u00a0 \u00a0 \u00a0 \u00a0 \u00a0<\/p>\n<ul>\n<li><em>Revis\u00e3o da Classifica\u00e7\u00e3o do Arquivo Intermedi\u00e1rio<\/em><\/li>\n<\/ul>\n<p>\u00a0\u00a0\u00a0\u00a0\u00a0\u00a0\u00a0\u00a0 Os documentos anteriores a 2013, j\u00e1 classificados por plano de classifica\u00e7\u00e3o de documentos estabelecido em 2007, ser\u00e3o revisados com vistas a elimina\u00e7\u00e3o de documentos e recolhimento de documentos hist\u00f3ricos \u00e0 Divis\u00e3o de Arquivo Permanente do DAG.\u00a0 \u00a0 \u00a0 \u00a0<\/p>\n<ul>\n<li><em>Reorganiza\u00e7\u00e3o do Arquivo de Partituras<\/em><\/li>\n<\/ul>\n<p>\u00a0 \u00a0 \u00a0 \u00a0 \u00a0O arquivo de partituras musicais ser\u00e1 revisado, com vistas a certificar-se da exist\u00eancia ou n\u00e3o de partituras de toda instrumenta\u00e7\u00e3o.\u00a0Al\u00e9m disso, ser\u00e3o inclu\u00eddos mais oito metadados na planilha do excel, com vistas ao registro da mem\u00f3ria dos concertos musicais e cruzamento de informa\u00e7\u00f5es com os dossi\u00eas dos eventos realizados. Esta atividade ser\u00e1 realizada por bolsista do Curso de Arquivologia, orientada por arquivista adscrito a Divis\u00e3o de Arquivo Permanente do DAG.<\/p>\n<p>\u00a0<\/p>\t\t\t\t\t\t<\/div>\n\t\t\t\t<\/div>\n\t\t\t\t\t<\/div>\n\t\t<\/div>\n\t\t\t\t\t<\/div>\n\t\t<\/section>\n\t\t\t\t<section class=\"elementor-section elementor-top-section elementor-element elementor-element-fc4c5eb elementor-section-boxed elementor-section-height-default elementor-section-height-default\" data-id=\"fc4c5eb\" data-element_type=\"section\">\n\t\t\t\t\t\t<div class=\"elementor-container elementor-column-gap-default\">\n\t\t\t\t\t<div class=\"elementor-column elementor-col-100 elementor-top-column elementor-element elementor-element-5f1ea43\" data-id=\"5f1ea43\" data-element_type=\"column\">\n\t\t\t<div class=\"elementor-widget-wrap elementor-element-populated\">\n\t\t\t\t\t\t<div class=\"elementor-element elementor-element-c196f8c elementor-widget elementor-widget-text-editor\" data-id=\"c196f8c\" data-element_type=\"widget\" data-widget_type=\"text-editor.default\">\n\t\t\t\t<div class=\"elementor-widget-container\">\n\t\t\t\t\t\t\t<p>EQUIPE DO PROJETO:<\/p>\n<p>Cristina Strohschoen dos Santos,\u00a0Arquivista Coordenadora<\/p>\n<p>Marco Antonio Penna, Diretor da OSSM<\/p>\n<p>Suzete Gassen da Silveira,\u00a0Secret\u00e1ria da OSSM<\/p>\n<p>Jo\u00e3o Batista Sartor, Diretor da OSSM<\/p>\n<p>Daiane Regina Segabinazzi Pradebon,\u00a0Arquivista DAG<\/p>\n<p>Geovana Gayer de Souza,\u00a0Arquivista DAG<\/p>\n<p>Alexandre Campanholo Rodrigues, Bolsista Acad\u00eamico de Desenho Industrial<\/p>\n<p>Augusto Dossa Carvalho, Bolsista Acad\u00eamico de M\u00fasica<\/p>\n<p>Gerson Luiz Santos Leal,\u00a0Servidor da OSSM\u00a0<\/p>\n<p>Helvio Spode da Silva, Bolsista Acad\u00eamco de Arquivologia<\/p>\n<p>Josilene Pereira Amorim, Bolsita Acad\u00eamico de Arquivologia<\/p>\n<p>Let\u00edcia de Freitas Gaiardo, Bolsista Acad\u00eamica de Arquivologia<\/p>\n<p>Luizane Borges de Deus, Bolsista Acad\u00eamica de Filosofia<\/p>\n<p>Marcos Machado Paulo, Bolsista Acad\u00eamico de Arquivologia<\/p>\n<p>Matheus Macagnan Stankowski, Bolsista Acad\u00eamico de Arquivologia<\/p>\n<p>Matheus Skoulade Kelling, Bolsista Acad\u00eamico de Arquivologia<\/p>\n<p>Tatiana Barcelos Fabr\u00edcio Medeiros, Bolsista Acad\u00eamica de Arquivologia<\/p>\n<p>\u00a0<\/p>\t\t\t\t\t\t<\/div>\n\t\t\t\t<\/div>\n\t\t\t\t\t<\/div>\n\t\t<\/div>\n\t\t\t\t\t<\/div>\n\t\t<\/section>\n\t\t\t\t<\/div>\n\t\t","protected":false},"excerpt":{"rendered":"<p>In\u00edcio das atividades: setembro de 2017 O objetivo do projeto \u00e9 promover a gest\u00e3o arquiv\u00edstica e preserva\u00e7\u00e3o do patrim\u00f4nio documental da Orquestra Sinf\u00f4nica da Universidade Federal de Santa Maria, visando ampliar a visibilidade dos arquivos e sua inser\u00e7\u00e3o na sociedade. O resultado esperado \u00e9 a preserva\u00e7\u00e3o da mem\u00f3ria e hist\u00f3ria da Orquestra Sinf\u00f4nica de Santa [&hellip;]<\/p>\n","protected":false},"author":117,"featured_media":0,"parent":0,"menu_order":0,"comment_status":"closed","ping_status":"closed","template":"","meta":{"footnotes":""},"categories":[],"tags":[],"class_list":["post-707","page","type-page","status-publish","hentry"],"acf":[],"_links":{"self":[{"href":"https:\/\/www.ufsm.br\/orgaos-suplementares\/dag\/wp-json\/wp\/v2\/pages\/707","targetHints":{"allow":["GET"]}}],"collection":[{"href":"https:\/\/www.ufsm.br\/orgaos-suplementares\/dag\/wp-json\/wp\/v2\/pages"}],"about":[{"href":"https:\/\/www.ufsm.br\/orgaos-suplementares\/dag\/wp-json\/wp\/v2\/types\/page"}],"author":[{"embeddable":true,"href":"https:\/\/www.ufsm.br\/orgaos-suplementares\/dag\/wp-json\/wp\/v2\/users\/117"}],"replies":[{"embeddable":true,"href":"https:\/\/www.ufsm.br\/orgaos-suplementares\/dag\/wp-json\/wp\/v2\/comments?post=707"}],"version-history":[{"count":0,"href":"https:\/\/www.ufsm.br\/orgaos-suplementares\/dag\/wp-json\/wp\/v2\/pages\/707\/revisions"}],"wp:attachment":[{"href":"https:\/\/www.ufsm.br\/orgaos-suplementares\/dag\/wp-json\/wp\/v2\/media?parent=707"}],"wp:term":[{"taxonomy":"category","embeddable":true,"href":"https:\/\/www.ufsm.br\/orgaos-suplementares\/dag\/wp-json\/wp\/v2\/categories?post=707"},{"taxonomy":"post_tag","embeddable":true,"href":"https:\/\/www.ufsm.br\/orgaos-suplementares\/dag\/wp-json\/wp\/v2\/tags?post=707"}],"curies":[{"name":"wp","href":"https:\/\/api.w.org\/{rel}","templated":true}]}}