{"id":28,"date":"2026-04-08T09:24:04","date_gmt":"2026-04-08T12:24:04","guid":{"rendered":"https:\/\/www.ufsm.br\/orgaos-suplementares\/dga\/?page_id=28"},"modified":"2026-04-08T09:33:02","modified_gmt":"2026-04-08T12:33:02","slug":"plano-de-logistica-sustentavel","status":"publish","type":"page","link":"https:\/\/www.ufsm.br\/orgaos-suplementares\/dga\/plano-de-logistica-sustentavel","title":{"rendered":"Plano de Log\u00edstica Sustent\u00e1vel"},"content":{"rendered":"\t\t<div data-elementor-type=\"wp-page\" data-elementor-id=\"28\" class=\"elementor elementor-28\">\n\t\t\t\t\t\t<section class=\"elementor-section elementor-top-section elementor-element elementor-element-ad4e70a elementor-section-boxed elementor-section-height-default elementor-section-height-default\" data-id=\"ad4e70a\" data-element_type=\"section\">\n\t\t\t\t\t\t<div class=\"elementor-container elementor-column-gap-default\">\n\t\t\t\t\t<div class=\"elementor-column elementor-col-100 elementor-top-column elementor-element elementor-element-ee1e646\" data-id=\"ee1e646\" data-element_type=\"column\">\n\t\t\t<div class=\"elementor-widget-wrap elementor-element-populated\">\n\t\t\t\t\t\t<div class=\"elementor-element elementor-element-d64248a elementor-widget elementor-widget-text-editor\" data-id=\"d64248a\" data-element_type=\"widget\" data-widget_type=\"text-editor.default\">\n\t\t\t\t<div class=\"elementor-widget-container\">\n\t\t\t\t\t\t\t<p dir=\"ltr\" style=\"line-height: 1.38;margin-top: 12pt;margin-bottom: 12pt\"><span style=\"background-color: transparent;color: #000000;font-family: Arial, sans-serif;font-size: 11pt\">Aprovado no final de 2024, o Plano Diretor de Log\u00edstica Sustent\u00e1vel (PLS) da UFSM tem como objetivo implementar a\u00e7\u00f5es sustent\u00e1veis em todas as \u00e1reas da Universidade, integrando a sustentabilidade ao cotidiano dos campi. As a\u00e7\u00f5es estabelecidas no PLS abrangem aspectos como consumo de energia e \u00e1gua, gest\u00e3o de res\u00edduos, transportes, compras e contrata\u00e7\u00f5es sustent\u00e1veis.<\/span><\/p><p dir=\"ltr\" style=\"line-height: 1.38;margin-top: 12pt;margin-bottom: 12pt\"><span style=\"font-size: 11pt;font-family: Arial,sans-serif;color: #000000;background-color: transparent;font-weight: 400;font-style: normal;font-variant: normal;text-decoration: none;vertical-align: baseline\">O plano possui vig\u00eancia de quatro anos, iniciando em 2025 e se estendendo at\u00e9 2028, reafirmando o compromisso da UFSM com a sustentabilidade e a redu\u00e7\u00e3o dos impactos ambientais. O PLS est\u00e1 alinhado \u00e0s pol\u00edticas, estrat\u00e9gias e planejamento da Institui\u00e7\u00e3o, ampliando as iniciativas de sustentabilidade presentes nos pilares do Plano de Desenvolvimento Institucional (PDI).<\/span><\/p><p dir=\"ltr\" style=\"line-height: 1.38;margin-top: 12pt;margin-bottom: 12pt\"><span style=\"font-size: 11pt;font-family: Arial,sans-serif;color: #000000;background-color: transparent;font-weight: bold;font-style: normal;font-variant: normal;text-decoration: none;vertical-align: baseline\">HIST\u00d3RICO DO PLS NO BRASIL<\/span><\/p><p dir=\"ltr\" style=\"line-height: 1.38;margin-top: 12pt;margin-bottom: 12pt\"><span style=\"font-size: 11pt;font-family: Arial,sans-serif;color: #000000;background-color: transparent;font-weight: 400;font-style: normal;font-variant: normal;text-decoration: none;vertical-align: baseline\">O Plano de Log\u00edstica Sustent\u00e1vel foi institu\u00eddo no Brasil pelo Decreto n\u00ba 7.746\/2012, que regulamenta a Pol\u00edtica Nacional de Desenvolvimento Sustent\u00e1vel e incentiva as contrata\u00e7\u00f5es p\u00fablicas sustent\u00e1veis. Posteriormente, a Instru\u00e7\u00e3o Normativa n\u00ba 10\/2012 do Minist\u00e9rio do Planejamento detalhou as diretrizes para a elabora\u00e7\u00e3o e implementa\u00e7\u00e3o dos PLS nas institui\u00e7\u00f5es p\u00fablicas federais.<\/span><\/p><p dir=\"ltr\" style=\"line-height: 1.38;margin-top: 12pt;margin-bottom: 12pt\"><span style=\"font-size: 11pt;font-family: Arial,sans-serif;color: #000000;background-color: transparent;font-weight: 400;font-style: normal;font-variant: normal;text-decoration: none;vertical-align: baseline\">O PLS visa integrar a\u00e7\u00f5es que promovam a sustentabilidade em todos os \u00e2mbitos da administra\u00e7\u00e3o p\u00fablica, abrangendo desde a gest\u00e3o de recursos naturais e energ\u00e9ticos at\u00e9 o est\u00edmulo \u00e0 economia circular e a ado\u00e7\u00e3o de pr\u00e1ticas ambientalmente respons\u00e1veis. Como parte da estrat\u00e9gia nacional de sustentabilidade, o plano tem relev\u00e2ncia significativa ao alinhar as institui\u00e7\u00f5es p\u00fablicas \u00e0s metas de desenvolvimento sustent\u00e1vel, contribuindo diretamente para o cumprimento dos compromissos clim\u00e1ticos assumidos pelo Brasil em f\u00f3runs internacionais.<\/span><\/p><p dir=\"ltr\" style=\"line-height: 1.38;margin-top: 12pt;margin-bottom: 12pt\"><span style=\"font-size: 11pt;font-family: Arial,sans-serif;color: #000000;background-color: transparent;font-weight: 400;font-style: normal;font-variant: normal;text-decoration: none;vertical-align: baseline\">Al\u00e9m de promover a efici\u00eancia e a redu\u00e7\u00e3o de desperd\u00edcios, o PLS refor\u00e7a a import\u00e2ncia do setor p\u00fablico como indutor de boas pr\u00e1ticas socioambientais e de inova\u00e7\u00e3o sustent\u00e1vel.<\/span><\/p><p dir=\"ltr\" style=\"line-height: 1.38;margin-top: 12pt;margin-bottom: 12pt\"><span style=\"font-size: 11pt;font-family: Arial,sans-serif;color: #000000;background-color: transparent;font-weight: bold;font-style: normal;font-variant: normal;text-decoration: none;vertical-align: baseline\">EIXOS TEM\u00c1TICOS<\/span><\/p><p dir=\"ltr\" style=\"line-height: 1.38;margin-top: 12pt;margin-bottom: 12pt\"><span style=\"font-size: 11pt;font-family: Arial,sans-serif;color: #000000;background-color: transparent;font-weight: 400;font-style: normal;font-variant: normal;text-decoration: none;vertical-align: baseline\">Para garantir maior efetividade, o PLS foi estruturado em 11 t\u00f3picos que tratam de temas espec\u00edficos:<\/span><\/p><ol style=\"margin-top: 0;margin-bottom: 0;padding-inline-start: 48px\"><li dir=\"ltr\" style=\"list-style-type: decimal;font-size: 11pt;font-family: Arial,sans-serif;color: #000000;background-color: transparent;font-weight: 400;font-style: normal;font-variant: normal;text-decoration: none;vertical-align: baseline\"><p dir=\"ltr\" style=\"line-height: 1.38;margin-top: 12pt;margin-bottom: 0pt\" role=\"presentation\"><span style=\"font-size: 11pt;font-family: Arial,sans-serif;color: #000000;background-color: transparent;font-weight: 400;font-style: normal;font-variant: normal;text-decoration: none;vertical-align: baseline\">Promo\u00e7\u00e3o da racionaliza\u00e7\u00e3o e do consumo consciente de bens e servi\u00e7os;<\/span><\/p><\/li><li dir=\"ltr\" style=\"list-style-type: decimal;font-size: 11pt;font-family: Arial,sans-serif;color: #000000;background-color: transparent;font-weight: 400;font-style: normal;font-variant: normal;text-decoration: none;vertical-align: baseline\"><p dir=\"ltr\" style=\"line-height: 1.38;margin-top: 0pt;margin-bottom: 0pt\" role=\"presentation\"><span style=\"font-size: 11pt;font-family: Arial,sans-serif;color: #000000;background-color: transparent;font-weight: 400;font-style: normal;font-variant: normal;text-decoration: none;vertical-align: baseline\">Racionaliza\u00e7\u00e3o da ocupa\u00e7\u00e3o dos espa\u00e7os f\u00edsicos;<\/span><\/p><\/li><li dir=\"ltr\" style=\"list-style-type: decimal;font-size: 11pt;font-family: Arial,sans-serif;color: #000000;background-color: transparent;font-weight: 400;font-style: normal;font-variant: normal;text-decoration: none;vertical-align: baseline\"><p dir=\"ltr\" style=\"line-height: 1.38;margin-top: 0pt;margin-bottom: 0pt\" role=\"presentation\"><span style=\"font-size: 11pt;font-family: Arial,sans-serif;color: #000000;background-color: transparent;font-weight: 400;font-style: normal;font-variant: normal;text-decoration: none;vertical-align: baseline\">Identifica\u00e7\u00e3o de objetivos de menor impacto ambiental;<\/span><\/p><\/li><li dir=\"ltr\" style=\"list-style-type: decimal;font-size: 11pt;font-family: Arial,sans-serif;color: #000000;background-color: transparent;font-weight: 400;font-style: normal;font-variant: normal;text-decoration: none;vertical-align: baseline\"><p dir=\"ltr\" style=\"line-height: 1.38;margin-top: 0pt;margin-bottom: 0pt\" role=\"presentation\"><span style=\"font-size: 11pt;font-family: Arial,sans-serif;color: #000000;background-color: transparent;font-weight: 400;font-style: normal;font-variant: normal;text-decoration: none;vertical-align: baseline\">Fomento \u00e0 inova\u00e7\u00e3o no mercado;<\/span><\/p><\/li><li dir=\"ltr\" style=\"list-style-type: decimal;font-size: 11pt;font-family: Arial,sans-serif;color: #000000;background-color: transparent;font-weight: 400;font-style: normal;font-variant: normal;text-decoration: none;vertical-align: baseline\"><p dir=\"ltr\" style=\"line-height: 1.38;margin-top: 0pt;margin-bottom: 0pt\" role=\"presentation\"><span style=\"font-size: 11pt;font-family: Arial,sans-serif;color: #000000;background-color: transparent;font-weight: 400;font-style: normal;font-variant: normal;text-decoration: none;vertical-align: baseline\">Inclus\u00e3o dos neg\u00f3cios de impacto nas contrata\u00e7\u00f5es p\u00fablicas;<\/span><\/p><\/li><li dir=\"ltr\" style=\"list-style-type: decimal;font-size: 11pt;font-family: Arial,sans-serif;color: #000000;background-color: transparent;font-weight: 400;font-style: normal;font-variant: normal;text-decoration: none;vertical-align: baseline\"><p dir=\"ltr\" style=\"line-height: 1.38;margin-top: 0pt;margin-bottom: 0pt\" role=\"presentation\"><span style=\"font-size: 11pt;font-family: Arial,sans-serif;color: #000000;background-color: transparent;font-weight: 400;font-style: normal;font-variant: normal;text-decoration: none;vertical-align: baseline\">Divulga\u00e7\u00e3o, conscientiza\u00e7\u00e3o e capacita\u00e7\u00e3o;<\/span><\/p><\/li><li dir=\"ltr\" style=\"list-style-type: decimal;font-size: 11pt;font-family: Arial,sans-serif;color: #000000;background-color: transparent;font-weight: 400;font-style: normal;font-variant: normal;text-decoration: none;vertical-align: baseline\"><p dir=\"ltr\" style=\"line-height: 1.38;margin-top: 0pt;margin-bottom: 0pt\" role=\"presentation\"><span style=\"font-size: 11pt;font-family: Arial,sans-serif;color: #000000;background-color: transparent;font-weight: 400;font-style: normal;font-variant: normal;text-decoration: none;vertical-align: baseline\">Gest\u00e3o de \u00e1gua e saneamento ambiental;<\/span><\/p><\/li><li dir=\"ltr\" style=\"list-style-type: decimal;font-size: 11pt;font-family: Arial,sans-serif;color: #000000;background-color: transparent;font-weight: 400;font-style: normal;font-variant: normal;text-decoration: none;vertical-align: baseline\"><p dir=\"ltr\" style=\"line-height: 1.38;margin-top: 0pt;margin-bottom: 0pt\" role=\"presentation\"><span style=\"font-size: 11pt;font-family: Arial,sans-serif;color: #000000;background-color: transparent;font-weight: 400;font-style: normal;font-variant: normal;text-decoration: none;vertical-align: baseline\">Gest\u00e3o de energia;<\/span><\/p><\/li><li dir=\"ltr\" style=\"list-style-type: decimal;font-size: 11pt;font-family: Arial,sans-serif;color: #000000;background-color: transparent;font-weight: 400;font-style: normal;font-variant: normal;text-decoration: none;vertical-align: baseline\"><p dir=\"ltr\" style=\"line-height: 1.38;margin-top: 0pt;margin-bottom: 0pt\" role=\"presentation\"><span style=\"font-size: 11pt;font-family: Arial,sans-serif;color: #000000;background-color: transparent;font-weight: 400;font-style: normal;font-variant: normal;text-decoration: none;vertical-align: baseline\">Gest\u00e3o de res\u00edduos (coleta seletiva);<\/span><\/p><\/li><li dir=\"ltr\" style=\"list-style-type: decimal;font-size: 11pt;font-family: Arial,sans-serif;color: #000000;background-color: transparent;font-weight: 400;font-style: normal;font-variant: normal;text-decoration: none;vertical-align: baseline\"><p dir=\"ltr\" style=\"line-height: 1.38;margin-top: 0pt;margin-bottom: 0pt\" role=\"presentation\"><span style=\"font-size: 11pt;font-family: Arial,sans-serif;color: #000000;background-color: transparent;font-weight: 400;font-style: normal;font-variant: normal;text-decoration: none;vertical-align: baseline\">Arboriza\u00e7\u00e3o e manuten\u00e7\u00e3o de \u00e1reas verdes;<\/span><\/p><\/li><li dir=\"ltr\" style=\"list-style-type: decimal;font-size: 11pt;font-family: Arial,sans-serif;color: #000000;background-color: transparent;font-weight: 400;font-style: normal;font-variant: normal;text-decoration: none;vertical-align: baseline\"><p dir=\"ltr\" style=\"line-height: 1.38;margin-top: 0pt;margin-bottom: 12pt\" role=\"presentation\"><span style=\"font-size: 11pt;font-family: Arial,sans-serif;color: #000000;background-color: transparent;font-weight: 400;font-style: normal;font-variant: normal;text-decoration: none;vertical-align: baseline\">Tecnologia da Informa\u00e7\u00e3o Verde.<\/span><\/p><\/li><\/ol><p dir=\"ltr\" style=\"line-height: 1.38;margin-top: 12pt;margin-bottom: 12pt\"><span style=\"font-size: 11pt;font-family: Arial,sans-serif;color: #000000;background-color: transparent;font-weight: 400;font-style: normal;font-variant: normal;text-decoration: none;vertical-align: baseline\">Cada eixo cont\u00e9m objetivos, metas, indicadores, informa\u00e7\u00f5es sobre a implementa\u00e7\u00e3o das a\u00e7\u00f5es, unidades respons\u00e1veis e prazos de execu\u00e7\u00e3o.<\/span><\/p><p dir=\"ltr\" style=\"line-height: 1.38;margin-top: 12pt;margin-bottom: 12pt\"><span style=\"font-size: 11pt;font-family: Arial,sans-serif;color: #000000;background-color: transparent;font-weight: bold;font-style: normal;font-variant: normal;text-decoration: none;vertical-align: baseline\">PR\u00d3XIMOS PASSOS<\/span><\/p><p dir=\"ltr\" style=\"line-height: 1.38;margin-top: 12pt;margin-bottom: 12pt\"><span style=\"font-size: 11pt;font-family: Arial,sans-serif;color: #000000;background-color: transparent;font-weight: 400;font-style: normal;font-variant: normal;text-decoration: none;vertical-align: baseline\">Ap\u00f3s a aprova\u00e7\u00e3o, a Comiss\u00e3o Gestora do PLS ser\u00e1 respons\u00e1vel pela elabora\u00e7\u00e3o, implementa\u00e7\u00e3o e monitoramento das a\u00e7\u00f5es, contando com o suporte das coordenadorias da Pr\u00f3-Reitoria de Planejamento (Proplan).<\/span><\/p><p dir=\"ltr\" style=\"line-height: 1.38;margin-top: 12pt;margin-bottom: 12pt\"><span style=\"font-size: 11pt;font-family: Arial,sans-serif;color: #000000;background-color: transparent;font-weight: 400;font-style: normal;font-variant: normal;text-decoration: none;vertical-align: baseline\">O monitoramento e a avalia\u00e7\u00e3o ser\u00e3o conduzidos em tr\u00eas etapas: monitoramento cont\u00ednuo, avalia\u00e7\u00e3o peri\u00f3dica e elabora\u00e7\u00e3o de um relat\u00f3rio final. Este relat\u00f3rio ser\u00e1 entregue \u00e0 administra\u00e7\u00e3o da Universidade e publicado para garantir transpar\u00eancia e engajamento da comunidade acad\u00eamica.<\/span><\/p><div><span style=\"font-size: 11pt;font-family: Arial,sans-serif;color: #000000;background-color: transparent;font-weight: 400;font-style: normal;font-variant: normal;text-decoration: none;vertical-align: baseline\">\u00a0<\/span><\/div>\t\t\t\t\t\t<\/div>\n\t\t\t\t<\/div>\n\t\t\t\t\t<\/div>\n\t\t<\/div>\n\t\t\t\t\t<\/div>\n\t\t<\/section>\n\t\t\t\t<section class=\"elementor-section elementor-top-section elementor-element elementor-element-03f00e1 elementor-section-boxed elementor-section-height-default elementor-section-height-default\" data-id=\"03f00e1\" data-element_type=\"section\">\n\t\t\t\t\t\t<div class=\"elementor-container elementor-column-gap-default\">\n\t\t\t\t\t<div class=\"elementor-column elementor-col-33 elementor-top-column elementor-element elementor-element-931c1e6\" data-id=\"931c1e6\" data-element_type=\"column\">\n\t\t\t<div class=\"elementor-widget-wrap elementor-element-populated\">\n\t\t\t\t\t\t<div class=\"elementor-element elementor-element-4c40684 elementor-widget elementor-widget-heading\" data-id=\"4c40684\" data-element_type=\"widget\" data-widget_type=\"heading.default\">\n\t\t\t\t<div class=\"elementor-widget-container\">\n\t\t\t<h4 class=\"elementor-heading-title elementor-size-default\">Equipe de Elabora\u00e7\u00e3o<\/h4>\t\t<\/div>\n\t\t\t\t<\/div>\n\t\t\t\t<div class=\"elementor-element elementor-element-a424e17 elementor-align-center elementor-widget elementor-widget-button\" data-id=\"a424e17\" data-element_type=\"widget\" data-widget_type=\"button.default\">\n\t\t\t\t<div class=\"elementor-widget-container\">\n\t\t\t\t\t\t\t<div class=\"elementor-button-wrapper\">\n\t\t\t\t\t<a class=\"elementor-button elementor-button-link elementor-size-sm\" href=\"https:\/\/portal.ufsm.br\/documentos\/publico\/documento.html?id=14745608\">\n\t\t\t\t\t\t<span class=\"elementor-button-content-wrapper\">\n\t\t\t\t\t\t\t\t\t<span class=\"elementor-button-text\">Portaria Normativa 068\/2023<\/span>\n\t\t\t\t\t<\/span>\n\t\t\t\t\t<\/a>\n\t\t\t\t<\/div>\n\t\t\t\t\t\t<\/div>\n\t\t\t\t<\/div>\n\t\t\t\t<div class=\"elementor-element elementor-element-5fde820 elementor-align-center elementor-widget elementor-widget-button\" data-id=\"5fde820\" data-element_type=\"widget\" data-widget_type=\"button.default\">\n\t\t\t\t<div class=\"elementor-widget-container\">\n\t\t\t\t\t\t\t<div class=\"elementor-button-wrapper\">\n\t\t\t\t\t<a class=\"elementor-button elementor-button-link elementor-size-sm\" href=\"https:\/\/portal.ufsm.br\/documentos\/publico\/documento.html?id=15021436\">\n\t\t\t\t\t\t<span class=\"elementor-button-content-wrapper\">\n\t\t\t\t\t\t\t\t\t<span class=\"elementor-button-text\">Portaria de Pessoal n\u00ba 667\/2024<\/span>\n\t\t\t\t\t<\/span>\n\t\t\t\t\t<\/a>\n\t\t\t\t<\/div>\n\t\t\t\t\t\t<\/div>\n\t\t\t\t<\/div>\n\t\t\t\t\t<\/div>\n\t\t<\/div>\n\t\t\t\t<div class=\"elementor-column elementor-col-33 elementor-top-column elementor-element elementor-element-a285bef\" data-id=\"a285bef\" data-element_type=\"column\">\n\t\t\t<div class=\"elementor-widget-wrap elementor-element-populated\">\n\t\t\t\t\t\t<div class=\"elementor-element elementor-element-7330ab7 elementor-widget elementor-widget-heading\" data-id=\"7330ab7\" data-element_type=\"widget\" data-widget_type=\"heading.default\">\n\t\t\t\t<div class=\"elementor-widget-container\">\n\t\t\t<h4 class=\"elementor-heading-title elementor-size-default\">Planos<\/h4>\t\t<\/div>\n\t\t\t\t<\/div>\n\t\t\t\t<div class=\"elementor-element elementor-element-b17d766 elementor-align-center elementor-widget elementor-widget-button\" data-id=\"b17d766\" data-element_type=\"widget\" data-widget_type=\"button.default\">\n\t\t\t\t<div class=\"elementor-widget-container\">\n\t\t\t\t\t\t\t<div class=\"elementor-button-wrapper\">\n\t\t\t\t\t<a class=\"elementor-button elementor-button-link elementor-size-sm\" href=\"https:\/\/portal.ufsm.br\/documentos\/publico\/documento.html?id=15330882\">\n\t\t\t\t\t\t<span class=\"elementor-button-content-wrapper\">\n\t\t\t\t\t\t\t\t\t<span class=\"elementor-button-text\">PLS 2025-2028<\/span>\n\t\t\t\t\t<\/span>\n\t\t\t\t\t<\/a>\n\t\t\t\t<\/div>\n\t\t\t\t\t\t<\/div>\n\t\t\t\t<\/div>\n\t\t\t\t<div class=\"elementor-element elementor-element-2932ca0 elementor-align-center elementor-widget elementor-widget-button\" data-id=\"2932ca0\" data-element_type=\"widget\" data-widget_type=\"button.default\">\n\t\t\t\t<div class=\"elementor-widget-container\">\n\t\t\t\t\t\t\t<div class=\"elementor-button-wrapper\">\n\t\t\t\t\t<a class=\"elementor-button elementor-button-link elementor-size-sm\" href=\"https:\/\/portal.ufsm.br\/documentos\/publico\/documento.html?id=15322313%20\">\n\t\t\t\t\t\t<span class=\"elementor-button-content-wrapper\">\n\t\t\t\t\t\t\t\t\t<span class=\"elementor-button-text\">PLS 2019-2021<\/span>\n\t\t\t\t\t<\/span>\n\t\t\t\t\t<\/a>\n\t\t\t\t<\/div>\n\t\t\t\t\t\t<\/div>\n\t\t\t\t<\/div>\n\t\t\t\t<div class=\"elementor-element elementor-element-3d9ca3b elementor-align-center elementor-widget elementor-widget-button\" data-id=\"3d9ca3b\" data-element_type=\"widget\" data-widget_type=\"button.default\">\n\t\t\t\t<div class=\"elementor-widget-container\">\n\t\t\t\t\t\t\t<div class=\"elementor-button-wrapper\">\n\t\t\t\t\t<a class=\"elementor-button elementor-button-link elementor-size-sm\" href=\"https:\/\/portal.ufsm.br\/documentos\/publico\/documento.html?id=15322306%20\">\n\t\t\t\t\t\t<span class=\"elementor-button-content-wrapper\">\n\t\t\t\t\t\t\t\t\t<span class=\"elementor-button-text\">PLS 2016-2018<\/span>\n\t\t\t\t\t<\/span>\n\t\t\t\t\t<\/a>\n\t\t\t\t<\/div>\n\t\t\t\t\t\t<\/div>\n\t\t\t\t<\/div>\n\t\t\t\t<div class=\"elementor-element elementor-element-22baf95 elementor-align-center elementor-widget elementor-widget-button\" data-id=\"22baf95\" data-element_type=\"widget\" data-widget_type=\"button.default\">\n\t\t\t\t<div class=\"elementor-widget-container\">\n\t\t\t\t\t\t\t<div class=\"elementor-button-wrapper\">\n\t\t\t\t\t<a class=\"elementor-button elementor-button-link elementor-size-sm\" href=\"https:\/\/portal.ufsm.br\/documentos\/publico\/documento.html?id=15322268%20\">\n\t\t\t\t\t\t<span class=\"elementor-button-content-wrapper\">\n\t\t\t\t\t\t\t\t\t<span class=\"elementor-button-text\">PLS 2013-2015<\/span>\n\t\t\t\t\t<\/span>\n\t\t\t\t\t<\/a>\n\t\t\t\t<\/div>\n\t\t\t\t\t\t<\/div>\n\t\t\t\t<\/div>\n\t\t\t\t\t<\/div>\n\t\t<\/div>\n\t\t\t\t<div class=\"elementor-column elementor-col-33 elementor-top-column elementor-element elementor-element-31fd2d4\" data-id=\"31fd2d4\" data-element_type=\"column\">\n\t\t\t<div class=\"elementor-widget-wrap elementor-element-populated\">\n\t\t\t\t\t\t<div class=\"elementor-element elementor-element-1b0af91 elementor-widget elementor-widget-heading\" data-id=\"1b0af91\" data-element_type=\"widget\" data-widget_type=\"heading.default\">\n\t\t\t\t<div class=\"elementor-widget-container\">\n\t\t\t<h4 class=\"elementor-heading-title elementor-size-default\">Atas e relat\u00f3rios<\/h4>\t\t<\/div>\n\t\t\t\t<\/div>\n\t\t\t\t\t<\/div>\n\t\t<\/div>\n\t\t\t\t\t<\/div>\n\t\t<\/section>\n\t\t\t\t<\/div>\n\t\t","protected":false},"excerpt":{"rendered":"<p>Aprovado no final de 2024, o Plano Diretor de Log\u00edstica Sustent\u00e1vel (PLS) da UFSM tem como objetivo implementar a\u00e7\u00f5es sustent\u00e1veis em todas as \u00e1reas da Universidade, integrando a sustentabilidade ao cotidiano dos campi. As a\u00e7\u00f5es estabelecidas no PLS abrangem aspectos como consumo de energia e \u00e1gua, gest\u00e3o de res\u00edduos, transportes, compras e contrata\u00e7\u00f5es sustent\u00e1veis. O [&hellip;]<\/p>\n","protected":false},"author":278,"featured_media":0,"parent":0,"menu_order":0,"comment_status":"closed","ping_status":"closed","template":"","meta":{"footnotes":""},"categories":[],"tags":[],"class_list":["post-28","page","type-page","status-publish","hentry"],"acf":[],"_links":{"self":[{"href":"https:\/\/www.ufsm.br\/orgaos-suplementares\/dga\/wp-json\/wp\/v2\/pages\/28","targetHints":{"allow":["GET"]}}],"collection":[{"href":"https:\/\/www.ufsm.br\/orgaos-suplementares\/dga\/wp-json\/wp\/v2\/pages"}],"about":[{"href":"https:\/\/www.ufsm.br\/orgaos-suplementares\/dga\/wp-json\/wp\/v2\/types\/page"}],"author":[{"embeddable":true,"href":"https:\/\/www.ufsm.br\/orgaos-suplementares\/dga\/wp-json\/wp\/v2\/users\/278"}],"replies":[{"embeddable":true,"href":"https:\/\/www.ufsm.br\/orgaos-suplementares\/dga\/wp-json\/wp\/v2\/comments?post=28"}],"version-history":[{"count":0,"href":"https:\/\/www.ufsm.br\/orgaos-suplementares\/dga\/wp-json\/wp\/v2\/pages\/28\/revisions"}],"wp:attachment":[{"href":"https:\/\/www.ufsm.br\/orgaos-suplementares\/dga\/wp-json\/wp\/v2\/media?parent=28"}],"wp:term":[{"taxonomy":"category","embeddable":true,"href":"https:\/\/www.ufsm.br\/orgaos-suplementares\/dga\/wp-json\/wp\/v2\/categories?post=28"},{"taxonomy":"post_tag","embeddable":true,"href":"https:\/\/www.ufsm.br\/orgaos-suplementares\/dga\/wp-json\/wp\/v2\/tags?post=28"}],"curies":[{"name":"wp","href":"https:\/\/api.w.org\/{rel}","templated":true}]}}