{"id":30,"date":"2026-04-08T10:01:28","date_gmt":"2026-04-08T13:01:28","guid":{"rendered":"https:\/\/www.ufsm.br\/orgaos-suplementares\/dga\/?page_id=30"},"modified":"2026-04-08T10:02:04","modified_gmt":"2026-04-08T13:02:04","slug":"politica-socioambiental-da-ufsm","status":"publish","type":"page","link":"https:\/\/www.ufsm.br\/orgaos-suplementares\/dga\/politica-socioambiental-da-ufsm","title":{"rendered":"Pol\u00edtica Socioambiental da UFSM"},"content":{"rendered":"\t\t<div data-elementor-type=\"wp-page\" data-elementor-id=\"30\" class=\"elementor elementor-30\">\n\t\t\t\t\t\t<section class=\"elementor-section elementor-top-section elementor-element elementor-element-3ab4e5db elementor-section-boxed elementor-section-height-default elementor-section-height-default\" data-id=\"3ab4e5db\" data-element_type=\"section\">\n\t\t\t\t\t\t<div class=\"elementor-container elementor-column-gap-default\">\n\t\t\t\t\t<div class=\"elementor-column elementor-col-100 elementor-top-column elementor-element elementor-element-34f079e4\" data-id=\"34f079e4\" data-element_type=\"column\">\n\t\t\t<div class=\"elementor-widget-wrap elementor-element-populated\">\n\t\t\t\t\t\t<div class=\"elementor-element elementor-element-537509f0 elementor-widget elementor-widget-text-editor\" data-id=\"537509f0\" data-element_type=\"widget\" data-widget_type=\"text-editor.default\">\n\t\t\t\t<div class=\"elementor-widget-container\">\n\t\t\t\t\t\t\t<!-- wp:paragraph -->\n<p>A elabora\u00e7\u00e3o da Pol\u00edtica Socioambiental da Universidade Federal de Santa Maria (UFSM) \u00e9 o resultado de um processo coletivo e democr\u00e1tico, fundamentado no compromisso institucional com a Agenda 2030 e os Objetivos de Desenvolvimento Sustent\u00e1vel (ODS) da ONU. <\/p>\n<!-- \/wp:paragraph -->\n\n<!-- wp:paragraph -->\n<p>Constru\u00edda por meio de consultas p\u00fablicas e debates que envolveram docentes, t\u00e9cnicos-administrativos e estudantes, a pol\u00edtica foi estruturada para institucionalizar pr\u00e1ticas de gest\u00e3o sustent\u00e1vel, conserva\u00e7\u00e3o da biodiversidade e justi\u00e7a social em todos os campi. <\/p>\n<!-- \/wp:paragraph -->\t\t\t\t\t\t<\/div>\n\t\t\t\t<\/div>\n\t\t\t\t\t<\/div>\n\t\t<\/div>\n\t\t\t\t\t<\/div>\n\t\t<\/section>\n\t\t\t\t<section class=\"elementor-section elementor-top-section elementor-element elementor-element-5379f01 elementor-section-boxed elementor-section-height-default elementor-section-height-default\" data-id=\"5379f01\" data-element_type=\"section\">\n\t\t\t\t\t\t<div class=\"elementor-container elementor-column-gap-default\">\n\t\t\t\t\t<div class=\"elementor-column elementor-col-100 elementor-top-column elementor-element elementor-element-86b1a8d\" data-id=\"86b1a8d\" data-element_type=\"column\">\n\t\t\t<div class=\"elementor-widget-wrap elementor-element-populated\">\n\t\t\t\t\t\t<div class=\"elementor-element elementor-element-70b15b7 elementor-widget elementor-widget-button\" data-id=\"70b15b7\" data-element_type=\"widget\" data-widget_type=\"button.default\">\n\t\t\t\t<div class=\"elementor-widget-container\">\n\t\t\t\t\t\t\t<div class=\"elementor-button-wrapper\">\n\t\t\t\t\t<a class=\"elementor-button elementor-button-link elementor-size-sm\" href=\"https:\/\/www.ufsm.br\/pro-reitorias\/proplan\/resolucao-ufsm-n-197-2025\">\n\t\t\t\t\t\t<span class=\"elementor-button-content-wrapper\">\n\t\t\t\t\t\t\t\t\t<span class=\"elementor-button-text\">Pol\u00edtica Socioambiental da UFSM<\/span>\n\t\t\t\t\t<\/span>\n\t\t\t\t\t<\/a>\n\t\t\t\t<\/div>\n\t\t\t\t\t\t<\/div>\n\t\t\t\t<\/div>\n\t\t\t\t\t<\/div>\n\t\t<\/div>\n\t\t\t\t\t<\/div>\n\t\t<\/section>\n\t\t\t\t<\/div>\n\t\t","protected":false},"excerpt":{"rendered":"<p>A elabora\u00e7\u00e3o da Pol\u00edtica Socioambiental da Universidade Federal de Santa Maria (UFSM) \u00e9 o resultado de um processo coletivo e democr\u00e1tico, fundamentado no compromisso institucional com a Agenda 2030 e os Objetivos de Desenvolvimento Sustent\u00e1vel (ODS) da ONU. Constru\u00edda por meio de consultas p\u00fablicas e debates que envolveram docentes, t\u00e9cnicos-administrativos e estudantes, a pol\u00edtica foi [&hellip;]<\/p>\n","protected":false},"author":278,"featured_media":0,"parent":0,"menu_order":0,"comment_status":"closed","ping_status":"closed","template":"","meta":{"footnotes":""},"categories":[],"tags":[],"class_list":["post-30","page","type-page","status-publish","hentry"],"acf":[],"_links":{"self":[{"href":"https:\/\/www.ufsm.br\/orgaos-suplementares\/dga\/wp-json\/wp\/v2\/pages\/30","targetHints":{"allow":["GET"]}}],"collection":[{"href":"https:\/\/www.ufsm.br\/orgaos-suplementares\/dga\/wp-json\/wp\/v2\/pages"}],"about":[{"href":"https:\/\/www.ufsm.br\/orgaos-suplementares\/dga\/wp-json\/wp\/v2\/types\/page"}],"author":[{"embeddable":true,"href":"https:\/\/www.ufsm.br\/orgaos-suplementares\/dga\/wp-json\/wp\/v2\/users\/278"}],"replies":[{"embeddable":true,"href":"https:\/\/www.ufsm.br\/orgaos-suplementares\/dga\/wp-json\/wp\/v2\/comments?post=30"}],"version-history":[{"count":0,"href":"https:\/\/www.ufsm.br\/orgaos-suplementares\/dga\/wp-json\/wp\/v2\/pages\/30\/revisions"}],"wp:attachment":[{"href":"https:\/\/www.ufsm.br\/orgaos-suplementares\/dga\/wp-json\/wp\/v2\/media?parent=30"}],"wp:term":[{"taxonomy":"category","embeddable":true,"href":"https:\/\/www.ufsm.br\/orgaos-suplementares\/dga\/wp-json\/wp\/v2\/categories?post=30"},{"taxonomy":"post_tag","embeddable":true,"href":"https:\/\/www.ufsm.br\/orgaos-suplementares\/dga\/wp-json\/wp\/v2\/tags?post=30"}],"curies":[{"name":"wp","href":"https:\/\/api.w.org\/{rel}","templated":true}]}}