{"id":34,"date":"2026-04-08T10:22:29","date_gmt":"2026-04-08T13:22:29","guid":{"rendered":"https:\/\/www.ufsm.br\/orgaos-suplementares\/dga\/?page_id=34"},"modified":"2026-04-08T10:23:02","modified_gmt":"2026-04-08T13:23:02","slug":"associacoes-habilitadas-para-coleta-seletiva","status":"publish","type":"page","link":"https:\/\/www.ufsm.br\/orgaos-suplementares\/dga\/coleta-seletiva\/associacoes-habilitadas-para-coleta-seletiva","title":{"rendered":"Associa\u00e7\u00f5es habilitadas para Coleta Seletiva"},"content":{"rendered":"\t\t<div data-elementor-type=\"wp-page\" data-elementor-id=\"34\" class=\"elementor elementor-34\">\n\t\t\t\t\t\t<section class=\"elementor-section elementor-top-section elementor-element elementor-element-93e1781 elementor-section-boxed elementor-section-height-default elementor-section-height-default\" data-id=\"93e1781\" data-element_type=\"section\">\n\t\t\t\t\t\t<div class=\"elementor-container elementor-column-gap-default\">\n\t\t\t\t\t<div class=\"elementor-column elementor-col-100 elementor-top-column elementor-element elementor-element-be02e24\" data-id=\"be02e24\" data-element_type=\"column\">\n\t\t\t<div class=\"elementor-widget-wrap elementor-element-populated\">\n\t\t\t\t\t\t<div class=\"elementor-element elementor-element-4ac478c elementor-widget elementor-widget-text-editor\" data-id=\"4ac478c\" data-element_type=\"widget\" data-widget_type=\"text-editor.default\">\n\t\t\t\t<div class=\"elementor-widget-container\">\n\t\t\t\t\t\t\t<p><!-- wp:tadv\/classic-paragraph --><\/p>\n<p>As associa\u00e7\u00f5es habilitadas para fazerem parte da Coleta Seletiva UFSM foram selecionadas atrav\u00e9s de um <a href=\"https:\/\/www.ufsm.br\/pro-reitorias\/proinfra\/uma\/wp-content\/uploads\/sites\/609\/2019\/04\/Chamada_P\u00fablica_02-2016_UFSM_Coleta_Seletiva.pdf\">Edital Chamada P\u00fablica.<\/a><\/p>\n<p>A divulga\u00e7\u00e3o foi feita atrav\u00e9s da publica\u00e7\u00e3o no Di\u00e1rio Oficial da Uni\u00e3o, Correio do Povo e A Raz\u00e3o. Al\u00e9m dos ve\u00edculos, Jornal Alto Uruguai (Frederico Westphalen) e O Correio (Cachoeira do Sul), locais nos quais a UFSM possui Campi.\u00a0<\/p>\n<p>Ap\u00f3s a defini\u00e7\u00e3o das Associa\u00e7\u00f5es foi assinado um <a href=\"https:\/\/www.ufsm.br\/pro-reitorias\/proinfra\/uma\/wp-content\/uploads\/sites\/609\/2019\/04\/TERMO_DE_COMPROMISSO.pdf\">Termo de Compromisso<\/a> entre a UFSM, atrav\u00e9s do Reitor Paulo Afonso Burmann, e as institui\u00e7\u00f5s contempladas, que foram: Asmar, Arsele e No\u00eamia Lazzarini.<\/p>\n<p><!-- \/wp:tadv\/classic-paragraph --><\/p>\t\t\t\t\t\t<\/div>\n\t\t\t\t<\/div>\n\t\t\t\t\t<\/div>\n\t\t<\/div>\n\t\t\t\t\t<\/div>\n\t\t<\/section>\n\t\t\t\t<section class=\"elementor-section elementor-top-section elementor-element elementor-element-2387275 elementor-section-boxed elementor-section-height-default elementor-section-height-default\" data-id=\"2387275\" data-element_type=\"section\">\n\t\t\t\t\t\t<div class=\"elementor-container elementor-column-gap-default\">\n\t\t\t\t\t<div class=\"elementor-column elementor-col-100 elementor-top-column elementor-element elementor-element-69366ff\" data-id=\"69366ff\" data-element_type=\"column\">\n\t\t\t<div class=\"elementor-widget-wrap elementor-element-populated\">\n\t\t\t\t\t\t<div class=\"elementor-element elementor-element-d1cc5f0 elementor-widget elementor-widget-text-editor\" data-id=\"d1cc5f0\" data-element_type=\"widget\" data-widget_type=\"text-editor.default\">\n\t\t\t\t<div class=\"elementor-widget-container\">\n\t\t\t\t\t\t\t<p>Conhe\u00e7a a Associa\u00e7\u00e3o de Selecionadores de Materiais Recicl\u00e1veis (Asmar):<\/p>\n<p><div style=\"width: 1280px;\" class=\"wp-video\"><video class=\"wp-video-shortcode\" id=\"video-34-1\" width=\"1280\" height=\"720\" preload=\"metadata\" controls=\"controls\"><source type=\"video\/mp4\" src=\"https:\/\/www.ufsm.br\/pro-reitorias\/proinfra\/uma\/wp-content\/uploads\/sites\/609\/2019\/06\/Coleta-Seletiva-Solid\u00e1ria-Asmar.mp4?_=1\" \/><a href=\"https:\/\/www.ufsm.br\/pro-reitorias\/proinfra\/uma\/wp-content\/uploads\/sites\/609\/2019\/06\/Coleta-Seletiva-Solid\u00e1ria-Asmar.mp4\">https:\/\/www.ufsm.br\/pro-reitorias\/proinfra\/uma\/wp-content\/uploads\/sites\/609\/2019\/06\/Coleta-Seletiva-Solid\u00e1ria-Asmar.mp4<\/a><\/video><\/div><\/p>\n<p>\u00a0<\/p>\t\t\t\t\t\t<\/div>\n\t\t\t\t<\/div>\n\t\t\t\t\t<\/div>\n\t\t<\/div>\n\t\t\t\t\t<\/div>\n\t\t<\/section>\n\t\t\t\t<section class=\"elementor-section elementor-top-section elementor-element elementor-element-22618dc elementor-section-boxed elementor-section-height-default elementor-section-height-default\" data-id=\"22618dc\" data-element_type=\"section\">\n\t\t\t\t\t\t<div class=\"elementor-container elementor-column-gap-default\">\n\t\t\t\t\t<div class=\"elementor-column elementor-col-100 elementor-top-column elementor-element elementor-element-9362eff\" data-id=\"9362eff\" data-element_type=\"column\">\n\t\t\t<div class=\"elementor-widget-wrap elementor-element-populated\">\n\t\t\t\t\t\t<div class=\"elementor-element elementor-element-123248c elementor-widget elementor-widget-text-editor\" data-id=\"123248c\" data-element_type=\"widget\" data-widget_type=\"text-editor.default\">\n\t\t\t\t<div class=\"elementor-widget-container\">\n\t\t\t\t\t\t\t<p>Conhe\u00e7a a Associa\u00e7\u00e3o de Reciclagem Seletiva de Lixo Esperan\u00e7a (Arsele):<\/p>\n<p><div style=\"width: 1280px;\" class=\"wp-video\"><video class=\"wp-video-shortcode\" id=\"video-34-2\" width=\"1280\" height=\"720\" preload=\"metadata\" controls=\"controls\"><source type=\"video\/mp4\" src=\"https:\/\/www.ufsm.br\/pro-reitorias\/proinfra\/uma\/wp-content\/uploads\/sites\/609\/2019\/06\/Coleta-Seletiva-Solid\u00e1ria-Arsele.mp4?_=2\" \/><a href=\"https:\/\/www.ufsm.br\/pro-reitorias\/proinfra\/uma\/wp-content\/uploads\/sites\/609\/2019\/06\/Coleta-Seletiva-Solid\u00e1ria-Arsele.mp4\">https:\/\/www.ufsm.br\/pro-reitorias\/proinfra\/uma\/wp-content\/uploads\/sites\/609\/2019\/06\/Coleta-Seletiva-Solid\u00e1ria-Arsele.mp4<\/a><\/video><\/div><\/p>\n<p>\u00a0<\/p>\t\t\t\t\t\t<\/div>\n\t\t\t\t<\/div>\n\t\t\t\t\t<\/div>\n\t\t<\/div>\n\t\t\t\t\t<\/div>\n\t\t<\/section>\n\t\t\t\t<section class=\"elementor-section elementor-top-section elementor-element elementor-element-7d88296 elementor-section-boxed elementor-section-height-default elementor-section-height-default\" data-id=\"7d88296\" data-element_type=\"section\">\n\t\t\t\t\t\t<div class=\"elementor-container elementor-column-gap-default\">\n\t\t\t\t\t<div class=\"elementor-column elementor-col-100 elementor-top-column elementor-element elementor-element-90bd9c6\" data-id=\"90bd9c6\" data-element_type=\"column\">\n\t\t\t<div class=\"elementor-widget-wrap elementor-element-populated\">\n\t\t\t\t\t\t<div class=\"elementor-element elementor-element-1192500 elementor-widget elementor-widget-text-editor\" data-id=\"1192500\" data-element_type=\"widget\" data-widget_type=\"text-editor.default\">\n\t\t\t\t<div class=\"elementor-widget-container\">\n\t\t\t\t\t\t\t<p>Conhe\u00e7a a Associa\u00e7\u00e3o No\u00eamia Lazzarini:<\/p>\n<p><div style=\"width: 1280px;\" class=\"wp-video\"><video class=\"wp-video-shortcode\" id=\"video-34-3\" width=\"1280\" height=\"720\" preload=\"metadata\" controls=\"controls\"><source type=\"video\/mp4\" src=\"https:\/\/www.ufsm.br\/pro-reitorias\/proinfra\/uma\/wp-content\/uploads\/sites\/609\/2019\/06\/Coleta-Seletiva-Solid\u00e1ria-Associa\u00e7\u00e3o-No\u00eamia-Lazzarini.mp4?_=3\" \/><a href=\"https:\/\/www.ufsm.br\/pro-reitorias\/proinfra\/uma\/wp-content\/uploads\/sites\/609\/2019\/06\/Coleta-Seletiva-Solid\u00e1ria-Associa\u00e7\u00e3o-No\u00eamia-Lazzarini.mp4\">https:\/\/www.ufsm.br\/pro-reitorias\/proinfra\/uma\/wp-content\/uploads\/sites\/609\/2019\/06\/Coleta-Seletiva-Solid\u00e1ria-Associa\u00e7\u00e3o-No\u00eamia-Lazzarini.mp4<\/a><\/video><\/div><\/p>\n<p>\u00a0<\/p>\t\t\t\t\t\t<\/div>\n\t\t\t\t<\/div>\n\t\t\t\t\t<\/div>\n\t\t<\/div>\n\t\t\t\t\t<\/div>\n\t\t<\/section>\n\t\t\t\t<\/div>\n\t\t","protected":false},"excerpt":{"rendered":"<p>As associa\u00e7\u00f5es habilitadas para fazerem parte da Coleta Seletiva UFSM foram selecionadas atrav\u00e9s de um Edital Chamada P\u00fablica. A divulga\u00e7\u00e3o foi feita atrav\u00e9s da publica\u00e7\u00e3o no Di\u00e1rio Oficial da Uni\u00e3o, Correio do Povo e A Raz\u00e3o. Al\u00e9m dos ve\u00edculos, Jornal Alto Uruguai (Frederico Westphalen) e O Correio (Cachoeira do Sul), locais nos quais a UFSM [&hellip;]<\/p>\n","protected":false},"author":278,"featured_media":0,"parent":32,"menu_order":0,"comment_status":"closed","ping_status":"closed","template":"","meta":{"footnotes":""},"categories":[],"tags":[],"class_list":["post-34","page","type-page","status-publish","hentry"],"acf":[],"_links":{"self":[{"href":"https:\/\/www.ufsm.br\/orgaos-suplementares\/dga\/wp-json\/wp\/v2\/pages\/34","targetHints":{"allow":["GET"]}}],"collection":[{"href":"https:\/\/www.ufsm.br\/orgaos-suplementares\/dga\/wp-json\/wp\/v2\/pages"}],"about":[{"href":"https:\/\/www.ufsm.br\/orgaos-suplementares\/dga\/wp-json\/wp\/v2\/types\/page"}],"author":[{"embeddable":true,"href":"https:\/\/www.ufsm.br\/orgaos-suplementares\/dga\/wp-json\/wp\/v2\/users\/278"}],"replies":[{"embeddable":true,"href":"https:\/\/www.ufsm.br\/orgaos-suplementares\/dga\/wp-json\/wp\/v2\/comments?post=34"}],"version-history":[{"count":0,"href":"https:\/\/www.ufsm.br\/orgaos-suplementares\/dga\/wp-json\/wp\/v2\/pages\/34\/revisions"}],"up":[{"embeddable":true,"href":"https:\/\/www.ufsm.br\/orgaos-suplementares\/dga\/wp-json\/wp\/v2\/pages\/32"}],"wp:attachment":[{"href":"https:\/\/www.ufsm.br\/orgaos-suplementares\/dga\/wp-json\/wp\/v2\/media?parent=34"}],"wp:term":[{"taxonomy":"category","embeddable":true,"href":"https:\/\/www.ufsm.br\/orgaos-suplementares\/dga\/wp-json\/wp\/v2\/categories?post=34"},{"taxonomy":"post_tag","embeddable":true,"href":"https:\/\/www.ufsm.br\/orgaos-suplementares\/dga\/wp-json\/wp\/v2\/tags?post=34"}],"curies":[{"name":"wp","href":"https:\/\/api.w.org\/{rel}","templated":true}]}}