{"id":35,"date":"2026-04-08T10:25:11","date_gmt":"2026-04-08T13:25:11","guid":{"rendered":"https:\/\/www.ufsm.br\/orgaos-suplementares\/dga\/?page_id=35"},"modified":"2026-04-08T10:25:47","modified_gmt":"2026-04-08T13:25:47","slug":"como-funciona-a-coleta-seletiva-na-ufsm","status":"publish","type":"page","link":"https:\/\/www.ufsm.br\/orgaos-suplementares\/dga\/coleta-seletiva\/como-funciona-a-coleta-seletiva-na-ufsm","title":{"rendered":"Como funciona a coleta seletiva na UFSM"},"content":{"rendered":"\t\t<div data-elementor-type=\"wp-page\" data-elementor-id=\"35\" class=\"elementor elementor-35\">\n\t\t\t\t\t\t<section class=\"elementor-section elementor-top-section elementor-element elementor-element-64d31b5 elementor-section-boxed elementor-section-height-default elementor-section-height-default\" data-id=\"64d31b5\" data-element_type=\"section\">\n\t\t\t\t\t\t<div class=\"elementor-container elementor-column-gap-default\">\n\t\t\t\t\t<div class=\"elementor-column elementor-col-100 elementor-top-column elementor-element elementor-element-474892b\" data-id=\"474892b\" data-element_type=\"column\">\n\t\t\t<div class=\"elementor-widget-wrap elementor-element-populated\">\n\t\t\t\t\t\t<div class=\"elementor-element elementor-element-0989604 elementor-widget elementor-widget-text-editor\" data-id=\"0989604\" data-element_type=\"widget\" data-widget_type=\"text-editor.default\">\n\t\t\t\t<div class=\"elementor-widget-container\">\n\t\t\t\t\t\t\t<p>A separa\u00e7\u00e3o dos res\u00edduos na UFSM considera tr\u00eas classes:<\/p><p><img fetchpriority=\"high\" decoding=\"async\" class=\"alignnone size-large wp-image-212\" src=\"https:\/\/www.ufsm.br\/pro-reitorias\/proinfra\/uma\/wp-content\/uploads\/sites\/609\/2019\/04\/Separa\u00e7\u00e3o_CONTEINERES-1024x479.png\" alt=\"\" width=\"1024\" height=\"479\" \/><\/p><p>Uma das maiores dificuldades para realizar a separa\u00e7\u00e3o \u00e9 classificar os res\u00edduos. Quem s\u00e3o os res\u00edduos recicl\u00e1veis? S\u00e3o pap\u00e9is, metais, vidros e pl\u00e1sticos. Parece f\u00e1cil, mas como muitos produtos possuem mais de um material, a tarefa, \u00e0s vezes, complica. Pensando nisso elaboramos uma rela\u00e7\u00e3o que vai ajudar no momento da separa\u00e7\u00e3o dos diferentes tipos de res\u00edduos: <a href=\"https:\/\/www.ufsm.br\/pro-reitorias\/proinfra\/uma\/wp-content\/uploads\/sites\/609\/2019\/04\/cartaz-separacao-coleta5.pdf\">Clique aqui para conferir.<\/a><\/p><p>Os res\u00edduos recicl\u00e1veis devem ser acondicionados em sacos transparentes, exceto pretos, para facilitar a identifica\u00e7\u00e3o correta.<br \/>Os sacos para o descarte devem ser colocados no respectivo coletor, considerando a classifica\u00e7\u00e3o e devidamente identificados.<br \/>Para facilitar, recomenda-se fixar a faixa adesiva para identifica\u00e7\u00e3o no coletor e o cartaz correspondente, acima do mesmo. Mostramos para exemplificar, o conjunto para identifica\u00e7\u00e3o do coletor de res\u00edduos recicl\u00e1veis.<\/p><p>Os sacos com o res\u00edduo devem ser armazenados temporariamente at\u00e9 a realiza\u00e7\u00e3o da Coleta Seletiva Solid\u00e1ria no cont\u00eainer adequado:<\/p><ul><li>res\u00edduos recicl\u00e1veis nos cont\u00eaineres verdes;<\/li><li>rejeitos nos cont\u00eaineres pretos ou cinzas e lixeiras met\u00e1licas e,<\/li><li>res\u00edduos org\u00e2nicos nos cont\u00eaineres pretos ou cinzas at\u00e9 a chegada dos marrons, exceto lancherias e restaurantes.\u00a0<\/li><\/ul><p>Os res\u00edduos recicl\u00e1veis (cont\u00eaineres verdes) s\u00e3o recolhidos e destinados \u00e0s Associa\u00e7\u00f5es Habilitadas, os quais s\u00e3o triados e a classificados de acordo com a exist\u00eancia de mercado comprador.\u00a0<\/p><p>Os rejeitos (cont\u00eaineres pretos ou cinzas) s\u00e3o recolhidos pela Coleta P\u00fablica realizada pela Prefeitura Municipal e s\u00e3o destinados ao aterro da cidade.\u00a0<\/p><p>A coleta p\u00fablica na UFSM ocorre \u00e0s segundas, quartas e quintas-feiras, com altera\u00e7\u00f5es nas semanas de feriad\u00f5es, como pode ser consultado detalhadamente\u00a0<a href=\"https:\/\/www.ufsm.br\/pro-reitorias\/proinfra\/uma\/rota-da-coleta-seletiva\/\">aqui<\/a>.<\/p><p>Os res\u00edduos org\u00e2nicos gerados pelas lancherias e restaurantes s\u00e3o enviados diariamente \u00e0 unidade de compostagem do Col\u00e9gio Polit\u00e9cnico da UFSM. Em breve, a compostagem ser\u00e1 expandida para toda a UFSM, ap\u00f3s a defini\u00e7\u00e3o de pontos espec\u00edficos para o descarte e\/ou aquisi\u00e7\u00e3o dos cont\u00eaineres marrons. Enquanto isso, neste locais os res\u00edduos org\u00e2nicos est\u00e3o sendo destinados como rejeito \u00e0 coleta p\u00fablica.<\/p><p><!-- \/wp:tadv\/classic-paragraph --><\/p>\t\t\t\t\t\t<\/div>\n\t\t\t\t<\/div>\n\t\t\t\t\t<\/div>\n\t\t<\/div>\n\t\t\t\t\t<\/div>\n\t\t<\/section>\n\t\t\t\t<\/div>\n\t\t","protected":false},"excerpt":{"rendered":"<p>A separa\u00e7\u00e3o dos res\u00edduos na UFSM considera tr\u00eas classes: Uma das maiores dificuldades para realizar a separa\u00e7\u00e3o \u00e9 classificar os res\u00edduos. Quem s\u00e3o os res\u00edduos recicl\u00e1veis? S\u00e3o pap\u00e9is, metais, vidros e pl\u00e1sticos. Parece f\u00e1cil, mas como muitos produtos possuem mais de um material, a tarefa, \u00e0s vezes, complica. Pensando nisso elaboramos uma rela\u00e7\u00e3o que vai [&hellip;]<\/p>\n","protected":false},"author":278,"featured_media":0,"parent":32,"menu_order":0,"comment_status":"closed","ping_status":"closed","template":"","meta":{"footnotes":""},"categories":[],"tags":[],"class_list":["post-35","page","type-page","status-publish","hentry"],"acf":[],"_links":{"self":[{"href":"https:\/\/www.ufsm.br\/orgaos-suplementares\/dga\/wp-json\/wp\/v2\/pages\/35","targetHints":{"allow":["GET"]}}],"collection":[{"href":"https:\/\/www.ufsm.br\/orgaos-suplementares\/dga\/wp-json\/wp\/v2\/pages"}],"about":[{"href":"https:\/\/www.ufsm.br\/orgaos-suplementares\/dga\/wp-json\/wp\/v2\/types\/page"}],"author":[{"embeddable":true,"href":"https:\/\/www.ufsm.br\/orgaos-suplementares\/dga\/wp-json\/wp\/v2\/users\/278"}],"replies":[{"embeddable":true,"href":"https:\/\/www.ufsm.br\/orgaos-suplementares\/dga\/wp-json\/wp\/v2\/comments?post=35"}],"version-history":[{"count":0,"href":"https:\/\/www.ufsm.br\/orgaos-suplementares\/dga\/wp-json\/wp\/v2\/pages\/35\/revisions"}],"up":[{"embeddable":true,"href":"https:\/\/www.ufsm.br\/orgaos-suplementares\/dga\/wp-json\/wp\/v2\/pages\/32"}],"wp:attachment":[{"href":"https:\/\/www.ufsm.br\/orgaos-suplementares\/dga\/wp-json\/wp\/v2\/media?parent=35"}],"wp:term":[{"taxonomy":"category","embeddable":true,"href":"https:\/\/www.ufsm.br\/orgaos-suplementares\/dga\/wp-json\/wp\/v2\/categories?post=35"},{"taxonomy":"post_tag","embeddable":true,"href":"https:\/\/www.ufsm.br\/orgaos-suplementares\/dga\/wp-json\/wp\/v2\/tags?post=35"}],"curies":[{"name":"wp","href":"https:\/\/api.w.org\/{rel}","templated":true}]}}