{"id":37,"date":"2026-04-08T10:50:44","date_gmt":"2026-04-08T13:50:44","guid":{"rendered":"https:\/\/www.ufsm.br\/orgaos-suplementares\/dga\/?page_id=37"},"modified":"2026-04-08T10:51:10","modified_gmt":"2026-04-08T13:51:10","slug":"diferencas-entre-lixeiras-e-conteineres","status":"publish","type":"page","link":"https:\/\/www.ufsm.br\/orgaos-suplementares\/dga\/coleta-seletiva\/diferencas-entre-lixeiras-e-conteineres","title":{"rendered":"Diferen\u00e7as entre lixeiras e cont\u00eaineres"},"content":{"rendered":"\t\t<div data-elementor-type=\"wp-page\" data-elementor-id=\"37\" class=\"elementor elementor-37\">\n\t\t\t\t\t\t<section class=\"elementor-section elementor-top-section elementor-element elementor-element-e726f4c elementor-section-boxed elementor-section-height-default elementor-section-height-default\" data-id=\"e726f4c\" data-element_type=\"section\">\n\t\t\t\t\t\t<div class=\"elementor-container elementor-column-gap-default\">\n\t\t\t\t\t<div class=\"elementor-column elementor-col-100 elementor-top-column elementor-element elementor-element-cb4de9f\" data-id=\"cb4de9f\" data-element_type=\"column\">\n\t\t\t<div class=\"elementor-widget-wrap elementor-element-populated\">\n\t\t\t\t\t\t<div class=\"elementor-element elementor-element-07a1fa1 elementor-widget elementor-widget-text-editor\" data-id=\"07a1fa1\" data-element_type=\"widget\" data-widget_type=\"text-editor.default\">\n\t\t\t\t<div class=\"elementor-widget-container\">\n\t\t\t\t\t\t\t<p><span style=\"font-weight: 400\">J\u00e1 sabemos a import\u00e2ncia do descarte correto de nossos res\u00edduos. Procuramos as coletoras de res\u00edduos aptas a receberem o material que queremos descartar e assim o fazemos. Mas na Universidade encontramos, al\u00e9m das lixeiras, cont\u00eaineres e a\u00ed surge a d\u00favida: Ser\u00e1 que eu posso descartar meu res\u00edduo aqui tamb\u00e9m? A resposta \u00e9 simples: N\u00e3o! Mas entenda o porqu\u00ea abaixo.<\/span><\/p>\n<p><span style=\"font-weight: 400\">As lixeiras servem para receber os diferentes res\u00edduos gerados na UFSM. Cada uma delas possui uma fun\u00e7\u00e3o diferente e captam determinado tipo de material. A seguir est\u00e3o as diferentes classifica\u00e7\u00f5es que elas podem ter dentro dos campi universit\u00e1rios:<\/span><\/p>\t\t\t\t\t\t<\/div>\n\t\t\t\t<\/div>\n\t\t\t\t<div class=\"elementor-element elementor-element-6f0eb77 elementor-tabs-view-horizontal elementor-widget elementor-widget-tabs\" data-id=\"6f0eb77\" data-element_type=\"widget\" data-widget_type=\"tabs.default\">\n\t\t\t\t<div class=\"elementor-widget-container\">\n\t\t\t\t\t<div class=\"elementor-tabs\">\n\t\t\t<div class=\"elementor-tabs-wrapper\" role=\"tablist\" >\n\t\t\t\t\t\t\t\t\t<div id=\"elementor-tab-title-1161\" class=\"elementor-tab-title elementor-tab-desktop-title\" aria-selected=\"true\" data-tab=\"1\" role=\"tab\" tabindex=\"0\" aria-controls=\"elementor-tab-content-1161\" aria-expanded=\"false\">Coletoras de res\u00edduos para coleta seletiva<\/div>\n\t\t\t\t\t\t\t\t\t<div id=\"elementor-tab-title-1162\" class=\"elementor-tab-title elementor-tab-desktop-title\" aria-selected=\"false\" data-tab=\"2\" role=\"tab\" tabindex=\"-1\" aria-controls=\"elementor-tab-content-1162\" aria-expanded=\"false\">Coletoras de res\u00edduos recicl\u00e1veis<\/div>\n\t\t\t\t\t\t\t\t\t<div id=\"elementor-tab-title-1163\" class=\"elementor-tab-title elementor-tab-desktop-title\" aria-selected=\"false\" data-tab=\"3\" role=\"tab\" tabindex=\"-1\" aria-controls=\"elementor-tab-content-1163\" aria-expanded=\"false\">Coletoras de rejeitos<\/div>\n\t\t\t\t\t\t\t\t\t<div id=\"elementor-tab-title-1164\" class=\"elementor-tab-title elementor-tab-desktop-title\" aria-selected=\"false\" data-tab=\"4\" role=\"tab\" tabindex=\"-1\" aria-controls=\"elementor-tab-content-1164\" aria-expanded=\"false\">Coletoras de res\u00edduos org\u00e2nicos<\/div>\n\t\t\t\t\t\t\t<\/div>\n\t\t\t<div class=\"elementor-tabs-content-wrapper\" role=\"tablist\" aria-orientation=\"vertical\">\n\t\t\t\t\t\t\t\t\t<div class=\"elementor-tab-title elementor-tab-mobile-title\" aria-selected=\"true\" data-tab=\"1\" role=\"tab\" tabindex=\"0\" aria-controls=\"elementor-tab-content-1161\" aria-expanded=\"false\">Coletoras de res\u00edduos para coleta seletiva<\/div>\n\t\t\t\t\t<div id=\"elementor-tab-content-1161\" class=\"elementor-tab-content elementor-clearfix\" data-tab=\"1\" role=\"tabpanel\" aria-labelledby=\"elementor-tab-title-1161\" tabindex=\"0\" hidden=\"false\"><p><span style=\"font-weight: 400\">S\u00e3o as mais comuns, e s\u00e3o separadas em 5 cores, cada uma indicando qual res\u00edduo ela aceita, sendo elas: <\/span><b>Azul<\/b><span style=\"font-weight: 400\"> (papel), <\/span><b>amarelo<\/b><span style=\"font-weight: 400\"> (metal), <\/span><b>verde<\/b><span style=\"font-weight: 400\"> (vidro), <\/span><b>vermelho<\/b><span style=\"font-weight: 400\"> (pl\u00e1stico) e <\/span><b>marrom<\/b><span style=\"font-weight: 400\"> (org\u00e2nico).<\/span><\/p><\/div>\n\t\t\t\t\t\t\t\t\t<div class=\"elementor-tab-title elementor-tab-mobile-title\" aria-selected=\"false\" data-tab=\"2\" role=\"tab\" tabindex=\"-1\" aria-controls=\"elementor-tab-content-1162\" aria-expanded=\"false\">Coletoras de res\u00edduos recicl\u00e1veis<\/div>\n\t\t\t\t\t<div id=\"elementor-tab-content-1162\" class=\"elementor-tab-content elementor-clearfix\" data-tab=\"2\" role=\"tabpanel\" aria-labelledby=\"elementor-tab-title-1162\" tabindex=\"0\" hidden=\"hidden\"><p><span style=\"font-weight: 400\">Elas recebem <\/span><b>papel<\/b><span style=\"font-weight: 400\"> (papel\u00e3o, cartazes, jornais, apostilas, etc.), <\/span><b>pl\u00e1stico<\/b><span style=\"font-weight: 400\"> (embalagens, tampas, copos, tubos de caneta, etc), <\/span><b>metal<\/b><span style=\"font-weight: 400\"> (latas de bebida e alimentos, fios, arames, tubo de creme dental) e <\/span><b>vidro<\/b><span style=\"font-weight: 400\"> (garrafas e vidros n\u00e3o contaminados).<\/span><\/p><\/div>\n\t\t\t\t\t\t\t\t\t<div class=\"elementor-tab-title elementor-tab-mobile-title\" aria-selected=\"false\" data-tab=\"3\" role=\"tab\" tabindex=\"-1\" aria-controls=\"elementor-tab-content-1163\" aria-expanded=\"false\">Coletoras de rejeitos<\/div>\n\t\t\t\t\t<div id=\"elementor-tab-content-1163\" class=\"elementor-tab-content elementor-clearfix\" data-tab=\"3\" role=\"tabpanel\" aria-labelledby=\"elementor-tab-title-1163\" tabindex=\"0\" hidden=\"hidden\"><p><span style=\"font-weight: 400\">Captam <\/span><b>res\u00edduos n\u00e3o recicl\u00e1veis<\/b><span style=\"font-weight: 400\">, como guardanapos, len\u00e7os, toalhas de papel e papel higi\u00eanico usados, etiquetas, adesivos, material escolar (canetas, l\u00e1pis, borrachas\u2026), isopor, PVC colorido e outros. <\/span><\/p><\/div>\n\t\t\t\t\t\t\t\t\t<div class=\"elementor-tab-title elementor-tab-mobile-title\" aria-selected=\"false\" data-tab=\"4\" role=\"tab\" tabindex=\"-1\" aria-controls=\"elementor-tab-content-1164\" aria-expanded=\"false\">Coletoras de res\u00edduos org\u00e2nicos<\/div>\n\t\t\t\t\t<div id=\"elementor-tab-content-1164\" class=\"elementor-tab-content elementor-clearfix\" data-tab=\"4\" role=\"tabpanel\" aria-labelledby=\"elementor-tab-title-1164\" tabindex=\"0\" hidden=\"hidden\"><p><span style=\"font-weight: 400\">Armazenam os <\/span><b>restos de cozinha <\/b><span style=\"font-weight: 400\">(como cascas de alimentos, p\u00e3es, sacos de ch\u00e1, borra de caf\u00e9, erva mate e frutas) e os <\/span><b>restos de jardim<\/b><span style=\"font-weight: 400\"> (folhas, gramas, caules, palha, feno, etc).<\/span><\/p><\/div>\n\t\t\t\t\t\t\t<\/div>\n\t\t<\/div>\n\t\t\t\t<\/div>\n\t\t\t\t<\/div>\n\t\t\t\t<div class=\"elementor-element elementor-element-6cc1078 elementor-widget elementor-widget-text-editor\" data-id=\"6cc1078\" data-element_type=\"widget\" data-widget_type=\"text-editor.default\">\n\t\t\t\t<div class=\"elementor-widget-container\">\n\t\t\t\t\t\t\t<p><span style=\"font-weight: 400\">No campus sede, ficam localizados do lado externo e abrigam os sacos de res\u00edduos at\u00e9 que um caminh\u00e3o pr\u00f3prio da UFSM os encaminhem \u00e0s associa\u00e7\u00f5es de selecionadores de res\u00edduos cadastradas por meio do projeto \u201cColeta Seletiva Solid\u00e1ria UFSM\u201d: No\u00eamia <\/span><span style=\"font-weight: 400\">Lazzarini,\u00a0 Associa\u00e7\u00e3o de Selecionadores de Materiais Recicl\u00e1veis (Asmar) e Associa\u00e7\u00e3o de Reciclagem Seletiva de Lixo Esperan\u00e7a (Arsele). <\/span><\/p>\t\t\t\t\t\t<\/div>\n\t\t\t\t<\/div>\n\t\t\t\t<div class=\"elementor-element elementor-element-9f6968b elementor-tabs-view-horizontal elementor-widget elementor-widget-tabs\" data-id=\"9f6968b\" data-element_type=\"widget\" data-widget_type=\"tabs.default\">\n\t\t\t\t<div class=\"elementor-widget-container\">\n\t\t\t\t\t<div class=\"elementor-tabs\">\n\t\t\t<div class=\"elementor-tabs-wrapper\" role=\"tablist\" >\n\t\t\t\t\t\t\t\t\t<div id=\"elementor-tab-title-1671\" class=\"elementor-tab-title elementor-tab-desktop-title\" aria-selected=\"true\" data-tab=\"1\" role=\"tab\" tabindex=\"0\" aria-controls=\"elementor-tab-content-1671\" aria-expanded=\"false\">Cont\u00eaineres de res\u00edduos recicl\u00e1veis<\/div>\n\t\t\t\t\t\t\t\t\t<div id=\"elementor-tab-title-1672\" class=\"elementor-tab-title elementor-tab-desktop-title\" aria-selected=\"false\" data-tab=\"2\" role=\"tab\" tabindex=\"-1\" aria-controls=\"elementor-tab-content-1672\" aria-expanded=\"false\">Coletoras de rejeitos e res\u00edduos org\u00e2nicos<\/div>\n\t\t\t\t\t\t\t<\/div>\n\t\t\t<div class=\"elementor-tabs-content-wrapper\" role=\"tablist\" aria-orientation=\"vertical\">\n\t\t\t\t\t\t\t\t\t<div class=\"elementor-tab-title elementor-tab-mobile-title\" aria-selected=\"true\" data-tab=\"1\" role=\"tab\" tabindex=\"0\" aria-controls=\"elementor-tab-content-1671\" aria-expanded=\"false\">Cont\u00eaineres de res\u00edduos recicl\u00e1veis<\/div>\n\t\t\t\t\t<div id=\"elementor-tab-content-1671\" class=\"elementor-tab-content elementor-clearfix\" data-tab=\"1\" role=\"tabpanel\" aria-labelledby=\"elementor-tab-title-1671\" tabindex=\"0\" hidden=\"false\"><p><span style=\"font-weight: 400\">No campus sede, ficam localizados do lado externo e abrigam os sacos de res\u00edduos at\u00e9 que um caminh\u00e3o pr\u00f3prio da UFSM os encaminhem \u00e0s associa\u00e7\u00f5es de selecionadores de res\u00edduos cadastradas por meio do projeto \u201cColeta Seletiva Solid\u00e1ria UFSM\u201d: No\u00eamia <\/span><span style=\"font-weight: 400\">Lazzarini,\u00a0 Associa\u00e7\u00e3o de Selecionadores de Materiais Recicl\u00e1veis (Asmar) e Associa\u00e7\u00e3o de Reciclagem Seletiva de Lixo Esperan\u00e7a (Arsele).\u00a0<\/span><\/p><\/div>\n\t\t\t\t\t\t\t\t\t<div class=\"elementor-tab-title elementor-tab-mobile-title\" aria-selected=\"false\" data-tab=\"2\" role=\"tab\" tabindex=\"-1\" aria-controls=\"elementor-tab-content-1672\" aria-expanded=\"false\">Coletoras de rejeitos e res\u00edduos org\u00e2nicos<\/div>\n\t\t\t\t\t<div id=\"elementor-tab-content-1672\" class=\"elementor-tab-content elementor-clearfix\" data-tab=\"2\" role=\"tabpanel\" aria-labelledby=\"elementor-tab-title-1672\" tabindex=\"0\" hidden=\"hidden\"><p><span style=\"font-weight: 400\">Em Camobi, os rejeitos e os res\u00edduos org\u00e2nicos armazenados nos cont\u00eaineres de cor preta s\u00e3o coletados pela empresa contratada pela Prefeitura Municipal, onde s\u00e3o destinados ao aterro de Santa Maria.<\/span><\/p><\/div>\n\t\t\t\t\t\t\t<\/div>\n\t\t<\/div>\n\t\t\t\t<\/div>\n\t\t\t\t<\/div>\n\t\t\t\t<div class=\"elementor-element elementor-element-908d4ec elementor-widget elementor-widget-text-editor\" data-id=\"908d4ec\" data-element_type=\"widget\" data-widget_type=\"text-editor.default\">\n\t\t\t\t<div class=\"elementor-widget-container\">\n\t\t\t\t\t\t\t<p><span style=\"font-weight: 400\">Ent\u00e3o, o correto \u00e9 descartar os seus res\u00edduos nas lixeiras. Os cont\u00eaineres s\u00e3o apenas para armazenagem dos sacos e n\u00e3o s\u00e3o aptos para receberem os res\u00edduos diretamente. Ao descartar incorretamente seus res\u00edduos nos cont\u00eaineres, al\u00e9m de suj\u00e1-los, isso pode atrair pequenos animais (como baratas e ratos) ao local. <\/span><\/p>\t\t\t\t\t\t<\/div>\n\t\t\t\t<\/div>\n\t\t\t\t\t<\/div>\n\t\t<\/div>\n\t\t\t\t\t<\/div>\n\t\t<\/section>\n\t\t\t\t<\/div>\n\t\t","protected":false},"excerpt":{"rendered":"<p>J\u00e1 sabemos a import\u00e2ncia do descarte correto de nossos res\u00edduos. Procuramos as coletoras de res\u00edduos aptas a receberem o material que queremos descartar e assim o fazemos. Mas na Universidade encontramos, al\u00e9m das lixeiras, cont\u00eaineres e a\u00ed surge a d\u00favida: Ser\u00e1 que eu posso descartar meu res\u00edduo aqui tamb\u00e9m? A resposta \u00e9 simples: N\u00e3o! Mas [&hellip;]<\/p>\n","protected":false},"author":278,"featured_media":0,"parent":32,"menu_order":0,"comment_status":"closed","ping_status":"closed","template":"","meta":{"footnotes":""},"categories":[],"tags":[],"class_list":["post-37","page","type-page","status-publish","hentry"],"acf":[],"_links":{"self":[{"href":"https:\/\/www.ufsm.br\/orgaos-suplementares\/dga\/wp-json\/wp\/v2\/pages\/37","targetHints":{"allow":["GET"]}}],"collection":[{"href":"https:\/\/www.ufsm.br\/orgaos-suplementares\/dga\/wp-json\/wp\/v2\/pages"}],"about":[{"href":"https:\/\/www.ufsm.br\/orgaos-suplementares\/dga\/wp-json\/wp\/v2\/types\/page"}],"author":[{"embeddable":true,"href":"https:\/\/www.ufsm.br\/orgaos-suplementares\/dga\/wp-json\/wp\/v2\/users\/278"}],"replies":[{"embeddable":true,"href":"https:\/\/www.ufsm.br\/orgaos-suplementares\/dga\/wp-json\/wp\/v2\/comments?post=37"}],"version-history":[{"count":0,"href":"https:\/\/www.ufsm.br\/orgaos-suplementares\/dga\/wp-json\/wp\/v2\/pages\/37\/revisions"}],"up":[{"embeddable":true,"href":"https:\/\/www.ufsm.br\/orgaos-suplementares\/dga\/wp-json\/wp\/v2\/pages\/32"}],"wp:attachment":[{"href":"https:\/\/www.ufsm.br\/orgaos-suplementares\/dga\/wp-json\/wp\/v2\/media?parent=37"}],"wp:term":[{"taxonomy":"category","embeddable":true,"href":"https:\/\/www.ufsm.br\/orgaos-suplementares\/dga\/wp-json\/wp\/v2\/categories?post=37"},{"taxonomy":"post_tag","embeddable":true,"href":"https:\/\/www.ufsm.br\/orgaos-suplementares\/dga\/wp-json\/wp\/v2\/tags?post=37"}],"curies":[{"name":"wp","href":"https:\/\/api.w.org\/{rel}","templated":true}]}}