{"id":40,"date":"2026-04-08T10:58:01","date_gmt":"2026-04-08T13:58:01","guid":{"rendered":"https:\/\/www.ufsm.br\/orgaos-suplementares\/dga\/?page_id=40"},"modified":"2026-04-08T11:23:42","modified_gmt":"2026-04-08T14:23:42","slug":"licenca-e-certificados","status":"publish","type":"page","link":"https:\/\/www.ufsm.br\/orgaos-suplementares\/dga\/licenca-e-certificados","title":{"rendered":"Licen\u00e7a e Certificados"},"content":{"rendered":"\t\t<div data-elementor-type=\"wp-page\" data-elementor-id=\"40\" class=\"elementor elementor-40\">\n\t\t\t\t\t\t<section class=\"elementor-section elementor-top-section elementor-element elementor-element-0c3a445 elementor-section-boxed elementor-section-height-default elementor-section-height-default\" data-id=\"0c3a445\" data-element_type=\"section\">\n\t\t\t\t\t\t<div class=\"elementor-container elementor-column-gap-default\">\n\t\t\t\t\t<div class=\"elementor-column elementor-col-100 elementor-top-column elementor-element elementor-element-4b5ea9a\" data-id=\"4b5ea9a\" data-element_type=\"column\">\n\t\t\t<div class=\"elementor-widget-wrap elementor-element-populated\">\n\t\t\t\t\t\t<div class=\"elementor-element elementor-element-c0c8e33 elementor-widget elementor-widget-heading\" data-id=\"c0c8e33\" data-element_type=\"widget\" data-widget_type=\"heading.default\">\n\t\t\t\t<div class=\"elementor-widget-container\">\n\t\t\t<h2 class=\"elementor-heading-title elementor-size-default\">Lincen\u00e7as de Opera\u00e7\u00e3o<\/h2>\t\t<\/div>\n\t\t\t\t<\/div>\n\t\t\t\t<div class=\"elementor-element elementor-element-04ec1d6 elementor-widget elementor-widget-spacer\" data-id=\"04ec1d6\" data-element_type=\"widget\" data-widget_type=\"spacer.default\">\n\t\t\t\t<div class=\"elementor-widget-container\">\n\t\t\t\t\t<div class=\"elementor-spacer\">\n\t\t\t<div class=\"elementor-spacer-inner\"><\/div>\n\t\t<\/div>\n\t\t\t\t<\/div>\n\t\t\t\t<\/div>\n\t\t\t\t<div class=\"elementor-element elementor-element-16dcf49 elementor-widget elementor-widget-text-editor\" data-id=\"16dcf49\" data-element_type=\"widget\" data-widget_type=\"text-editor.default\">\n\t\t\t\t<div class=\"elementor-widget-container\">\n\t\t\t\t\t\t\t<p>Confira a\u00a0<a href=\"https:\/\/www.ufsm.br\/app\/uploads\/sites\/343\/2025\/07\/Licenca-de-Operacao-no-2529-2025-1.pdf\">LICEN\u00c7A DE OPERA\u00c7\u00c3O<\/a>\u00a0do Campus SEDE<\/p><p>Confira a\u00a0<a href=\"https:\/\/www.ufsm.br\/app\/uploads\/sites\/343\/2025\/03\/Licenca-de-Operacao-Campus-UFSM-CS-LO-N.15-25.pdf\" target=\"_blank\" rel=\"noopener\">LICEN\u00c7A DE OPERA\u00c7\u00c3O<\/a>\u00a0do Campus de Cachoeira do Sul\u00a0<\/p><p>Confira a\u00a0<a href=\"https:\/\/www.ufsm.br\/app\/uploads\/sites\/343\/2025\/03\/LO_UFSM_FW_assinado.pdf\" target=\"_blank\" rel=\"noopener\">LICEN\u00c7A DE OPERA\u00c7\u00c3O<\/a>\u00a0do Campus de Frederico Westphalen\u00a0<\/p>\t\t\t\t\t\t<\/div>\n\t\t\t\t<\/div>\n\t\t\t\t\t<\/div>\n\t\t<\/div>\n\t\t\t\t\t<\/div>\n\t\t<\/section>\n\t\t\t\t<section class=\"elementor-section elementor-top-section elementor-element elementor-element-595acdd elementor-section-boxed elementor-section-height-default elementor-section-height-default\" data-id=\"595acdd\" data-element_type=\"section\">\n\t\t\t\t\t\t<div class=\"elementor-container elementor-column-gap-default\">\n\t\t\t\t\t<div class=\"elementor-column elementor-col-100 elementor-top-column elementor-element elementor-element-14349d7\" data-id=\"14349d7\" data-element_type=\"column\">\n\t\t\t<div class=\"elementor-widget-wrap elementor-element-populated\">\n\t\t\t\t\t\t<div class=\"elementor-element elementor-element-9985abd elementor-widget elementor-widget-heading\" data-id=\"9985abd\" data-element_type=\"widget\" data-widget_type=\"heading.default\">\n\t\t\t\t<div class=\"elementor-widget-container\">\n\t\t\t<h2 class=\"elementor-heading-title elementor-size-default\">Certificados<\/h2>\t\t<\/div>\n\t\t\t\t<\/div>\n\t\t\t\t<div class=\"elementor-element elementor-element-e870300 elementor-widget elementor-widget-spacer\" data-id=\"e870300\" data-element_type=\"widget\" data-widget_type=\"spacer.default\">\n\t\t\t\t<div class=\"elementor-widget-container\">\n\t\t\t\t\t<div class=\"elementor-spacer\">\n\t\t\t<div class=\"elementor-spacer-inner\"><\/div>\n\t\t<\/div>\n\t\t\t\t<\/div>\n\t\t\t\t<\/div>\n\t\t\t\t<div class=\"elementor-element elementor-element-16a8d52 elementor-widget elementor-widget-text-editor\" data-id=\"16a8d52\" data-element_type=\"widget\" data-widget_type=\"text-editor.default\">\n\t\t\t\t<div class=\"elementor-widget-container\">\n\t\t\t\t\t\t\t<p>Confira do <a href=\"https:\/\/www.ufsm.br\/app\/uploads\/sites\/343\/2023\/05\/CR.pdf\">Certificado de Regularidade \u2013 CR<\/a>\u00a0da UFSM emitido pelo IBAMA<\/p>\t\t\t\t\t\t<\/div>\n\t\t\t\t<\/div>\n\t\t\t\t\t<\/div>\n\t\t<\/div>\n\t\t\t\t\t<\/div>\n\t\t<\/section>\n\t\t\t\t<\/div>\n\t\t","protected":false},"excerpt":{"rendered":"<p>Lincen\u00e7as de Opera\u00e7\u00e3o Confira a\u00a0LICEN\u00c7A DE OPERA\u00c7\u00c3O\u00a0do Campus SEDE Confira a\u00a0LICEN\u00c7A DE OPERA\u00c7\u00c3O\u00a0do Campus de Cachoeira do Sul\u00a0 Confira a\u00a0LICEN\u00c7A DE OPERA\u00c7\u00c3O\u00a0do Campus de Frederico Westphalen\u00a0 Certificados Confira do Certificado de Regularidade \u2013 CR\u00a0da UFSM emitido pelo IBAMA<\/p>\n","protected":false},"author":278,"featured_media":0,"parent":0,"menu_order":0,"comment_status":"closed","ping_status":"closed","template":"","meta":{"footnotes":""},"categories":[],"tags":[],"class_list":["post-40","page","type-page","status-publish","hentry"],"acf":[],"_links":{"self":[{"href":"https:\/\/www.ufsm.br\/orgaos-suplementares\/dga\/wp-json\/wp\/v2\/pages\/40","targetHints":{"allow":["GET"]}}],"collection":[{"href":"https:\/\/www.ufsm.br\/orgaos-suplementares\/dga\/wp-json\/wp\/v2\/pages"}],"about":[{"href":"https:\/\/www.ufsm.br\/orgaos-suplementares\/dga\/wp-json\/wp\/v2\/types\/page"}],"author":[{"embeddable":true,"href":"https:\/\/www.ufsm.br\/orgaos-suplementares\/dga\/wp-json\/wp\/v2\/users\/278"}],"replies":[{"embeddable":true,"href":"https:\/\/www.ufsm.br\/orgaos-suplementares\/dga\/wp-json\/wp\/v2\/comments?post=40"}],"version-history":[{"count":0,"href":"https:\/\/www.ufsm.br\/orgaos-suplementares\/dga\/wp-json\/wp\/v2\/pages\/40\/revisions"}],"wp:attachment":[{"href":"https:\/\/www.ufsm.br\/orgaos-suplementares\/dga\/wp-json\/wp\/v2\/media?parent=40"}],"wp:term":[{"taxonomy":"category","embeddable":true,"href":"https:\/\/www.ufsm.br\/orgaos-suplementares\/dga\/wp-json\/wp\/v2\/categories?post=40"},{"taxonomy":"post_tag","embeddable":true,"href":"https:\/\/www.ufsm.br\/orgaos-suplementares\/dga\/wp-json\/wp\/v2\/tags?post=40"}],"curies":[{"name":"wp","href":"https:\/\/api.w.org\/{rel}","templated":true}]}}