{"id":1281,"date":"2018-12-20T14:31:33","date_gmt":"2018-12-20T16:31:33","guid":{"rendered":"https:\/\/www.ufsm.br\/orgaos-de-apoio\/sai\/?page_id=1281"},"modified":"2024-08-16T15:06:40","modified_gmt":"2024-08-16T18:06:40","slug":"nucleo-de-convenios-e-mobilidades-bilaterais","status":"publish","type":"page","link":"https:\/\/www.ufsm.br\/orgaos-suplementares\/dri\/nucleo-de-convenios-e-mobilidades-bilaterais","title":{"rendered":"N\u00facleo de Conv\u00eanios e Mobilidades Bilaterais"},"content":{"rendered":"\t\t<div data-elementor-type=\"wp-page\" data-elementor-id=\"1281\" class=\"elementor elementor-1281\">\n\t\t\t\t\t\t<section class=\"elementor-section elementor-top-section elementor-element elementor-element-798e10f6 elementor-section-boxed elementor-section-height-default elementor-section-height-default\" data-id=\"798e10f6\" data-element_type=\"section\">\n\t\t\t\t\t\t<div class=\"elementor-container elementor-column-gap-default\">\n\t\t\t\t\t<div class=\"elementor-column elementor-col-100 elementor-top-column elementor-element elementor-element-a45ffe5\" data-id=\"a45ffe5\" data-element_type=\"column\">\n\t\t\t<div class=\"elementor-widget-wrap elementor-element-populated\">\n\t\t\t\t\t\t<div class=\"elementor-element elementor-element-503fa1e0 elementor-widget elementor-widget-text-editor\" data-id=\"503fa1e0\" data-element_type=\"widget\" data-widget_type=\"text-editor.default\">\n\t\t\t\t<div class=\"elementor-widget-container\">\n\t\t\t\t\t\t\t<!-- wp:tadv\/classic-paragraph -->\n<p><strong>N\u00facleo de\u00a0<a href=\"https:\/\/www.ufsm.br\/orgaos-de-apoio\/sai\/convenios-bilaterais\/\" target=\"_blank\" rel=\"noopener noreferrer\">Conv\u00eanios<\/a>\u00a0e\u00a0<a href=\"https:\/\/www.ufsm.br\/orgaos-de-apoio\/sai\/mobilidades-bilaterais\/\" target=\"_blank\" rel=\"noopener noreferrer\">Mobilidades Bilaterais<\/a>\u00a0<\/strong>\u2013 Conv\u00eanios Bilaterais s\u00e3o acordos de coopera\u00e7\u00e3o acad\u00eamica internacional firmados entre a UFSM e institui\u00e7\u00f5es estrangeiras, os quais abrangem todas as \u00e1reas do conhecimento existentes nessas universidades. Por meio desses conv\u00eanios, alunos da UFSM t\u00eam a possibilidade de realizar disciplinas e outras atividades acad\u00eamicas (mobilidade acad\u00eamica internacional bilateral), durante o per\u00edodo da gradua\u00e7\u00e3o ou da p\u00f3s-gradua\u00e7\u00e3o. Da mesma forma, alunos das institui\u00e7\u00f5es parceiras podem realizar um per\u00edodo de interc\u00e2mbio na UFSM, enriquecendo ainda mais a forma\u00e7\u00e3o deles e tamb\u00e9m da nossa comunidade acad\u00eamica que tem a oportunidade de realizar trocas culturais e lingu\u00edsticas sem sair de de seu pa\u00eds, o que chamamos de internacionaliza\u00e7\u00e3o em casa.\u00a0<\/p>\n<p><strong>Contato:<\/strong> <a href=\"mailto:sai.bilateral@ufsm.br\">sai.bilateral@ufsm.br<\/a><\/p>\n<!-- \/wp:tadv\/classic-paragraph -->\t\t\t\t\t\t<\/div>\n\t\t\t\t<\/div>\n\t\t\t\t\t<\/div>\n\t\t<\/div>\n\t\t\t\t\t<\/div>\n\t\t<\/section>\n\t\t\t\t<\/div>\n\t\t","protected":false},"excerpt":{"rendered":"<p>N\u00facleo de\u00a0Conv\u00eanios\u00a0e\u00a0Mobilidades Bilaterais\u00a0\u2013 Conv\u00eanios Bilaterais s\u00e3o acordos de coopera\u00e7\u00e3o acad\u00eamica internacional firmados entre a UFSM e institui\u00e7\u00f5es estrangeiras, os quais abrangem todas as \u00e1reas do conhecimento existentes nessas universidades. Por meio desses conv\u00eanios, alunos da UFSM t\u00eam a possibilidade de realizar disciplinas e outras atividades acad\u00eamicas (mobilidade acad\u00eamica internacional bilateral), durante o per\u00edodo da gradua\u00e7\u00e3o [&hellip;]<\/p>\n","protected":false},"author":117,"featured_media":0,"parent":0,"menu_order":0,"comment_status":"closed","ping_status":"closed","template":"","meta":{"footnotes":""},"categories":[],"tags":[],"class_list":["post-1281","page","type-page","status-publish","hentry"],"acf":[],"_links":{"self":[{"href":"https:\/\/www.ufsm.br\/orgaos-suplementares\/dri\/wp-json\/wp\/v2\/pages\/1281","targetHints":{"allow":["GET"]}}],"collection":[{"href":"https:\/\/www.ufsm.br\/orgaos-suplementares\/dri\/wp-json\/wp\/v2\/pages"}],"about":[{"href":"https:\/\/www.ufsm.br\/orgaos-suplementares\/dri\/wp-json\/wp\/v2\/types\/page"}],"author":[{"embeddable":true,"href":"https:\/\/www.ufsm.br\/orgaos-suplementares\/dri\/wp-json\/wp\/v2\/users\/117"}],"replies":[{"embeddable":true,"href":"https:\/\/www.ufsm.br\/orgaos-suplementares\/dri\/wp-json\/wp\/v2\/comments?post=1281"}],"version-history":[{"count":0,"href":"https:\/\/www.ufsm.br\/orgaos-suplementares\/dri\/wp-json\/wp\/v2\/pages\/1281\/revisions"}],"wp:attachment":[{"href":"https:\/\/www.ufsm.br\/orgaos-suplementares\/dri\/wp-json\/wp\/v2\/media?parent=1281"}],"wp:term":[{"taxonomy":"category","embeddable":true,"href":"https:\/\/www.ufsm.br\/orgaos-suplementares\/dri\/wp-json\/wp\/v2\/categories?post=1281"},{"taxonomy":"post_tag","embeddable":true,"href":"https:\/\/www.ufsm.br\/orgaos-suplementares\/dri\/wp-json\/wp\/v2\/tags?post=1281"}],"curies":[{"name":"wp","href":"https:\/\/api.w.org\/{rel}","templated":true}]}}