{"id":1282,"date":"2018-12-20T14:33:46","date_gmt":"2018-12-20T16:33:46","guid":{"rendered":"https:\/\/www.ufsm.br\/orgaos-de-apoio\/sai\/?page_id=1282"},"modified":"2022-02-10T10:48:21","modified_gmt":"2022-02-10T13:48:21","slug":"nucleo-de-programas-multilaterais-e-estagios","status":"publish","type":"page","link":"https:\/\/www.ufsm.br\/orgaos-suplementares\/dri\/nucleo-de-programas-multilaterais-e-estagios","title":{"rendered":"N\u00facleo de Programas Multilaterais e Est\u00e1gios"},"content":{"rendered":"\n<p><strong>N\u00facleo de\u00a0<a href=\"https:\/\/www.ufsm.br\/orgaos-suplementares\/dri\/programas-multilaterais\/\" target=\"_blank\" rel=\"noopener noreferrer\">Programas Multilaterais<\/a>\u00a0e\u00a0<a href=\"https:\/\/www.ufsm.br\/orgaos-suplementares\/dri\/estagios-no-exterior\/\" target=\"_blank\" rel=\"noopener noreferrer\">Est\u00e1gios<\/a><\/strong> \u2013 Os programas multilaterais s\u00e3o acordos firmados com \u00a0associa\u00e7\u00f5es de universidades brasileiras e \u00a0associa\u00e7\u00f5es de universidades de outros pa\u00edses, ou com outros \u00f3rg\u00e3os internacionais de fomento e que possibilitam a realiza\u00e7\u00e3o de mobilidades internacionais. Dentre os acordos multilaterais que a Universidade Federal de Santa Maria participa, destacam-se: Associa\u00e7\u00e3o de Universidades do Grupo Montevid\u00e9u (AUGM); Grupo Coimbra de Universidades Brasileiras (GCUB); Programa de Estudantes-Conv\u00eanio de Gradua\u00e7\u00e3o (PEC-G); Associa\u00e7\u00e3o Brasileira de Educa\u00e7\u00e3o Internacional (FAUBAI). Al\u00e9m dos programas multilaterais, o N\u00facleo auxilia os discentes no processo de realiza\u00e7\u00e3o de est\u00e1gio internacional, (curricular obrigat\u00f3rio) cumprindo as exig\u00eancias da resolu\u00e7\u00e3o N\u00ba 003\/2008 e dos respectivos colegiados e coordena\u00e7\u00f5es de curso.<\/p>\n<p><strong>Contato:<\/strong> <a href=\"mailto:sai.programas@ufsm.br\">sai.programas@ufsm.br<\/a><\/p>\n","protected":false},"excerpt":{"rendered":"<p>N\u00facleo de\u00a0Programas Multilaterais\u00a0e\u00a0Est\u00e1gios \u2013 Os programas multilaterais s\u00e3o acordos firmados com \u00a0associa\u00e7\u00f5es de universidades brasileiras e \u00a0associa\u00e7\u00f5es de universidades de outros pa\u00edses, ou com outros \u00f3rg\u00e3os internacionais de fomento e que possibilitam a realiza\u00e7\u00e3o de mobilidades internacionais. Dentre os acordos multilaterais que a Universidade Federal de Santa Maria participa, destacam-se: Associa\u00e7\u00e3o de Universidades do Grupo [&hellip;]<\/p>\n","protected":false},"author":117,"featured_media":0,"parent":0,"menu_order":0,"comment_status":"closed","ping_status":"closed","template":"","meta":{"footnotes":""},"categories":[],"tags":[],"class_list":["post-1282","page","type-page","status-publish","hentry"],"acf":[],"_links":{"self":[{"href":"https:\/\/www.ufsm.br\/orgaos-suplementares\/dri\/wp-json\/wp\/v2\/pages\/1282","targetHints":{"allow":["GET"]}}],"collection":[{"href":"https:\/\/www.ufsm.br\/orgaos-suplementares\/dri\/wp-json\/wp\/v2\/pages"}],"about":[{"href":"https:\/\/www.ufsm.br\/orgaos-suplementares\/dri\/wp-json\/wp\/v2\/types\/page"}],"author":[{"embeddable":true,"href":"https:\/\/www.ufsm.br\/orgaos-suplementares\/dri\/wp-json\/wp\/v2\/users\/117"}],"replies":[{"embeddable":true,"href":"https:\/\/www.ufsm.br\/orgaos-suplementares\/dri\/wp-json\/wp\/v2\/comments?post=1282"}],"version-history":[{"count":0,"href":"https:\/\/www.ufsm.br\/orgaos-suplementares\/dri\/wp-json\/wp\/v2\/pages\/1282\/revisions"}],"wp:attachment":[{"href":"https:\/\/www.ufsm.br\/orgaos-suplementares\/dri\/wp-json\/wp\/v2\/media?parent=1282"}],"wp:term":[{"taxonomy":"category","embeddable":true,"href":"https:\/\/www.ufsm.br\/orgaos-suplementares\/dri\/wp-json\/wp\/v2\/categories?post=1282"},{"taxonomy":"post_tag","embeddable":true,"href":"https:\/\/www.ufsm.br\/orgaos-suplementares\/dri\/wp-json\/wp\/v2\/tags?post=1282"}],"curies":[{"name":"wp","href":"https:\/\/api.w.org\/{rel}","templated":true}]}}